{"id":107,"date":"2016-06-09T14:28:02","date_gmt":"2016-06-09T14:28:02","guid":{"rendered":"https:\/\/wpt.enu.mybluehost.me\/website_64285c76\/?page_id=107"},"modified":"2024-05-11T07:37:21","modified_gmt":"2024-05-11T07:37:21","slug":"video-galerija","status":"publish","type":"page","link":"https:\/\/beepower.hr\/en\/video-galerija\/","title":{"rendered":"Video gallery"},"content":{"rendered":"<div class=\"wpb-content-wrapper\"><div class=\"vc_row wpb_row vc_row-fluid\"><div class=\"wpb_column vc_column_container vc_col-sm-12\"><div class=\"vc_column-inner\"><div class=\"wpb_wrapper\">\n\t<div class=\"wpb_text_column wpb_content_element\" >\n\t\t<div class=\"wpb_wrapper\">\n\t\t\t<p style=\"text-align: center;\">&#8230;<strong>BEE POWER VIDEO<\/strong> <strong>SOON<\/strong>&#8230;<\/p>\n\n\t\t<\/div>\n\t<\/div>\n\n\t<div class=\"wpb_text_column wpb_content_element\" >\n\t\t<div class=\"wpb_wrapper\">\n\t\t\t<p style=\"text-align: center;\">&#8230; oprostite ali video galerija je u trenutno u izradi&#8230;<\/p>\n\n\t\t<\/div>\n\t<\/div>\n\n\t<div class=\"wpb_text_column wpb_content_element\" >\n\t\t<div class=\"wpb_wrapper\">\n\t\t\t<p style=\"text-align: center;\">Posjetiti nas mo\u017eete i na prodajnom centru na u Ur\u0161ulinskoj ulici, na Trgu tradicijskih obrta u Vara\u017edinu. Probajte bez obveze na kupnju dio na\u0161ih proizvoda i u\u017eivajte.<\/p>\n\n\t\t<\/div>\n\t<\/div>\n<div id=\"sc_googlemap_1125044124_wrap\" class=\"sc_googlemap_wrap\"><div id=\"sc_googlemap_1125044124\" class=\"sc_googlemap\" style=\"width:100%;height:400px;\" data-zoom=\"16\" data-style=\"default\"><iframe src=\"https:\/\/maps.google.com\/maps?t=m&output=embed&iwloc=near&z=16&q=46.308648,16.335184\" aria-label=\"\"><\/iframe><\/div><div class=\"sc_googlemap_content\"><div class=\"sc_promo sc_promo_size_large\"><div class=\"sc_promo_inner\"><div class=\"sc_promo_image\" style=\"background-image:url(https:\/\/beepower.hr\/wp-content\/uploads\/2024\/04\/kucica.jpg);width:50%;right: 0;\"><\/div><div class=\"sc_promo_block sc_align_left\" style=\"width: 50%; float: left; \"><div class=\"sc_promo_block_inner\"><\/div><\/div><\/div><\/div><\/div><\/div><\/div><\/div><\/div><\/div>\n<\/div>","protected":false},"excerpt":{"rendered":"...BEE POWER VIDEO USKORO... ... oprostite ali video galerija je u trenutno u izradi... Posjetiti nas mo\u017eete i na prodajnom centru na u Ur\u0161ulinskoj ulici, na Trgu tradicijskih obrta u Vara\u017edinu. Probajte bez obveze na kupnju dio na\u0161ih proizvoda i u\u017eivajte.","protected":false},"author":1,"featured_media":0,"parent":0,"menu_order":0,"comment_status":"closed","ping_status":"closed","template":"","meta":{"_monsterinsights_skip_tracking":false,"_monsterinsights_sitenote_active":false,"_monsterinsights_sitenote_note":"","_monsterinsights_sitenote_category":0,"footnotes":""},"class_list":["post-107","page","type-page","status-publish","hentry"],"yoast_head":"<!-- This site is optimized with the Yoast SEO plugin v27.5 - https:\/\/yoast.com\/product\/yoast-seo-wordpress\/ -->\n<title>Video galerija - P\u010delinji proizvodi - Bee Power<\/title>\n<meta name=\"robots\" content=\"index, follow, max-snippet:-1, max-image-preview:large, max-video-preview:-1\" \/>\n<link rel=\"canonical\" href=\"https:\/\/beepower.hr\/en\/video-galerija\/\" \/>\n<meta property=\"og:locale\" content=\"en_US\" \/>\n<meta property=\"og:type\" content=\"article\" \/>\n<meta property=\"og:title\" content=\"Video galerija - P\u010delinji proizvodi - Bee Power\" \/>\n<meta property=\"og:url\" content=\"https:\/\/beepower.hr\/en\/video-galerija\/\" \/>\n<meta property=\"og:site_name\" content=\"P\u010delinji proizvodi - Bee Power\" \/>\n<meta property=\"article:modified_time\" content=\"2024-05-11T07:37:21+00:00\" \/>\n<meta name=\"twitter:label1\" content=\"Est. reading time\" \/>\n\t<meta name=\"twitter:data1\" content=\"1 minute\" \/>\n<script type=\"application\/ld+json\" class=\"yoast-schema-graph\">{\"@context\":\"https:\\\/\\\/schema.org\",\"@graph\":[{\"@type\":\"WebPage\",\"@id\":\"https:\\\/\\\/beepower.hr\\\/video-galerija\\\/\",\"url\":\"https:\\\/\\\/beepower.hr\\\/video-galerija\\\/\",\"name\":\"Video galerija - P\u010delinji proizvodi - Bee Power\",\"isPartOf\":{\"@id\":\"https:\\\/\\\/beepower.hr\\\/#website\"},\"datePublished\":\"2016-06-09T14:28:02+00:00\",\"dateModified\":\"2024-05-11T07:37:21+00:00\",\"breadcrumb\":{\"@id\":\"https:\\\/\\\/beepower.hr\\\/video-galerija\\\/#breadcrumb\"},\"inLanguage\":\"en-US\",\"potentialAction\":[{\"@type\":\"ReadAction\",\"target\":[\"https:\\\/\\\/beepower.hr\\\/video-galerija\\\/\"]}]},{\"@type\":\"BreadcrumbList\",\"@id\":\"https:\\\/\\\/beepower.hr\\\/video-galerija\\\/#breadcrumb\",\"itemListElement\":[{\"@type\":\"ListItem\",\"position\":1,\"name\":\"Naslovna\",\"item\":\"https:\\\/\\\/beepower.hr\\\/\"},{\"@type\":\"ListItem\",\"position\":2,\"name\":\"Video galerija\"}]},{\"@type\":\"WebSite\",\"@id\":\"https:\\\/\\\/beepower.hr\\\/#website\",\"url\":\"https:\\\/\\\/beepower.hr\\\/\",\"name\":\"P\u010delinji proizvodi - Bee Power\",\"description\":\"Bee Power - snaga p\u010dela, najsla\u0111e blago prirode\",\"potentialAction\":[{\"@type\":\"SearchAction\",\"target\":{\"@type\":\"EntryPoint\",\"urlTemplate\":\"https:\\\/\\\/beepower.hr\\\/?s={search_term_string}\"},\"query-input\":{\"@type\":\"PropertyValueSpecification\",\"valueRequired\":true,\"valueName\":\"search_term_string\"}}],\"inLanguage\":\"en-US\"}]}<\/script>\n<!-- \/ Yoast SEO plugin. -->","yoast_head_json":{"title":"Video galerija - P\u010delinji proizvodi - Bee Power","robots":{"index":"index","follow":"follow","max-snippet":"max-snippet:-1","max-image-preview":"max-image-preview:large","max-video-preview":"max-video-preview:-1"},"canonical":"https:\/\/beepower.hr\/en\/video-galerija\/","og_locale":"en_US","og_type":"article","og_title":"Video galerija - P\u010delinji proizvodi - Bee Power","og_url":"https:\/\/beepower.hr\/en\/video-galerija\/","og_site_name":"P\u010delinji proizvodi - Bee Power","article_modified_time":"2024-05-11T07:37:21+00:00","twitter_misc":{"Est. reading time":"1 minute"},"schema":{"@context":"https:\/\/schema.org","@graph":[{"@type":"WebPage","@id":"https:\/\/beepower.hr\/video-galerija\/","url":"https:\/\/beepower.hr\/video-galerija\/","name":"Video galerija - P\u010delinji proizvodi - Bee Power","isPartOf":{"@id":"https:\/\/beepower.hr\/#website"},"datePublished":"2016-06-09T14:28:02+00:00","dateModified":"2024-05-11T07:37:21+00:00","breadcrumb":{"@id":"https:\/\/beepower.hr\/video-galerija\/#breadcrumb"},"inLanguage":"en-US","potentialAction":[{"@type":"ReadAction","target":["https:\/\/beepower.hr\/video-galerija\/"]}]},{"@type":"BreadcrumbList","@id":"https:\/\/beepower.hr\/video-galerija\/#breadcrumb","itemListElement":[{"@type":"ListItem","position":1,"name":"Naslovna","item":"https:\/\/beepower.hr\/"},{"@type":"ListItem","position":2,"name":"Video galerija"}]},{"@type":"WebSite","@id":"https:\/\/beepower.hr\/#website","url":"https:\/\/beepower.hr\/","name":"P\u010delinji proizvodi - Bee Power","description":"Bee Power - snaga p\u010dela, najsla\u0111e blago prirode","potentialAction":[{"@type":"SearchAction","target":{"@type":"EntryPoint","urlTemplate":"https:\/\/beepower.hr\/?s={search_term_string}"},"query-input":{"@type":"PropertyValueSpecification","valueRequired":true,"valueName":"search_term_string"}}],"inLanguage":"en-US"}]}},"_links":{"self":[{"href":"https:\/\/beepower.hr\/en\/wp-json\/wp\/v2\/pages\/107","targetHints":{"allow":["GET"]}}],"collection":[{"href":"https:\/\/beepower.hr\/en\/wp-json\/wp\/v2\/pages"}],"about":[{"href":"https:\/\/beepower.hr\/en\/wp-json\/wp\/v2\/types\/page"}],"author":[{"embeddable":true,"href":"https:\/\/beepower.hr\/en\/wp-json\/wp\/v2\/users\/1"}],"replies":[{"embeddable":true,"href":"https:\/\/beepower.hr\/en\/wp-json\/wp\/v2\/comments?post=107"}],"version-history":[{"count":5,"href":"https:\/\/beepower.hr\/en\/wp-json\/wp\/v2\/pages\/107\/revisions"}],"predecessor-version":[{"id":879,"href":"https:\/\/beepower.hr\/en\/wp-json\/wp\/v2\/pages\/107\/revisions\/879"}],"wp:attachment":[{"href":"https:\/\/beepower.hr\/en\/wp-json\/wp\/v2\/media?parent=107"}],"curies":[{"name":"wp","href":"https:\/\/api.w.org\/{rel}","templated":true}]}}