{"id":206,"date":"2024-04-10T12:34:09","date_gmt":"2024-04-10T12:34:09","guid":{"rendered":"https:\/\/wpt.enu.mybluehost.me\/website_64285c76\/?page_id=206"},"modified":"2025-09-05T06:56:00","modified_gmt":"2025-09-05T04:56:00","slug":"o-nama","status":"publish","type":"page","link":"https:\/\/beepower.hr\/en\/o-nama\/","title":{"rendered":"About Us"},"content":{"rendered":"<div class=\"wpb-content-wrapper\"><div class=\"vc_row wpb_row vc_row-fluid\"><div class=\"wpb_column vc_column_container vc_col-sm-12\"><div class=\"vc_column-inner\"><div class=\"wpb_wrapper\"><h2 class=\"sc_title sc_title_regular sc_align_center\" style=\"margin-top: 2.25em;text-align:center;\">What We Do<\/h2><div id=\"sc_services_1163431495_wrap\" class=\"sc_services_wrap\"><div id=\"sc_services_1163431495\" class=\"sc_services sc_services_style_services-1 sc_services_type_images  margin_top_large margin_bottom_large\" style=\"width:100%;\"><div class=\"sc_columns columns_wrap\"><div class=\"column-1_3\">\t\t\t<div id=\"sc_services_1163431495_1\"\t\t\t\tclass=\"sc_services_item sc_services_item_1 odd first\"\n\t\t\t\t>\n\t\t\t\t\t\t\t\t\t<div class=\"sc_services_item_featured post_featured\">\n\t\t\t\t\t\t\t<div class=\"post_thumb\" data-image=\"https:\/\/beepower.hr\/wp-content\/uploads\/2016\/06\/q1-2.png\" data-title=\"Med\">\n\t<a class=\"hover_icon hover_icon_link\" href=\"https:\/\/beepower.hr\/en\/services\/med\/\"><img loading=\"lazy\" decoding=\"async\" class=\"wp-post-image\" width=\"370\" height=\"110\" alt=\"Med\" src=\"https:\/\/beepower.hr\/wp-content\/uploads\/2016\/06\/q1-2.png\"><\/a>\t<\/div>\n\t\t\t\t\t\t<\/div>\n\t\t\t\t\t\t\t\t\t<div class=\"sc_services_item_content\">\n\t\t\t\t\t<h4 class=\"sc_services_item_title\"><a href=\"https:\/\/beepower.hr\/en\/services\/med\/\">Honey<\/a><\/h4>\n\t\t\t\t\t<div class=\"sc_services_item_description\">\n\t\t\t\t\t\t<p>Honey is produced only by some types of bees and it is impossible to produce it industrially, in spite of our scientific advancements.<\/p>\t\t\t\t\t<\/div>\n\t\t\t\t<\/div>\n\t\t\t<\/div>\n\t\t<\/div><div class=\"column-1_3\">\t\t\t<div id=\"sc_services_1163431495_2\"\t\t\t\tclass=\"sc_services_item sc_services_item_2 even\"\n\t\t\t\t>\n\t\t\t\t\t\t\t\t\t<div class=\"sc_services_item_featured post_featured\">\n\t\t\t\t\t\t\t<div class=\"post_thumb\" data-image=\"https:\/\/beepower.hr\/wp-content\/uploads\/2016\/06\/q2-2.png\" data-title=\"P\u010delinjak\">\n\t<a class=\"hover_icon hover_icon_link\" href=\"https:\/\/beepower.hr\/en\/services\/pcelinjak\/\"><img loading=\"lazy\" decoding=\"async\" class=\"wp-post-image\" width=\"370\" height=\"110\" alt=\"P\u010delinjak\" src=\"https:\/\/beepower.hr\/wp-content\/uploads\/2016\/06\/q2-2.png\"><\/a>\t<\/div>\n\t\t\t\t\t\t<\/div>\n\t\t\t\t\t\t\t\t\t<div class=\"sc_services_item_content\">\n\t\t\t\t\t<h4 class=\"sc_services_item_title\"><a href=\"https:\/\/beepower.hr\/en\/services\/pcelinjak\/\">Bee Farm<\/a><\/h4>\n\t\t\t\t\t<div class=\"sc_services_item_description\">\n\t\t\t\t\t\t<p>The bees in our apiaries have access to rich resources of both nectar and pollen because they live in an environment of green forests and fields.<\/p>\t\t\t\t\t<\/div>\n\t\t\t\t<\/div>\n\t\t\t<\/div>\n\t\t<\/div><div class=\"column-1_3\">\t\t\t<div id=\"sc_services_1163431495_3\"\t\t\t\tclass=\"sc_services_item sc_services_item_3 odd\"\n\t\t\t\t>\n\t\t\t\t\t\t\t\t\t<div class=\"sc_services_item_featured post_featured\">\n\t\t\t\t\t\t\t<div class=\"post_thumb\" data-image=\"https:\/\/beepower.hr\/wp-content\/uploads\/2016\/06\/q3-2.png\" data-title=\"Proizvodi p\u010dela\">\n\t<a class=\"hover_icon hover_icon_link\" href=\"https:\/\/beepower.hr\/en\/services\/proizvodi\/\"><img loading=\"lazy\" decoding=\"async\" class=\"wp-post-image\" width=\"370\" height=\"110\" alt=\"Proizvodi p\u010dela\" src=\"https:\/\/beepower.hr\/wp-content\/uploads\/2016\/06\/q3-2.png\"><\/a>\t<\/div>\n\t\t\t\t\t\t<\/div>\n\t\t\t\t\t\t\t\t\t<div class=\"sc_services_item_content\">\n\t\t\t\t\t<h4 class=\"sc_services_item_title\"><a href=\"https:\/\/beepower.hr\/en\/services\/proizvodi\/\">Bee products<\/a><\/h4>\n\t\t\t\t\t<div class=\"sc_services_item_description\">\n\t\t\t\t\t\t<p>Bees are tireless in the world of nature, they not only offer us delicious and healthy honey, but with their work they also give us a number of other valuable products that...<\/p>\t\t\t\t\t<\/div>\n\t\t\t\t<\/div>\n\t\t\t<\/div>\n\t\t<\/div><\/div><\/div><!-- \/.sc_services --><\/div><!-- \/.sc_services_wrap --><\/div><\/div><\/div><\/div><div data-vc-full-width=\"true\" data-vc-full-width-init=\"false\" class=\"vc_row wpb_row vc_row-fluid vc_custom_1466775676379 vc_row-has-fill\"><div class=\"wpb_column vc_column_container vc_col-sm-12\"><div class=\"vc_column-inner\"><div class=\"wpb_wrapper\"><div class=\"sc_content content_wrap margin_top_huge margin_bottom_huge\"><h3 class=\"sc_title sc_title_regular sc_align_center margin_top_null\" style=\"margin-bottom: 1.5em;text-align:center;color:#ffffff;\"><span style=\"color: #808080;\">Find out more\u2026<\/span><\/h3><div id=\"sc_services_136255973_wrap\" class=\"sc_services_wrap scheme_original\"><div id=\"sc_services_136255973\" class=\"sc_services sc_services_style_services-1 sc_services_type_icons\" style=\"width:100%;\"><div class=\"sc_columns columns_wrap\"><div class=\"column-1_3\">\t\t\t<div id=\"sc_services_136255973_1\"\t\t\t\tclass=\"sc_services_item sc_services_item_1 odd first\"\n\t\t\t\t>\n\t\t\t\t<a href=\"https:\/\/beepower.hr\/en\/services\/oprasivanje-bilja\/\"><span class=\"sc_icon icon-icons_1\"><\/span><\/a>\t\t\t\t<div class=\"sc_services_item_content\">\n\t\t\t\t\t<h4 class=\"sc_services_item_title\"><a href=\"https:\/\/beepower.hr\/en\/services\/oprasivanje-bilja\/\">Plant Pollination<\/a><\/h4>\n\t\t\t\t\t<div class=\"sc_services_item_description\">\n\t\t\t\t\t\t<p>Pollination by bees is a vital process for the survival of our planet. Protection of the  bees and other pollinators is our collective responsibility.<\/p>\t\t\t\t\t<\/div>\n\t\t\t\t<\/div>\n\t\t\t<\/div>\n\t\t<\/div><div class=\"column-1_3\">\t\t\t<div id=\"sc_services_136255973_2\"\t\t\t\tclass=\"sc_services_item sc_services_item_2 even\"\n\t\t\t\t>\n\t\t\t\t<a href=\"https:\/\/beepower.hr\/en\/services\/kosnica\/\"><span class=\"sc_icon icon-icons_2\"><\/span><\/a>\t\t\t\t<div class=\"sc_services_item_content\">\n\t\t\t\t\t<h4 class=\"sc_services_item_title\"><a href=\"https:\/\/beepower.hr\/en\/services\/kosnica\/\">Beehives<\/a><\/h4>\n\t\t\t\t\t<div class=\"sc_services_item_description\">\n\t\t\t\t\t\t<p>A beehive is a structure that provides a home for the bees and enables them to live and work in an organized community.<\/p>\t\t\t\t\t<\/div>\n\t\t\t\t<\/div>\n\t\t\t<\/div>\n\t\t<\/div><div class=\"column-1_3\">\t\t\t<div id=\"sc_services_136255973_3\"\t\t\t\tclass=\"sc_services_item sc_services_item_3 odd\"\n\t\t\t\t>\n\t\t\t\t<a href=\"https:\/\/beepower.hr\/en\/services\/nektar\/\"><span class=\"sc_icon icon-icons_3\"><\/span><\/a>\t\t\t\t<div class=\"sc_services_item_content\">\n\t\t\t\t\t<h4 class=\"sc_services_item_title\"><a href=\"https:\/\/beepower.hr\/en\/services\/nektar\/\">Nectar<\/a><\/h4>\n\t\t\t\t\t<div class=\"sc_services_item_description\">\n\t\t\t\t\t\t<p>Flowers secrete nectar which attracts bees, butterflies, birds and animals,  who feed on the on the nectar and pollinate the flowers.<\/p>\t\t\t\t\t<\/div>\n\t\t\t\t<\/div>\n\t\t\t<\/div>\n\t\t<\/div><div class=\"column-1_3\">\t\t\t<div id=\"sc_services_136255973_4\"\t\t\t\tclass=\"sc_services_item sc_services_item_4 even\"\n\t\t\t\t>\n\t\t\t\t<a href=\"https:\/\/beepower.hr\/en\/services\/cvijece\/\"><span class=\"sc_icon icon-icons_5\"><\/span><\/a>\t\t\t\t<div class=\"sc_services_item_content\">\n\t\t\t\t\t<h4 class=\"sc_services_item_title\"><a href=\"https:\/\/beepower.hr\/en\/services\/cvijece\/\">Flowers<\/a><\/h4>\n\t\t\t\t\t<div class=\"sc_services_item_description\">\n\t\t\t\t\t\t<p>The protection and care for both flowers and  bees are vitally important for maintaining a healthy ecosystem and biological diversity in Croatia.<\/p>\t\t\t\t\t<\/div>\n\t\t\t\t<\/div>\n\t\t\t<\/div>\n\t\t<\/div><div class=\"column-1_3\">\t\t\t<div id=\"sc_services_136255973_5\"\t\t\t\tclass=\"sc_services_item sc_services_item_5 odd\"\n\t\t\t\t>\n\t\t\t\t<a href=\"https:\/\/beepower.hr\/en\/services\/vrste-meda\/\"><span class=\"sc_icon icon-icons_4\"><\/span><\/a>\t\t\t\t<div class=\"sc_services_item_content\">\n\t\t\t\t\t<h4 class=\"sc_services_item_title\"><a href=\"https:\/\/beepower.hr\/en\/services\/vrste-meda\/\">Types of Honey<\/a><\/h4>\n\t\t\t\t\t<div class=\"sc_services_item_description\">\n\t\t\t\t\t\t<p>Croatia can boast of a clean and as-yet unpolluted natural environment. It is known for a wide variety of available honeys.<\/p>\t\t\t\t\t<\/div>\n\t\t\t\t<\/div>\n\t\t\t<\/div>\n\t\t<\/div><div class=\"column-1_3\">\t\t\t<div id=\"sc_services_136255973_6\"\t\t\t\tclass=\"sc_services_item sc_services_item_6 even\"\n\t\t\t\t>\n\t\t\t\t<a href=\"https:\/\/beepower.hr\/en\/services\/pcele\/\"><span class=\"sc_icon icon-icons_6\"><\/span><\/a>\t\t\t\t<div class=\"sc_services_item_content\">\n\t\t\t\t\t<h4 class=\"sc_services_item_title\"><a href=\"https:\/\/beepower.hr\/en\/services\/pcele\/\">Bees<\/a><\/h4>\n\t\t\t\t\t<div class=\"sc_services_item_description\">\n\t\t\t\t\t\t<p>We take care of our bees to so they stay healthy, happy and produce the best honey.<\/p>\t\t\t\t\t<\/div>\n\t\t\t\t<\/div>\n\t\t\t<\/div>\n\t\t<\/div><\/div><\/div><!-- \/.sc_services --><\/div><!-- \/.sc_services_wrap --><\/div><\/div><\/div><\/div><\/div><div class=\"vc_row-full-width vc_clearfix\"><\/div><div class=\"vc_row wpb_row vc_row-fluid\"><div class=\"wpb_column vc_column_container vc_col-sm-12\"><div class=\"vc_column-inner\"><div class=\"wpb_wrapper\"><div class=\"sc_content content_wrap margin_top_huge margin_bottom_huge\"><h3 class=\"sc_title sc_title_regular sc_align_center margin_top_null\" style=\"margin-bottom: 1.5em;text-align:center;\">More about the products...<\/h3><\/div><div class=\"wpb_gmaps_widget wpb_content_element\"><div class=\"wpb_wrapper\"><div class=\"wpb_map_wraper\"><iframe src=\"https:\/\/www.google.com\/maps\/embed?pb=!1m18!1m12!1m3!1d2529.121767360175!2d16.214048676025172!3d46.24939427109763!2m3!1f0!2f0!3f0!3m2!1i1024!2i768!4f13.1!3m3!1m2!1s0x4765ff2ac7f9268f%3A0x5224bff79cb595db!2sBee%20Power%20Farm!5e1!3m2!1shr!2shr!4v1755241331726!5m2!1shr!2shr\" width=\"600\" height=\"450\" style=\"border:0;\" allowfullscreen=\"\" loading=\"lazy\" referrerpolicy=\"no-referrer-when-downgrade\"><\/iframe><\/div><\/div><\/div><\/div><\/div><\/div><\/div><div class=\"vc_row wpb_row vc_row-fluid\"><div class=\"wpb_column vc_column_container vc_col-sm-12\"><div class=\"vc_column-inner\"><div class=\"wpb_wrapper\"><div id=\"sc_team_1539981273_wrap\" class=\"sc_team_wrap\"><div id=\"sc_team_1539981273\" class=\"sc_team sc_team_style_team-1\" style=\"````width:100%;\"><div class=\"sc_columns columns_wrap\"><div class=\"column-1_4 column_padding_bottom\">\t\t\t<div id=\"sc_team_1539981273_1\"\t\t\t\tclass=\"sc_team_item sc_team_item_1 odd first\"\n\t\t\t\t>\n\t\t\t\t<div class=\"sc_team_item_avatar\"><img loading=\"lazy\" decoding=\"async\" class=\"wp-post-image\" width=\"370\" height=\"370\" alt=\"Tihana\" src=\"https:\/\/beepower.hr\/wp-content\/uploads\/2024\/04\/tihana-370x370.jpg\"><\/div>\n\t\t\t\t<div class=\"sc_team_item_info\">\n\t\t\t\t\t<h5 class=\"sc_team_item_title\"><a href=\"https:\/\/beepower.hr\/en\/team\/tihana\/\">Tihana<\/a><\/h5>\n\t\t\t\t\t<div class=\"sc_team_item_position\">Bee Power seller<\/div>\n\t\t\t\t\t<div class=\"sc_team_item_description\">Tihana je srce i du\u0161a Bee Power prodajnog mjesta, va\u0161 kontakt s na\u0161im proizvodima. Do\u010dekuje vas sa \u0161irokim osmjehom i znanjem o na\u0161im proizvodima...<\/div>\n\t\t\t\t\t\t\t\t\t<\/div>\n\t\t\t<\/div>\n\t\t<\/div><div class=\"column-1_4 column_padding_bottom\">\t\t\t<div id=\"sc_team_1539981273_2\"\t\t\t\tclass=\"sc_team_item sc_team_item_2 even\"\n\t\t\t\t>\n\t\t\t\t<div class=\"sc_team_item_avatar\"><img loading=\"lazy\" decoding=\"async\" class=\"wp-post-image\" width=\"370\" height=\"370\" alt=\"Antun\" src=\"https:\/\/beepower.hr\/wp-content\/uploads\/2024\/04\/Snimka-zaslona-2024-04-25-110546-370x370.png\"><\/div>\n\t\t\t\t<div class=\"sc_team_item_info\">\n\t\t\t\t\t<h5 class=\"sc_team_item_title\"><a href=\"https:\/\/beepower.hr\/en\/team\/antun\/\">Antun<\/a><\/h5>\n\t\t\t\t\t<div class=\"sc_team_item_position\">Bee Power chief beekeeper<\/div>\n\t\t\t\t\t<div class=\"sc_team_item_description\">Antun je &#8216;\u0161ef&#8217; Bee Power p\u010delinjaka, u razgovoru s njim spremite se za pri\u010du o p\u010delama koja \u0107e trajati satima i satima. Osim \u0161to...<\/div>\n\t\t\t\t\t\t\t\t\t<\/div>\n\t\t\t<\/div>\n\t\t<\/div><div class=\"column-1_4 column_padding_bottom\">\t\t\t<div id=\"sc_team_1539981273_3\"\t\t\t\tclass=\"sc_team_item sc_team_item_3 odd\"\n\t\t\t\t>\n\t\t\t\t<div class=\"sc_team_item_avatar\"><img loading=\"lazy\" decoding=\"async\" class=\"wp-post-image\" width=\"370\" height=\"370\" alt=\"Danijel\" src=\"https:\/\/beepower.hr\/wp-content\/uploads\/2024\/04\/no_photo-370x370.png\"><\/div>\n\t\t\t\t<div class=\"sc_team_item_info\">\n\t\t\t\t\t<h5 class=\"sc_team_item_title\"><a href=\"https:\/\/beepower.hr\/en\/team\/danijel\/\">Danijel<\/a><\/h5>\n\t\t\t\t\t<div class=\"sc_team_item_position\">Voza\u010d<\/div>\n\t\t\t\t\t<div class=\"sc_team_item_description\">Danijel je spreman osobno isporu\u010diti sve va\u0161e ve\u0107e narud\u017ebe do 1000 kilograma diljem Europe unutar 24 sata.<\/div>\n\t\t\t\t\t\t\t\t\t<\/div>\n\t\t\t<\/div>\n\t\t<\/div><div class=\"column-1_4 column_padding_bottom\">\t\t\t<div id=\"sc_team_1539981273_4\"\t\t\t\tclass=\"sc_team_item sc_team_item_4 even\"\n\t\t\t\t>\n\t\t\t\t<div class=\"sc_team_item_avatar\"><img loading=\"lazy\" decoding=\"async\" class=\"wp-post-image\" width=\"370\" height=\"370\" alt=\"Elizabeth\" src=\"https:\/\/beepower.hr\/wp-content\/uploads\/2024\/04\/beti-370x370.png\"><\/div>\n\t\t\t\t<div class=\"sc_team_item_info\">\n\t\t\t\t\t<h5 class=\"sc_team_item_title\"><a href=\"https:\/\/beepower.hr\/en\/team\/elizabeth\/\">Elizabeth<\/a><\/h5>\n\t\t\t\t\t<div class=\"sc_team_item_position\">Bee Power Manager and Beekeeper<\/div>\n\t\t\t\t\t<div class=\"sc_team_item_description\">Elizabeth je ne samo osniva\u010d, vlasnica i menagerica Bee Power firme, ve\u0107 i strastvena p\u010delarka s vi\u0161egodi\u0161njim iskustvom. Njeno znanje o p\u010delama i...<\/div>\n\t\t\t\t\t\t\t\t\t<\/div>\n\t\t\t<\/div>\n\t\t<\/div><\/div><\/div><!-- \/.sc_team --><\/div><!-- \/.sc_team_wrap --><\/div><\/div><\/div><\/div><div data-vc-full-width=\"true\" data-vc-full-width-init=\"false\" class=\"vc_row wpb_row vc_row-fluid vc_custom_1466773696978 vc_row-has-fill\"><div class=\"wpb_column vc_column_container vc_col-sm-12\"><div class=\"vc_column-inner\"><div class=\"wpb_wrapper\"><div id=\"sc_clients_801861872_wrap\" class=\"sc_clients_wrap\"><div id=\"sc_clients_801861872\" class=\"sc_clients sc_clients_style_clients-1  margin_top_large margin_bottom_medium\" style=\"width:100%;\"><div class=\"sc_slider_swiper swiper-slider-container sc_slider_nopagination sc_slider_nocontrols\" data-interval=\"7069\" data-slides-per-view=\"6\" data-slides-min-width=\"100\"><div class=\"slides swiper-wrapper\"><div class=\"swiper-slide\" data-style=\"width:100%;\" style=\"width:100%;\">\t\t\t<div id=\"sc_clients_801861872_1\" class=\"sc_clients_item sc_clients_item_1 odd first\">\n\t\t\t\t\t\t\t\t<div class=\"sc_client_image\"><img decoding=\"async\" class=\"wp-post-image\" alt=\"Client 6\" src=\"https:\/\/beepower.hr\/wp-content\/uploads\/2016\/06\/award1.png\"><\/div>\n\t\t\t\t\t\t\t<\/div>\n\t\t<\/div><div class=\"swiper-slide\" data-style=\"width:100%;\" style=\"width:100%;\">\t\t\t<div id=\"sc_clients_801861872_2\" class=\"sc_clients_item sc_clients_item_2 even\">\n\t\t\t\t\t\t\t\t<div class=\"sc_client_image\"><img decoding=\"async\" class=\"wp-post-image\" alt=\"Client 5\" src=\"https:\/\/beepower.hr\/wp-content\/uploads\/2016\/06\/award6.png\"><\/div>\n\t\t\t\t\t\t\t<\/div>\n\t\t<\/div><div class=\"swiper-slide\" data-style=\"width:100%;\" style=\"width:100%;\">\t\t\t<div id=\"sc_clients_801861872_3\" class=\"sc_clients_item sc_clients_item_3 odd\">\n\t\t\t\t\t\t\t\t<div class=\"sc_client_image\"><img decoding=\"async\" class=\"wp-post-image\" alt=\"Client 4\" src=\"https:\/\/beepower.hr\/wp-content\/uploads\/2016\/06\/award5.png\"><\/div>\n\t\t\t\t\t\t\t<\/div>\n\t\t<\/div><div class=\"swiper-slide\" data-style=\"width:100%;\" style=\"width:100%;\">\t\t\t<div id=\"sc_clients_801861872_4\" class=\"sc_clients_item sc_clients_item_4 even\">\n\t\t\t\t\t\t\t\t<div class=\"sc_client_image\"><img decoding=\"async\" class=\"wp-post-image\" alt=\"Client 3\" src=\"https:\/\/beepower.hr\/wp-content\/uploads\/2016\/06\/award4.png\"><\/div>\n\t\t\t\t\t\t\t<\/div>\n\t\t<\/div><div class=\"swiper-slide\" data-style=\"width:100%;\" style=\"width:100%;\">\t\t\t<div id=\"sc_clients_801861872_5\" class=\"sc_clients_item sc_clients_item_5 odd\">\n\t\t\t\t\t\t\t\t<div class=\"sc_client_image\"><img decoding=\"async\" class=\"wp-post-image\" alt=\"Client 2\" src=\"https:\/\/beepower.hr\/wp-content\/uploads\/2016\/06\/award3.png\"><\/div>\n\t\t\t\t\t\t\t<\/div>\n\t\t<\/div><div class=\"swiper-slide\" data-style=\"width:100%;\" style=\"width:100%;\">\t\t\t<div id=\"sc_clients_801861872_6\" class=\"sc_clients_item sc_clients_item_6 even\">\n\t\t\t\t\t\t\t\t<div class=\"sc_client_image\"><img decoding=\"async\" class=\"wp-post-image\" alt=\"Client 1\" src=\"https:\/\/beepower.hr\/wp-content\/uploads\/2016\/06\/award2.png\"><\/div>\n\t\t\t\t\t\t\t<\/div>\n\t\t<\/div><\/div><div class=\"sc_slider_controls_wrap\"><a class=\"sc_slider_prev\" href=\"#\"><\/a><a class=\"sc_slider_next\" href=\"#\"><\/a><\/div><div class=\"sc_slider_pagination_wrap\"><\/div><\/div><\/div><!-- \/.sc_clients --><\/div><!-- \/.sc_clients_wrap --><\/div><\/div><\/div><\/div><div class=\"vc_row-full-width vc_clearfix\"><\/div>\n<\/div>","protected":false},"excerpt":{"rendered":"Lorem ipsum dolor sit amet, consectetur adipiscing elit. Nunc porta fringilla ullamcorper. Morbi felis orci, lacinia a velit et, sodales condimentum metus. Nulla non fermentum nisl. Maecenas id molestie turpis, sit amet feugiat lorem. Curabitur sed erat vel tellus hendrerit tincidunt. Sed arcu tortor, sollicitudin ac lectus sed, rhoncus iaculis lectus. Ut efficitur feugiat enim [...]","protected":false},"author":1,"featured_media":0,"parent":0,"menu_order":0,"comment_status":"closed","ping_status":"closed","template":"","meta":{"_monsterinsights_skip_tracking":false,"_monsterinsights_sitenote_active":false,"_monsterinsights_sitenote_note":"","_monsterinsights_sitenote_category":0,"footnotes":""},"class_list":["post-206","page","type-page","status-publish","hentry"],"yoast_head":"<!-- This site is optimized with the Yoast SEO plugin v27.4 - https:\/\/yoast.com\/product\/yoast-seo-wordpress\/ -->\n<title>O nama - P\u010delinji proizvodi - Bee Power<\/title>\n<meta name=\"robots\" content=\"index, follow, max-snippet:-1, max-image-preview:large, max-video-preview:-1\" \/>\n<link rel=\"canonical\" href=\"https:\/\/beepower.hr\/en\/o-nama\/\" \/>\n<meta property=\"og:locale\" content=\"en_US\" \/>\n<meta property=\"og:type\" content=\"article\" \/>\n<meta property=\"og:title\" content=\"O nama - P\u010delinji proizvodi - Bee Power\" \/>\n<meta property=\"og:url\" content=\"https:\/\/beepower.hr\/en\/o-nama\/\" \/>\n<meta property=\"og:site_name\" content=\"P\u010delinji proizvodi - Bee Power\" \/>\n<meta property=\"article:modified_time\" content=\"2025-09-05T04:56:00+00:00\" \/>\n<meta name=\"twitter:label1\" content=\"Est. reading time\" \/>\n\t<meta name=\"twitter:data1\" content=\"1 minute\" \/>\n<script type=\"application\/ld+json\" class=\"yoast-schema-graph\">{\"@context\":\"https:\\\/\\\/schema.org\",\"@graph\":[{\"@type\":\"WebPage\",\"@id\":\"https:\\\/\\\/beepower.hr\\\/o-nama\\\/\",\"url\":\"https:\\\/\\\/beepower.hr\\\/o-nama\\\/\",\"name\":\"O nama - P\u010delinji proizvodi - Bee Power\",\"isPartOf\":{\"@id\":\"https:\\\/\\\/beepower.hr\\\/#website\"},\"datePublished\":\"2024-04-10T12:34:09+00:00\",\"dateModified\":\"2025-09-05T04:56:00+00:00\",\"breadcrumb\":{\"@id\":\"https:\\\/\\\/beepower.hr\\\/o-nama\\\/#breadcrumb\"},\"inLanguage\":\"en-US\",\"potentialAction\":[{\"@type\":\"ReadAction\",\"target\":[\"https:\\\/\\\/beepower.hr\\\/o-nama\\\/\"]}]},{\"@type\":\"BreadcrumbList\",\"@id\":\"https:\\\/\\\/beepower.hr\\\/o-nama\\\/#breadcrumb\",\"itemListElement\":[{\"@type\":\"ListItem\",\"position\":1,\"name\":\"Naslovna\",\"item\":\"https:\\\/\\\/beepower.hr\\\/\"},{\"@type\":\"ListItem\",\"position\":2,\"name\":\"O nama\"}]},{\"@type\":\"WebSite\",\"@id\":\"https:\\\/\\\/beepower.hr\\\/#website\",\"url\":\"https:\\\/\\\/beepower.hr\\\/\",\"name\":\"P\u010delinji proizvodi - Bee Power\",\"description\":\"Bee Power - snaga p\u010dela, najsla\u0111e blago prirode\",\"potentialAction\":[{\"@type\":\"SearchAction\",\"target\":{\"@type\":\"EntryPoint\",\"urlTemplate\":\"https:\\\/\\\/beepower.hr\\\/?s={search_term_string}\"},\"query-input\":{\"@type\":\"PropertyValueSpecification\",\"valueRequired\":true,\"valueName\":\"search_term_string\"}}],\"inLanguage\":\"en-US\"}]}<\/script>\n<!-- \/ Yoast SEO plugin. -->","yoast_head_json":{"title":"O nama - P\u010delinji proizvodi - Bee Power","robots":{"index":"index","follow":"follow","max-snippet":"max-snippet:-1","max-image-preview":"max-image-preview:large","max-video-preview":"max-video-preview:-1"},"canonical":"https:\/\/beepower.hr\/en\/o-nama\/","og_locale":"en_US","og_type":"article","og_title":"O nama - P\u010delinji proizvodi - Bee Power","og_url":"https:\/\/beepower.hr\/en\/o-nama\/","og_site_name":"P\u010delinji proizvodi - Bee Power","article_modified_time":"2025-09-05T04:56:00+00:00","twitter_misc":{"Est. reading time":"1 minute"},"schema":{"@context":"https:\/\/schema.org","@graph":[{"@type":"WebPage","@id":"https:\/\/beepower.hr\/o-nama\/","url":"https:\/\/beepower.hr\/o-nama\/","name":"O nama - P\u010delinji proizvodi - Bee Power","isPartOf":{"@id":"https:\/\/beepower.hr\/#website"},"datePublished":"2024-04-10T12:34:09+00:00","dateModified":"2025-09-05T04:56:00+00:00","breadcrumb":{"@id":"https:\/\/beepower.hr\/o-nama\/#breadcrumb"},"inLanguage":"en-US","potentialAction":[{"@type":"ReadAction","target":["https:\/\/beepower.hr\/o-nama\/"]}]},{"@type":"BreadcrumbList","@id":"https:\/\/beepower.hr\/o-nama\/#breadcrumb","itemListElement":[{"@type":"ListItem","position":1,"name":"Naslovna","item":"https:\/\/beepower.hr\/"},{"@type":"ListItem","position":2,"name":"O nama"}]},{"@type":"WebSite","@id":"https:\/\/beepower.hr\/#website","url":"https:\/\/beepower.hr\/","name":"P\u010delinji proizvodi - Bee Power","description":"Bee Power - snaga p\u010dela, najsla\u0111e blago prirode","potentialAction":[{"@type":"SearchAction","target":{"@type":"EntryPoint","urlTemplate":"https:\/\/beepower.hr\/?s={search_term_string}"},"query-input":{"@type":"PropertyValueSpecification","valueRequired":true,"valueName":"search_term_string"}}],"inLanguage":"en-US"}]}},"_links":{"self":[{"href":"https:\/\/beepower.hr\/en\/wp-json\/wp\/v2\/pages\/206","targetHints":{"allow":["GET"]}}],"collection":[{"href":"https:\/\/beepower.hr\/en\/wp-json\/wp\/v2\/pages"}],"about":[{"href":"https:\/\/beepower.hr\/en\/wp-json\/wp\/v2\/types\/page"}],"author":[{"embeddable":true,"href":"https:\/\/beepower.hr\/en\/wp-json\/wp\/v2\/users\/1"}],"replies":[{"embeddable":true,"href":"https:\/\/beepower.hr\/en\/wp-json\/wp\/v2\/comments?post=206"}],"version-history":[{"count":12,"href":"https:\/\/beepower.hr\/en\/wp-json\/wp\/v2\/pages\/206\/revisions"}],"predecessor-version":[{"id":1239,"href":"https:\/\/beepower.hr\/en\/wp-json\/wp\/v2\/pages\/206\/revisions\/1239"}],"wp:attachment":[{"href":"https:\/\/beepower.hr\/en\/wp-json\/wp\/v2\/media?parent=206"}],"curies":[{"name":"wp","href":"https:\/\/api.w.org\/{rel}","templated":true}]}}