{"id":5,"date":"2024-04-08T12:20:07","date_gmt":"2024-04-08T12:20:07","guid":{"rendered":"https:\/\/wpt.enu.mybluehost.me\/website_64285c76\/?page_id=5"},"modified":"2024-05-10T09:31:38","modified_gmt":"2024-05-10T09:31:38","slug":"home-fullwidth","status":"publish","type":"page","link":"https:\/\/beepower.hr\/en\/","title":{"rendered":"Bee Power naslovna"},"content":{"rendered":"<div class=\"wpb-content-wrapper\"><div data-vc-full-width=\"true\" data-vc-full-width-init=\"false\" class=\"vc_row wpb_row vc_row-fluid vc_custom_1465565183987 vc_row-has-fill\"><div class=\"wpb_column vc_column_container vc_col-sm-12\"><div class=\"vc_column-inner\"><div class=\"wpb_wrapper\"><div class=\"columns_wrap sc_columns columns_nofluid sc_columns_count_3 banners\" style=\"margin-top: 7em;margin-bottom: 7em;\" data-equal-height=\".sc_column_item_inner\"><div class=\"column-1_3 sc_column_item sc_column_item_1 odd first\"><div class=\"sc_column_item_inner\" style=\"background-image:url(https:\/\/beepower.hr\/wp-content\/uploads\/2016\/06\/banner1.jpg);background-repeat:no-repeat;background-size:cover;\"><h6 class=\"sc_title sc_title_regular sc_align_center margin_bottom_tiny\" style=\"margin-top: 3.3em;text-align:center;color:#ffffff;font-size:1em;\">more about<\/h6><h2 class=\"sc_title sc_title_regular sc_align_center margin_top_null\" style=\"margin-bottom: 1em;text-align:center;color:#ffffff;\"><a href=\"\/en\/nasi-proizvodi\/\">Products<\/a><\/h2><\/div><\/div><div class=\"column-1_3 sc_column_item sc_column_item_2 even\"><div class=\"sc_column_item_inner\" style=\"background-image:url(https:\/\/beepower.hr\/wp-content\/uploads\/2016\/06\/banner2.jpg);background-repeat:no-repeat;background-size:cover;\"><h6 class=\"sc_title sc_title_regular sc_align_center margin_bottom_tiny\" style=\"margin-top: 3.3em;text-align:center;color:#ffffff;font-size:1em;\">shop<\/h6><h2 class=\"sc_title sc_title_regular sc_align_center margin_top_null\" style=\"margin-bottom: 1em;text-align:center;color:#ffffff;\"><a href=\"\/en\/shop\/\">Best buy<\/a><\/h2><\/div><\/div><div class=\"column-1_3 sc_column_item sc_column_item_3 odd\"><div class=\"sc_column_item_inner\" style=\"background-image:url(https:\/\/beepower.hr\/wp-content\/uploads\/2016\/06\/banner3.jpg);background-repeat:no-repeat;background-size:cover;\"><h6 class=\"sc_title sc_title_regular sc_align_center margin_bottom_tiny\" style=\"margin-top: 3.3em;text-align:center;color:#ffffff;font-size:1em;\">learn<\/h6><h2 class=\"sc_title sc_title_regular sc_align_center margin_top_null\" style=\"margin-bottom: 1em;text-align:center;color:#ffffff;\"><a href=\"\/en\/slatka-prica\/\">Save the bees<\/a><\/h2><\/div><\/div><\/div><\/div><\/div><\/div><\/div><div class=\"vc_row-full-width vc_clearfix\"><\/div><div class=\"vc_row wpb_row vc_row-fluid\"><div class=\"wpb_column vc_column_container vc_col-sm-12\"><div class=\"vc_column-inner\"><div class=\"wpb_wrapper\"><h2 class=\"sc_title sc_title_regular sc_align_center\" style=\"margin-top: 2.25em;text-align:center;\">What do we do?<\/h2><div id=\"sc_services_1550703003_wrap\" class=\"sc_services_wrap\"><div id=\"sc_services_1550703003\" class=\"sc_services sc_services_style_services-1 sc_services_type_images  margin_top_large margin_bottom_huge\" style=\"width:100%;\"><div class=\"sc_columns columns_wrap\"><div class=\"column-1_3\">\t\t\t<div id=\"sc_services_1550703003_1\"\t\t\t\tclass=\"sc_services_item sc_services_item_1 odd first\"\n\t\t\t\t>\n\t\t\t\t\t\t\t\t\t<div class=\"sc_services_item_featured post_featured\">\n\t\t\t\t\t\t\t<div class=\"post_thumb\" data-image=\"https:\/\/beepower.hr\/wp-content\/uploads\/2016\/06\/q1-2.png\" data-title=\"Med\">\n\t<a class=\"hover_icon hover_icon_link\" href=\"https:\/\/beepower.hr\/en\/services\/med\/\"><img loading=\"lazy\" decoding=\"async\" class=\"wp-post-image\" width=\"370\" height=\"110\" alt=\"Med\" src=\"https:\/\/beepower.hr\/wp-content\/uploads\/2016\/06\/q1-2.png\"><\/a>\t<\/div>\n\t\t\t\t\t\t<\/div>\n\t\t\t\t\t\t\t\t\t<div class=\"sc_services_item_content\">\n\t\t\t\t\t<h4 class=\"sc_services_item_title\"><a href=\"https:\/\/beepower.hr\/en\/services\/med\/\">Honey<\/a><\/h4>\n\t\t\t\t\t<div class=\"sc_services_item_description\">\n\t\t\t\t\t\t<p>Honey is produced only by some types of bees and it is impossible to produce it industrially, in spite of our scientific advancements.<\/p>\t\t\t\t\t<\/div>\n\t\t\t\t<\/div>\n\t\t\t<\/div>\n\t\t<\/div><div class=\"column-1_3\">\t\t\t<div id=\"sc_services_1550703003_2\"\t\t\t\tclass=\"sc_services_item sc_services_item_2 even\"\n\t\t\t\t>\n\t\t\t\t\t\t\t\t\t<div class=\"sc_services_item_featured post_featured\">\n\t\t\t\t\t\t\t<div class=\"post_thumb\" data-image=\"https:\/\/beepower.hr\/wp-content\/uploads\/2016\/06\/q2-2.png\" data-title=\"P\u010delinjak\">\n\t<a class=\"hover_icon hover_icon_link\" href=\"https:\/\/beepower.hr\/en\/services\/pcelinjak\/\"><img loading=\"lazy\" decoding=\"async\" class=\"wp-post-image\" width=\"370\" height=\"110\" alt=\"P\u010delinjak\" src=\"https:\/\/beepower.hr\/wp-content\/uploads\/2016\/06\/q2-2.png\"><\/a>\t<\/div>\n\t\t\t\t\t\t<\/div>\n\t\t\t\t\t\t\t\t\t<div class=\"sc_services_item_content\">\n\t\t\t\t\t<h4 class=\"sc_services_item_title\"><a href=\"https:\/\/beepower.hr\/en\/services\/pcelinjak\/\">Bee Farm<\/a><\/h4>\n\t\t\t\t\t<div class=\"sc_services_item_description\">\n\t\t\t\t\t\t<p>The bees in our apiaries have access to rich resources of both nectar and pollen because they live in an environment of green forests and fields.<\/p>\t\t\t\t\t<\/div>\n\t\t\t\t<\/div>\n\t\t\t<\/div>\n\t\t<\/div><div class=\"column-1_3\">\t\t\t<div id=\"sc_services_1550703003_3\"\t\t\t\tclass=\"sc_services_item sc_services_item_3 odd\"\n\t\t\t\t>\n\t\t\t\t\t\t\t\t\t<div class=\"sc_services_item_featured post_featured\">\n\t\t\t\t\t\t\t<div class=\"post_thumb\" data-image=\"https:\/\/beepower.hr\/wp-content\/uploads\/2016\/06\/q3-2.png\" data-title=\"Proizvodi p\u010dela\">\n\t<a class=\"hover_icon hover_icon_link\" href=\"https:\/\/beepower.hr\/en\/services\/proizvodi\/\"><img loading=\"lazy\" decoding=\"async\" class=\"wp-post-image\" width=\"370\" height=\"110\" alt=\"Proizvodi p\u010dela\" src=\"https:\/\/beepower.hr\/wp-content\/uploads\/2016\/06\/q3-2.png\"><\/a>\t<\/div>\n\t\t\t\t\t\t<\/div>\n\t\t\t\t\t\t\t\t\t<div class=\"sc_services_item_content\">\n\t\t\t\t\t<h4 class=\"sc_services_item_title\"><a href=\"https:\/\/beepower.hr\/en\/services\/proizvodi\/\">Bee products<\/a><\/h4>\n\t\t\t\t\t<div class=\"sc_services_item_description\">\n\t\t\t\t\t\t<p>Bees are tireless in the world of nature, they not only offer us delicious and healthy honey, but with their work they also give us a number of other valuable products that...<\/p>\t\t\t\t\t<\/div>\n\t\t\t\t<\/div>\n\t\t\t<\/div>\n\t\t<\/div><\/div><\/div><!-- \/.sc_services --><\/div><!-- \/.sc_services_wrap --><\/div><\/div><\/div><\/div><div data-vc-full-width=\"true\" data-vc-full-width-init=\"false\" data-vc-parallax=\"1\" data-vc-parallax-image=\"https:\/\/beepower.hr\/wp-content\/uploads\/2016\/06\/Parallax_1-1.jpg\" class=\"vc_row wpb_row vc_row-fluid vc_row-has-fill vc_general vc_parallax vc_parallax-content-moving\"><div class=\"wpb_column vc_column_container vc_col-sm-12\"><div class=\"vc_column-inner\"><div class=\"wpb_wrapper\"><div class=\"sc_section margin_top_large margin_bottom_huge aligncenter\"><div class=\"sc_section_inner\"><div class=\"sc_section_content_wrap\"><h3 class=\"sc_title sc_title_regular sc_align_center\" style=\"margin-top: 2.35em;text-align:center;color:#ffffff;\">Our honey is exactly as bees made it<\/h3><h5 class=\"sc_title sc_title_regular sc_align_center margin_bottom_small\" style=\"text-align:center;color:#ffffff;\">Good food, physical activity and healthy lifestyle<\/h5><a href=\"\/en\/shop\/\" class=\"sc_button sc_button_square sc_button_style_border sc_button_size_small aligncenter inverse\" style=\"width:90px;\">Buy now<\/a><\/div><\/div><\/div><\/div><\/div><\/div><\/div><div class=\"vc_row-full-width vc_clearfix\"><\/div><div class=\"vc_row wpb_row vc_row-fluid\"><div class=\"wpb_column vc_column_container vc_col-sm-12\"><div class=\"vc_column-inner\"><div class=\"wpb_wrapper\"><div class=\"sc_content content_wrap margin_top_huge margin_bottom_huge\"><h2 class=\"sc_title sc_title_regular sc_align_center\" style=\"margin-bottom: 1.5em;text-align:center;\">From content<\/h2><div id=\"sc_blogger_2104576287\" class=\"sc_blogger layout_classic_3 template_masonry  sc_blogger_horizontal no_description\"><div class=\"isotope_wrap\" data-columns=\"3\">\t\t<div class=\"isotope_item isotope_item_classic isotope_item_classic_3 isotope_column_3\">\n\t\t\t<div class=\"post_item post_item_classic post_item_classic_3\t\t\t\t  post_format_standard odd\">\n\t\t\t\t\n\t\t\t\t\t\t\t\t\t<div class=\"post_featured\">\n\t\t\t\t\t\t\t<div class=\"post_thumb\" data-image=\"https:\/\/beepower.hr\/wp-content\/uploads\/2024\/04\/WhatsApp-Slika-2024-04-27-u-10.43.08_8dd7d892.jpg\" data-title=\"Mati\u010dna mlije\u010d u trudno\u0107i\">\n\t<a class=\"hover_icon hover_icon_link\" href=\"https:\/\/beepower.hr\/en\/maticna-mlijec_u_trudnoci\/\"><img loading=\"lazy\" decoding=\"async\" class=\"wp-post-image\" width=\"370\" height=\"204\" alt=\"Mati\u010dna mlije\u010d u trudno\u0107i\" src=\"https:\/\/beepower.hr\/wp-content\/uploads\/2024\/04\/WhatsApp-Slika-2024-04-27-u-10.43.08_8dd7d892-370x204.jpg\"><\/a>\t<\/div>\n\t\t\t\t\t\t<\/div>\n\t\t\t\t\n\t\t\t\t<div class=\"post_content isotope_item_content\">\n\t\t\t\t\t\n\t\t\t\t\t<div class=\"post_info\">\n\t\t\t<span class=\"post_info_item post_info_posted\"> <a href=\"https:\/\/beepower.hr\/en\/maticna-mlijec_u_trudnoci\/\" class=\"post_info_date\">September 6, 2025<\/a><\/span>\n\t\t<\/div>\t\t\t\t\t\t\t<h5 class=\"post_title\"><a href=\"https:\/\/beepower.hr\/en\/maticna-mlijec_u_trudnoci\/\">Mati\u010dna mlije\u010d u trudno\u0107i<\/a><\/h5>\n\t\t\t\t\t\t\t\n\t\t\t\t\t<div class=\"post_descr\">\n\t\t\t\t\t\t<p><\/p>\t\t\t\t\t<\/div>\n\n\t\t\t\t<\/div>\t\t\t\t<!-- \/.post_content -->\n\t\t\t<\/div>\t<!-- \/.post_item -->\n\t\t<\/div>\t\t\t\t\t\t<!-- \/.isotope_item -->\n\t\t\t\t<div class=\"isotope_item isotope_item_classic isotope_item_classic_3 isotope_column_3\">\n\t\t\t<div class=\"post_item post_item_classic post_item_classic_3\t\t\t\t  post_format_standard even\">\n\t\t\t\t\n\t\t\t\t\t\t\t\t\t<div class=\"post_featured\">\n\t\t\t\t\t\t\t<div class=\"post_thumb\" data-image=\"https:\/\/beepower.hr\/wp-content\/uploads\/2024\/04\/v.jpg\" data-title=\"P\u010delarstvo za po\u010detnike \u2013 \u201cUzgoj p\u010dela\u201d\">\n\t<a class=\"hover_icon hover_icon_link\" href=\"https:\/\/beepower.hr\/en\/pcelarstvo-za-pocetnike_uzgoj-pcela\/\"><img loading=\"lazy\" decoding=\"async\" class=\"wp-post-image\" width=\"370\" height=\"204\" alt=\"P\u010delarstvo za po\u010detnike \u2013 \u201cUzgoj p\u010dela\u201d\" src=\"https:\/\/beepower.hr\/wp-content\/uploads\/2024\/04\/v-370x204.jpg\"><\/a>\t<\/div>\n\t\t\t\t\t\t<\/div>\n\t\t\t\t\n\t\t\t\t<div class=\"post_content isotope_item_content\">\n\t\t\t\t\t\n\t\t\t\t\t<div class=\"post_info\">\n\t\t\t<span class=\"post_info_item post_info_posted\"> <a href=\"https:\/\/beepower.hr\/en\/pcelarstvo-za-pocetnike_uzgoj-pcela\/\" class=\"post_info_date\">April 9, 2024<\/a><\/span>\n\t\t<\/div>\t\t\t\t\t\t\t<h5 class=\"post_title\"><a href=\"https:\/\/beepower.hr\/en\/pcelarstvo-za-pocetnike_uzgoj-pcela\/\">Beekeeping for Beginners - \"Raising Bees\"<\/a><\/h5>\n\t\t\t\t\t\t\t\n\t\t\t\t\t<div class=\"post_descr\">\n\t\t\t\t\t\t<p><\/p>\t\t\t\t\t<\/div>\n\n\t\t\t\t<\/div>\t\t\t\t<!-- \/.post_content -->\n\t\t\t<\/div>\t<!-- \/.post_item -->\n\t\t<\/div>\t\t\t\t\t\t<!-- \/.isotope_item -->\n\t\t\t\t<div class=\"isotope_item isotope_item_classic isotope_item_classic_3 isotope_column_3\">\n\t\t\t<div class=\"post_item post_item_classic post_item_classic_3\t\t\t\t  post_format_standard odd last\">\n\t\t\t\t\n\t\t\t\t\t\t\t\t\t<div class=\"post_featured\">\n\t\t\t\t\t\t\t<div class=\"post_thumb\" data-image=\"https:\/\/beepower.hr\/wp-content\/uploads\/2024\/04\/v1.jpg\" data-title=\"Ekolo\u0161ki pristup za milijune na\u0161ih p\u010dela\">\n\t<a class=\"hover_icon hover_icon_link\" href=\"https:\/\/beepower.hr\/en\/ekoliski-pristup-za-milijune-pcela\/\"><img loading=\"lazy\" decoding=\"async\" class=\"wp-post-image\" width=\"370\" height=\"204\" alt=\"Ekolo\u0161ki pristup za milijune na\u0161ih p\u010dela\" src=\"https:\/\/beepower.hr\/wp-content\/uploads\/2024\/04\/v1-370x204.jpg\"><\/a>\t<\/div>\n\t\t\t\t\t\t<\/div>\n\t\t\t\t\n\t\t\t\t<div class=\"post_content isotope_item_content\">\n\t\t\t\t\t\n\t\t\t\t\t<div class=\"post_info\">\n\t\t\t<span class=\"post_info_item post_info_posted\"> <a href=\"https:\/\/beepower.hr\/en\/ekoliski-pristup-za-milijune-pcela\/\" class=\"post_info_date\">April 6, 2024<\/a><\/span>\n\t\t<\/div>\t\t\t\t\t\t\t<h5 class=\"post_title\"><a href=\"https:\/\/beepower.hr\/en\/ekoliski-pristup-za-milijune-pcela\/\">Ecological access for millions of our bees<\/a><\/h5>\n\t\t\t\t\t\t\t\n\t\t\t\t\t<div class=\"post_descr\">\n\t\t\t\t\t\t<p><\/p>\t\t\t\t\t<\/div>\n\n\t\t\t\t<\/div>\t\t\t\t<!-- \/.post_content -->\n\t\t\t<\/div>\t<!-- \/.post_item -->\n\t\t<\/div>\t\t\t\t\t\t<!-- \/.isotope_item -->\n\t\t<\/div><\/div><\/div><\/div><\/div><\/div><\/div><div data-vc-full-width=\"true\" data-vc-full-width-init=\"false\" data-vc-parallax=\"1\" data-vc-parallax-image=\"https:\/\/beepower.hr\/wp-content\/uploads\/2016\/06\/Parallax_2.jpg\" class=\"vc_row wpb_row vc_row-fluid vc_row-has-fill vc_general vc_parallax vc_parallax-content-moving\"><div class=\"wpb_column vc_column_container vc_col-sm-12\"><div class=\"vc_column-inner\"><div class=\"wpb_wrapper\"><div class=\"sc_testimonials_wrap sc_section scheme_dark\" style=\"\"><div class=\"sc_section_overlay\" style=\"\"><div id=\"sc_testimonials_1338627907\" class=\"sc_testimonials sc_testimonials_style_testimonials-2\" style=\"width:100%;\"><h2 class=\"sc_testimonials_title sc_item_title\">What our clients say<\/h2><div class=\"sc_slider_swiper swiper-slider-container sc_slider_nopagination sc_slider_controls sc_slider_controls_side\" data-interval=\"5818\" data-slides-min-width=\"250\"><div class=\"slides swiper-wrapper\"><div class=\"swiper-slide\" data-style=\"width:100%;\" style=\"width:100%;\">\t\t\t<div id=\"sc_testimonials_1338627907_1\" class=\"sc_testimonial_item\">\n\t\t\t\t<div class=\"sc_testimonial_content\"><p>I am happy to know that I can get this excellent honey in my area! This is great what you are doing. My children love honey, and we all use it along with propolis and will continue to use it.<\/p>\n<\/div>\n\t\t\t\t\t\t\t\t<div class=\"sc_testimonial_author\"><span class=\"sc_testimonial_author_name\">Martin Horvat<\/span><\/div>\n\t\t\t\t\t\t\t<\/div>\n\t\t<\/div><div class=\"swiper-slide\" data-style=\"width:100%;\" style=\"width:100%;\">\t\t\t<div id=\"sc_testimonials_1338627907_2\" class=\"sc_testimonial_item\">\n\t\t\t\t<div class=\"sc_testimonial_content\"><p>What can I say? It's perfect! It's everything I needed and more - all wrapped up in one excellent expereince. Thank you for doing your job right, you sure know how to make a customer feel special. Keep up the great work.<\/p>\n<\/div>\n\t\t\t\t\t\t\t\t<div class=\"sc_testimonial_author\"><span class=\"sc_testimonial_author_name\">Melissa Fray<\/span><\/div>\n\t\t\t\t\t\t\t<\/div>\n\t\t<\/div><div class=\"swiper-slide\" data-style=\"width:100%;\" style=\"width:100%;\">\t\t\t<div id=\"sc_testimonials_1338627907_3\" class=\"sc_testimonial_item\">\n\t\t\t\t<div class=\"sc_testimonial_content\"><p>Your staff treated me with the utmost care during my purchase, thank you. I really enjoyed it and you answered all my questions, so I saw that you pay attention to every detail.<\/p>\n<\/div>\n\t\t\t\t\t\t\t\t<div class=\"sc_testimonial_author\"><span class=\"sc_testimonial_author_name\">Ivan Markovi\u0107<\/span><\/div>\n\t\t\t\t\t\t\t<\/div>\n\t\t<\/div><\/div><div class=\"sc_slider_controls_wrap\"><a class=\"sc_slider_prev\" href=\"#\"><\/a><a class=\"sc_slider_next\" href=\"#\"><\/a><\/div><div class=\"sc_slider_pagination_wrap\"><\/div><\/div><\/div><\/div><\/div><\/div><\/div><\/div><\/div><div class=\"vc_row-full-width vc_clearfix\"><\/div><div class=\"vc_row wpb_row vc_row-fluid\"><div class=\"wpb_column vc_column_container vc_col-sm-12\"><div class=\"vc_column-inner\"><div class=\"wpb_wrapper\"><div class=\"sc_content content_wrap margin_top_huge margin_bottom_huge\"><h2 class=\"sc_title sc_title_regular sc_align_center\" style=\"margin-bottom: 1.5em;text-align:center;\">Sweet Shop<\/h2><div class=\"woocommerce columns-4\"><\/div><a href=\"\/en\/shop\/\" class=\"sc_button sc_button_square sc_button_style_border sc_button_size_small aligncenter margin_top_small\" style=\"width:100px;\">look all<\/a><\/div><\/div><\/div><\/div><\/div><div data-vc-full-width=\"true\" data-vc-full-width-init=\"false\" data-vc-parallax=\"1\" data-vc-parallax-image=\"https:\/\/beepower.hr\/wp-content\/uploads\/2016\/06\/Parallax_3-1.jpg\" class=\"vc_row wpb_row vc_row-fluid vc_row-has-fill vc_general vc_parallax vc_parallax-content-moving\"><div class=\"wpb_column vc_column_container vc_col-sm-12\"><div class=\"vc_column-inner\"><div class=\"wpb_wrapper\"><div class=\"sc_section margin_top_large margin_bottom_huge aligncenter\"><div class=\"sc_section_inner\"><div class=\"sc_section_content_wrap\"><h3 class=\"sc_title sc_title_regular sc_align_center\" style=\"margin-top: 2.35em;text-align:center;color:#ffffff;\">Buy now and save up to 5%!<\/h3><h5 class=\"sc_title sc_title_regular sc_align_center margin_bottom_small\" style=\"text-align:center;color:#ffffff;\">Save 5% on orders of \u20ac50 or more!<\/h5><a href=\"\/en\/shop\/\" class=\"sc_button sc_button_square sc_button_style_border sc_button_size_small aligncenter inverse\" style=\"width:100px;\">order now!<\/a><\/div><\/div><\/div><\/div><\/div><\/div><\/div><div class=\"vc_row-full-width vc_clearfix\"><\/div>\n<\/div>","protected":false},"excerpt":{"rendered":"Your staff treated me with the utmost care during my purchase, thank you. I really enjoyed it and you answered all my questions, so I saw that you pay attention to every detail.","protected":false},"author":1,"featured_media":0,"parent":0,"menu_order":0,"comment_status":"closed","ping_status":"closed","template":"","meta":{"_monsterinsights_skip_tracking":false,"_monsterinsights_sitenote_active":false,"_monsterinsights_sitenote_note":"","_monsterinsights_sitenote_category":0,"footnotes":""},"class_list":["post-5","page","type-page","status-publish","hentry"],"yoast_head":"<!-- This site is optimized with the Yoast SEO plugin v27.6 - https:\/\/yoast.com\/product\/yoast-seo-wordpress\/ -->\n<title>Bee Power naslovna - P\u010delinji proizvodi - Bee Power<\/title>\n<meta name=\"robots\" content=\"index, follow, max-snippet:-1, max-image-preview:large, max-video-preview:-1\" \/>\n<link rel=\"canonical\" href=\"https:\/\/beepower.hr\/en\/\" \/>\n<meta property=\"og:locale\" content=\"en_US\" \/>\n<meta property=\"og:type\" content=\"article\" \/>\n<meta property=\"og:title\" content=\"Bee Power naslovna - P\u010delinji proizvodi - Bee Power\" \/>\n<meta property=\"og:url\" content=\"https:\/\/beepower.hr\/en\/\" \/>\n<meta property=\"og:site_name\" content=\"P\u010delinji proizvodi - Bee Power\" \/>\n<meta property=\"article:modified_time\" content=\"2024-05-10T09:31:38+00:00\" \/>\n<meta name=\"twitter:label1\" content=\"Est. reading time\" \/>\n\t<meta name=\"twitter:data1\" content=\"2 minutes\" \/>\n<script type=\"application\/ld+json\" class=\"yoast-schema-graph\">{\"@context\":\"https:\\\/\\\/schema.org\",\"@graph\":[{\"@type\":\"WebPage\",\"@id\":\"https:\\\/\\\/beepower.hr\\\/\",\"url\":\"https:\\\/\\\/beepower.hr\\\/\",\"name\":\"Bee Power naslovna - P\u010delinji proizvodi - Bee Power\",\"isPartOf\":{\"@id\":\"https:\\\/\\\/beepower.hr\\\/#website\"},\"datePublished\":\"2024-04-08T12:20:07+00:00\",\"dateModified\":\"2024-05-10T09:31:38+00:00\",\"breadcrumb\":{\"@id\":\"https:\\\/\\\/beepower.hr\\\/#breadcrumb\"},\"inLanguage\":\"en-US\",\"potentialAction\":[{\"@type\":\"ReadAction\",\"target\":[\"https:\\\/\\\/beepower.hr\\\/\"]}]},{\"@type\":\"BreadcrumbList\",\"@id\":\"https:\\\/\\\/beepower.hr\\\/#breadcrumb\",\"itemListElement\":[{\"@type\":\"ListItem\",\"position\":1,\"name\":\"Naslovna\",\"item\":\"https:\\\/\\\/beepower.hr\\\/\"},{\"@type\":\"ListItem\",\"position\":2,\"name\":\"Bee Power naslovna\"}]},{\"@type\":\"WebSite\",\"@id\":\"https:\\\/\\\/beepower.hr\\\/#website\",\"url\":\"https:\\\/\\\/beepower.hr\\\/\",\"name\":\"P\u010delinji proizvodi - Bee Power\",\"description\":\"Bee Power - snaga p\u010dela, najsla\u0111e blago prirode\",\"potentialAction\":[{\"@type\":\"SearchAction\",\"target\":{\"@type\":\"EntryPoint\",\"urlTemplate\":\"https:\\\/\\\/beepower.hr\\\/?s={search_term_string}\"},\"query-input\":{\"@type\":\"PropertyValueSpecification\",\"valueRequired\":true,\"valueName\":\"search_term_string\"}}],\"inLanguage\":\"en-US\"}]}<\/script>\n<!-- \/ Yoast SEO plugin. -->","yoast_head_json":{"title":"Bee Power naslovna - P\u010delinji proizvodi - Bee Power","robots":{"index":"index","follow":"follow","max-snippet":"max-snippet:-1","max-image-preview":"max-image-preview:large","max-video-preview":"max-video-preview:-1"},"canonical":"https:\/\/beepower.hr\/en\/","og_locale":"en_US","og_type":"article","og_title":"Bee Power naslovna - P\u010delinji proizvodi - Bee Power","og_url":"https:\/\/beepower.hr\/en\/","og_site_name":"P\u010delinji proizvodi - Bee Power","article_modified_time":"2024-05-10T09:31:38+00:00","twitter_misc":{"Est. reading time":"2 minutes"},"schema":{"@context":"https:\/\/schema.org","@graph":[{"@type":"WebPage","@id":"https:\/\/beepower.hr\/","url":"https:\/\/beepower.hr\/","name":"Bee Power naslovna - P\u010delinji proizvodi - Bee Power","isPartOf":{"@id":"https:\/\/beepower.hr\/#website"},"datePublished":"2024-04-08T12:20:07+00:00","dateModified":"2024-05-10T09:31:38+00:00","breadcrumb":{"@id":"https:\/\/beepower.hr\/#breadcrumb"},"inLanguage":"en-US","potentialAction":[{"@type":"ReadAction","target":["https:\/\/beepower.hr\/"]}]},{"@type":"BreadcrumbList","@id":"https:\/\/beepower.hr\/#breadcrumb","itemListElement":[{"@type":"ListItem","position":1,"name":"Naslovna","item":"https:\/\/beepower.hr\/"},{"@type":"ListItem","position":2,"name":"Bee Power naslovna"}]},{"@type":"WebSite","@id":"https:\/\/beepower.hr\/#website","url":"https:\/\/beepower.hr\/","name":"P\u010delinji proizvodi - Bee Power","description":"Bee Power - snaga p\u010dela, najsla\u0111e blago prirode","potentialAction":[{"@type":"SearchAction","target":{"@type":"EntryPoint","urlTemplate":"https:\/\/beepower.hr\/?s={search_term_string}"},"query-input":{"@type":"PropertyValueSpecification","valueRequired":true,"valueName":"search_term_string"}}],"inLanguage":"en-US"}]}},"_links":{"self":[{"href":"https:\/\/beepower.hr\/en\/wp-json\/wp\/v2\/pages\/5","targetHints":{"allow":["GET"]}}],"collection":[{"href":"https:\/\/beepower.hr\/en\/wp-json\/wp\/v2\/pages"}],"about":[{"href":"https:\/\/beepower.hr\/en\/wp-json\/wp\/v2\/types\/page"}],"author":[{"embeddable":true,"href":"https:\/\/beepower.hr\/en\/wp-json\/wp\/v2\/users\/1"}],"replies":[{"embeddable":true,"href":"https:\/\/beepower.hr\/en\/wp-json\/wp\/v2\/comments?post=5"}],"version-history":[{"count":5,"href":"https:\/\/beepower.hr\/en\/wp-json\/wp\/v2\/pages\/5\/revisions"}],"predecessor-version":[{"id":824,"href":"https:\/\/beepower.hr\/en\/wp-json\/wp\/v2\/pages\/5\/revisions\/824"}],"wp:attachment":[{"href":"https:\/\/beepower.hr\/en\/wp-json\/wp\/v2\/media?parent=5"}],"curies":[{"name":"wp","href":"https:\/\/api.w.org\/{rel}","templated":true}]}}