{"id":71,"date":"2024-04-09T12:55:45","date_gmt":"2024-04-09T12:55:45","guid":{"rendered":"https:\/\/wpt.enu.mybluehost.me\/website_64285c76\/?page_id=71"},"modified":"2024-04-23T21:20:35","modified_gmt":"2024-04-23T21:20:35","slug":"slatka-prica","status":"publish","type":"page","link":"https:\/\/beepower.hr\/en\/slatka-prica\/","title":{"rendered":"Sweet story"},"content":{"rendered":"<div class=\"wpb-content-wrapper\"><div class=\"vc_row wpb_row vc_row-fluid\"><div class=\"wpb_column vc_column_container vc_col-sm-12\"><div class=\"vc_column-inner\"><div class=\"wpb_wrapper\"><div id=\"sc_blogger_543140681\" class=\"sc_blogger layout_masonry_2 template_masonry margin_top_small  sc_blogger_horizontal no_description\"><div class=\"isotope_wrap\" data-columns=\"2\">\t\t<div class=\"isotope_item isotope_item_masonry isotope_item_masonry_2 isotope_column_2\">\n\t\t\t<div class=\"post_item post_item_masonry post_item_masonry_2\t\t\t\t  post_format_standard odd\">\n\t\t\t\t\n\t\t\t\t\t\t\t\t\t<div class=\"post_featured\">\n\t\t\t\t\t\t\t<div class=\"post_thumb\" data-image=\"https:\/\/beepower.hr\/wp-content\/uploads\/2016\/05\/bolest-med.jpg\" data-title=\"Lije\u010denje ka\u0161lja medom\">\n\t<a class=\"hover_icon hover_icon_link\" href=\"https:\/\/beepower.hr\/en\/lijecenje-kaslja-prirodnim-medom\/\"><img loading=\"lazy\" decoding=\"async\" class=\"wp-post-image\" width=\"370\" height=\"247\" alt=\"Lije\u010denje ka\u0161lja medom\" src=\"https:\/\/beepower.hr\/wp-content\/uploads\/2016\/05\/bolest-med-370x247.jpg\"><\/a>\t<\/div>\n\t\t\t\t\t\t<\/div>\n\t\t\t\t\n\t\t\t\t<div class=\"post_content isotope_item_content\">\n\t\t\t\t\t\n\t\t\t\t\t<div class=\"post_info\">\n\t\t\t<span class=\"post_info_item post_info_posted\"> <a href=\"https:\/\/beepower.hr\/en\/lijecenje-kaslja-prirodnim-medom\/\" class=\"post_info_date\">April 23, 2024<\/a><\/span>\n\t\t<\/div>\t\t\t\t\t\t\t<h5 class=\"post_title\"><a href=\"https:\/\/beepower.hr\/en\/lijecenje-kaslja-prirodnim-medom\/\">Treat Your Cough with Honey<\/a><\/h5>\n\t\t\t\t\t\t\t\n\t\t\t\t\t<div class=\"post_descr\">\n\t\t\t\t\t\t<p><\/p><a href=\"https:\/\/beepower.hr\/en\/lijecenje-kaslja-prirodnim-medom\/\" class=\"post_readmore\">Read more<\/a>\t\t\t\t\t<\/div>\n\n\t\t\t\t<\/div>\t\t\t\t<!-- \/.post_content -->\n\t\t\t<\/div>\t<!-- \/.post_item -->\n\t\t<\/div>\t\t\t\t\t\t<!-- \/.isotope_item -->\n\t\t\t\t<div class=\"isotope_item isotope_item_masonry isotope_item_masonry_2 isotope_column_2\">\n\t\t\t<div class=\"post_item post_item_masonry post_item_masonry_2\t\t\t\t  post_format_standard even\">\n\t\t\t\t\n\t\t\t\t\t\t\t\t\t<div class=\"post_featured\">\n\t\t\t\t\t\t\t<div class=\"post_thumb\" data-image=\"https:\/\/beepower.hr\/wp-content\/uploads\/2024\/04\/Snimka-zaslona-2023-11-11-195256.png\" data-title=\"Nevjerojatne zdravstvene dobrobiti jabu\u010dnog soka, octa i meda\">\n\t<a class=\"hover_icon hover_icon_link\" href=\"https:\/\/beepower.hr\/en\/nevjerojatne-zdravstvene-dobrobiti-jabucnog-soka-octa-i-meda\/\"><img loading=\"lazy\" decoding=\"async\" class=\"wp-post-image\" width=\"370\" height=\"409\" alt=\"Nevjerojatne zdravstvene dobrobiti jabu\u010dnog soka, octa i meda\" src=\"https:\/\/beepower.hr\/wp-content\/uploads\/2024\/04\/Snimka-zaslona-2023-11-11-195256-370x409.png\"><\/a>\t<\/div>\n\t\t\t\t\t\t<\/div>\n\t\t\t\t\n\t\t\t\t<div class=\"post_content isotope_item_content\">\n\t\t\t\t\t\n\t\t\t\t\t<div class=\"post_info\">\n\t\t\t<span class=\"post_info_item post_info_posted\"> <a href=\"https:\/\/beepower.hr\/en\/nevjerojatne-zdravstvene-dobrobiti-jabucnog-soka-octa-i-meda\/\" class=\"post_info_date\">April 22, 2024<\/a><\/span>\n\t\t<\/div>\t\t\t\t\t\t\t<h5 class=\"post_title\"><a href=\"https:\/\/beepower.hr\/en\/nevjerojatne-zdravstvene-dobrobiti-jabucnog-soka-octa-i-meda\/\">The Amazing Health Benefits of Apple Juice, Honey Vinegar and Honey<\/a><\/h5>\n\t\t\t\t\t\t\t\n\t\t\t\t\t<div class=\"post_descr\">\n\t\t\t\t\t\t<p><\/p><a href=\"https:\/\/beepower.hr\/en\/nevjerojatne-zdravstvene-dobrobiti-jabucnog-soka-octa-i-meda\/\" class=\"post_readmore\">Read more<\/a>\t\t\t\t\t<\/div>\n\n\t\t\t\t<\/div>\t\t\t\t<!-- \/.post_content -->\n\t\t\t<\/div>\t<!-- \/.post_item -->\n\t\t<\/div>\t\t\t\t\t\t<!-- \/.isotope_item -->\n\t\t\t\t<div class=\"isotope_item isotope_item_masonry isotope_item_masonry_2 isotope_column_2\">\n\t\t\t<div class=\"post_item post_item_masonry post_item_masonry_2\t\t\t\t  post_format_standard odd\">\n\t\t\t\t\n\t\t\t\t\t\t\t\t\t<div class=\"post_featured\">\n\t\t\t\t\t\t\t<div class=\"post_thumb\" data-image=\"https:\/\/beepower.hr\/wp-content\/uploads\/2024\/04\/Snimka-zaslona-2023-11-11-195406.png\" data-title=\"Za\u0161to svaka bolja kuhinja treba rezervu meda\">\n\t<a class=\"hover_icon hover_icon_link\" href=\"https:\/\/beepower.hr\/en\/zasto-svaka-bolja-kuhinja-treba-rezervu-meda\/\"><img loading=\"lazy\" decoding=\"async\" class=\"wp-post-image\" width=\"370\" height=\"491\" alt=\"Za\u0161to svaka bolja kuhinja treba rezervu meda\" src=\"https:\/\/beepower.hr\/wp-content\/uploads\/2024\/04\/Snimka-zaslona-2023-11-11-195406-370x491.png\"><\/a>\t<\/div>\n\t\t\t\t\t\t<\/div>\n\t\t\t\t\n\t\t\t\t<div class=\"post_content isotope_item_content\">\n\t\t\t\t\t\n\t\t\t\t\t<div class=\"post_info\">\n\t\t\t<span class=\"post_info_item post_info_posted\"> <a href=\"https:\/\/beepower.hr\/en\/zasto-svaka-bolja-kuhinja-treba-rezervu-meda\/\" class=\"post_info_date\">April 11, 2024<\/a><\/span>\n\t\t<\/div>\t\t\t\t\t\t\t<h5 class=\"post_title\"><a href=\"https:\/\/beepower.hr\/en\/zasto-svaka-bolja-kuhinja-treba-rezervu-meda\/\">Why Every Kitchen Needs a Supply of Honey<\/a><\/h5>\n\t\t\t\t\t\t\t\n\t\t\t\t\t<div class=\"post_descr\">\n\t\t\t\t\t\t<p><\/p><a href=\"https:\/\/beepower.hr\/en\/zasto-svaka-bolja-kuhinja-treba-rezervu-meda\/\" class=\"post_readmore\">Read more<\/a>\t\t\t\t\t<\/div>\n\n\t\t\t\t<\/div>\t\t\t\t<!-- \/.post_content -->\n\t\t\t<\/div>\t<!-- \/.post_item -->\n\t\t<\/div>\t\t\t\t\t\t<!-- \/.isotope_item -->\n\t\t\t\t<div class=\"isotope_item isotope_item_masonry isotope_item_masonry_2 isotope_column_2\">\n\t\t\t<div class=\"post_item post_item_masonry post_item_masonry_2\t\t\t\t  post_format_standard even\">\n\t\t\t\t\n\t\t\t\t\t\t\t\t\t<div class=\"post_featured\">\n\t\t\t\t\t\t\t<div class=\"post_thumb\" data-image=\"https:\/\/beepower.hr\/wp-content\/uploads\/2024\/04\/v.jpg\" data-title=\"P\u010delarstvo za po\u010detnike \u2013 \u201cUzgoj p\u010dela\u201d\">\n\t<a class=\"hover_icon hover_icon_link\" href=\"https:\/\/beepower.hr\/en\/pcelarstvo-za-pocetnike_uzgoj-pcela\/\"><img loading=\"lazy\" decoding=\"async\" class=\"wp-post-image\" width=\"370\" height=\"278\" alt=\"P\u010delarstvo za po\u010detnike \u2013 \u201cUzgoj p\u010dela\u201d\" src=\"https:\/\/beepower.hr\/wp-content\/uploads\/2024\/04\/v-370x278.jpg\"><\/a>\t<\/div>\n\t\t\t\t\t\t<\/div>\n\t\t\t\t\n\t\t\t\t<div class=\"post_content isotope_item_content\">\n\t\t\t\t\t\n\t\t\t\t\t<div class=\"post_info\">\n\t\t\t<span class=\"post_info_item post_info_posted\"> <a href=\"https:\/\/beepower.hr\/en\/pcelarstvo-za-pocetnike_uzgoj-pcela\/\" class=\"post_info_date\">April 9, 2024<\/a><\/span>\n\t\t<\/div>\t\t\t\t\t\t\t<h5 class=\"post_title\"><a href=\"https:\/\/beepower.hr\/en\/pcelarstvo-za-pocetnike_uzgoj-pcela\/\">Beekeeping for Beginners - \"Raising Bees\"<\/a><\/h5>\n\t\t\t\t\t\t\t\n\t\t\t\t\t<div class=\"post_descr\">\n\t\t\t\t\t\t<p><\/p><a href=\"https:\/\/beepower.hr\/en\/pcelarstvo-za-pocetnike_uzgoj-pcela\/\" class=\"post_readmore\">Read more<\/a>\t\t\t\t\t<\/div>\n\n\t\t\t\t<\/div>\t\t\t\t<!-- \/.post_content -->\n\t\t\t<\/div>\t<!-- \/.post_item -->\n\t\t<\/div>\t\t\t\t\t\t<!-- \/.isotope_item -->\n\t\t\t\t<div class=\"isotope_item isotope_item_masonry isotope_item_masonry_2 isotope_column_2\">\n\t\t\t<div class=\"post_item post_item_masonry post_item_masonry_2\t\t\t\t  post_format_standard odd\">\n\t\t\t\t\n\t\t\t\t\t\t\t\t\t<div class=\"post_featured\">\n\t\t\t\t\t\t\t<div class=\"post_thumb\" data-image=\"https:\/\/beepower.hr\/wp-content\/uploads\/2024\/04\/v1.jpg\" data-title=\"Ekolo\u0161ki pristup za milijune na\u0161ih p\u010dela\">\n\t<a class=\"hover_icon hover_icon_link\" href=\"https:\/\/beepower.hr\/en\/ekoliski-pristup-za-milijune-pcela\/\"><img loading=\"lazy\" decoding=\"async\" class=\"wp-post-image\" width=\"370\" height=\"493\" alt=\"Ekolo\u0161ki pristup za milijune na\u0161ih p\u010dela\" src=\"https:\/\/beepower.hr\/wp-content\/uploads\/2024\/04\/v1-370x493.jpg\"><\/a>\t<\/div>\n\t\t\t\t\t\t<\/div>\n\t\t\t\t\n\t\t\t\t<div class=\"post_content isotope_item_content\">\n\t\t\t\t\t\n\t\t\t\t\t<div class=\"post_info\">\n\t\t\t<span class=\"post_info_item post_info_posted\"> <a href=\"https:\/\/beepower.hr\/en\/ekoliski-pristup-za-milijune-pcela\/\" class=\"post_info_date\">April 6, 2024<\/a><\/span>\n\t\t<\/div>\t\t\t\t\t\t\t<h5 class=\"post_title\"><a href=\"https:\/\/beepower.hr\/en\/ekoliski-pristup-za-milijune-pcela\/\">Ecological access for millions of our bees<\/a><\/h5>\n\t\t\t\t\t\t\t\n\t\t\t\t\t<div class=\"post_descr\">\n\t\t\t\t\t\t<p><\/p><a href=\"https:\/\/beepower.hr\/en\/ekoliski-pristup-za-milijune-pcela\/\" class=\"post_readmore\">Read more<\/a>\t\t\t\t\t<\/div>\n\n\t\t\t\t<\/div>\t\t\t\t<!-- \/.post_content -->\n\t\t\t<\/div>\t<!-- \/.post_item -->\n\t\t<\/div>\t\t\t\t\t\t<!-- \/.isotope_item -->\n\t\t\t\t<div class=\"isotope_item isotope_item_masonry isotope_item_masonry_2 isotope_column_2\">\n\t\t\t<div class=\"post_item post_item_masonry post_item_masonry_2\t\t\t\t  post_format_standard even\">\n\t\t\t\t\n\t\t\t\t\t\t\t\t\t<div class=\"post_featured\">\n\t\t\t\t\t\t\t<div class=\"post_thumb\" data-image=\"https:\/\/beepower.hr\/wp-content\/uploads\/2024\/04\/pcele-3-scaled.jpg\" data-title=\"Sivka: Apis mellifera carnica\">\n\t<a class=\"hover_icon hover_icon_link\" href=\"https:\/\/beepower.hr\/en\/apis-mellifera-carnica\/\"><img loading=\"lazy\" decoding=\"async\" class=\"wp-post-image\" width=\"370\" height=\"208\" alt=\"Sivka: Apis mellifera carnica\" src=\"https:\/\/beepower.hr\/wp-content\/uploads\/2024\/04\/pcele-3-scaled-370x208.jpg\"><\/a>\t<\/div>\n\t\t\t\t\t\t<\/div>\n\t\t\t\t\n\t\t\t\t<div class=\"post_content isotope_item_content\">\n\t\t\t\t\t\n\t\t\t\t\t<div class=\"post_info\">\n\t\t\t<span class=\"post_info_item post_info_posted\"> <a href=\"https:\/\/beepower.hr\/en\/apis-mellifera-carnica\/\" class=\"post_info_date\">April 3, 2024<\/a><\/span>\n\t\t<\/div>\t\t\t\t\t\t\t<h5 class=\"post_title\"><a href=\"https:\/\/beepower.hr\/en\/apis-mellifera-carnica\/\">The Gray Bee: Apis Mellifera Carnica<\/a><\/h5>\n\t\t\t\t\t\t\t\n\t\t\t\t\t<div class=\"post_descr\">\n\t\t\t\t\t\t<p><\/p><a href=\"https:\/\/beepower.hr\/en\/apis-mellifera-carnica\/\" class=\"post_readmore\">Read more<\/a>\t\t\t\t\t<\/div>\n\n\t\t\t\t<\/div>\t\t\t\t<!-- \/.post_content -->\n\t\t\t<\/div>\t<!-- \/.post_item -->\n\t\t<\/div>\t\t\t\t\t\t<!-- \/.isotope_item -->\n\t\t\t\t<div class=\"isotope_item isotope_item_masonry isotope_item_masonry_2 isotope_column_2\">\n\t\t\t<div class=\"post_item post_item_masonry post_item_masonry_2\t\t\t\t  post_format_standard odd\">\n\t\t\t\t\n\t\t\t\t\t\t\t\t\t<div class=\"post_featured\">\n\t\t\t\t\t\t\t<div class=\"post_thumb\" data-image=\"https:\/\/beepower.hr\/wp-content\/uploads\/2024\/04\/bakterije.jpg\" data-title=\"Utjecaj meda na rast bifidobakterija\">\n\t<a class=\"hover_icon hover_icon_link\" href=\"https:\/\/beepower.hr\/en\/utjecaj-meda-na-rast-bifidobakterija\/\"><img loading=\"lazy\" decoding=\"async\" class=\"wp-post-image\" width=\"370\" height=\"247\" alt=\"Utjecaj meda na rast bifidobakterija\" src=\"https:\/\/beepower.hr\/wp-content\/uploads\/2024\/04\/bakterije-370x247.jpg\"><\/a>\t<\/div>\n\t\t\t\t\t\t<\/div>\n\t\t\t\t\n\t\t\t\t<div class=\"post_content isotope_item_content\">\n\t\t\t\t\t\n\t\t\t\t\t<div class=\"post_info\">\n\t\t\t<span class=\"post_info_item post_info_posted\"> <a href=\"https:\/\/beepower.hr\/en\/utjecaj-meda-na-rast-bifidobakterija\/\" class=\"post_info_date\">April 2, 2024<\/a><\/span>\n\t\t<\/div>\t\t\t\t\t\t\t<h5 class=\"post_title\"><a href=\"https:\/\/beepower.hr\/en\/utjecaj-meda-na-rast-bifidobakterija\/\">The Influence of Honey on the Growth of Bifidobacteria<\/a><\/h5>\n\t\t\t\t\t\t\t\n\t\t\t\t\t<div class=\"post_descr\">\n\t\t\t\t\t\t<p><\/p><a href=\"https:\/\/beepower.hr\/en\/utjecaj-meda-na-rast-bifidobakterija\/\" class=\"post_readmore\">Read more<\/a>\t\t\t\t\t<\/div>\n\n\t\t\t\t<\/div>\t\t\t\t<!-- \/.post_content -->\n\t\t\t<\/div>\t<!-- \/.post_item -->\n\t\t<\/div>\t\t\t\t\t\t<!-- \/.isotope_item -->\n\t\t\t\t<div class=\"isotope_item isotope_item_masonry isotope_item_masonry_2 isotope_column_2\">\n\t\t\t<div class=\"post_item post_item_masonry post_item_masonry_2\t\t\t\t  post_format_standard even last\">\n\t\t\t\t\n\t\t\t\t\t\t\t\t\t<div class=\"post_featured\">\n\t\t\t\t\t\t\t<div class=\"post_thumb\" data-image=\"https:\/\/beepower.hr\/wp-content\/uploads\/2016\/03\/caj-med.jpg\" data-title=\"\u010cesta konzumacija meda i \u010daja vodi do dugog \u017eivota\">\n\t<a class=\"hover_icon hover_icon_link\" href=\"https:\/\/beepower.hr\/en\/cesta-konzumacija-meda-i-caja-vodi-do-dugog-zivota\/\"><img loading=\"lazy\" decoding=\"async\" class=\"wp-post-image\" width=\"370\" height=\"247\" alt=\"\u010cesta konzumacija meda i \u010daja vodi do dugog \u017eivota\" src=\"https:\/\/beepower.hr\/wp-content\/uploads\/2016\/03\/caj-med-370x247.jpg\"><\/a>\t<\/div>\n\t\t\t\t\t\t<\/div>\n\t\t\t\t\n\t\t\t\t<div class=\"post_content isotope_item_content\">\n\t\t\t\t\t\n\t\t\t\t\t<div class=\"post_info\">\n\t\t\t<span class=\"post_info_item post_info_posted\"> <a href=\"https:\/\/beepower.hr\/en\/cesta-konzumacija-meda-i-caja-vodi-do-dugog-zivota\/\" class=\"post_info_date\">March 18, 2024<\/a><\/span>\n\t\t<\/div>\t\t\t\t\t\t\t<h5 class=\"post_title\"><a href=\"https:\/\/beepower.hr\/en\/cesta-konzumacija-meda-i-caja-vodi-do-dugog-zivota\/\">Eating Honey Frequently Contributes to a Long Life<\/a><\/h5>\n\t\t\t\t\t\t\t\n\t\t\t\t\t<div class=\"post_descr\">\n\t\t\t\t\t\t<p><\/p><a href=\"https:\/\/beepower.hr\/en\/cesta-konzumacija-meda-i-caja-vodi-do-dugog-zivota\/\" class=\"post_readmore\">Read more<\/a>\t\t\t\t\t<\/div>\n\n\t\t\t\t<\/div>\t\t\t\t<!-- \/.post_content -->\n\t\t\t<\/div>\t<!-- \/.post_item -->\n\t\t<\/div>\t\t\t\t\t\t<!-- \/.isotope_item -->\n\t\t<\/div><\/div><\/div><\/div><\/div><\/div>\n<\/div>","protected":false},"excerpt":{"rendered":"Med i \u010daj su dva prirodna napitka bogata antioksidansima i drugim hranjivim tvarima koje se stolje\u0107ima koriste u tradicionalnoj medicini. Brojna znanstvena istra\u017eivanja ukazuju na to da \u010desta konzumacija meda i \u010daja mo\u017ee imati pozitivan utjecaj na zdravlje i produljiti \u017eivotni vijek. Prednosti meda: Bogat izvor antioksidanata:\u00a0Med sadr\u017ei mno\u0161tvo antioksidanata,\u00a0poput flavonoida i fenolnih spojeva,\u00a0koji \u0161tite [...]","protected":false},"author":1,"featured_media":0,"parent":0,"menu_order":0,"comment_status":"closed","ping_status":"closed","template":"","meta":{"_monsterinsights_skip_tracking":false,"_monsterinsights_sitenote_active":false,"_monsterinsights_sitenote_note":"","_monsterinsights_sitenote_category":0,"footnotes":""},"class_list":["post-71","page","type-page","status-publish","hentry"],"yoast_head":"<!-- This site is optimized with the Yoast SEO plugin v27.5 - https:\/\/yoast.com\/product\/yoast-seo-wordpress\/ -->\n<title>Slatka pri\u010da - P\u010delinji proizvodi - Bee Power<\/title>\n<meta name=\"robots\" content=\"index, follow, max-snippet:-1, max-image-preview:large, max-video-preview:-1\" \/>\n<link rel=\"canonical\" href=\"https:\/\/beepower.hr\/en\/slatka-prica\/\" \/>\n<meta property=\"og:locale\" content=\"en_US\" \/>\n<meta property=\"og:type\" content=\"article\" \/>\n<meta property=\"og:title\" content=\"Slatka pri\u010da - P\u010delinji proizvodi - Bee Power\" \/>\n<meta property=\"og:url\" content=\"https:\/\/beepower.hr\/en\/slatka-prica\/\" \/>\n<meta property=\"og:site_name\" content=\"P\u010delinji proizvodi - Bee Power\" \/>\n<meta property=\"article:modified_time\" content=\"2024-04-23T21:20:35+00:00\" \/>\n<meta name=\"twitter:label1\" content=\"Est. reading time\" \/>\n\t<meta name=\"twitter:data1\" content=\"1 minute\" \/>\n<script type=\"application\/ld+json\" class=\"yoast-schema-graph\">{\"@context\":\"https:\\\/\\\/schema.org\",\"@graph\":[{\"@type\":\"WebPage\",\"@id\":\"https:\\\/\\\/beepower.hr\\\/slatka-prica\\\/\",\"url\":\"https:\\\/\\\/beepower.hr\\\/slatka-prica\\\/\",\"name\":\"Slatka pri\u010da - P\u010delinji proizvodi - Bee Power\",\"isPartOf\":{\"@id\":\"https:\\\/\\\/beepower.hr\\\/#website\"},\"datePublished\":\"2024-04-09T12:55:45+00:00\",\"dateModified\":\"2024-04-23T21:20:35+00:00\",\"breadcrumb\":{\"@id\":\"https:\\\/\\\/beepower.hr\\\/slatka-prica\\\/#breadcrumb\"},\"inLanguage\":\"en-US\",\"potentialAction\":[{\"@type\":\"ReadAction\",\"target\":[\"https:\\\/\\\/beepower.hr\\\/slatka-prica\\\/\"]}]},{\"@type\":\"BreadcrumbList\",\"@id\":\"https:\\\/\\\/beepower.hr\\\/slatka-prica\\\/#breadcrumb\",\"itemListElement\":[{\"@type\":\"ListItem\",\"position\":1,\"name\":\"Naslovna\",\"item\":\"https:\\\/\\\/beepower.hr\\\/\"},{\"@type\":\"ListItem\",\"position\":2,\"name\":\"Slatka pri\u010da\"}]},{\"@type\":\"WebSite\",\"@id\":\"https:\\\/\\\/beepower.hr\\\/#website\",\"url\":\"https:\\\/\\\/beepower.hr\\\/\",\"name\":\"P\u010delinji proizvodi - Bee Power\",\"description\":\"Bee Power - snaga p\u010dela, najsla\u0111e blago prirode\",\"potentialAction\":[{\"@type\":\"SearchAction\",\"target\":{\"@type\":\"EntryPoint\",\"urlTemplate\":\"https:\\\/\\\/beepower.hr\\\/?s={search_term_string}\"},\"query-input\":{\"@type\":\"PropertyValueSpecification\",\"valueRequired\":true,\"valueName\":\"search_term_string\"}}],\"inLanguage\":\"en-US\"}]}<\/script>\n<!-- \/ Yoast SEO plugin. -->","yoast_head_json":{"title":"Slatka pri\u010da - P\u010delinji proizvodi - Bee Power","robots":{"index":"index","follow":"follow","max-snippet":"max-snippet:-1","max-image-preview":"max-image-preview:large","max-video-preview":"max-video-preview:-1"},"canonical":"https:\/\/beepower.hr\/en\/slatka-prica\/","og_locale":"en_US","og_type":"article","og_title":"Slatka pri\u010da - P\u010delinji proizvodi - Bee Power","og_url":"https:\/\/beepower.hr\/en\/slatka-prica\/","og_site_name":"P\u010delinji proizvodi - Bee Power","article_modified_time":"2024-04-23T21:20:35+00:00","twitter_misc":{"Est. reading time":"1 minute"},"schema":{"@context":"https:\/\/schema.org","@graph":[{"@type":"WebPage","@id":"https:\/\/beepower.hr\/slatka-prica\/","url":"https:\/\/beepower.hr\/slatka-prica\/","name":"Slatka pri\u010da - P\u010delinji proizvodi - Bee Power","isPartOf":{"@id":"https:\/\/beepower.hr\/#website"},"datePublished":"2024-04-09T12:55:45+00:00","dateModified":"2024-04-23T21:20:35+00:00","breadcrumb":{"@id":"https:\/\/beepower.hr\/slatka-prica\/#breadcrumb"},"inLanguage":"en-US","potentialAction":[{"@type":"ReadAction","target":["https:\/\/beepower.hr\/slatka-prica\/"]}]},{"@type":"BreadcrumbList","@id":"https:\/\/beepower.hr\/slatka-prica\/#breadcrumb","itemListElement":[{"@type":"ListItem","position":1,"name":"Naslovna","item":"https:\/\/beepower.hr\/"},{"@type":"ListItem","position":2,"name":"Slatka pri\u010da"}]},{"@type":"WebSite","@id":"https:\/\/beepower.hr\/#website","url":"https:\/\/beepower.hr\/","name":"P\u010delinji proizvodi - Bee Power","description":"Bee Power - snaga p\u010dela, najsla\u0111e blago prirode","potentialAction":[{"@type":"SearchAction","target":{"@type":"EntryPoint","urlTemplate":"https:\/\/beepower.hr\/?s={search_term_string}"},"query-input":{"@type":"PropertyValueSpecification","valueRequired":true,"valueName":"search_term_string"}}],"inLanguage":"en-US"}]}},"_links":{"self":[{"href":"https:\/\/beepower.hr\/en\/wp-json\/wp\/v2\/pages\/71","targetHints":{"allow":["GET"]}}],"collection":[{"href":"https:\/\/beepower.hr\/en\/wp-json\/wp\/v2\/pages"}],"about":[{"href":"https:\/\/beepower.hr\/en\/wp-json\/wp\/v2\/types\/page"}],"author":[{"embeddable":true,"href":"https:\/\/beepower.hr\/en\/wp-json\/wp\/v2\/users\/1"}],"replies":[{"embeddable":true,"href":"https:\/\/beepower.hr\/en\/wp-json\/wp\/v2\/comments?post=71"}],"version-history":[{"count":1,"href":"https:\/\/beepower.hr\/en\/wp-json\/wp\/v2\/pages\/71\/revisions"}],"predecessor-version":[{"id":765,"href":"https:\/\/beepower.hr\/en\/wp-json\/wp\/v2\/pages\/71\/revisions\/765"}],"wp:attachment":[{"href":"https:\/\/beepower.hr\/en\/wp-json\/wp\/v2\/media?parent=71"}],"curies":[{"name":"wp","href":"https:\/\/api.w.org\/{rel}","templated":true}]}}