{"id":1020,"date":"2024-11-19T15:13:24","date_gmt":"2024-11-19T14:13:24","guid":{"rendered":"https:\/\/beepower.hr\/?post_type=product&#038;p=1020"},"modified":"2025-09-19T08:23:09","modified_gmt":"2025-09-19T06:23:09","slug":"bucino-ulje-250-ml","status":"publish","type":"product","link":"https:\/\/beepower.hr\/en\/product\/bucino-ulje-250-ml\/","title":{"rendered":"Pumpkin seed oil 250 ml"},"content":{"rendered":"<p><span>\u00a0 \u00a0 \u00a0 \u00a0 \u00a0 \u00a0 \u00a0 \u00a0 \u00a0 \u00a0 \u00a0 \u00a0 \u00a0 \u00a0 \u00a0 \u00a0 \u00a0 \u00a0 \u00a0 \u00a0Photograph for illustration purposes only. Minor differences in color and dimensions are possible.<\/span><\/p>\n<p>Bee Power dark green oil, made by cold pressing pumpkin seeds rich in  vitamins, minerals, protein and unsaturated fatty acids,  is known for its numerous health benefits.<\/p>\n<ol>\n<li>Immunity support: vitamins- epecially vitamin E i K, minerals such as zink, magnesium, iron as well as the wealth of antioxidants in pumpkin seed oil help to strenghten the immunity system.<\/li>\n<li>For a healthier heart: the omega-6 and the omega-9 fatty acids in the oil help lower bad LDL cholesterol and increase the good HDL cholesterol.<\/li>\n<li>Beneficial for the prostate and urinary system: the seeds in the oil help with urinary problems, they stimulate kidney function and thanks to the phyosterols, they reduce inflammation.<\/li>\n<li>For healthier skin and hair: nutritional components in the oil improve the elasticity of the skin thanks to the high content of vitamin E and zink and fatty acids can strenghten the scalp and prevent hair loss simultaniously making it strong and shiny.<\/li>\n<li>Regular consumation of the oil helps regulate hormones, which is important for women during the menstrual cycle and menopause.<\/li>\n<li>Supports the digestive system since the nutrients in the seeds help reduce inflammation in the digestive system.<\/li>\n<li>Helps regulate blood sugar thanks to the healthy fats and fiber.<\/li>\n<li>The oil has an anti-inflammatory effect, reducing inflammation and arthritis and joint stiffness.<\/li>\n<li>The oil improves the quality of sleep and has an anti-stress effect thanks to the amino acid that is important for the production of serotonin and melatonin.<\/li>\n<\/ol>\n<p>Pumpkin seed oil is a great addition to salads, soups and other foods, but you can also apply it directly to the skin or hair when they need extra hydration. It is highly recommended to use it cold since high temperatures make it lose its nutritional value.<\/p>","protected":false},"excerpt":{"rendered":"<p>\u00a0 \u00a0 \u00a0 \u00a0 \u00a0 \u00a0 \u00a0 \u00a0 \u00a0 \u00a0 \u00a0 \u00a0 \u00a0 \u00a0 \u00a0 \u00a0 \u00a0 \u00a0 \u00a0 \u00a0Napomena: Slika proizvoda u web trgovini je simboli\u010dna; mogu\u0107a su manja odstupanja u boji i dimenzijama. Bee Power bu\u010dino ulje se dobiva hladnim pre\u0161anjem sjemenki ploda bu\u010de koje obiluju vitaminima, mineralima , proteinima i nezasi\u0107enim masnim [&hellip;]<\/p>\n","protected":false},"featured_media":1026,"template":"","meta":{"_monsterinsights_skip_tracking":false,"_monsterinsights_sitenote_active":false,"_monsterinsights_sitenote_note":"","_monsterinsights_sitenote_category":0},"product_brand":[137],"product_cat":[45],"product_tag":[124],"class_list":{"0":"post-1020","1":"product","2":"type-product","3":"status-publish","4":"has-post-thumbnail","6":"product_brand-bee-power","7":"product_cat-ostali-proizvodi","8":"product_tag-bucino-ulje","10":"first","11":"instock","12":"taxable","13":"shipping-taxable","14":"purchasable","15":"product-type-simple"},"yoast_head":"<!-- This site is optimized with the Yoast SEO plugin v27.4 - https:\/\/yoast.com\/product\/yoast-seo-wordpress\/ -->\n<title>Bu\u010dino ulje 250 ml - P\u010delinji proizvodi - Bee Power<\/title>\n<meta name=\"description\" content=\"Bee Power bu\u010dino ulje se dobiva hladnim pre\u0161anjem sjemenki ploda bu\u010de koje obiluju vitaminima, mineralima , proteinima i nezasi\u0107enim masnim kiselinama.\" \/>\n<meta name=\"robots\" content=\"index, follow, max-snippet:-1, max-image-preview:large, max-video-preview:-1\" \/>\n<link rel=\"canonical\" href=\"https:\/\/beepower.hr\/en\/product\/bucino-ulje-250-ml\/\" \/>\n<meta property=\"og:locale\" content=\"en_US\" \/>\n<meta property=\"og:type\" content=\"article\" \/>\n<meta property=\"og:title\" content=\"Bu\u010dino ulje 250 ml - P\u010delinji proizvodi - Bee Power\" \/>\n<meta property=\"og:description\" content=\"Bee Power bu\u010dino ulje se dobiva hladnim pre\u0161anjem sjemenki ploda bu\u010de koje obiluju vitaminima, mineralima , proteinima i nezasi\u0107enim masnim kiselinama.\" \/>\n<meta property=\"og:url\" content=\"https:\/\/beepower.hr\/en\/product\/bucino-ulje-250-ml\/\" \/>\n<meta property=\"og:site_name\" content=\"P\u010delinji proizvodi - Bee Power\" \/>\n<meta property=\"article:modified_time\" content=\"2025-09-19T06:23:09+00:00\" \/>\n<meta property=\"og:image\" content=\"https:\/\/beepower.hr\/wp-content\/uploads\/2024\/11\/bucino-ulje.jpg\" \/>\n\t<meta property=\"og:image:width\" content=\"1200\" \/>\n\t<meta property=\"og:image:height\" content=\"900\" \/>\n\t<meta property=\"og:image:type\" content=\"image\/jpeg\" \/>\n<meta name=\"twitter:label1\" content=\"Est. reading time\" \/>\n\t<meta name=\"twitter:data1\" content=\"2 minutes\" \/>\n<script type=\"application\/ld+json\" class=\"yoast-schema-graph\">{\"@context\":\"https:\\\/\\\/schema.org\",\"@graph\":[{\"@type\":\"WebPage\",\"@id\":\"https:\\\/\\\/beepower.hr\\\/product\\\/bucino-ulje-250-ml\\\/\",\"url\":\"https:\\\/\\\/beepower.hr\\\/product\\\/bucino-ulje-250-ml\\\/\",\"name\":\"Bu\u010dino ulje 250 ml - P\u010delinji proizvodi - Bee Power\",\"isPartOf\":{\"@id\":\"https:\\\/\\\/beepower.hr\\\/#website\"},\"primaryImageOfPage\":{\"@id\":\"https:\\\/\\\/beepower.hr\\\/product\\\/bucino-ulje-250-ml\\\/#primaryimage\"},\"image\":{\"@id\":\"https:\\\/\\\/beepower.hr\\\/product\\\/bucino-ulje-250-ml\\\/#primaryimage\"},\"thumbnailUrl\":\"https:\\\/\\\/beepower.hr\\\/wp-content\\\/uploads\\\/2024\\\/11\\\/bucino-ulje.jpg\",\"datePublished\":\"2024-11-19T14:13:24+00:00\",\"dateModified\":\"2025-09-19T06:23:09+00:00\",\"description\":\"Bee Power bu\u010dino ulje se dobiva hladnim pre\u0161anjem sjemenki ploda bu\u010de koje obiluju vitaminima, mineralima , proteinima i nezasi\u0107enim masnim kiselinama.\",\"breadcrumb\":{\"@id\":\"https:\\\/\\\/beepower.hr\\\/product\\\/bucino-ulje-250-ml\\\/#breadcrumb\"},\"inLanguage\":\"en-US\",\"potentialAction\":[{\"@type\":\"ReadAction\",\"target\":[\"https:\\\/\\\/beepower.hr\\\/product\\\/bucino-ulje-250-ml\\\/\"]}]},{\"@type\":\"ImageObject\",\"inLanguage\":\"en-US\",\"@id\":\"https:\\\/\\\/beepower.hr\\\/product\\\/bucino-ulje-250-ml\\\/#primaryimage\",\"url\":\"https:\\\/\\\/beepower.hr\\\/wp-content\\\/uploads\\\/2024\\\/11\\\/bucino-ulje.jpg\",\"contentUrl\":\"https:\\\/\\\/beepower.hr\\\/wp-content\\\/uploads\\\/2024\\\/11\\\/bucino-ulje.jpg\",\"width\":1200,\"height\":900,\"caption\":\"Bee Power bu\u010dino ulje\"},{\"@type\":\"BreadcrumbList\",\"@id\":\"https:\\\/\\\/beepower.hr\\\/product\\\/bucino-ulje-250-ml\\\/#breadcrumb\",\"itemListElement\":[{\"@type\":\"ListItem\",\"position\":1,\"name\":\"Naslovna\",\"item\":\"https:\\\/\\\/beepower.hr\\\/\"},{\"@type\":\"ListItem\",\"position\":2,\"name\":\"Shop\",\"item\":\"https:\\\/\\\/beepower.hr\\\/shop\\\/\"},{\"@type\":\"ListItem\",\"position\":3,\"name\":\"Bu\u010dino ulje 250 ml\"}]},{\"@type\":\"WebSite\",\"@id\":\"https:\\\/\\\/beepower.hr\\\/#website\",\"url\":\"https:\\\/\\\/beepower.hr\\\/\",\"name\":\"P\u010delinji proizvodi - Bee Power\",\"description\":\"Bee Power - snaga p\u010dela, najsla\u0111e blago prirode\",\"potentialAction\":[{\"@type\":\"SearchAction\",\"target\":{\"@type\":\"EntryPoint\",\"urlTemplate\":\"https:\\\/\\\/beepower.hr\\\/?s={search_term_string}\"},\"query-input\":{\"@type\":\"PropertyValueSpecification\",\"valueRequired\":true,\"valueName\":\"search_term_string\"}}],\"inLanguage\":\"en-US\"}]}<\/script>\n<!-- \/ Yoast SEO plugin. -->","yoast_head_json":{"title":"Bu\u010dino ulje 250 ml - P\u010delinji proizvodi - Bee Power","description":"Bee Power bu\u010dino ulje se dobiva hladnim pre\u0161anjem sjemenki ploda bu\u010de koje obiluju vitaminima, mineralima , proteinima i nezasi\u0107enim masnim kiselinama.","robots":{"index":"index","follow":"follow","max-snippet":"max-snippet:-1","max-image-preview":"max-image-preview:large","max-video-preview":"max-video-preview:-1"},"canonical":"https:\/\/beepower.hr\/en\/product\/bucino-ulje-250-ml\/","og_locale":"en_US","og_type":"article","og_title":"Bu\u010dino ulje 250 ml - P\u010delinji proizvodi - Bee Power","og_description":"Bee Power bu\u010dino ulje se dobiva hladnim pre\u0161anjem sjemenki ploda bu\u010de koje obiluju vitaminima, mineralima , proteinima i nezasi\u0107enim masnim kiselinama.","og_url":"https:\/\/beepower.hr\/en\/product\/bucino-ulje-250-ml\/","og_site_name":"P\u010delinji proizvodi - Bee Power","article_modified_time":"2025-09-19T06:23:09+00:00","og_image":[{"width":1200,"height":900,"url":"https:\/\/beepower.hr\/wp-content\/uploads\/2024\/11\/bucino-ulje.jpg","type":"image\/jpeg"}],"twitter_misc":{"Est. reading time":"2 minutes"},"schema":{"@context":"https:\/\/schema.org","@graph":[{"@type":"WebPage","@id":"https:\/\/beepower.hr\/product\/bucino-ulje-250-ml\/","url":"https:\/\/beepower.hr\/product\/bucino-ulje-250-ml\/","name":"Bu\u010dino ulje 250 ml - P\u010delinji proizvodi - Bee Power","isPartOf":{"@id":"https:\/\/beepower.hr\/#website"},"primaryImageOfPage":{"@id":"https:\/\/beepower.hr\/product\/bucino-ulje-250-ml\/#primaryimage"},"image":{"@id":"https:\/\/beepower.hr\/product\/bucino-ulje-250-ml\/#primaryimage"},"thumbnailUrl":"https:\/\/beepower.hr\/wp-content\/uploads\/2024\/11\/bucino-ulje.jpg","datePublished":"2024-11-19T14:13:24+00:00","dateModified":"2025-09-19T06:23:09+00:00","description":"Bee Power bu\u010dino ulje se dobiva hladnim pre\u0161anjem sjemenki ploda bu\u010de koje obiluju vitaminima, mineralima , proteinima i nezasi\u0107enim masnim kiselinama.","breadcrumb":{"@id":"https:\/\/beepower.hr\/product\/bucino-ulje-250-ml\/#breadcrumb"},"inLanguage":"en-US","potentialAction":[{"@type":"ReadAction","target":["https:\/\/beepower.hr\/product\/bucino-ulje-250-ml\/"]}]},{"@type":"ImageObject","inLanguage":"en-US","@id":"https:\/\/beepower.hr\/product\/bucino-ulje-250-ml\/#primaryimage","url":"https:\/\/beepower.hr\/wp-content\/uploads\/2024\/11\/bucino-ulje.jpg","contentUrl":"https:\/\/beepower.hr\/wp-content\/uploads\/2024\/11\/bucino-ulje.jpg","width":1200,"height":900,"caption":"Bee Power bu\u010dino ulje"},{"@type":"BreadcrumbList","@id":"https:\/\/beepower.hr\/product\/bucino-ulje-250-ml\/#breadcrumb","itemListElement":[{"@type":"ListItem","position":1,"name":"Naslovna","item":"https:\/\/beepower.hr\/"},{"@type":"ListItem","position":2,"name":"Shop","item":"https:\/\/beepower.hr\/shop\/"},{"@type":"ListItem","position":3,"name":"Bu\u010dino ulje 250 ml"}]},{"@type":"WebSite","@id":"https:\/\/beepower.hr\/#website","url":"https:\/\/beepower.hr\/","name":"P\u010delinji proizvodi - Bee Power","description":"Bee Power - snaga p\u010dela, najsla\u0111e blago prirode","potentialAction":[{"@type":"SearchAction","target":{"@type":"EntryPoint","urlTemplate":"https:\/\/beepower.hr\/?s={search_term_string}"},"query-input":{"@type":"PropertyValueSpecification","valueRequired":true,"valueName":"search_term_string"}}],"inLanguage":"en-US"}]}},"_links":{"self":[{"href":"https:\/\/beepower.hr\/en\/wp-json\/wp\/v2\/product\/1020","targetHints":{"allow":["GET"]}}],"collection":[{"href":"https:\/\/beepower.hr\/en\/wp-json\/wp\/v2\/product"}],"about":[{"href":"https:\/\/beepower.hr\/en\/wp-json\/wp\/v2\/types\/product"}],"wp:featuredmedia":[{"embeddable":true,"href":"https:\/\/beepower.hr\/en\/wp-json\/wp\/v2\/media\/1026"}],"wp:attachment":[{"href":"https:\/\/beepower.hr\/en\/wp-json\/wp\/v2\/media?parent=1020"}],"wp:term":[{"taxonomy":"product_brand","embeddable":true,"href":"https:\/\/beepower.hr\/en\/wp-json\/wp\/v2\/product_brand?post=1020"},{"taxonomy":"product_cat","embeddable":true,"href":"https:\/\/beepower.hr\/en\/wp-json\/wp\/v2\/product_cat?post=1020"},{"taxonomy":"product_tag","embeddable":true,"href":"https:\/\/beepower.hr\/en\/wp-json\/wp\/v2\/product_tag?post=1020"}],"curies":[{"name":"wp","href":"https:\/\/api.w.org\/{rel}","templated":true}]}}