{"id":1027,"date":"2024-11-19T15:39:59","date_gmt":"2024-11-19T14:39:59","guid":{"rendered":"https:\/\/beepower.hr\/?post_type=product&#038;p=1027"},"modified":"2025-07-17T13:38:57","modified_gmt":"2025-07-17T11:38:57","slug":"suha-pelud-120-kom-kapsula","status":"publish","type":"product","link":"https:\/\/beepower.hr\/en\/product\/suha-pelud-120-kom-kapsula\/","title":{"rendered":"Bee pollen capsules 120 pieces"},"content":{"rendered":"<p><span>Photograph for illustration purposes only. Minor differences in color and dimensions are possible.<\/span><\/p>","protected":false},"excerpt":{"rendered":"<p>They contain all the benefits of bee pollen but in a form of a capsule to make it easier for consumption and dosage. We recommend  one capsule in the morning and one in the evening. This packaging of 120 capsules is enough for 2 months of consumption.<\/p>","protected":false},"featured_media":1093,"template":"","meta":{"_monsterinsights_skip_tracking":false,"_monsterinsights_sitenote_active":false,"_monsterinsights_sitenote_note":"","_monsterinsights_sitenote_category":0},"product_brand":[137],"product_cat":[49],"product_tag":[89,110,109,104],"class_list":{"0":"post-1027","1":"product","2":"type-product","3":"status-publish","4":"has-post-thumbnail","6":"product_brand-bee-power","7":"product_cat-pcelinja-pelud","8":"product_tag-imunitet","9":"product_tag-pcelinja-pelud","10":"product_tag-suha-pelud","11":"product_tag-zdravlje","13":"first","14":"instock","15":"taxable","16":"shipping-taxable","17":"purchasable","18":"product-type-simple"},"yoast_head":"<!-- This site is optimized with the Yoast SEO plugin v27.3 - https:\/\/yoast.com\/product\/yoast-seo-wordpress\/ -->\n<title>Suha pelud 120 kom kapsula - P\u010delinji proizvodi - Bee Power<\/title>\n<meta name=\"description\" content=\"Sadr\u017ee sve blagodati suhe peludi pakiranoj u prakti\u010dnom obliku kapsula za jednostavnije kori\u0161tenje i doziranje.\" \/>\n<meta name=\"robots\" content=\"index, follow, max-snippet:-1, max-image-preview:large, max-video-preview:-1\" \/>\n<link rel=\"canonical\" href=\"https:\/\/beepower.hr\/en\/product\/suha-pelud-120-kom-kapsula\/\" \/>\n<meta property=\"og:locale\" content=\"en_US\" \/>\n<meta property=\"og:type\" content=\"article\" \/>\n<meta property=\"og:title\" content=\"Suha pelud 120 kom kapsula - P\u010delinji proizvodi - Bee Power\" \/>\n<meta property=\"og:description\" content=\"Sadr\u017ee sve blagodati suhe peludi pakiranoj u prakti\u010dnom obliku kapsula za jednostavnije kori\u0161tenje i doziranje.\" \/>\n<meta property=\"og:url\" content=\"https:\/\/beepower.hr\/en\/product\/suha-pelud-120-kom-kapsula\/\" \/>\n<meta property=\"og:site_name\" content=\"P\u010delinji proizvodi - Bee Power\" \/>\n<meta property=\"article:modified_time\" content=\"2025-07-17T11:38:57+00:00\" \/>\n<meta property=\"og:image\" content=\"https:\/\/beepower.hr\/wp-content\/uploads\/2024\/11\/kapsule-4.jpg\" \/>\n\t<meta property=\"og:image:width\" content=\"1113\" \/>\n\t<meta property=\"og:image:height\" content=\"850\" \/>\n\t<meta property=\"og:image:type\" content=\"image\/jpeg\" \/>\n<meta name=\"twitter:label1\" content=\"Est. reading time\" \/>\n\t<meta name=\"twitter:data1\" content=\"1 minute\" \/>\n<script type=\"application\/ld+json\" class=\"yoast-schema-graph\">{\"@context\":\"https:\\\/\\\/schema.org\",\"@graph\":[{\"@type\":\"WebPage\",\"@id\":\"https:\\\/\\\/beepower.hr\\\/product\\\/suha-pelud-120-kom-kapsula\\\/\",\"url\":\"https:\\\/\\\/beepower.hr\\\/product\\\/suha-pelud-120-kom-kapsula\\\/\",\"name\":\"Suha pelud 120 kom kapsula - P\u010delinji proizvodi - Bee Power\",\"isPartOf\":{\"@id\":\"https:\\\/\\\/beepower.hr\\\/#website\"},\"primaryImageOfPage\":{\"@id\":\"https:\\\/\\\/beepower.hr\\\/product\\\/suha-pelud-120-kom-kapsula\\\/#primaryimage\"},\"image\":{\"@id\":\"https:\\\/\\\/beepower.hr\\\/product\\\/suha-pelud-120-kom-kapsula\\\/#primaryimage\"},\"thumbnailUrl\":\"https:\\\/\\\/beepower.hr\\\/wp-content\\\/uploads\\\/2024\\\/11\\\/kapsule-4.jpg\",\"datePublished\":\"2024-11-19T14:39:59+00:00\",\"dateModified\":\"2025-07-17T11:38:57+00:00\",\"description\":\"Sadr\u017ee sve blagodati suhe peludi pakiranoj u prakti\u010dnom obliku kapsula za jednostavnije kori\u0161tenje i doziranje.\",\"breadcrumb\":{\"@id\":\"https:\\\/\\\/beepower.hr\\\/product\\\/suha-pelud-120-kom-kapsula\\\/#breadcrumb\"},\"inLanguage\":\"en-US\",\"potentialAction\":[{\"@type\":\"ReadAction\",\"target\":[\"https:\\\/\\\/beepower.hr\\\/product\\\/suha-pelud-120-kom-kapsula\\\/\"]}]},{\"@type\":\"ImageObject\",\"inLanguage\":\"en-US\",\"@id\":\"https:\\\/\\\/beepower.hr\\\/product\\\/suha-pelud-120-kom-kapsula\\\/#primaryimage\",\"url\":\"https:\\\/\\\/beepower.hr\\\/wp-content\\\/uploads\\\/2024\\\/11\\\/kapsule-4.jpg\",\"contentUrl\":\"https:\\\/\\\/beepower.hr\\\/wp-content\\\/uploads\\\/2024\\\/11\\\/kapsule-4.jpg\",\"width\":1113,\"height\":850,\"caption\":\"Bee power kapsule suhe peludi\"},{\"@type\":\"BreadcrumbList\",\"@id\":\"https:\\\/\\\/beepower.hr\\\/product\\\/suha-pelud-120-kom-kapsula\\\/#breadcrumb\",\"itemListElement\":[{\"@type\":\"ListItem\",\"position\":1,\"name\":\"Naslovna\",\"item\":\"https:\\\/\\\/beepower.hr\\\/\"},{\"@type\":\"ListItem\",\"position\":2,\"name\":\"Shop\",\"item\":\"https:\\\/\\\/beepower.hr\\\/shop\\\/\"},{\"@type\":\"ListItem\",\"position\":3,\"name\":\"Suha pelud 120 kom kapsula\"}]},{\"@type\":\"WebSite\",\"@id\":\"https:\\\/\\\/beepower.hr\\\/#website\",\"url\":\"https:\\\/\\\/beepower.hr\\\/\",\"name\":\"P\u010delinji proizvodi - Bee Power\",\"description\":\"Bee Power - snaga p\u010dela, najsla\u0111e blago prirode\",\"potentialAction\":[{\"@type\":\"SearchAction\",\"target\":{\"@type\":\"EntryPoint\",\"urlTemplate\":\"https:\\\/\\\/beepower.hr\\\/?s={search_term_string}\"},\"query-input\":{\"@type\":\"PropertyValueSpecification\",\"valueRequired\":true,\"valueName\":\"search_term_string\"}}],\"inLanguage\":\"en-US\"}]}<\/script>\n<!-- \/ Yoast SEO plugin. -->","yoast_head_json":{"title":"Suha pelud 120 kom kapsula - P\u010delinji proizvodi - Bee Power","description":"Sadr\u017ee sve blagodati suhe peludi pakiranoj u prakti\u010dnom obliku kapsula za jednostavnije kori\u0161tenje i doziranje.","robots":{"index":"index","follow":"follow","max-snippet":"max-snippet:-1","max-image-preview":"max-image-preview:large","max-video-preview":"max-video-preview:-1"},"canonical":"https:\/\/beepower.hr\/en\/product\/suha-pelud-120-kom-kapsula\/","og_locale":"en_US","og_type":"article","og_title":"Suha pelud 120 kom kapsula - P\u010delinji proizvodi - Bee Power","og_description":"Sadr\u017ee sve blagodati suhe peludi pakiranoj u prakti\u010dnom obliku kapsula za jednostavnije kori\u0161tenje i doziranje.","og_url":"https:\/\/beepower.hr\/en\/product\/suha-pelud-120-kom-kapsula\/","og_site_name":"P\u010delinji proizvodi - Bee Power","article_modified_time":"2025-07-17T11:38:57+00:00","og_image":[{"width":1113,"height":850,"url":"https:\/\/beepower.hr\/wp-content\/uploads\/2024\/11\/kapsule-4.jpg","type":"image\/jpeg"}],"twitter_misc":{"Est. reading time":"1 minute"},"schema":{"@context":"https:\/\/schema.org","@graph":[{"@type":"WebPage","@id":"https:\/\/beepower.hr\/product\/suha-pelud-120-kom-kapsula\/","url":"https:\/\/beepower.hr\/product\/suha-pelud-120-kom-kapsula\/","name":"Suha pelud 120 kom kapsula - P\u010delinji proizvodi - Bee Power","isPartOf":{"@id":"https:\/\/beepower.hr\/#website"},"primaryImageOfPage":{"@id":"https:\/\/beepower.hr\/product\/suha-pelud-120-kom-kapsula\/#primaryimage"},"image":{"@id":"https:\/\/beepower.hr\/product\/suha-pelud-120-kom-kapsula\/#primaryimage"},"thumbnailUrl":"https:\/\/beepower.hr\/wp-content\/uploads\/2024\/11\/kapsule-4.jpg","datePublished":"2024-11-19T14:39:59+00:00","dateModified":"2025-07-17T11:38:57+00:00","description":"Sadr\u017ee sve blagodati suhe peludi pakiranoj u prakti\u010dnom obliku kapsula za jednostavnije kori\u0161tenje i doziranje.","breadcrumb":{"@id":"https:\/\/beepower.hr\/product\/suha-pelud-120-kom-kapsula\/#breadcrumb"},"inLanguage":"en-US","potentialAction":[{"@type":"ReadAction","target":["https:\/\/beepower.hr\/product\/suha-pelud-120-kom-kapsula\/"]}]},{"@type":"ImageObject","inLanguage":"en-US","@id":"https:\/\/beepower.hr\/product\/suha-pelud-120-kom-kapsula\/#primaryimage","url":"https:\/\/beepower.hr\/wp-content\/uploads\/2024\/11\/kapsule-4.jpg","contentUrl":"https:\/\/beepower.hr\/wp-content\/uploads\/2024\/11\/kapsule-4.jpg","width":1113,"height":850,"caption":"Bee power kapsule suhe peludi"},{"@type":"BreadcrumbList","@id":"https:\/\/beepower.hr\/product\/suha-pelud-120-kom-kapsula\/#breadcrumb","itemListElement":[{"@type":"ListItem","position":1,"name":"Naslovna","item":"https:\/\/beepower.hr\/"},{"@type":"ListItem","position":2,"name":"Shop","item":"https:\/\/beepower.hr\/shop\/"},{"@type":"ListItem","position":3,"name":"Suha pelud 120 kom kapsula"}]},{"@type":"WebSite","@id":"https:\/\/beepower.hr\/#website","url":"https:\/\/beepower.hr\/","name":"P\u010delinji proizvodi - Bee Power","description":"Bee Power - snaga p\u010dela, najsla\u0111e blago prirode","potentialAction":[{"@type":"SearchAction","target":{"@type":"EntryPoint","urlTemplate":"https:\/\/beepower.hr\/?s={search_term_string}"},"query-input":{"@type":"PropertyValueSpecification","valueRequired":true,"valueName":"search_term_string"}}],"inLanguage":"en-US"}]}},"_links":{"self":[{"href":"https:\/\/beepower.hr\/en\/wp-json\/wp\/v2\/product\/1027","targetHints":{"allow":["GET"]}}],"collection":[{"href":"https:\/\/beepower.hr\/en\/wp-json\/wp\/v2\/product"}],"about":[{"href":"https:\/\/beepower.hr\/en\/wp-json\/wp\/v2\/types\/product"}],"wp:featuredmedia":[{"embeddable":true,"href":"https:\/\/beepower.hr\/en\/wp-json\/wp\/v2\/media\/1093"}],"wp:attachment":[{"href":"https:\/\/beepower.hr\/en\/wp-json\/wp\/v2\/media?parent=1027"}],"wp:term":[{"taxonomy":"product_brand","embeddable":true,"href":"https:\/\/beepower.hr\/en\/wp-json\/wp\/v2\/product_brand?post=1027"},{"taxonomy":"product_cat","embeddable":true,"href":"https:\/\/beepower.hr\/en\/wp-json\/wp\/v2\/product_cat?post=1027"},{"taxonomy":"product_tag","embeddable":true,"href":"https:\/\/beepower.hr\/en\/wp-json\/wp\/v2\/product_tag?post=1027"}],"curies":[{"name":"wp","href":"https:\/\/api.w.org\/{rel}","templated":true}]}}