{"id":1113,"date":"2025-03-26T15:36:40","date_gmt":"2025-03-26T14:36:40","guid":{"rendered":"https:\/\/beepower.hr\/?post_type=product&#038;p=1113"},"modified":"2025-07-17T12:09:17","modified_gmt":"2025-07-17T10:09:17","slug":"suha-pelud-450g","status":"publish","type":"product","link":"https:\/\/beepower.hr\/en\/product\/suha-pelud-450g\/","title":{"rendered":"Bee pollen 450g"},"content":{"rendered":"<p><span>\u00a0 \u00a0 \u00a0 \u00a0 \u00a0 \u00a0 \u00a0 \u00a0 \u00a0 \u00a0 \u00a0 Photograph for illustration purposes only. Minor differences in color and dimensions are possible.<\/span><\/p>\n<p>Bee Pollen is low in calorie but rich in protein, aminoacids, vitamins, minerals, enzymes, valuable fatty acids, carbohydrates and bioflavonoids that have antiviral, antibacterial effect, it helps lower cholesterol and strengthen the capillaries. It has properties that can stimulate organs, increase vitality and rejuvenation, speed up recovery and it is one of the favourite food supplements of top athletes.<\/p>\n<p>It is best absorbed and used by dissolving it in lactic acids ( milk, yogurt, acidophilus, kefir, etc. ) taking it with vitamin C (lemonade, orange juice, tea with lemon) and of course mixed with honey, what we recommend to our customers.<\/p>","protected":false},"excerpt":{"rendered":"<p>Bee pollen is not the same as pollen blown by the wind that causes allergies. Bee pollen collected on beehives very rarely causes symptoms of allergies. It is actually the male flower seed that bees collect and mix with bee digestive enzymes.<\/p>","protected":false},"featured_media":1114,"template":"","meta":{"_monsterinsights_skip_tracking":false,"_monsterinsights_sitenote_active":false,"_monsterinsights_sitenote_note":"","_monsterinsights_sitenote_category":0},"product_brand":[137],"product_cat":[49],"product_tag":[89,110,109],"class_list":{"0":"post-1113","1":"product","2":"type-product","3":"status-publish","4":"has-post-thumbnail","6":"product_brand-bee-power","7":"product_cat-pcelinja-pelud","8":"product_tag-imunitet","9":"product_tag-pcelinja-pelud","10":"product_tag-suha-pelud","12":"first","13":"instock","14":"taxable","15":"shipping-taxable","16":"purchasable","17":"product-type-simple"},"yoast_head":"<!-- This site is optimized with the Yoast SEO plugin v27.3 - https:\/\/yoast.com\/product\/yoast-seo-wordpress\/ -->\n<title>Suha pelud 450g - P\u010delinji proizvodi - Bee Power<\/title>\n<meta name=\"description\" content=\"P\u010delinja pelud je niskokalori\u010dan, ali bogat proteinima, aminokiselinama, vitaminima, mineralima, enzimima, korisnim masnim kiselinama, ugljikohidratima.\" \/>\n<meta name=\"robots\" content=\"index, follow, max-snippet:-1, max-image-preview:large, max-video-preview:-1\" \/>\n<link rel=\"canonical\" href=\"https:\/\/beepower.hr\/en\/product\/suha-pelud-450g\/\" \/>\n<meta property=\"og:locale\" content=\"en_US\" \/>\n<meta property=\"og:type\" content=\"article\" \/>\n<meta property=\"og:title\" content=\"Suha pelud 450g - P\u010delinji proizvodi - Bee Power\" \/>\n<meta property=\"og:description\" content=\"P\u010delinja pelud je niskokalori\u010dan, ali bogat proteinima, aminokiselinama, vitaminima, mineralima, enzimima, korisnim masnim kiselinama, ugljikohidratima.\" \/>\n<meta property=\"og:url\" content=\"https:\/\/beepower.hr\/en\/product\/suha-pelud-450g\/\" \/>\n<meta property=\"og:site_name\" content=\"P\u010delinji proizvodi - Bee Power\" \/>\n<meta property=\"article:modified_time\" content=\"2025-07-17T10:09:17+00:00\" \/>\n<meta property=\"og:image\" content=\"https:\/\/beepower.hr\/wp-content\/uploads\/2025\/03\/20241018_104105.jpg\" \/>\n\t<meta property=\"og:image:width\" content=\"1133\" \/>\n\t<meta property=\"og:image:height\" content=\"850\" \/>\n\t<meta property=\"og:image:type\" content=\"image\/jpeg\" \/>\n<meta name=\"twitter:label1\" content=\"Est. reading time\" \/>\n\t<meta name=\"twitter:data1\" content=\"1 minute\" \/>\n<script type=\"application\/ld+json\" class=\"yoast-schema-graph\">{\"@context\":\"https:\\\/\\\/schema.org\",\"@graph\":[{\"@type\":\"WebPage\",\"@id\":\"https:\\\/\\\/beepower.hr\\\/product\\\/suha-pelud-450g\\\/\",\"url\":\"https:\\\/\\\/beepower.hr\\\/product\\\/suha-pelud-450g\\\/\",\"name\":\"Suha pelud 450g - P\u010delinji proizvodi - Bee Power\",\"isPartOf\":{\"@id\":\"https:\\\/\\\/beepower.hr\\\/#website\"},\"primaryImageOfPage\":{\"@id\":\"https:\\\/\\\/beepower.hr\\\/product\\\/suha-pelud-450g\\\/#primaryimage\"},\"image\":{\"@id\":\"https:\\\/\\\/beepower.hr\\\/product\\\/suha-pelud-450g\\\/#primaryimage\"},\"thumbnailUrl\":\"https:\\\/\\\/beepower.hr\\\/wp-content\\\/uploads\\\/2025\\\/03\\\/20241018_104105.jpg\",\"datePublished\":\"2025-03-26T14:36:40+00:00\",\"dateModified\":\"2025-07-17T10:09:17+00:00\",\"description\":\"P\u010delinja pelud je niskokalori\u010dan, ali bogat proteinima, aminokiselinama, vitaminima, mineralima, enzimima, korisnim masnim kiselinama, ugljikohidratima.\",\"breadcrumb\":{\"@id\":\"https:\\\/\\\/beepower.hr\\\/product\\\/suha-pelud-450g\\\/#breadcrumb\"},\"inLanguage\":\"en-US\",\"potentialAction\":[{\"@type\":\"ReadAction\",\"target\":[\"https:\\\/\\\/beepower.hr\\\/product\\\/suha-pelud-450g\\\/\"]}]},{\"@type\":\"ImageObject\",\"inLanguage\":\"en-US\",\"@id\":\"https:\\\/\\\/beepower.hr\\\/product\\\/suha-pelud-450g\\\/#primaryimage\",\"url\":\"https:\\\/\\\/beepower.hr\\\/wp-content\\\/uploads\\\/2025\\\/03\\\/20241018_104105.jpg\",\"contentUrl\":\"https:\\\/\\\/beepower.hr\\\/wp-content\\\/uploads\\\/2025\\\/03\\\/20241018_104105.jpg\",\"width\":1133,\"height\":850,\"caption\":\"Bee Power suha pelud\"},{\"@type\":\"BreadcrumbList\",\"@id\":\"https:\\\/\\\/beepower.hr\\\/product\\\/suha-pelud-450g\\\/#breadcrumb\",\"itemListElement\":[{\"@type\":\"ListItem\",\"position\":1,\"name\":\"Naslovna\",\"item\":\"https:\\\/\\\/beepower.hr\\\/\"},{\"@type\":\"ListItem\",\"position\":2,\"name\":\"Shop\",\"item\":\"https:\\\/\\\/beepower.hr\\\/shop\\\/\"},{\"@type\":\"ListItem\",\"position\":3,\"name\":\"Suha pelud 450g\"}]},{\"@type\":\"WebSite\",\"@id\":\"https:\\\/\\\/beepower.hr\\\/#website\",\"url\":\"https:\\\/\\\/beepower.hr\\\/\",\"name\":\"P\u010delinji proizvodi - Bee Power\",\"description\":\"Bee Power - snaga p\u010dela, najsla\u0111e blago prirode\",\"potentialAction\":[{\"@type\":\"SearchAction\",\"target\":{\"@type\":\"EntryPoint\",\"urlTemplate\":\"https:\\\/\\\/beepower.hr\\\/?s={search_term_string}\"},\"query-input\":{\"@type\":\"PropertyValueSpecification\",\"valueRequired\":true,\"valueName\":\"search_term_string\"}}],\"inLanguage\":\"en-US\"}]}<\/script>\n<!-- \/ Yoast SEO plugin. -->","yoast_head_json":{"title":"Suha pelud 450g - P\u010delinji proizvodi - Bee Power","description":"P\u010delinja pelud je niskokalori\u010dan, ali bogat proteinima, aminokiselinama, vitaminima, mineralima, enzimima, korisnim masnim kiselinama, ugljikohidratima.","robots":{"index":"index","follow":"follow","max-snippet":"max-snippet:-1","max-image-preview":"max-image-preview:large","max-video-preview":"max-video-preview:-1"},"canonical":"https:\/\/beepower.hr\/en\/product\/suha-pelud-450g\/","og_locale":"en_US","og_type":"article","og_title":"Suha pelud 450g - P\u010delinji proizvodi - Bee Power","og_description":"P\u010delinja pelud je niskokalori\u010dan, ali bogat proteinima, aminokiselinama, vitaminima, mineralima, enzimima, korisnim masnim kiselinama, ugljikohidratima.","og_url":"https:\/\/beepower.hr\/en\/product\/suha-pelud-450g\/","og_site_name":"P\u010delinji proizvodi - Bee Power","article_modified_time":"2025-07-17T10:09:17+00:00","og_image":[{"width":1133,"height":850,"url":"https:\/\/beepower.hr\/wp-content\/uploads\/2025\/03\/20241018_104105.jpg","type":"image\/jpeg"}],"twitter_misc":{"Est. reading time":"1 minute"},"schema":{"@context":"https:\/\/schema.org","@graph":[{"@type":"WebPage","@id":"https:\/\/beepower.hr\/product\/suha-pelud-450g\/","url":"https:\/\/beepower.hr\/product\/suha-pelud-450g\/","name":"Suha pelud 450g - P\u010delinji proizvodi - Bee Power","isPartOf":{"@id":"https:\/\/beepower.hr\/#website"},"primaryImageOfPage":{"@id":"https:\/\/beepower.hr\/product\/suha-pelud-450g\/#primaryimage"},"image":{"@id":"https:\/\/beepower.hr\/product\/suha-pelud-450g\/#primaryimage"},"thumbnailUrl":"https:\/\/beepower.hr\/wp-content\/uploads\/2025\/03\/20241018_104105.jpg","datePublished":"2025-03-26T14:36:40+00:00","dateModified":"2025-07-17T10:09:17+00:00","description":"P\u010delinja pelud je niskokalori\u010dan, ali bogat proteinima, aminokiselinama, vitaminima, mineralima, enzimima, korisnim masnim kiselinama, ugljikohidratima.","breadcrumb":{"@id":"https:\/\/beepower.hr\/product\/suha-pelud-450g\/#breadcrumb"},"inLanguage":"en-US","potentialAction":[{"@type":"ReadAction","target":["https:\/\/beepower.hr\/product\/suha-pelud-450g\/"]}]},{"@type":"ImageObject","inLanguage":"en-US","@id":"https:\/\/beepower.hr\/product\/suha-pelud-450g\/#primaryimage","url":"https:\/\/beepower.hr\/wp-content\/uploads\/2025\/03\/20241018_104105.jpg","contentUrl":"https:\/\/beepower.hr\/wp-content\/uploads\/2025\/03\/20241018_104105.jpg","width":1133,"height":850,"caption":"Bee Power suha pelud"},{"@type":"BreadcrumbList","@id":"https:\/\/beepower.hr\/product\/suha-pelud-450g\/#breadcrumb","itemListElement":[{"@type":"ListItem","position":1,"name":"Naslovna","item":"https:\/\/beepower.hr\/"},{"@type":"ListItem","position":2,"name":"Shop","item":"https:\/\/beepower.hr\/shop\/"},{"@type":"ListItem","position":3,"name":"Suha pelud 450g"}]},{"@type":"WebSite","@id":"https:\/\/beepower.hr\/#website","url":"https:\/\/beepower.hr\/","name":"P\u010delinji proizvodi - Bee Power","description":"Bee Power - snaga p\u010dela, najsla\u0111e blago prirode","potentialAction":[{"@type":"SearchAction","target":{"@type":"EntryPoint","urlTemplate":"https:\/\/beepower.hr\/?s={search_term_string}"},"query-input":{"@type":"PropertyValueSpecification","valueRequired":true,"valueName":"search_term_string"}}],"inLanguage":"en-US"}]}},"_links":{"self":[{"href":"https:\/\/beepower.hr\/en\/wp-json\/wp\/v2\/product\/1113","targetHints":{"allow":["GET"]}}],"collection":[{"href":"https:\/\/beepower.hr\/en\/wp-json\/wp\/v2\/product"}],"about":[{"href":"https:\/\/beepower.hr\/en\/wp-json\/wp\/v2\/types\/product"}],"wp:featuredmedia":[{"embeddable":true,"href":"https:\/\/beepower.hr\/en\/wp-json\/wp\/v2\/media\/1114"}],"wp:attachment":[{"href":"https:\/\/beepower.hr\/en\/wp-json\/wp\/v2\/media?parent=1113"}],"wp:term":[{"taxonomy":"product_brand","embeddable":true,"href":"https:\/\/beepower.hr\/en\/wp-json\/wp\/v2\/product_brand?post=1113"},{"taxonomy":"product_cat","embeddable":true,"href":"https:\/\/beepower.hr\/en\/wp-json\/wp\/v2\/product_cat?post=1113"},{"taxonomy":"product_tag","embeddable":true,"href":"https:\/\/beepower.hr\/en\/wp-json\/wp\/v2\/product_tag?post=1113"}],"curies":[{"name":"wp","href":"https:\/\/api.w.org\/{rel}","templated":true}]}}