{"id":1117,"date":"2025-03-26T16:27:12","date_gmt":"2025-03-26T15:27:12","guid":{"rendered":"https:\/\/beepower.hr\/?post_type=product&#038;p=1117"},"modified":"2025-07-17T12:05:32","modified_gmt":"2025-07-17T10:05:32","slug":"svijeca-od-voska-sace","status":"publish","type":"product","link":"https:\/\/beepower.hr\/en\/product\/svijeca-od-voska-sace\/","title":{"rendered":"Beeswax candle Honeycomb"},"content":{"rendered":"<p><span>\u00a0 \u00a0 \u00a0 \u00a0 \u00a0 \u00a0 \u00a0 \u00a0 \u00a0 \u00a0 \u00a0Photograph for illustration purposes only. Minor differences in color and dimensions are possible.<\/span><\/p>\n<p>Beeswax candles are not just a little piece of art but they also have many advantages over ordinary candles. They are made from natural beeswax, which is non toxic and that is great for the environment and great for you! They are long lasting and there is no smoke when burned so they serve as a natural air purifier and are especially suitable for people sensitivity to paraffin candles and people who suffer from allergies.  Due to their natural, wonderful scent, they create a relaxed atmosphere, which is ideal for people under stress. The colour of the wax is naturally yellowish, although it can have a different shade.<\/p>\n<p>Immerse yourself in the magical world of nature with the scent of 100 percent natural Bee Power candles!<\/p>","protected":false},"excerpt":{"rendered":"<p>Beeswax candles are not just a little piece of art but they also have many advantages over ordinary candles. They are made from natural beeswax, which is non toxic and that is great for the environment and great for you!<\/p>","protected":false},"featured_media":1118,"template":"","meta":{"_monsterinsights_skip_tracking":false,"_monsterinsights_sitenote_active":false,"_monsterinsights_sitenote_note":"","_monsterinsights_sitenote_category":0},"product_brand":[137],"product_cat":[45],"product_tag":[111,122,123,105],"class_list":{"0":"post-1117","1":"product","2":"type-product","3":"status-publish","4":"has-post-thumbnail","6":"product_brand-bee-power","7":"product_cat-ostali-proizvodi","8":"product_tag-poklon","9":"product_tag-svijeca","10":"product_tag-ukras","11":"product_tag-vosak","13":"first","14":"instock","15":"taxable","16":"shipping-taxable","17":"purchasable","18":"product-type-simple"},"yoast_head":"<!-- This site is optimized with the Yoast SEO plugin v27.4 - https:\/\/yoast.com\/product\/yoast-seo-wordpress\/ -->\n<title>Svije\u0107a od voska Sa\u0107e - P\u010delinji proizvodi - Bee Power<\/title>\n<meta name=\"description\" content=\"Svije\u0107e od voska ne samo da su pravo malo umjetni\u010dko djelo nego imaju velike prednosti naspram uobi\u010dajenih svije\u0107a. Ru\u010dno su ra\u0111ene.\" \/>\n<meta name=\"robots\" content=\"index, follow, max-snippet:-1, max-image-preview:large, max-video-preview:-1\" \/>\n<link rel=\"canonical\" href=\"https:\/\/beepower.hr\/en\/product\/svijeca-od-voska-sace\/\" \/>\n<meta property=\"og:locale\" content=\"en_US\" \/>\n<meta property=\"og:type\" content=\"article\" \/>\n<meta property=\"og:title\" content=\"Svije\u0107a od voska Sa\u0107e - P\u010delinji proizvodi - Bee Power\" \/>\n<meta property=\"og:description\" content=\"Svije\u0107e od voska ne samo da su pravo malo umjetni\u010dko djelo nego imaju velike prednosti naspram uobi\u010dajenih svije\u0107a. Ru\u010dno su ra\u0111ene.\" \/>\n<meta property=\"og:url\" content=\"https:\/\/beepower.hr\/en\/product\/svijeca-od-voska-sace\/\" \/>\n<meta property=\"og:site_name\" content=\"P\u010delinji proizvodi - Bee Power\" \/>\n<meta property=\"article:modified_time\" content=\"2025-07-17T10:05:32+00:00\" \/>\n<meta property=\"og:image\" content=\"https:\/\/beepower.hr\/wp-content\/uploads\/2025\/03\/20241119_132921-2.jpg\" \/>\n\t<meta property=\"og:image:width\" content=\"1133\" \/>\n\t<meta property=\"og:image:height\" content=\"850\" \/>\n\t<meta property=\"og:image:type\" content=\"image\/jpeg\" \/>\n<meta name=\"twitter:label1\" content=\"Est. reading time\" \/>\n\t<meta name=\"twitter:data1\" content=\"1 minute\" \/>\n<script type=\"application\/ld+json\" class=\"yoast-schema-graph\">{\"@context\":\"https:\\\/\\\/schema.org\",\"@graph\":[{\"@type\":\"WebPage\",\"@id\":\"https:\\\/\\\/beepower.hr\\\/product\\\/svijeca-od-voska-sace\\\/\",\"url\":\"https:\\\/\\\/beepower.hr\\\/product\\\/svijeca-od-voska-sace\\\/\",\"name\":\"Svije\u0107a od voska Sa\u0107e - P\u010delinji proizvodi - Bee Power\",\"isPartOf\":{\"@id\":\"https:\\\/\\\/beepower.hr\\\/#website\"},\"primaryImageOfPage\":{\"@id\":\"https:\\\/\\\/beepower.hr\\\/product\\\/svijeca-od-voska-sace\\\/#primaryimage\"},\"image\":{\"@id\":\"https:\\\/\\\/beepower.hr\\\/product\\\/svijeca-od-voska-sace\\\/#primaryimage\"},\"thumbnailUrl\":\"https:\\\/\\\/beepower.hr\\\/wp-content\\\/uploads\\\/2025\\\/03\\\/20241119_132921-2.jpg\",\"datePublished\":\"2025-03-26T15:27:12+00:00\",\"dateModified\":\"2025-07-17T10:05:32+00:00\",\"description\":\"Svije\u0107e od voska ne samo da su pravo malo umjetni\u010dko djelo nego imaju velike prednosti naspram uobi\u010dajenih svije\u0107a. Ru\u010dno su ra\u0111ene.\",\"breadcrumb\":{\"@id\":\"https:\\\/\\\/beepower.hr\\\/product\\\/svijeca-od-voska-sace\\\/#breadcrumb\"},\"inLanguage\":\"en-US\",\"potentialAction\":[{\"@type\":\"ReadAction\",\"target\":[\"https:\\\/\\\/beepower.hr\\\/product\\\/svijeca-od-voska-sace\\\/\"]}]},{\"@type\":\"ImageObject\",\"inLanguage\":\"en-US\",\"@id\":\"https:\\\/\\\/beepower.hr\\\/product\\\/svijeca-od-voska-sace\\\/#primaryimage\",\"url\":\"https:\\\/\\\/beepower.hr\\\/wp-content\\\/uploads\\\/2025\\\/03\\\/20241119_132921-2.jpg\",\"contentUrl\":\"https:\\\/\\\/beepower.hr\\\/wp-content\\\/uploads\\\/2025\\\/03\\\/20241119_132921-2.jpg\",\"width\":1133,\"height\":850,\"caption\":\"Bee Power svije\u0107a sa\u0107e\"},{\"@type\":\"BreadcrumbList\",\"@id\":\"https:\\\/\\\/beepower.hr\\\/product\\\/svijeca-od-voska-sace\\\/#breadcrumb\",\"itemListElement\":[{\"@type\":\"ListItem\",\"position\":1,\"name\":\"Naslovna\",\"item\":\"https:\\\/\\\/beepower.hr\\\/\"},{\"@type\":\"ListItem\",\"position\":2,\"name\":\"Shop\",\"item\":\"https:\\\/\\\/beepower.hr\\\/shop\\\/\"},{\"@type\":\"ListItem\",\"position\":3,\"name\":\"Svije\u0107a od voska Sa\u0107e\"}]},{\"@type\":\"WebSite\",\"@id\":\"https:\\\/\\\/beepower.hr\\\/#website\",\"url\":\"https:\\\/\\\/beepower.hr\\\/\",\"name\":\"P\u010delinji proizvodi - Bee Power\",\"description\":\"Bee Power - snaga p\u010dela, najsla\u0111e blago prirode\",\"potentialAction\":[{\"@type\":\"SearchAction\",\"target\":{\"@type\":\"EntryPoint\",\"urlTemplate\":\"https:\\\/\\\/beepower.hr\\\/?s={search_term_string}\"},\"query-input\":{\"@type\":\"PropertyValueSpecification\",\"valueRequired\":true,\"valueName\":\"search_term_string\"}}],\"inLanguage\":\"en-US\"}]}<\/script>\n<!-- \/ Yoast SEO plugin. -->","yoast_head_json":{"title":"Svije\u0107a od voska Sa\u0107e - P\u010delinji proizvodi - Bee Power","description":"Svije\u0107e od voska ne samo da su pravo malo umjetni\u010dko djelo nego imaju velike prednosti naspram uobi\u010dajenih svije\u0107a. Ru\u010dno su ra\u0111ene.","robots":{"index":"index","follow":"follow","max-snippet":"max-snippet:-1","max-image-preview":"max-image-preview:large","max-video-preview":"max-video-preview:-1"},"canonical":"https:\/\/beepower.hr\/en\/product\/svijeca-od-voska-sace\/","og_locale":"en_US","og_type":"article","og_title":"Svije\u0107a od voska Sa\u0107e - P\u010delinji proizvodi - Bee Power","og_description":"Svije\u0107e od voska ne samo da su pravo malo umjetni\u010dko djelo nego imaju velike prednosti naspram uobi\u010dajenih svije\u0107a. Ru\u010dno su ra\u0111ene.","og_url":"https:\/\/beepower.hr\/en\/product\/svijeca-od-voska-sace\/","og_site_name":"P\u010delinji proizvodi - Bee Power","article_modified_time":"2025-07-17T10:05:32+00:00","og_image":[{"width":1133,"height":850,"url":"https:\/\/beepower.hr\/wp-content\/uploads\/2025\/03\/20241119_132921-2.jpg","type":"image\/jpeg"}],"twitter_misc":{"Est. reading time":"1 minute"},"schema":{"@context":"https:\/\/schema.org","@graph":[{"@type":"WebPage","@id":"https:\/\/beepower.hr\/product\/svijeca-od-voska-sace\/","url":"https:\/\/beepower.hr\/product\/svijeca-od-voska-sace\/","name":"Svije\u0107a od voska Sa\u0107e - P\u010delinji proizvodi - Bee Power","isPartOf":{"@id":"https:\/\/beepower.hr\/#website"},"primaryImageOfPage":{"@id":"https:\/\/beepower.hr\/product\/svijeca-od-voska-sace\/#primaryimage"},"image":{"@id":"https:\/\/beepower.hr\/product\/svijeca-od-voska-sace\/#primaryimage"},"thumbnailUrl":"https:\/\/beepower.hr\/wp-content\/uploads\/2025\/03\/20241119_132921-2.jpg","datePublished":"2025-03-26T15:27:12+00:00","dateModified":"2025-07-17T10:05:32+00:00","description":"Svije\u0107e od voska ne samo da su pravo malo umjetni\u010dko djelo nego imaju velike prednosti naspram uobi\u010dajenih svije\u0107a. Ru\u010dno su ra\u0111ene.","breadcrumb":{"@id":"https:\/\/beepower.hr\/product\/svijeca-od-voska-sace\/#breadcrumb"},"inLanguage":"en-US","potentialAction":[{"@type":"ReadAction","target":["https:\/\/beepower.hr\/product\/svijeca-od-voska-sace\/"]}]},{"@type":"ImageObject","inLanguage":"en-US","@id":"https:\/\/beepower.hr\/product\/svijeca-od-voska-sace\/#primaryimage","url":"https:\/\/beepower.hr\/wp-content\/uploads\/2025\/03\/20241119_132921-2.jpg","contentUrl":"https:\/\/beepower.hr\/wp-content\/uploads\/2025\/03\/20241119_132921-2.jpg","width":1133,"height":850,"caption":"Bee Power svije\u0107a sa\u0107e"},{"@type":"BreadcrumbList","@id":"https:\/\/beepower.hr\/product\/svijeca-od-voska-sace\/#breadcrumb","itemListElement":[{"@type":"ListItem","position":1,"name":"Naslovna","item":"https:\/\/beepower.hr\/"},{"@type":"ListItem","position":2,"name":"Shop","item":"https:\/\/beepower.hr\/shop\/"},{"@type":"ListItem","position":3,"name":"Svije\u0107a od voska Sa\u0107e"}]},{"@type":"WebSite","@id":"https:\/\/beepower.hr\/#website","url":"https:\/\/beepower.hr\/","name":"P\u010delinji proizvodi - Bee Power","description":"Bee Power - snaga p\u010dela, najsla\u0111e blago prirode","potentialAction":[{"@type":"SearchAction","target":{"@type":"EntryPoint","urlTemplate":"https:\/\/beepower.hr\/?s={search_term_string}"},"query-input":{"@type":"PropertyValueSpecification","valueRequired":true,"valueName":"search_term_string"}}],"inLanguage":"en-US"}]}},"_links":{"self":[{"href":"https:\/\/beepower.hr\/en\/wp-json\/wp\/v2\/product\/1117","targetHints":{"allow":["GET"]}}],"collection":[{"href":"https:\/\/beepower.hr\/en\/wp-json\/wp\/v2\/product"}],"about":[{"href":"https:\/\/beepower.hr\/en\/wp-json\/wp\/v2\/types\/product"}],"wp:featuredmedia":[{"embeddable":true,"href":"https:\/\/beepower.hr\/en\/wp-json\/wp\/v2\/media\/1118"}],"wp:attachment":[{"href":"https:\/\/beepower.hr\/en\/wp-json\/wp\/v2\/media?parent=1117"}],"wp:term":[{"taxonomy":"product_brand","embeddable":true,"href":"https:\/\/beepower.hr\/en\/wp-json\/wp\/v2\/product_brand?post=1117"},{"taxonomy":"product_cat","embeddable":true,"href":"https:\/\/beepower.hr\/en\/wp-json\/wp\/v2\/product_cat?post=1117"},{"taxonomy":"product_tag","embeddable":true,"href":"https:\/\/beepower.hr\/en\/wp-json\/wp\/v2\/product_tag?post=1117"}],"curies":[{"name":"wp","href":"https:\/\/api.w.org\/{rel}","templated":true}]}}