{"id":1121,"date":"2025-03-26T16:34:25","date_gmt":"2025-03-26T15:34:25","guid":{"rendered":"https:\/\/beepower.hr\/?post_type=product&#038;p=1121"},"modified":"2025-07-17T11:55:25","modified_gmt":"2025-07-17T09:55:25","slug":"balzam-za-usne-s-mentom-5ml","status":"publish","type":"product","link":"https:\/\/beepower.hr\/en\/product\/balzam-za-usne-s-mentom-5ml\/","title":{"rendered":"Lip balm with mint 5ml"},"content":{"rendered":"<p><span>Photograph for illustration purposes only. Minor differences in color and dimensions are possible.<\/span><\/p>\n<p><strong>Bee Kiss<\/strong> Bee Kiss lip balm based on beeswax, honey with the addition of royal jelly for 24-hour intensive protection and hydration of your lips.<\/p>","protected":false},"excerpt":{"rendered":"<p><strong>Bee Kiss<\/strong> lip balm based on beeswax, honey with the addition of royal jelly for 24-hour intensive protection and hydration of your lips. This version has a mild minty taste and smell.<\/p>","protected":false},"featured_media":1116,"template":"","meta":{"_monsterinsights_skip_tracking":false,"_monsterinsights_sitenote_active":false,"_monsterinsights_sitenote_note":"","_monsterinsights_sitenote_category":0},"product_brand":[137],"product_cat":[45],"product_tag":[108,113,99,24],"class_list":{"0":"post-1121","1":"product","2":"type-product","3":"status-publish","4":"has-post-thumbnail","6":"product_brand-bee-power","7":"product_cat-ostali-proizvodi","8":"product_tag-balzam-za-usne","9":"product_tag-labelo","10":"product_tag-njega-koze","11":"product_tag-prirodno","13":"first","14":"instock","15":"taxable","16":"shipping-taxable","17":"purchasable","18":"product-type-simple"},"yoast_head":"<!-- This site is optimized with the Yoast SEO plugin v27.5 - https:\/\/yoast.com\/product\/yoast-seo-wordpress\/ -->\n<title>Balzam za usne s mentom 5ml - P\u010delinji proizvodi - Bee Power<\/title>\n<meta name=\"description\" content=\"Bee Kiss balzam za usne na bazi p\u010delinjeg voska, meda sa dodatkom mati\u010dne mlije\u010di za 24- satnu intenzivnu za\u0161titu va\u0161ih usana\" \/>\n<meta name=\"robots\" content=\"index, follow, max-snippet:-1, max-image-preview:large, max-video-preview:-1\" \/>\n<link rel=\"canonical\" href=\"https:\/\/beepower.hr\/en\/product\/balzam-za-usne-s-mentom-5ml\/\" \/>\n<meta property=\"og:locale\" content=\"en_US\" \/>\n<meta property=\"og:type\" content=\"article\" \/>\n<meta property=\"og:title\" content=\"Balzam za usne s mentom 5ml - P\u010delinji proizvodi - Bee Power\" \/>\n<meta property=\"og:description\" content=\"Bee Kiss balzam za usne na bazi p\u010delinjeg voska, meda sa dodatkom mati\u010dne mlije\u010di za 24- satnu intenzivnu za\u0161titu va\u0161ih usana\" \/>\n<meta property=\"og:url\" content=\"https:\/\/beepower.hr\/en\/product\/balzam-za-usne-s-mentom-5ml\/\" \/>\n<meta property=\"og:site_name\" content=\"P\u010delinji proizvodi - Bee Power\" \/>\n<meta property=\"article:modified_time\" content=\"2025-07-17T09:55:25+00:00\" \/>\n<meta property=\"og:image\" content=\"https:\/\/beepower.hr\/wp-content\/uploads\/2024\/10\/20240613_123205.jpg\" \/>\n\t<meta property=\"og:image:width\" content=\"936\" \/>\n\t<meta property=\"og:image:height\" content=\"850\" \/>\n\t<meta property=\"og:image:type\" content=\"image\/jpeg\" \/>\n<meta name=\"twitter:label1\" content=\"Est. reading time\" \/>\n\t<meta name=\"twitter:data1\" content=\"1 minute\" \/>\n<script type=\"application\/ld+json\" class=\"yoast-schema-graph\">{\"@context\":\"https:\\\/\\\/schema.org\",\"@graph\":[{\"@type\":\"WebPage\",\"@id\":\"https:\\\/\\\/beepower.hr\\\/product\\\/balzam-za-usne-s-mentom-5ml\\\/\",\"url\":\"https:\\\/\\\/beepower.hr\\\/product\\\/balzam-za-usne-s-mentom-5ml\\\/\",\"name\":\"Balzam za usne s mentom 5ml - P\u010delinji proizvodi - Bee Power\",\"isPartOf\":{\"@id\":\"https:\\\/\\\/beepower.hr\\\/#website\"},\"primaryImageOfPage\":{\"@id\":\"https:\\\/\\\/beepower.hr\\\/product\\\/balzam-za-usne-s-mentom-5ml\\\/#primaryimage\"},\"image\":{\"@id\":\"https:\\\/\\\/beepower.hr\\\/product\\\/balzam-za-usne-s-mentom-5ml\\\/#primaryimage\"},\"thumbnailUrl\":\"https:\\\/\\\/beepower.hr\\\/wp-content\\\/uploads\\\/2024\\\/10\\\/20240613_123205.jpg\",\"datePublished\":\"2025-03-26T15:34:25+00:00\",\"dateModified\":\"2025-07-17T09:55:25+00:00\",\"description\":\"Bee Kiss balzam za usne na bazi p\u010delinjeg voska, meda sa dodatkom mati\u010dne mlije\u010di za 24- satnu intenzivnu za\u0161titu va\u0161ih usana\",\"breadcrumb\":{\"@id\":\"https:\\\/\\\/beepower.hr\\\/product\\\/balzam-za-usne-s-mentom-5ml\\\/#breadcrumb\"},\"inLanguage\":\"en-US\",\"potentialAction\":[{\"@type\":\"ReadAction\",\"target\":[\"https:\\\/\\\/beepower.hr\\\/product\\\/balzam-za-usne-s-mentom-5ml\\\/\"]}]},{\"@type\":\"ImageObject\",\"inLanguage\":\"en-US\",\"@id\":\"https:\\\/\\\/beepower.hr\\\/product\\\/balzam-za-usne-s-mentom-5ml\\\/#primaryimage\",\"url\":\"https:\\\/\\\/beepower.hr\\\/wp-content\\\/uploads\\\/2024\\\/10\\\/20240613_123205.jpg\",\"contentUrl\":\"https:\\\/\\\/beepower.hr\\\/wp-content\\\/uploads\\\/2024\\\/10\\\/20240613_123205.jpg\",\"width\":936,\"height\":850,\"caption\":\"Bee Power balzam za usne\"},{\"@type\":\"BreadcrumbList\",\"@id\":\"https:\\\/\\\/beepower.hr\\\/product\\\/balzam-za-usne-s-mentom-5ml\\\/#breadcrumb\",\"itemListElement\":[{\"@type\":\"ListItem\",\"position\":1,\"name\":\"Naslovna\",\"item\":\"https:\\\/\\\/beepower.hr\\\/\"},{\"@type\":\"ListItem\",\"position\":2,\"name\":\"Shop\",\"item\":\"https:\\\/\\\/beepower.hr\\\/shop\\\/\"},{\"@type\":\"ListItem\",\"position\":3,\"name\":\"Balzam za usne s mentom 5ml\"}]},{\"@type\":\"WebSite\",\"@id\":\"https:\\\/\\\/beepower.hr\\\/#website\",\"url\":\"https:\\\/\\\/beepower.hr\\\/\",\"name\":\"P\u010delinji proizvodi - Bee Power\",\"description\":\"Bee Power - snaga p\u010dela, najsla\u0111e blago prirode\",\"potentialAction\":[{\"@type\":\"SearchAction\",\"target\":{\"@type\":\"EntryPoint\",\"urlTemplate\":\"https:\\\/\\\/beepower.hr\\\/?s={search_term_string}\"},\"query-input\":{\"@type\":\"PropertyValueSpecification\",\"valueRequired\":true,\"valueName\":\"search_term_string\"}}],\"inLanguage\":\"en-US\"}]}<\/script>\n<!-- \/ Yoast SEO plugin. -->","yoast_head_json":{"title":"Balzam za usne s mentom 5ml - P\u010delinji proizvodi - Bee Power","description":"Bee Kiss balzam za usne na bazi p\u010delinjeg voska, meda sa dodatkom mati\u010dne mlije\u010di za 24- satnu intenzivnu za\u0161titu va\u0161ih usana","robots":{"index":"index","follow":"follow","max-snippet":"max-snippet:-1","max-image-preview":"max-image-preview:large","max-video-preview":"max-video-preview:-1"},"canonical":"https:\/\/beepower.hr\/en\/product\/balzam-za-usne-s-mentom-5ml\/","og_locale":"en_US","og_type":"article","og_title":"Balzam za usne s mentom 5ml - P\u010delinji proizvodi - Bee Power","og_description":"Bee Kiss balzam za usne na bazi p\u010delinjeg voska, meda sa dodatkom mati\u010dne mlije\u010di za 24- satnu intenzivnu za\u0161titu va\u0161ih usana","og_url":"https:\/\/beepower.hr\/en\/product\/balzam-za-usne-s-mentom-5ml\/","og_site_name":"P\u010delinji proizvodi - Bee Power","article_modified_time":"2025-07-17T09:55:25+00:00","og_image":[{"width":936,"height":850,"url":"https:\/\/beepower.hr\/wp-content\/uploads\/2024\/10\/20240613_123205.jpg","type":"image\/jpeg"}],"twitter_misc":{"Est. reading time":"1 minute"},"schema":{"@context":"https:\/\/schema.org","@graph":[{"@type":"WebPage","@id":"https:\/\/beepower.hr\/product\/balzam-za-usne-s-mentom-5ml\/","url":"https:\/\/beepower.hr\/product\/balzam-za-usne-s-mentom-5ml\/","name":"Balzam za usne s mentom 5ml - P\u010delinji proizvodi - Bee Power","isPartOf":{"@id":"https:\/\/beepower.hr\/#website"},"primaryImageOfPage":{"@id":"https:\/\/beepower.hr\/product\/balzam-za-usne-s-mentom-5ml\/#primaryimage"},"image":{"@id":"https:\/\/beepower.hr\/product\/balzam-za-usne-s-mentom-5ml\/#primaryimage"},"thumbnailUrl":"https:\/\/beepower.hr\/wp-content\/uploads\/2024\/10\/20240613_123205.jpg","datePublished":"2025-03-26T15:34:25+00:00","dateModified":"2025-07-17T09:55:25+00:00","description":"Bee Kiss balzam za usne na bazi p\u010delinjeg voska, meda sa dodatkom mati\u010dne mlije\u010di za 24- satnu intenzivnu za\u0161titu va\u0161ih usana","breadcrumb":{"@id":"https:\/\/beepower.hr\/product\/balzam-za-usne-s-mentom-5ml\/#breadcrumb"},"inLanguage":"en-US","potentialAction":[{"@type":"ReadAction","target":["https:\/\/beepower.hr\/product\/balzam-za-usne-s-mentom-5ml\/"]}]},{"@type":"ImageObject","inLanguage":"en-US","@id":"https:\/\/beepower.hr\/product\/balzam-za-usne-s-mentom-5ml\/#primaryimage","url":"https:\/\/beepower.hr\/wp-content\/uploads\/2024\/10\/20240613_123205.jpg","contentUrl":"https:\/\/beepower.hr\/wp-content\/uploads\/2024\/10\/20240613_123205.jpg","width":936,"height":850,"caption":"Bee Power balzam za usne"},{"@type":"BreadcrumbList","@id":"https:\/\/beepower.hr\/product\/balzam-za-usne-s-mentom-5ml\/#breadcrumb","itemListElement":[{"@type":"ListItem","position":1,"name":"Naslovna","item":"https:\/\/beepower.hr\/"},{"@type":"ListItem","position":2,"name":"Shop","item":"https:\/\/beepower.hr\/shop\/"},{"@type":"ListItem","position":3,"name":"Balzam za usne s mentom 5ml"}]},{"@type":"WebSite","@id":"https:\/\/beepower.hr\/#website","url":"https:\/\/beepower.hr\/","name":"P\u010delinji proizvodi - Bee Power","description":"Bee Power - snaga p\u010dela, najsla\u0111e blago prirode","potentialAction":[{"@type":"SearchAction","target":{"@type":"EntryPoint","urlTemplate":"https:\/\/beepower.hr\/?s={search_term_string}"},"query-input":{"@type":"PropertyValueSpecification","valueRequired":true,"valueName":"search_term_string"}}],"inLanguage":"en-US"}]}},"_links":{"self":[{"href":"https:\/\/beepower.hr\/en\/wp-json\/wp\/v2\/product\/1121","targetHints":{"allow":["GET"]}}],"collection":[{"href":"https:\/\/beepower.hr\/en\/wp-json\/wp\/v2\/product"}],"about":[{"href":"https:\/\/beepower.hr\/en\/wp-json\/wp\/v2\/types\/product"}],"wp:featuredmedia":[{"embeddable":true,"href":"https:\/\/beepower.hr\/en\/wp-json\/wp\/v2\/media\/1116"}],"wp:attachment":[{"href":"https:\/\/beepower.hr\/en\/wp-json\/wp\/v2\/media?parent=1121"}],"wp:term":[{"taxonomy":"product_brand","embeddable":true,"href":"https:\/\/beepower.hr\/en\/wp-json\/wp\/v2\/product_brand?post=1121"},{"taxonomy":"product_cat","embeddable":true,"href":"https:\/\/beepower.hr\/en\/wp-json\/wp\/v2\/product_cat?post=1121"},{"taxonomy":"product_tag","embeddable":true,"href":"https:\/\/beepower.hr\/en\/wp-json\/wp\/v2\/product_tag?post=1121"}],"curies":[{"name":"wp","href":"https:\/\/api.w.org\/{rel}","templated":true}]}}