{"id":1125,"date":"2025-03-26T16:52:28","date_gmt":"2025-03-26T15:52:28","guid":{"rendered":"https:\/\/beepower.hr\/?post_type=product&#038;p=1125"},"modified":"2025-07-17T11:36:56","modified_gmt":"2025-07-17T09:36:56","slug":"livadni-med-450g","status":"publish","type":"product","link":"https:\/\/beepower.hr\/en\/product\/livadni-med-450g\/","title":{"rendered":"Meadow honey 450g"},"content":{"rendered":"<p><span>\u00a0 \u00a0 \u00a0 \u00a0 \u00a0 \u00a0 \u00a0 \u00a0 \u00a0 \u00a0 \u00a0Photograph for illustration purposes only. Minor differences in color and dimensions are possible.<\/span><\/p>\n<p>For Meadow honey, our customers claim that it is  a colorful symphony of flavors from the heart of untouched nature. The meadow honey produced by our bees is a unique honey that celebrates the variety of flowers in the surrounding meadows. This is not monofloral honey like acacia or chesnut honey, but real natural symphony of flavors and aromas, created by the diligent work of bees that fly from flower to flower.<\/p>\n<p>Meadow honey comes from the nectar of various flowering plants found in meadows. Bees collect nectar from wild flowers such as clover, dandelion, sage, wild carrot and many others. The color may vary from yellow to amber depending on the dominant type of flowers in the meadow.<\/p>\n<div class=\"sc_price\"><span class=\"sc_price_currency\">\u20ac<\/span><span class=\"sc_price_money\">20<\/span><\/div>FREE DELIVERY FOR ORDERS OVER 20,00 EURO FOR:<\/p>\n<ul>\n<li>GRAD VARA\u017dDIN<\/li>\n<li>NEDELJANEC<\/li>\n<li>GOJANEC<\/li>\n<li>JALKOVEC<\/li>\n<li>VIDOVEC<\/li>\n<li>TU\u017dNO<\/li>\n<li>CERJE TU\u017dNO<\/li>\n<li>\u010cRE\u0160NJEVO<\/li>\n<li>BERETINEC<\/li>\n<li>CERJE NEBOJSE<\/li>\n<li>KRKANEC<\/li>\n<li>TUR\u010cIN<\/li>\n<li>GORNJI KNEGINEC<\/li>\n<li>KU\u010cAN MAROF<\/li>\n<li>KU\u010cAN GORNJI<\/li>\n<li>KU\u010cAN DONJI<\/li>\n<li>HRA\u0160\u010cICA<\/li>\n<li>SRA\u010cINEC<\/li>\n<\/ul>","protected":false},"excerpt":{"rendered":"<p>For Meadow honey, our customers claim that it is  a colorful symphony of flavors from the heart of untouched nature. The meadow honey produced by our bees is a unique honey that celebrates the variety of flowers in the surrounding meadows. This is not monofloral honey like acacia or chesnut honey, but real natural symphony of flavors and aromas, created by the diligent work of bees that fly from flower to flower.<\/p>\n<p>Meadow honey comes from the nectar of various flowering plants found in meadows. Bees collect nectar from wild flowers such as clover, dandelion, sage, wild carrot and many others. The color may vary from yellow to amber depending on the dominant type of flowers in the meadow.<\/p>\n<div class=\"sc_price\"><span class=\"sc_price_currency\">\u20ac<\/span><span class=\"sc_price_money\">10<\/span><\/div>","protected":false},"featured_media":728,"template":"","meta":{"_monsterinsights_skip_tracking":false,"_monsterinsights_sitenote_active":false,"_monsterinsights_sitenote_note":"","_monsterinsights_sitenote_category":0},"product_brand":[137],"product_cat":[18],"product_tag":[24,25],"class_list":{"0":"post-1125","1":"product","2":"type-product","3":"status-publish","4":"has-post-thumbnail","6":"product_brand-bee-power","7":"product_cat-med","8":"product_tag-prirodno","9":"product_tag-slatko","11":"first","12":"instock","13":"taxable","14":"shipping-taxable","15":"purchasable","16":"product-type-simple"},"yoast_head":"<!-- This site is optimized with the Yoast SEO plugin v27.5 - https:\/\/yoast.com\/product\/yoast-seo-wordpress\/ -->\n<title>Livadni med 450g - P\u010delinji proizvodi - Bee Power<\/title>\n<meta name=\"description\" content=\"Za Livadni med na\u0161i kupci tvrde da je \u0161arolika simfonija okusa iz srca netaknute prirode. Livadni med koji proizvode na\u0161e p\u010dele, je jedinstveni med koji slavi raznolikost cvije\u0107a okolnih livada.\" \/>\n<meta name=\"robots\" content=\"index, follow, max-snippet:-1, max-image-preview:large, max-video-preview:-1\" \/>\n<link rel=\"canonical\" href=\"https:\/\/beepower.hr\/en\/product\/livadni-med-450g\/\" \/>\n<meta property=\"og:locale\" content=\"en_US\" \/>\n<meta property=\"og:type\" content=\"article\" \/>\n<meta property=\"og:title\" content=\"Livadni med 450g - P\u010delinji proizvodi - Bee Power\" \/>\n<meta property=\"og:description\" content=\"Za Livadni med na\u0161i kupci tvrde da je \u0161arolika simfonija okusa iz srca netaknute prirode. Livadni med koji proizvode na\u0161e p\u010dele, je jedinstveni med koji slavi raznolikost cvije\u0107a okolnih livada.\" \/>\n<meta property=\"og:url\" content=\"https:\/\/beepower.hr\/en\/product\/livadni-med-450g\/\" \/>\n<meta property=\"og:site_name\" content=\"P\u010delinji proizvodi - Bee Power\" \/>\n<meta property=\"article:modified_time\" content=\"2025-07-17T09:36:56+00:00\" \/>\n<meta property=\"og:image\" content=\"https:\/\/beepower.hr\/wp-content\/uploads\/2024\/04\/Snimka-zaslona-2023-12-30-164630.png\" \/>\n\t<meta property=\"og:image:width\" content=\"664\" \/>\n\t<meta property=\"og:image:height\" content=\"708\" \/>\n\t<meta property=\"og:image:type\" content=\"image\/png\" \/>\n<meta name=\"twitter:label1\" content=\"Est. reading time\" \/>\n\t<meta name=\"twitter:data1\" content=\"2 minutes\" \/>\n<script type=\"application\/ld+json\" class=\"yoast-schema-graph\">{\"@context\":\"https:\\\/\\\/schema.org\",\"@graph\":[{\"@type\":\"WebPage\",\"@id\":\"https:\\\/\\\/beepower.hr\\\/product\\\/livadni-med-450g\\\/\",\"url\":\"https:\\\/\\\/beepower.hr\\\/product\\\/livadni-med-450g\\\/\",\"name\":\"Livadni med 450g - P\u010delinji proizvodi - Bee Power\",\"isPartOf\":{\"@id\":\"https:\\\/\\\/beepower.hr\\\/#website\"},\"primaryImageOfPage\":{\"@id\":\"https:\\\/\\\/beepower.hr\\\/product\\\/livadni-med-450g\\\/#primaryimage\"},\"image\":{\"@id\":\"https:\\\/\\\/beepower.hr\\\/product\\\/livadni-med-450g\\\/#primaryimage\"},\"thumbnailUrl\":\"https:\\\/\\\/beepower.hr\\\/wp-content\\\/uploads\\\/2024\\\/04\\\/Snimka-zaslona-2023-12-30-164630.png\",\"datePublished\":\"2025-03-26T15:52:28+00:00\",\"dateModified\":\"2025-07-17T09:36:56+00:00\",\"description\":\"Za Livadni med na\u0161i kupci tvrde da je \u0161arolika simfonija okusa iz srca netaknute prirode. Livadni med koji proizvode na\u0161e p\u010dele, je jedinstveni med koji slavi raznolikost cvije\u0107a okolnih livada.\",\"breadcrumb\":{\"@id\":\"https:\\\/\\\/beepower.hr\\\/product\\\/livadni-med-450g\\\/#breadcrumb\"},\"inLanguage\":\"en-US\",\"potentialAction\":[{\"@type\":\"ReadAction\",\"target\":[\"https:\\\/\\\/beepower.hr\\\/product\\\/livadni-med-450g\\\/\"]}]},{\"@type\":\"ImageObject\",\"inLanguage\":\"en-US\",\"@id\":\"https:\\\/\\\/beepower.hr\\\/product\\\/livadni-med-450g\\\/#primaryimage\",\"url\":\"https:\\\/\\\/beepower.hr\\\/wp-content\\\/uploads\\\/2024\\\/04\\\/Snimka-zaslona-2023-12-30-164630.png\",\"contentUrl\":\"https:\\\/\\\/beepower.hr\\\/wp-content\\\/uploads\\\/2024\\\/04\\\/Snimka-zaslona-2023-12-30-164630.png\",\"width\":664,\"height\":708,\"caption\":\"Bee Power med bagrema\"},{\"@type\":\"BreadcrumbList\",\"@id\":\"https:\\\/\\\/beepower.hr\\\/product\\\/livadni-med-450g\\\/#breadcrumb\",\"itemListElement\":[{\"@type\":\"ListItem\",\"position\":1,\"name\":\"Naslovna\",\"item\":\"https:\\\/\\\/beepower.hr\\\/\"},{\"@type\":\"ListItem\",\"position\":2,\"name\":\"Shop\",\"item\":\"https:\\\/\\\/beepower.hr\\\/shop\\\/\"},{\"@type\":\"ListItem\",\"position\":3,\"name\":\"Livadni med 450g\"}]},{\"@type\":\"WebSite\",\"@id\":\"https:\\\/\\\/beepower.hr\\\/#website\",\"url\":\"https:\\\/\\\/beepower.hr\\\/\",\"name\":\"P\u010delinji proizvodi - Bee Power\",\"description\":\"Bee Power - snaga p\u010dela, najsla\u0111e blago prirode\",\"potentialAction\":[{\"@type\":\"SearchAction\",\"target\":{\"@type\":\"EntryPoint\",\"urlTemplate\":\"https:\\\/\\\/beepower.hr\\\/?s={search_term_string}\"},\"query-input\":{\"@type\":\"PropertyValueSpecification\",\"valueRequired\":true,\"valueName\":\"search_term_string\"}}],\"inLanguage\":\"en-US\"}]}<\/script>\n<!-- \/ Yoast SEO plugin. -->","yoast_head_json":{"title":"Livadni med 450g - P\u010delinji proizvodi - Bee Power","description":"Za Livadni med na\u0161i kupci tvrde da je \u0161arolika simfonija okusa iz srca netaknute prirode. Livadni med koji proizvode na\u0161e p\u010dele, je jedinstveni med koji slavi raznolikost cvije\u0107a okolnih livada.","robots":{"index":"index","follow":"follow","max-snippet":"max-snippet:-1","max-image-preview":"max-image-preview:large","max-video-preview":"max-video-preview:-1"},"canonical":"https:\/\/beepower.hr\/en\/product\/livadni-med-450g\/","og_locale":"en_US","og_type":"article","og_title":"Livadni med 450g - P\u010delinji proizvodi - Bee Power","og_description":"Za Livadni med na\u0161i kupci tvrde da je \u0161arolika simfonija okusa iz srca netaknute prirode. Livadni med koji proizvode na\u0161e p\u010dele, je jedinstveni med koji slavi raznolikost cvije\u0107a okolnih livada.","og_url":"https:\/\/beepower.hr\/en\/product\/livadni-med-450g\/","og_site_name":"P\u010delinji proizvodi - Bee Power","article_modified_time":"2025-07-17T09:36:56+00:00","og_image":[{"width":664,"height":708,"url":"https:\/\/beepower.hr\/wp-content\/uploads\/2024\/04\/Snimka-zaslona-2023-12-30-164630.png","type":"image\/png"}],"twitter_misc":{"Est. reading time":"2 minutes"},"schema":{"@context":"https:\/\/schema.org","@graph":[{"@type":"WebPage","@id":"https:\/\/beepower.hr\/product\/livadni-med-450g\/","url":"https:\/\/beepower.hr\/product\/livadni-med-450g\/","name":"Livadni med 450g - P\u010delinji proizvodi - Bee Power","isPartOf":{"@id":"https:\/\/beepower.hr\/#website"},"primaryImageOfPage":{"@id":"https:\/\/beepower.hr\/product\/livadni-med-450g\/#primaryimage"},"image":{"@id":"https:\/\/beepower.hr\/product\/livadni-med-450g\/#primaryimage"},"thumbnailUrl":"https:\/\/beepower.hr\/wp-content\/uploads\/2024\/04\/Snimka-zaslona-2023-12-30-164630.png","datePublished":"2025-03-26T15:52:28+00:00","dateModified":"2025-07-17T09:36:56+00:00","description":"Za Livadni med na\u0161i kupci tvrde da je \u0161arolika simfonija okusa iz srca netaknute prirode. Livadni med koji proizvode na\u0161e p\u010dele, je jedinstveni med koji slavi raznolikost cvije\u0107a okolnih livada.","breadcrumb":{"@id":"https:\/\/beepower.hr\/product\/livadni-med-450g\/#breadcrumb"},"inLanguage":"en-US","potentialAction":[{"@type":"ReadAction","target":["https:\/\/beepower.hr\/product\/livadni-med-450g\/"]}]},{"@type":"ImageObject","inLanguage":"en-US","@id":"https:\/\/beepower.hr\/product\/livadni-med-450g\/#primaryimage","url":"https:\/\/beepower.hr\/wp-content\/uploads\/2024\/04\/Snimka-zaslona-2023-12-30-164630.png","contentUrl":"https:\/\/beepower.hr\/wp-content\/uploads\/2024\/04\/Snimka-zaslona-2023-12-30-164630.png","width":664,"height":708,"caption":"Bee Power med bagrema"},{"@type":"BreadcrumbList","@id":"https:\/\/beepower.hr\/product\/livadni-med-450g\/#breadcrumb","itemListElement":[{"@type":"ListItem","position":1,"name":"Naslovna","item":"https:\/\/beepower.hr\/"},{"@type":"ListItem","position":2,"name":"Shop","item":"https:\/\/beepower.hr\/shop\/"},{"@type":"ListItem","position":3,"name":"Livadni med 450g"}]},{"@type":"WebSite","@id":"https:\/\/beepower.hr\/#website","url":"https:\/\/beepower.hr\/","name":"P\u010delinji proizvodi - Bee Power","description":"Bee Power - snaga p\u010dela, najsla\u0111e blago prirode","potentialAction":[{"@type":"SearchAction","target":{"@type":"EntryPoint","urlTemplate":"https:\/\/beepower.hr\/?s={search_term_string}"},"query-input":{"@type":"PropertyValueSpecification","valueRequired":true,"valueName":"search_term_string"}}],"inLanguage":"en-US"}]}},"_links":{"self":[{"href":"https:\/\/beepower.hr\/en\/wp-json\/wp\/v2\/product\/1125","targetHints":{"allow":["GET"]}}],"collection":[{"href":"https:\/\/beepower.hr\/en\/wp-json\/wp\/v2\/product"}],"about":[{"href":"https:\/\/beepower.hr\/en\/wp-json\/wp\/v2\/types\/product"}],"wp:featuredmedia":[{"embeddable":true,"href":"https:\/\/beepower.hr\/en\/wp-json\/wp\/v2\/media\/728"}],"wp:attachment":[{"href":"https:\/\/beepower.hr\/en\/wp-json\/wp\/v2\/media?parent=1125"}],"wp:term":[{"taxonomy":"product_brand","embeddable":true,"href":"https:\/\/beepower.hr\/en\/wp-json\/wp\/v2\/product_brand?post=1125"},{"taxonomy":"product_cat","embeddable":true,"href":"https:\/\/beepower.hr\/en\/wp-json\/wp\/v2\/product_cat?post=1125"},{"taxonomy":"product_tag","embeddable":true,"href":"https:\/\/beepower.hr\/en\/wp-json\/wp\/v2\/product_tag?post=1125"}],"curies":[{"name":"wp","href":"https:\/\/api.w.org\/{rel}","templated":true}]}}