{"id":1128,"date":"2025-03-26T17:02:33","date_gmt":"2025-03-26T16:02:33","guid":{"rendered":"https:\/\/beepower.hr\/?post_type=product&#038;p=1128"},"modified":"2025-07-17T11:14:27","modified_gmt":"2025-07-17T09:14:27","slug":"kestenov-med-250g","status":"publish","type":"product","link":"https:\/\/beepower.hr\/en\/product\/kestenov-med-250g\/","title":{"rendered":"Chestnut honey 250g"},"content":{"rendered":"<p><span>\u00a0 \u00a0 \u00a0 \u00a0 \u00a0 \u00a0 \u00a0 \u00a0 \u00a0 \u00a0 Photograph for illustration purposes only. Minor differences in color and dimensions are possible.<\/span><\/p>\n<p>Chesnut honey has a strong, aromatic and slightly bitter taste. It is rich in pollen, mineral salts and tannin, with high content of fructose that resists crystalization and relatively low acidity. In our area, chesnut honey is dark red in color, sometimes with amber shades. It has an aromatic, specifically sharp herbal color and taste and it is slightly tannic because of the presence of tannis in chesnut wood. The taste is unique, not too sweet, almost bitter and very persistent. It is highly valued among the people who like strong honey that is not too sweet.<\/p>\n<p>Chesnut honey helps with disorders of the digestive system and has a positive effect on stomach ulcers, bacteria in the urinary canal, as well as against acid and heartburn. Due to its aroma, chesnut honey is extremely suitable for making homemade cakes like gingerbread, due to its specific aroma.<\/p>\n<div class=\"sc_price_block sc_price_block_style_1 scheme_original alignright\"><div class=\"sc_price_block_money\"><div class=\"sc_price\"><span class=\"sc_price_currency\">\u20ac<\/span><span class=\"sc_price_money\">20<\/span><\/div><\/div><\/div>FREE DELIVERY FOR ORDERS OVER 20,00 EURO FOR:<\/p>\n<p>GRAD VARA\u017dDIN<br \/>\nNEDELJANEC<br \/>\nGOJANEC<br \/>\nJALKOVEC<br \/>\nVIDOVEC<br \/>\nTU\u017dNO<br \/>\nCERJE TU\u017dNO<br \/>\n\u010cRE\u0160NJEVO<br \/>\nBERETINEC<br \/>\nCERJE NEBOJSE<br \/>\nKRKANEC<br \/>\nTUR\u010cIN<br \/>\nGORNJI KNEGINEC<br \/>\nKU\u010cAN MAROF<br \/>\nKU\u010cAN GORNJI<br \/>\nKU\u010cAN DONJI<br \/>\nHRA\u0160\u010cICA<br \/>\nSRA\u010cINEC<\/p>","protected":false},"excerpt":{"rendered":"<p>Chesnut honey has a strong, aromatic and slightly bitter taste. It is rich in pollen, mineral salts and tannin, with high content of fructose that resists crystalization and relatively low acidity. In our area, chesnut honey is dark red in color, sometimes with amber shades. It has an aromatic, specifically sharp herbal color and taste and it is slightly tannic because of the presence of tannis in chesnut wood. The taste is unique, not too sweet, almost bitter and very persistent. It is highly valued among the people who like strong honey that is not too sweet.<\/p>\n<p>Chesnut honey helps with disorders of the digestive system and has a positive effect on stomach ulcers, bacteria in the urinary canal, as well as against acid and heartburn. Due to its aroma, chesnut honey is extremely suitable for making homemade cakes like gingerbread, due to its specific aroma.<\/p>\n<div class=\"sc_price_block sc_price_block_style_1 scheme_original alignright\"><div class=\"sc_price_block_money\"><div class=\"sc_price\"><span class=\"sc_price_currency\">\u20ac<\/span><span class=\"sc_price_money\">12<\/span><\/div><\/div><\/div>","protected":false},"featured_media":1152,"template":"","meta":{"_monsterinsights_skip_tracking":false,"_monsterinsights_sitenote_active":false,"_monsterinsights_sitenote_note":"","_monsterinsights_sitenote_category":0},"product_brand":[137],"product_cat":[18],"product_tag":[24,25],"class_list":{"0":"post-1128","1":"product","2":"type-product","3":"status-publish","4":"has-post-thumbnail","6":"product_brand-bee-power","7":"product_cat-med","8":"product_tag-prirodno","9":"product_tag-slatko","11":"first","12":"instock","13":"taxable","14":"shipping-taxable","15":"purchasable","16":"product-type-simple"},"yoast_head":"<!-- This site is optimized with the Yoast SEO plugin v27.4 - https:\/\/yoast.com\/product\/yoast-seo-wordpress\/ -->\n<title>Kestenov med 250g - P\u010delinji proizvodi - Bee Power<\/title>\n<meta name=\"description\" content=\"Kestenov med ima jak aromati\u010dan i pomalo gorak okus. Bogat sa peludi, mineralnih soli i tanina, s visokim udjelom fruktoze.\" \/>\n<meta name=\"robots\" content=\"index, follow, max-snippet:-1, max-image-preview:large, max-video-preview:-1\" \/>\n<link rel=\"canonical\" href=\"https:\/\/beepower.hr\/en\/product\/kestenov-med-250g\/\" \/>\n<meta property=\"og:locale\" content=\"en_US\" \/>\n<meta property=\"og:type\" content=\"article\" \/>\n<meta property=\"og:title\" content=\"Kestenov med 250g - P\u010delinji proizvodi - Bee Power\" \/>\n<meta property=\"og:description\" content=\"Kestenov med ima jak aromati\u010dan i pomalo gorak okus. Bogat sa peludi, mineralnih soli i tanina, s visokim udjelom fruktoze.\" \/>\n<meta property=\"og:url\" content=\"https:\/\/beepower.hr\/en\/product\/kestenov-med-250g\/\" \/>\n<meta property=\"og:site_name\" content=\"P\u010delinji proizvodi - Bee Power\" \/>\n<meta property=\"article:modified_time\" content=\"2025-07-17T09:14:27+00:00\" \/>\n<meta property=\"og:image\" content=\"https:\/\/beepower.hr\/wp-content\/uploads\/2025\/03\/20241018_102353.jpg\" \/>\n\t<meta property=\"og:image:width\" content=\"1133\" \/>\n\t<meta property=\"og:image:height\" content=\"850\" \/>\n\t<meta property=\"og:image:type\" content=\"image\/jpeg\" \/>\n<meta name=\"twitter:label1\" content=\"Est. reading time\" \/>\n\t<meta name=\"twitter:data1\" content=\"2 minutes\" \/>\n<script type=\"application\/ld+json\" class=\"yoast-schema-graph\">{\"@context\":\"https:\\\/\\\/schema.org\",\"@graph\":[{\"@type\":\"WebPage\",\"@id\":\"https:\\\/\\\/beepower.hr\\\/product\\\/kestenov-med-250g\\\/\",\"url\":\"https:\\\/\\\/beepower.hr\\\/product\\\/kestenov-med-250g\\\/\",\"name\":\"Kestenov med 250g - P\u010delinji proizvodi - Bee Power\",\"isPartOf\":{\"@id\":\"https:\\\/\\\/beepower.hr\\\/#website\"},\"primaryImageOfPage\":{\"@id\":\"https:\\\/\\\/beepower.hr\\\/product\\\/kestenov-med-250g\\\/#primaryimage\"},\"image\":{\"@id\":\"https:\\\/\\\/beepower.hr\\\/product\\\/kestenov-med-250g\\\/#primaryimage\"},\"thumbnailUrl\":\"https:\\\/\\\/beepower.hr\\\/wp-content\\\/uploads\\\/2025\\\/03\\\/20241018_102353.jpg\",\"datePublished\":\"2025-03-26T16:02:33+00:00\",\"dateModified\":\"2025-07-17T09:14:27+00:00\",\"description\":\"Kestenov med ima jak aromati\u010dan i pomalo gorak okus. Bogat sa peludi, mineralnih soli i tanina, s visokim udjelom fruktoze.\",\"breadcrumb\":{\"@id\":\"https:\\\/\\\/beepower.hr\\\/product\\\/kestenov-med-250g\\\/#breadcrumb\"},\"inLanguage\":\"en-US\",\"potentialAction\":[{\"@type\":\"ReadAction\",\"target\":[\"https:\\\/\\\/beepower.hr\\\/product\\\/kestenov-med-250g\\\/\"]}]},{\"@type\":\"ImageObject\",\"inLanguage\":\"en-US\",\"@id\":\"https:\\\/\\\/beepower.hr\\\/product\\\/kestenov-med-250g\\\/#primaryimage\",\"url\":\"https:\\\/\\\/beepower.hr\\\/wp-content\\\/uploads\\\/2025\\\/03\\\/20241018_102353.jpg\",\"contentUrl\":\"https:\\\/\\\/beepower.hr\\\/wp-content\\\/uploads\\\/2025\\\/03\\\/20241018_102353.jpg\",\"width\":1133,\"height\":850,\"caption\":\"Bee Power med od kestena\"},{\"@type\":\"BreadcrumbList\",\"@id\":\"https:\\\/\\\/beepower.hr\\\/product\\\/kestenov-med-250g\\\/#breadcrumb\",\"itemListElement\":[{\"@type\":\"ListItem\",\"position\":1,\"name\":\"Naslovna\",\"item\":\"https:\\\/\\\/beepower.hr\\\/\"},{\"@type\":\"ListItem\",\"position\":2,\"name\":\"Shop\",\"item\":\"https:\\\/\\\/beepower.hr\\\/shop\\\/\"},{\"@type\":\"ListItem\",\"position\":3,\"name\":\"Kestenov med 250g\"}]},{\"@type\":\"WebSite\",\"@id\":\"https:\\\/\\\/beepower.hr\\\/#website\",\"url\":\"https:\\\/\\\/beepower.hr\\\/\",\"name\":\"P\u010delinji proizvodi - Bee Power\",\"description\":\"Bee Power - snaga p\u010dela, najsla\u0111e blago prirode\",\"potentialAction\":[{\"@type\":\"SearchAction\",\"target\":{\"@type\":\"EntryPoint\",\"urlTemplate\":\"https:\\\/\\\/beepower.hr\\\/?s={search_term_string}\"},\"query-input\":{\"@type\":\"PropertyValueSpecification\",\"valueRequired\":true,\"valueName\":\"search_term_string\"}}],\"inLanguage\":\"en-US\"}]}<\/script>\n<!-- \/ Yoast SEO plugin. -->","yoast_head_json":{"title":"Kestenov med 250g - P\u010delinji proizvodi - Bee Power","description":"Kestenov med ima jak aromati\u010dan i pomalo gorak okus. Bogat sa peludi, mineralnih soli i tanina, s visokim udjelom fruktoze.","robots":{"index":"index","follow":"follow","max-snippet":"max-snippet:-1","max-image-preview":"max-image-preview:large","max-video-preview":"max-video-preview:-1"},"canonical":"https:\/\/beepower.hr\/en\/product\/kestenov-med-250g\/","og_locale":"en_US","og_type":"article","og_title":"Kestenov med 250g - P\u010delinji proizvodi - Bee Power","og_description":"Kestenov med ima jak aromati\u010dan i pomalo gorak okus. Bogat sa peludi, mineralnih soli i tanina, s visokim udjelom fruktoze.","og_url":"https:\/\/beepower.hr\/en\/product\/kestenov-med-250g\/","og_site_name":"P\u010delinji proizvodi - Bee Power","article_modified_time":"2025-07-17T09:14:27+00:00","og_image":[{"width":1133,"height":850,"url":"https:\/\/beepower.hr\/wp-content\/uploads\/2025\/03\/20241018_102353.jpg","type":"image\/jpeg"}],"twitter_misc":{"Est. reading time":"2 minutes"},"schema":{"@context":"https:\/\/schema.org","@graph":[{"@type":"WebPage","@id":"https:\/\/beepower.hr\/product\/kestenov-med-250g\/","url":"https:\/\/beepower.hr\/product\/kestenov-med-250g\/","name":"Kestenov med 250g - P\u010delinji proizvodi - Bee Power","isPartOf":{"@id":"https:\/\/beepower.hr\/#website"},"primaryImageOfPage":{"@id":"https:\/\/beepower.hr\/product\/kestenov-med-250g\/#primaryimage"},"image":{"@id":"https:\/\/beepower.hr\/product\/kestenov-med-250g\/#primaryimage"},"thumbnailUrl":"https:\/\/beepower.hr\/wp-content\/uploads\/2025\/03\/20241018_102353.jpg","datePublished":"2025-03-26T16:02:33+00:00","dateModified":"2025-07-17T09:14:27+00:00","description":"Kestenov med ima jak aromati\u010dan i pomalo gorak okus. Bogat sa peludi, mineralnih soli i tanina, s visokim udjelom fruktoze.","breadcrumb":{"@id":"https:\/\/beepower.hr\/product\/kestenov-med-250g\/#breadcrumb"},"inLanguage":"en-US","potentialAction":[{"@type":"ReadAction","target":["https:\/\/beepower.hr\/product\/kestenov-med-250g\/"]}]},{"@type":"ImageObject","inLanguage":"en-US","@id":"https:\/\/beepower.hr\/product\/kestenov-med-250g\/#primaryimage","url":"https:\/\/beepower.hr\/wp-content\/uploads\/2025\/03\/20241018_102353.jpg","contentUrl":"https:\/\/beepower.hr\/wp-content\/uploads\/2025\/03\/20241018_102353.jpg","width":1133,"height":850,"caption":"Bee Power med od kestena"},{"@type":"BreadcrumbList","@id":"https:\/\/beepower.hr\/product\/kestenov-med-250g\/#breadcrumb","itemListElement":[{"@type":"ListItem","position":1,"name":"Naslovna","item":"https:\/\/beepower.hr\/"},{"@type":"ListItem","position":2,"name":"Shop","item":"https:\/\/beepower.hr\/shop\/"},{"@type":"ListItem","position":3,"name":"Kestenov med 250g"}]},{"@type":"WebSite","@id":"https:\/\/beepower.hr\/#website","url":"https:\/\/beepower.hr\/","name":"P\u010delinji proizvodi - Bee Power","description":"Bee Power - snaga p\u010dela, najsla\u0111e blago prirode","potentialAction":[{"@type":"SearchAction","target":{"@type":"EntryPoint","urlTemplate":"https:\/\/beepower.hr\/?s={search_term_string}"},"query-input":{"@type":"PropertyValueSpecification","valueRequired":true,"valueName":"search_term_string"}}],"inLanguage":"en-US"}]}},"_links":{"self":[{"href":"https:\/\/beepower.hr\/en\/wp-json\/wp\/v2\/product\/1128","targetHints":{"allow":["GET"]}}],"collection":[{"href":"https:\/\/beepower.hr\/en\/wp-json\/wp\/v2\/product"}],"about":[{"href":"https:\/\/beepower.hr\/en\/wp-json\/wp\/v2\/types\/product"}],"wp:featuredmedia":[{"embeddable":true,"href":"https:\/\/beepower.hr\/en\/wp-json\/wp\/v2\/media\/1152"}],"wp:attachment":[{"href":"https:\/\/beepower.hr\/en\/wp-json\/wp\/v2\/media?parent=1128"}],"wp:term":[{"taxonomy":"product_brand","embeddable":true,"href":"https:\/\/beepower.hr\/en\/wp-json\/wp\/v2\/product_brand?post=1128"},{"taxonomy":"product_cat","embeddable":true,"href":"https:\/\/beepower.hr\/en\/wp-json\/wp\/v2\/product_cat?post=1128"},{"taxonomy":"product_tag","embeddable":true,"href":"https:\/\/beepower.hr\/en\/wp-json\/wp\/v2\/product_tag?post=1128"}],"curies":[{"name":"wp","href":"https:\/\/api.w.org\/{rel}","templated":true}]}}