{"id":1136,"date":"2025-03-26T17:33:02","date_gmt":"2025-03-26T16:33:02","guid":{"rendered":"https:\/\/beepower.hr\/?post_type=product&#038;p=1136"},"modified":"2025-07-15T16:58:35","modified_gmt":"2025-07-15T14:58:35","slug":"bagremov-med-medo-250g","status":"publish","type":"product","link":"https:\/\/beepower.hr\/en\/product\/bagremov-med-medo-250g\/","title":{"rendered":"Acacia honey Bear 250g"},"content":{"rendered":"<p><span>\u00a0 \u00a0 \u00a0 \u00a0 \u00a0 \u00a0 \u00a0 Photograph for illustration purposes only. Minor differences in color and dimensions are possible.<\/span><\/p>\n<p>Acacia honey is an excellent honey that is very light and almost transparent color, known for its mild and floral taste, which is why it is highly valued. This honey is made by bees collecting nectar from the acacia flower (Robinia pseudoacacia).  Acacia trees bloom in spring, and bees diligently collect its sweet nectar. The result is honey of an almost transparent color, which when the bees collect in our apiaries, sometimes can have yellowish and greenish reflection.<\/p>\n<p>This honey is known for its mild and light taste. It has a delicate floral aroma with hint of fruit and flowers. Unlike other types of honey, which can be yellowish or spicy, acacia honey leaves a clean and pleasant feeling on the palate.<\/p>\n<p>Acacia honey is known to crystallize very slowly. It can take up to a year or more before you start to see forming of tiny crystal grains. Even after crystalliation, honey retains its smooth texture and fantastic taste.<\/p>\n<p><strong>What makes it special?<\/strong><\/p>\n<p><strong>Mild and light taste:<\/strong>\u00a0it is excellent for those who prefer milder honeys<br \/>\n<strong>High fructose:<\/strong>\u00a0due to its high fructose content, acacia honey tends to crystallize more slowly than some other types of honey.<br \/>\n<strong>Natural sweetener:<\/strong>\u00a0It is a fantastic sugar substitute for tea, yogurt or as an addition to baking.<br \/>\n<strong>Rich in nutrients:<\/strong>\u00a0Like all types of honey, acacia honey contains vitamins, minerals and antioxidants.<\/p>\n<p>How to enyoj acacia honey? Enjoy the richness of acacia honey in contless ways.<\/p>\n<p>Spread it on toast for simple and delicious breakfast. Add it to yogurt, oatmeal or your smoothie. Use it as a natural sweetener in your tea or drink. Experiment with it in baking and desserts to add a floral note. Regardless of how you choose to enjoy it, acacia honey will satisfy your taste buds and give you the sweet pleasure of nature.<\/p>\n<div class=\"sc_price\"><span class=\"sc_price_currency\">\u20ac<\/span><span class=\"sc_price_money\">20<\/span><\/div>FREE DELIVERY FOR ORDERS OVER 20,00 EURO FOR:<\/p>\n<ul>\n<li>GRAD VARA\u017dDIN<\/li>\n<li>NEDELJANEC<\/li>\n<li>GOJANEC<\/li>\n<li>JALKOVEC<\/li>\n<li>VIDOVEC<\/li>\n<li>TU\u017dNO<\/li>\n<li>CERJE TU\u017dNO<\/li>\n<li>\u010cRE\u0160NJEVO<\/li>\n<li>BERETINEC<\/li>\n<li>CERJE NEBOJSE<\/li>\n<li>KRKANEC<\/li>\n<li>TUR\u010cIN<\/li>\n<li>GORNJI KNEGINEC<\/li>\n<li>KU\u010cAN MAROF<\/li>\n<li>KU\u010cAN GORNJI<\/li>\n<li>KU\u010cAN DONJI<\/li>\n<li>HRA\u0160\u010cICA<\/li>\n<li>SRA\u010cINEC<\/li>\n<\/ul>","protected":false},"excerpt":{"rendered":"<p>Acacia honey is an excellent honey that is very light and almost transparent color, known for its mild and floral taste, which is why it is highly valued. This honey is made by bees collecting nectar from the acacia flower (Robinia pseudoacacia).  Acacia trees bloom in spring, and bees diligently collect its sweet nectar. The result is honey of an almost transparent color, which when the bees collect in our apiaries, sometimes can have yellowish and greenish reflection.<\/p>\n<div class=\"sc_price\"><span class=\"sc_price_currency\">\u20ac<\/span><span class=\"sc_price_money\">10<\/span><\/div>","protected":false},"featured_media":1137,"template":"","meta":{"_monsterinsights_skip_tracking":false,"_monsterinsights_sitenote_active":false,"_monsterinsights_sitenote_note":"","_monsterinsights_sitenote_category":0},"product_brand":[137],"product_cat":[18],"product_tag":[24,25],"class_list":{"0":"post-1136","1":"product","2":"type-product","3":"status-publish","4":"has-post-thumbnail","6":"product_brand-bee-power","7":"product_cat-med","8":"product_tag-prirodno","9":"product_tag-slatko","11":"first","12":"instock","13":"taxable","14":"shipping-taxable","15":"purchasable","16":"product-type-simple"},"yoast_head":"<!-- This site is optimized with the Yoast SEO plugin v27.4 - https:\/\/yoast.com\/product\/yoast-seo-wordpress\/ -->\n<title>Bagremov med Medo 250g - P\u010delinji proizvodi - Bee Power<\/title>\n<meta name=\"description\" content=\"Bagremov med, ili kako ga jo\u0161 zovu akacijev med, je izvrstan med vrlo svijetle gotovo prozirne boje, poznat po svom blagom i floralnom okusu.\" \/>\n<meta name=\"robots\" content=\"index, follow, max-snippet:-1, max-image-preview:large, max-video-preview:-1\" \/>\n<link rel=\"canonical\" href=\"https:\/\/beepower.hr\/en\/product\/bagremov-med-medo-250g\/\" \/>\n<meta property=\"og:locale\" content=\"en_US\" \/>\n<meta property=\"og:type\" content=\"article\" \/>\n<meta property=\"og:title\" content=\"Bagremov med Medo 250g - P\u010delinji proizvodi - Bee Power\" \/>\n<meta property=\"og:description\" content=\"Bagremov med, ili kako ga jo\u0161 zovu akacijev med, je izvrstan med vrlo svijetle gotovo prozirne boje, poznat po svom blagom i floralnom okusu.\" \/>\n<meta property=\"og:url\" content=\"https:\/\/beepower.hr\/en\/product\/bagremov-med-medo-250g\/\" \/>\n<meta property=\"og:site_name\" content=\"P\u010delinji proizvodi - Bee Power\" \/>\n<meta property=\"article:modified_time\" content=\"2025-07-15T14:58:35+00:00\" \/>\n<meta property=\"og:image\" content=\"https:\/\/beepower.hr\/wp-content\/uploads\/2025\/03\/medo-med.jpg\" \/>\n\t<meta property=\"og:image:width\" content=\"1062\" \/>\n\t<meta property=\"og:image:height\" content=\"850\" \/>\n\t<meta property=\"og:image:type\" content=\"image\/jpeg\" \/>\n<meta name=\"twitter:label1\" content=\"Est. reading time\" \/>\n\t<meta name=\"twitter:data1\" content=\"3 minutes\" \/>\n<script type=\"application\/ld+json\" class=\"yoast-schema-graph\">{\"@context\":\"https:\\\/\\\/schema.org\",\"@graph\":[{\"@type\":\"WebPage\",\"@id\":\"https:\\\/\\\/beepower.hr\\\/product\\\/bagremov-med-medo-250g\\\/\",\"url\":\"https:\\\/\\\/beepower.hr\\\/product\\\/bagremov-med-medo-250g\\\/\",\"name\":\"Bagremov med Medo 250g - P\u010delinji proizvodi - Bee Power\",\"isPartOf\":{\"@id\":\"https:\\\/\\\/beepower.hr\\\/#website\"},\"primaryImageOfPage\":{\"@id\":\"https:\\\/\\\/beepower.hr\\\/product\\\/bagremov-med-medo-250g\\\/#primaryimage\"},\"image\":{\"@id\":\"https:\\\/\\\/beepower.hr\\\/product\\\/bagremov-med-medo-250g\\\/#primaryimage\"},\"thumbnailUrl\":\"https:\\\/\\\/beepower.hr\\\/wp-content\\\/uploads\\\/2025\\\/03\\\/medo-med.jpg\",\"datePublished\":\"2025-03-26T16:33:02+00:00\",\"dateModified\":\"2025-07-15T14:58:35+00:00\",\"description\":\"Bagremov med, ili kako ga jo\u0161 zovu akacijev med, je izvrstan med vrlo svijetle gotovo prozirne boje, poznat po svom blagom i floralnom okusu.\",\"breadcrumb\":{\"@id\":\"https:\\\/\\\/beepower.hr\\\/product\\\/bagremov-med-medo-250g\\\/#breadcrumb\"},\"inLanguage\":\"en-US\",\"potentialAction\":[{\"@type\":\"ReadAction\",\"target\":[\"https:\\\/\\\/beepower.hr\\\/product\\\/bagremov-med-medo-250g\\\/\"]}]},{\"@type\":\"ImageObject\",\"inLanguage\":\"en-US\",\"@id\":\"https:\\\/\\\/beepower.hr\\\/product\\\/bagremov-med-medo-250g\\\/#primaryimage\",\"url\":\"https:\\\/\\\/beepower.hr\\\/wp-content\\\/uploads\\\/2025\\\/03\\\/medo-med.jpg\",\"contentUrl\":\"https:\\\/\\\/beepower.hr\\\/wp-content\\\/uploads\\\/2025\\\/03\\\/medo-med.jpg\",\"width\":1062,\"height\":850,\"caption\":\"Medo med bagrem\"},{\"@type\":\"BreadcrumbList\",\"@id\":\"https:\\\/\\\/beepower.hr\\\/product\\\/bagremov-med-medo-250g\\\/#breadcrumb\",\"itemListElement\":[{\"@type\":\"ListItem\",\"position\":1,\"name\":\"Naslovna\",\"item\":\"https:\\\/\\\/beepower.hr\\\/\"},{\"@type\":\"ListItem\",\"position\":2,\"name\":\"Shop\",\"item\":\"https:\\\/\\\/beepower.hr\\\/shop\\\/\"},{\"@type\":\"ListItem\",\"position\":3,\"name\":\"Bagremov med Medo 250g\"}]},{\"@type\":\"WebSite\",\"@id\":\"https:\\\/\\\/beepower.hr\\\/#website\",\"url\":\"https:\\\/\\\/beepower.hr\\\/\",\"name\":\"P\u010delinji proizvodi - Bee Power\",\"description\":\"Bee Power - snaga p\u010dela, najsla\u0111e blago prirode\",\"potentialAction\":[{\"@type\":\"SearchAction\",\"target\":{\"@type\":\"EntryPoint\",\"urlTemplate\":\"https:\\\/\\\/beepower.hr\\\/?s={search_term_string}\"},\"query-input\":{\"@type\":\"PropertyValueSpecification\",\"valueRequired\":true,\"valueName\":\"search_term_string\"}}],\"inLanguage\":\"en-US\"}]}<\/script>\n<!-- \/ Yoast SEO plugin. -->","yoast_head_json":{"title":"Bagremov med Medo 250g - P\u010delinji proizvodi - Bee Power","description":"Bagremov med, ili kako ga jo\u0161 zovu akacijev med, je izvrstan med vrlo svijetle gotovo prozirne boje, poznat po svom blagom i floralnom okusu.","robots":{"index":"index","follow":"follow","max-snippet":"max-snippet:-1","max-image-preview":"max-image-preview:large","max-video-preview":"max-video-preview:-1"},"canonical":"https:\/\/beepower.hr\/en\/product\/bagremov-med-medo-250g\/","og_locale":"en_US","og_type":"article","og_title":"Bagremov med Medo 250g - P\u010delinji proizvodi - Bee Power","og_description":"Bagremov med, ili kako ga jo\u0161 zovu akacijev med, je izvrstan med vrlo svijetle gotovo prozirne boje, poznat po svom blagom i floralnom okusu.","og_url":"https:\/\/beepower.hr\/en\/product\/bagremov-med-medo-250g\/","og_site_name":"P\u010delinji proizvodi - Bee Power","article_modified_time":"2025-07-15T14:58:35+00:00","og_image":[{"width":1062,"height":850,"url":"https:\/\/beepower.hr\/wp-content\/uploads\/2025\/03\/medo-med.jpg","type":"image\/jpeg"}],"twitter_misc":{"Est. reading time":"3 minutes"},"schema":{"@context":"https:\/\/schema.org","@graph":[{"@type":"WebPage","@id":"https:\/\/beepower.hr\/product\/bagremov-med-medo-250g\/","url":"https:\/\/beepower.hr\/product\/bagremov-med-medo-250g\/","name":"Bagremov med Medo 250g - P\u010delinji proizvodi - Bee Power","isPartOf":{"@id":"https:\/\/beepower.hr\/#website"},"primaryImageOfPage":{"@id":"https:\/\/beepower.hr\/product\/bagremov-med-medo-250g\/#primaryimage"},"image":{"@id":"https:\/\/beepower.hr\/product\/bagremov-med-medo-250g\/#primaryimage"},"thumbnailUrl":"https:\/\/beepower.hr\/wp-content\/uploads\/2025\/03\/medo-med.jpg","datePublished":"2025-03-26T16:33:02+00:00","dateModified":"2025-07-15T14:58:35+00:00","description":"Bagremov med, ili kako ga jo\u0161 zovu akacijev med, je izvrstan med vrlo svijetle gotovo prozirne boje, poznat po svom blagom i floralnom okusu.","breadcrumb":{"@id":"https:\/\/beepower.hr\/product\/bagremov-med-medo-250g\/#breadcrumb"},"inLanguage":"en-US","potentialAction":[{"@type":"ReadAction","target":["https:\/\/beepower.hr\/product\/bagremov-med-medo-250g\/"]}]},{"@type":"ImageObject","inLanguage":"en-US","@id":"https:\/\/beepower.hr\/product\/bagremov-med-medo-250g\/#primaryimage","url":"https:\/\/beepower.hr\/wp-content\/uploads\/2025\/03\/medo-med.jpg","contentUrl":"https:\/\/beepower.hr\/wp-content\/uploads\/2025\/03\/medo-med.jpg","width":1062,"height":850,"caption":"Medo med bagrem"},{"@type":"BreadcrumbList","@id":"https:\/\/beepower.hr\/product\/bagremov-med-medo-250g\/#breadcrumb","itemListElement":[{"@type":"ListItem","position":1,"name":"Naslovna","item":"https:\/\/beepower.hr\/"},{"@type":"ListItem","position":2,"name":"Shop","item":"https:\/\/beepower.hr\/shop\/"},{"@type":"ListItem","position":3,"name":"Bagremov med Medo 250g"}]},{"@type":"WebSite","@id":"https:\/\/beepower.hr\/#website","url":"https:\/\/beepower.hr\/","name":"P\u010delinji proizvodi - Bee Power","description":"Bee Power - snaga p\u010dela, najsla\u0111e blago prirode","potentialAction":[{"@type":"SearchAction","target":{"@type":"EntryPoint","urlTemplate":"https:\/\/beepower.hr\/?s={search_term_string}"},"query-input":{"@type":"PropertyValueSpecification","valueRequired":true,"valueName":"search_term_string"}}],"inLanguage":"en-US"}]}},"_links":{"self":[{"href":"https:\/\/beepower.hr\/en\/wp-json\/wp\/v2\/product\/1136","targetHints":{"allow":["GET"]}}],"collection":[{"href":"https:\/\/beepower.hr\/en\/wp-json\/wp\/v2\/product"}],"about":[{"href":"https:\/\/beepower.hr\/en\/wp-json\/wp\/v2\/types\/product"}],"wp:featuredmedia":[{"embeddable":true,"href":"https:\/\/beepower.hr\/en\/wp-json\/wp\/v2\/media\/1137"}],"wp:attachment":[{"href":"https:\/\/beepower.hr\/en\/wp-json\/wp\/v2\/media?parent=1136"}],"wp:term":[{"taxonomy":"product_brand","embeddable":true,"href":"https:\/\/beepower.hr\/en\/wp-json\/wp\/v2\/product_brand?post=1136"},{"taxonomy":"product_cat","embeddable":true,"href":"https:\/\/beepower.hr\/en\/wp-json\/wp\/v2\/product_cat?post=1136"},{"taxonomy":"product_tag","embeddable":true,"href":"https:\/\/beepower.hr\/en\/wp-json\/wp\/v2\/product_tag?post=1136"}],"curies":[{"name":"wp","href":"https:\/\/api.w.org\/{rel}","templated":true}]}}