{"id":1142,"date":"2025-03-28T10:34:09","date_gmt":"2025-03-28T09:34:09","guid":{"rendered":"https:\/\/beepower.hr\/?post_type=product&#038;p=1142"},"modified":"2025-07-17T11:28:47","modified_gmt":"2025-07-17T09:28:47","slug":"med-od-mente-950g","status":"publish","type":"product","link":"https:\/\/beepower.hr\/en\/product\/med-od-mente-950g\/","title":{"rendered":"Honey mint-chestnut 950g"},"content":{"rendered":"<p><span>\u00a0 \u00a0 \u00a0 \u00a0 \u00a0 \u00a0 \u00a0 \u00a0 \u00a0 \u00a0 \u00a0 \u00a0 \u00a0 \u00a0 \u00a0 \u00a0 \u00a0 \u00a0 \u00a0 \u00a0 \u00a0 \u00a0 \u00a0 \u00a0Photograph for illustration purposes only. Minor differences in color and dimensions are possible.\u00a0\u00a0<\/span><\/p>\n<p>A unique combination of mint honey mixed with a little bit of chestnut honey, it has numerous health benefits.<\/p>\n<ol>\n<li>Great for digestion: Mint is known for its ability to soothe an upset stomach and bloating, so mint honey combined with chestnut helps maintain a healthy digestive system.<\/li>\n<li>Supports immunity: Mint has antibacterial and antiviral properties, so mint honey supports immunity by fighting infections in the body. The richness of antioxidants supports the health of the entire body.<\/li>\n<li>Soothes sore throats and coughs: The menthol in mint acts as a natural antiseptic and helps with colds, coughs and sinusitis.<\/li>\n<li>Has an anti-stress effect: Mint has a cooling effect and helps calm the body, so it is ideal for a warm cup of tea before bed.<\/li>\n<li>Helps with oral hygiene: Mint naturally freshens breath, and its antibacterial properties help reduce gum problems.<\/li>\n<\/ol>","protected":false},"excerpt":{"rendered":"<p>A unique combination of mint honey mixed with a little bit of chestnut honey has numerous health benefits while providing a rich mint flavour.<\/p>","protected":false},"featured_media":1143,"template":"","meta":{"_monsterinsights_skip_tracking":false,"_monsterinsights_sitenote_active":false,"_monsterinsights_sitenote_note":"","_monsterinsights_sitenote_category":0},"product_brand":[137],"product_cat":[18],"product_tag":[27,24,25],"class_list":{"0":"post-1142","1":"product","2":"type-product","3":"status-publish","4":"has-post-thumbnail","6":"product_brand-bee-power","7":"product_cat-med","8":"product_tag-med","9":"product_tag-prirodno","10":"product_tag-slatko","12":"first","13":"instock","14":"taxable","15":"shipping-taxable","16":"purchasable","17":"product-type-simple"},"yoast_head":"<!-- This site is optimized with the Yoast SEO plugin v27.4 - https:\/\/yoast.com\/product\/yoast-seo-wordpress\/ -->\n<title>Med menta-kesten 950g - P\u010delinji proizvodi - Bee Power<\/title>\n<meta name=\"description\" content=\"Jedinstvena kombinacija meda od mente pomije\u0161anog sa malo kestenovog meda, ima brojne zdravstvene prednosti dok istovremeno pru\u017ea bogat okus mente.\" \/>\n<meta name=\"robots\" content=\"index, follow, max-snippet:-1, max-image-preview:large, max-video-preview:-1\" \/>\n<link rel=\"canonical\" href=\"https:\/\/beepower.hr\/en\/product\/med-od-mente-950g\/\" \/>\n<meta property=\"og:locale\" content=\"en_US\" \/>\n<meta property=\"og:type\" content=\"article\" \/>\n<meta property=\"og:title\" content=\"Med menta-kesten 950g - P\u010delinji proizvodi - Bee Power\" \/>\n<meta property=\"og:description\" content=\"Jedinstvena kombinacija meda od mente pomije\u0161anog sa malo kestenovog meda, ima brojne zdravstvene prednosti dok istovremeno pru\u017ea bogat okus mente.\" \/>\n<meta property=\"og:url\" content=\"https:\/\/beepower.hr\/en\/product\/med-od-mente-950g\/\" \/>\n<meta property=\"og:site_name\" content=\"P\u010delinji proizvodi - Bee Power\" \/>\n<meta property=\"article:modified_time\" content=\"2025-07-17T09:28:47+00:00\" \/>\n<meta property=\"og:image\" content=\"https:\/\/beepower.hr\/wp-content\/uploads\/2025\/03\/menta.jpg\" \/>\n\t<meta property=\"og:image:width\" content=\"1133\" \/>\n\t<meta property=\"og:image:height\" content=\"850\" \/>\n\t<meta property=\"og:image:type\" content=\"image\/jpeg\" \/>\n<meta name=\"twitter:label1\" content=\"Est. reading time\" \/>\n\t<meta name=\"twitter:data1\" content=\"1 minute\" \/>\n<script type=\"application\/ld+json\" class=\"yoast-schema-graph\">{\"@context\":\"https:\\\/\\\/schema.org\",\"@graph\":[{\"@type\":\"WebPage\",\"@id\":\"https:\\\/\\\/beepower.hr\\\/product\\\/med-od-mente-950g\\\/\",\"url\":\"https:\\\/\\\/beepower.hr\\\/product\\\/med-od-mente-950g\\\/\",\"name\":\"Med menta-kesten 950g - P\u010delinji proizvodi - Bee Power\",\"isPartOf\":{\"@id\":\"https:\\\/\\\/beepower.hr\\\/#website\"},\"primaryImageOfPage\":{\"@id\":\"https:\\\/\\\/beepower.hr\\\/product\\\/med-od-mente-950g\\\/#primaryimage\"},\"image\":{\"@id\":\"https:\\\/\\\/beepower.hr\\\/product\\\/med-od-mente-950g\\\/#primaryimage\"},\"thumbnailUrl\":\"https:\\\/\\\/beepower.hr\\\/wp-content\\\/uploads\\\/2025\\\/03\\\/menta.jpg\",\"datePublished\":\"2025-03-28T09:34:09+00:00\",\"dateModified\":\"2025-07-17T09:28:47+00:00\",\"description\":\"Jedinstvena kombinacija meda od mente pomije\u0161anog sa malo kestenovog meda, ima brojne zdravstvene prednosti dok istovremeno pru\u017ea bogat okus mente.\",\"breadcrumb\":{\"@id\":\"https:\\\/\\\/beepower.hr\\\/product\\\/med-od-mente-950g\\\/#breadcrumb\"},\"inLanguage\":\"en-US\",\"potentialAction\":[{\"@type\":\"ReadAction\",\"target\":[\"https:\\\/\\\/beepower.hr\\\/product\\\/med-od-mente-950g\\\/\"]}]},{\"@type\":\"ImageObject\",\"inLanguage\":\"en-US\",\"@id\":\"https:\\\/\\\/beepower.hr\\\/product\\\/med-od-mente-950g\\\/#primaryimage\",\"url\":\"https:\\\/\\\/beepower.hr\\\/wp-content\\\/uploads\\\/2025\\\/03\\\/menta.jpg\",\"contentUrl\":\"https:\\\/\\\/beepower.hr\\\/wp-content\\\/uploads\\\/2025\\\/03\\\/menta.jpg\",\"width\":1133,\"height\":850,\"caption\":\"Bee Power med od mente\"},{\"@type\":\"BreadcrumbList\",\"@id\":\"https:\\\/\\\/beepower.hr\\\/product\\\/med-od-mente-950g\\\/#breadcrumb\",\"itemListElement\":[{\"@type\":\"ListItem\",\"position\":1,\"name\":\"Naslovna\",\"item\":\"https:\\\/\\\/beepower.hr\\\/\"},{\"@type\":\"ListItem\",\"position\":2,\"name\":\"Shop\",\"item\":\"https:\\\/\\\/beepower.hr\\\/shop\\\/\"},{\"@type\":\"ListItem\",\"position\":3,\"name\":\"Med menta-kesten 950g\"}]},{\"@type\":\"WebSite\",\"@id\":\"https:\\\/\\\/beepower.hr\\\/#website\",\"url\":\"https:\\\/\\\/beepower.hr\\\/\",\"name\":\"P\u010delinji proizvodi - Bee Power\",\"description\":\"Bee Power - snaga p\u010dela, najsla\u0111e blago prirode\",\"potentialAction\":[{\"@type\":\"SearchAction\",\"target\":{\"@type\":\"EntryPoint\",\"urlTemplate\":\"https:\\\/\\\/beepower.hr\\\/?s={search_term_string}\"},\"query-input\":{\"@type\":\"PropertyValueSpecification\",\"valueRequired\":true,\"valueName\":\"search_term_string\"}}],\"inLanguage\":\"en-US\"}]}<\/script>\n<!-- \/ Yoast SEO plugin. -->","yoast_head_json":{"title":"Med menta-kesten 950g - P\u010delinji proizvodi - Bee Power","description":"Jedinstvena kombinacija meda od mente pomije\u0161anog sa malo kestenovog meda, ima brojne zdravstvene prednosti dok istovremeno pru\u017ea bogat okus mente.","robots":{"index":"index","follow":"follow","max-snippet":"max-snippet:-1","max-image-preview":"max-image-preview:large","max-video-preview":"max-video-preview:-1"},"canonical":"https:\/\/beepower.hr\/en\/product\/med-od-mente-950g\/","og_locale":"en_US","og_type":"article","og_title":"Med menta-kesten 950g - P\u010delinji proizvodi - Bee Power","og_description":"Jedinstvena kombinacija meda od mente pomije\u0161anog sa malo kestenovog meda, ima brojne zdravstvene prednosti dok istovremeno pru\u017ea bogat okus mente.","og_url":"https:\/\/beepower.hr\/en\/product\/med-od-mente-950g\/","og_site_name":"P\u010delinji proizvodi - Bee Power","article_modified_time":"2025-07-17T09:28:47+00:00","og_image":[{"width":1133,"height":850,"url":"https:\/\/beepower.hr\/wp-content\/uploads\/2025\/03\/menta.jpg","type":"image\/jpeg"}],"twitter_misc":{"Est. reading time":"1 minute"},"schema":{"@context":"https:\/\/schema.org","@graph":[{"@type":"WebPage","@id":"https:\/\/beepower.hr\/product\/med-od-mente-950g\/","url":"https:\/\/beepower.hr\/product\/med-od-mente-950g\/","name":"Med menta-kesten 950g - P\u010delinji proizvodi - Bee Power","isPartOf":{"@id":"https:\/\/beepower.hr\/#website"},"primaryImageOfPage":{"@id":"https:\/\/beepower.hr\/product\/med-od-mente-950g\/#primaryimage"},"image":{"@id":"https:\/\/beepower.hr\/product\/med-od-mente-950g\/#primaryimage"},"thumbnailUrl":"https:\/\/beepower.hr\/wp-content\/uploads\/2025\/03\/menta.jpg","datePublished":"2025-03-28T09:34:09+00:00","dateModified":"2025-07-17T09:28:47+00:00","description":"Jedinstvena kombinacija meda od mente pomije\u0161anog sa malo kestenovog meda, ima brojne zdravstvene prednosti dok istovremeno pru\u017ea bogat okus mente.","breadcrumb":{"@id":"https:\/\/beepower.hr\/product\/med-od-mente-950g\/#breadcrumb"},"inLanguage":"en-US","potentialAction":[{"@type":"ReadAction","target":["https:\/\/beepower.hr\/product\/med-od-mente-950g\/"]}]},{"@type":"ImageObject","inLanguage":"en-US","@id":"https:\/\/beepower.hr\/product\/med-od-mente-950g\/#primaryimage","url":"https:\/\/beepower.hr\/wp-content\/uploads\/2025\/03\/menta.jpg","contentUrl":"https:\/\/beepower.hr\/wp-content\/uploads\/2025\/03\/menta.jpg","width":1133,"height":850,"caption":"Bee Power med od mente"},{"@type":"BreadcrumbList","@id":"https:\/\/beepower.hr\/product\/med-od-mente-950g\/#breadcrumb","itemListElement":[{"@type":"ListItem","position":1,"name":"Naslovna","item":"https:\/\/beepower.hr\/"},{"@type":"ListItem","position":2,"name":"Shop","item":"https:\/\/beepower.hr\/shop\/"},{"@type":"ListItem","position":3,"name":"Med menta-kesten 950g"}]},{"@type":"WebSite","@id":"https:\/\/beepower.hr\/#website","url":"https:\/\/beepower.hr\/","name":"P\u010delinji proizvodi - Bee Power","description":"Bee Power - snaga p\u010dela, najsla\u0111e blago prirode","potentialAction":[{"@type":"SearchAction","target":{"@type":"EntryPoint","urlTemplate":"https:\/\/beepower.hr\/?s={search_term_string}"},"query-input":{"@type":"PropertyValueSpecification","valueRequired":true,"valueName":"search_term_string"}}],"inLanguage":"en-US"}]}},"_links":{"self":[{"href":"https:\/\/beepower.hr\/en\/wp-json\/wp\/v2\/product\/1142","targetHints":{"allow":["GET"]}}],"collection":[{"href":"https:\/\/beepower.hr\/en\/wp-json\/wp\/v2\/product"}],"about":[{"href":"https:\/\/beepower.hr\/en\/wp-json\/wp\/v2\/types\/product"}],"wp:featuredmedia":[{"embeddable":true,"href":"https:\/\/beepower.hr\/en\/wp-json\/wp\/v2\/media\/1143"}],"wp:attachment":[{"href":"https:\/\/beepower.hr\/en\/wp-json\/wp\/v2\/media?parent=1142"}],"wp:term":[{"taxonomy":"product_brand","embeddable":true,"href":"https:\/\/beepower.hr\/en\/wp-json\/wp\/v2\/product_brand?post=1142"},{"taxonomy":"product_cat","embeddable":true,"href":"https:\/\/beepower.hr\/en\/wp-json\/wp\/v2\/product_cat?post=1142"},{"taxonomy":"product_tag","embeddable":true,"href":"https:\/\/beepower.hr\/en\/wp-json\/wp\/v2\/product_tag?post=1142"}],"curies":[{"name":"wp","href":"https:\/\/api.w.org\/{rel}","templated":true}]}}