{"id":1146,"date":"2025-03-28T13:11:41","date_gmt":"2025-03-28T12:11:41","guid":{"rendered":"https:\/\/beepower.hr\/?post_type=product&#038;p=1146"},"modified":"2025-07-15T15:48:59","modified_gmt":"2025-07-15T13:48:59","slug":"med-s-orasima-370g","status":"publish","type":"product","link":"https:\/\/beepower.hr\/en\/product\/med-s-orasima-370g\/","title":{"rendered":"Honey with walnuts 370g"},"content":{"rendered":"<p><span>\u00a0 \u00a0 \u00a0 \u00a0 \u00a0 \u00a0 \u00a0 \u00a0Photograph for illustration purposes only. Minor differences in color and dimensions are possible.\u00a0\u00a0<\/span><\/p>\n<p>&nbsp;<\/p>\n<p>The synergy of honey and walnuts is a particularly powerful combination beneficial to health, containing a wealth of nutritional benefits:<\/p>\n<ol>\n<li>Improves brain function: walnuts contain omega-3 fatty acids and antioxidants that have a beneficial effect on cognitive functions.<\/li>\n<li>Strengthening immunity and improving energy level: walnuts contain vitamins and minerals that support the health of the body, while honey has antibacterial and antiviral properties. The combination of honey and walnuts is ideal for athletes who need a healthy source of energy because healthy fatty acids from walnuts and natural sugars from honey are a quick and healthy way to boost energy levels for greater physical efforts.<\/li>\n<li>It promotes digestion and heart health: walnuts contain fiber that helps digestion and honey is a natural probiotic. Walnuts lower bad cholesterol and honey is rich in antioxidants that improve heart function.<\/li>\n<li>Increases fertility: This combination is traditionally used to improve reproductive health in women as honey balances hormones and walnuts improve fertility in men.<\/li>\n<li>Alleviating stress and improving sleep: walnuts contain melatonin, which is important for sleep quality, and honey stabilizes blood sugar and contributes to quality sleep.<\/li>\n<\/ol>\n<p>&nbsp;<\/p>","protected":false},"excerpt":{"rendered":"<p>The synergy of honey and walnuts is a particularly powerful combination beneficial to health, containing a wealth of nutritional benefits combined in both ingredients.<\/p>","protected":false},"featured_media":1147,"template":"","meta":{"_monsterinsights_skip_tracking":false,"_monsterinsights_sitenote_active":false,"_monsterinsights_sitenote_note":"","_monsterinsights_sitenote_category":0},"product_brand":[137],"product_cat":[18],"product_tag":[27,128,25,129],"class_list":{"0":"post-1146","1":"product","2":"type-product","3":"status-publish","4":"has-post-thumbnail","6":"product_brand-bee-power","7":"product_cat-med","8":"product_tag-med","9":"product_tag-orasi","10":"product_tag-slatko","11":"product_tag-zdravo","13":"first","14":"instock","15":"taxable","16":"shipping-taxable","17":"purchasable","18":"product-type-simple"},"yoast_head":"<!-- This site is optimized with the Yoast SEO plugin v27.5 - https:\/\/yoast.com\/product\/yoast-seo-wordpress\/ -->\n<title>Med s orasima 370g - P\u010delinji proizvodi - Bee Power<\/title>\n<meta name=\"description\" content=\"Med s orasima je posebno korisna kombinacija za zdravlje jer sadr\u017eava bogatsvo hranjivih sastojaka.\" \/>\n<meta name=\"robots\" content=\"index, follow, max-snippet:-1, max-image-preview:large, max-video-preview:-1\" \/>\n<link rel=\"canonical\" href=\"https:\/\/beepower.hr\/en\/product\/med-s-orasima-370g\/\" \/>\n<meta property=\"og:locale\" content=\"en_US\" \/>\n<meta property=\"og:type\" content=\"article\" \/>\n<meta property=\"og:title\" content=\"Med s orasima 370g - P\u010delinji proizvodi - Bee Power\" \/>\n<meta property=\"og:description\" content=\"Med s orasima je posebno korisna kombinacija za zdravlje jer sadr\u017eava bogatsvo hranjivih sastojaka.\" \/>\n<meta property=\"og:url\" content=\"https:\/\/beepower.hr\/en\/product\/med-s-orasima-370g\/\" \/>\n<meta property=\"og:site_name\" content=\"P\u010delinji proizvodi - Bee Power\" \/>\n<meta property=\"article:modified_time\" content=\"2025-07-15T13:48:59+00:00\" \/>\n<meta property=\"og:image\" content=\"https:\/\/beepower.hr\/wp-content\/uploads\/2025\/03\/orasi.jpg\" \/>\n\t<meta property=\"og:image:width\" content=\"638\" \/>\n\t<meta property=\"og:image:height\" content=\"850\" \/>\n\t<meta property=\"og:image:type\" content=\"image\/jpeg\" \/>\n<meta name=\"twitter:label1\" content=\"Est. reading time\" \/>\n\t<meta name=\"twitter:data1\" content=\"2 minutes\" \/>\n<script type=\"application\/ld+json\" class=\"yoast-schema-graph\">{\"@context\":\"https:\\\/\\\/schema.org\",\"@graph\":[{\"@type\":\"WebPage\",\"@id\":\"https:\\\/\\\/beepower.hr\\\/product\\\/med-s-orasima-370g\\\/\",\"url\":\"https:\\\/\\\/beepower.hr\\\/product\\\/med-s-orasima-370g\\\/\",\"name\":\"Med s orasima 370g - P\u010delinji proizvodi - Bee Power\",\"isPartOf\":{\"@id\":\"https:\\\/\\\/beepower.hr\\\/#website\"},\"primaryImageOfPage\":{\"@id\":\"https:\\\/\\\/beepower.hr\\\/product\\\/med-s-orasima-370g\\\/#primaryimage\"},\"image\":{\"@id\":\"https:\\\/\\\/beepower.hr\\\/product\\\/med-s-orasima-370g\\\/#primaryimage\"},\"thumbnailUrl\":\"https:\\\/\\\/beepower.hr\\\/wp-content\\\/uploads\\\/2025\\\/03\\\/orasi.jpg\",\"datePublished\":\"2025-03-28T12:11:41+00:00\",\"dateModified\":\"2025-07-15T13:48:59+00:00\",\"description\":\"Med s orasima je posebno korisna kombinacija za zdravlje jer sadr\u017eava bogatsvo hranjivih sastojaka.\",\"breadcrumb\":{\"@id\":\"https:\\\/\\\/beepower.hr\\\/product\\\/med-s-orasima-370g\\\/#breadcrumb\"},\"inLanguage\":\"en-US\",\"potentialAction\":[{\"@type\":\"ReadAction\",\"target\":[\"https:\\\/\\\/beepower.hr\\\/product\\\/med-s-orasima-370g\\\/\"]}]},{\"@type\":\"ImageObject\",\"inLanguage\":\"en-US\",\"@id\":\"https:\\\/\\\/beepower.hr\\\/product\\\/med-s-orasima-370g\\\/#primaryimage\",\"url\":\"https:\\\/\\\/beepower.hr\\\/wp-content\\\/uploads\\\/2025\\\/03\\\/orasi.jpg\",\"contentUrl\":\"https:\\\/\\\/beepower.hr\\\/wp-content\\\/uploads\\\/2025\\\/03\\\/orasi.jpg\",\"width\":638,\"height\":850,\"caption\":\"Bee Power med s orasima\"},{\"@type\":\"BreadcrumbList\",\"@id\":\"https:\\\/\\\/beepower.hr\\\/product\\\/med-s-orasima-370g\\\/#breadcrumb\",\"itemListElement\":[{\"@type\":\"ListItem\",\"position\":1,\"name\":\"Naslovna\",\"item\":\"https:\\\/\\\/beepower.hr\\\/\"},{\"@type\":\"ListItem\",\"position\":2,\"name\":\"Shop\",\"item\":\"https:\\\/\\\/beepower.hr\\\/shop\\\/\"},{\"@type\":\"ListItem\",\"position\":3,\"name\":\"Med s orasima 370g\"}]},{\"@type\":\"WebSite\",\"@id\":\"https:\\\/\\\/beepower.hr\\\/#website\",\"url\":\"https:\\\/\\\/beepower.hr\\\/\",\"name\":\"P\u010delinji proizvodi - Bee Power\",\"description\":\"Bee Power - snaga p\u010dela, najsla\u0111e blago prirode\",\"potentialAction\":[{\"@type\":\"SearchAction\",\"target\":{\"@type\":\"EntryPoint\",\"urlTemplate\":\"https:\\\/\\\/beepower.hr\\\/?s={search_term_string}\"},\"query-input\":{\"@type\":\"PropertyValueSpecification\",\"valueRequired\":true,\"valueName\":\"search_term_string\"}}],\"inLanguage\":\"en-US\"}]}<\/script>\n<!-- \/ Yoast SEO plugin. -->","yoast_head_json":{"title":"Med s orasima 370g - P\u010delinji proizvodi - Bee Power","description":"Med s orasima je posebno korisna kombinacija za zdravlje jer sadr\u017eava bogatsvo hranjivih sastojaka.","robots":{"index":"index","follow":"follow","max-snippet":"max-snippet:-1","max-image-preview":"max-image-preview:large","max-video-preview":"max-video-preview:-1"},"canonical":"https:\/\/beepower.hr\/en\/product\/med-s-orasima-370g\/","og_locale":"en_US","og_type":"article","og_title":"Med s orasima 370g - P\u010delinji proizvodi - Bee Power","og_description":"Med s orasima je posebno korisna kombinacija za zdravlje jer sadr\u017eava bogatsvo hranjivih sastojaka.","og_url":"https:\/\/beepower.hr\/en\/product\/med-s-orasima-370g\/","og_site_name":"P\u010delinji proizvodi - Bee Power","article_modified_time":"2025-07-15T13:48:59+00:00","og_image":[{"width":638,"height":850,"url":"https:\/\/beepower.hr\/wp-content\/uploads\/2025\/03\/orasi.jpg","type":"image\/jpeg"}],"twitter_misc":{"Est. reading time":"2 minutes"},"schema":{"@context":"https:\/\/schema.org","@graph":[{"@type":"WebPage","@id":"https:\/\/beepower.hr\/product\/med-s-orasima-370g\/","url":"https:\/\/beepower.hr\/product\/med-s-orasima-370g\/","name":"Med s orasima 370g - P\u010delinji proizvodi - Bee Power","isPartOf":{"@id":"https:\/\/beepower.hr\/#website"},"primaryImageOfPage":{"@id":"https:\/\/beepower.hr\/product\/med-s-orasima-370g\/#primaryimage"},"image":{"@id":"https:\/\/beepower.hr\/product\/med-s-orasima-370g\/#primaryimage"},"thumbnailUrl":"https:\/\/beepower.hr\/wp-content\/uploads\/2025\/03\/orasi.jpg","datePublished":"2025-03-28T12:11:41+00:00","dateModified":"2025-07-15T13:48:59+00:00","description":"Med s orasima je posebno korisna kombinacija za zdravlje jer sadr\u017eava bogatsvo hranjivih sastojaka.","breadcrumb":{"@id":"https:\/\/beepower.hr\/product\/med-s-orasima-370g\/#breadcrumb"},"inLanguage":"en-US","potentialAction":[{"@type":"ReadAction","target":["https:\/\/beepower.hr\/product\/med-s-orasima-370g\/"]}]},{"@type":"ImageObject","inLanguage":"en-US","@id":"https:\/\/beepower.hr\/product\/med-s-orasima-370g\/#primaryimage","url":"https:\/\/beepower.hr\/wp-content\/uploads\/2025\/03\/orasi.jpg","contentUrl":"https:\/\/beepower.hr\/wp-content\/uploads\/2025\/03\/orasi.jpg","width":638,"height":850,"caption":"Bee Power med s orasima"},{"@type":"BreadcrumbList","@id":"https:\/\/beepower.hr\/product\/med-s-orasima-370g\/#breadcrumb","itemListElement":[{"@type":"ListItem","position":1,"name":"Naslovna","item":"https:\/\/beepower.hr\/"},{"@type":"ListItem","position":2,"name":"Shop","item":"https:\/\/beepower.hr\/shop\/"},{"@type":"ListItem","position":3,"name":"Med s orasima 370g"}]},{"@type":"WebSite","@id":"https:\/\/beepower.hr\/#website","url":"https:\/\/beepower.hr\/","name":"P\u010delinji proizvodi - Bee Power","description":"Bee Power - snaga p\u010dela, najsla\u0111e blago prirode","potentialAction":[{"@type":"SearchAction","target":{"@type":"EntryPoint","urlTemplate":"https:\/\/beepower.hr\/?s={search_term_string}"},"query-input":{"@type":"PropertyValueSpecification","valueRequired":true,"valueName":"search_term_string"}}],"inLanguage":"en-US"}]}},"_links":{"self":[{"href":"https:\/\/beepower.hr\/en\/wp-json\/wp\/v2\/product\/1146","targetHints":{"allow":["GET"]}}],"collection":[{"href":"https:\/\/beepower.hr\/en\/wp-json\/wp\/v2\/product"}],"about":[{"href":"https:\/\/beepower.hr\/en\/wp-json\/wp\/v2\/types\/product"}],"wp:featuredmedia":[{"embeddable":true,"href":"https:\/\/beepower.hr\/en\/wp-json\/wp\/v2\/media\/1147"}],"wp:attachment":[{"href":"https:\/\/beepower.hr\/en\/wp-json\/wp\/v2\/media?parent=1146"}],"wp:term":[{"taxonomy":"product_brand","embeddable":true,"href":"https:\/\/beepower.hr\/en\/wp-json\/wp\/v2\/product_brand?post=1146"},{"taxonomy":"product_cat","embeddable":true,"href":"https:\/\/beepower.hr\/en\/wp-json\/wp\/v2\/product_cat?post=1146"},{"taxonomy":"product_tag","embeddable":true,"href":"https:\/\/beepower.hr\/en\/wp-json\/wp\/v2\/product_tag?post=1146"}],"curies":[{"name":"wp","href":"https:\/\/api.w.org\/{rel}","templated":true}]}}