{"id":1148,"date":"2025-03-28T14:02:00","date_gmt":"2025-03-28T13:02:00","guid":{"rendered":"https:\/\/beepower.hr\/?post_type=product&#038;p=1148"},"modified":"2025-07-17T11:24:02","modified_gmt":"2025-07-17T09:24:02","slug":"ukras-od-voska-pcela","status":"publish","type":"product","link":"https:\/\/beepower.hr\/en\/product\/ukras-od-voska-pcela\/","title":{"rendered":"Beeswax decoration Bee"},"content":{"rendered":"<p><span>\u00a0 \u00a0 \u00a0 \u00a0 \u00a0 \u00a0 \u00a0 \u00a0 \u00a0 \u00a0 \u00a0 \u00a0 \u00a0 \u00a0 \u00a0 \u00a0 \u00a0 \u00a0 \u00a0 \u00a0 \u00a0 Photograph for illustration purposes only. Minor differences in color and dimensions are possible.<\/span><\/p>\n<p><span>Beeswax is not just an unimportant by-product of beekeeping, but a valuable natural treasure with numerous applications. This perhaps \u201cfamiliar\u201d yellow, fragrant substance, secreted by young worker bees, serves as a basic building material in the bee kingdom, but also as a valuable raw material for many purposes in industry and the household.<\/span><\/p>\n<p data-sourcepos=\"23:1-23:30\"><strong>Advantages of beeswax:<\/strong><\/p>\n<p data-sourcepos=\"25:1-25:70\">Beeswax has numerous advantages over synthetic alternatives:<\/p>\n<ul data-sourcepos=\"27:1-31:0\">\n<li data-sourcepos=\"27:1-27:119\"><strong>Natural:<\/strong>\u00a0Beeswax is a completely natural product and it is safer for health then many synthetic products.<\/li>\n<li data-sourcepos=\"28:1-28:90\"><strong>Renewable:<\/strong>\u00a0Bees continually produce beeswax, which makes it a renewable source.<\/li>\n<li data-sourcepos=\"29:1-29:120\"><strong>Biodegradable:<\/strong>\u00a0Beeswax breaks down  relatively quickly in natural conditions and it does not present a special burden on the environment, as paraffin does.<\/li>\n<li data-sourcepos=\"30:1-31:0\"><strong>High-quality:<\/strong> Beeswax has excellent physical and chemical properties, which makes it a durable product with  long-lasting effects.<\/li>\n<\/ul>\n<p>&nbsp;<\/p>","protected":false},"excerpt":{"rendered":"<p>\u00a0 \u00a0 \u00a0 \u00a0 \u00a0 \u00a0 \u00a0 \u00a0 \u00a0 \u00a0 \u00a0 \u00a0 \u00a0 \u00a0 \u00a0 \u00a0 \u00a0 \u00a0 \u00a0 \u00a0 \u00a0 Napomena: Slika proizvoda u web trgovini je simboli\u010dna; mogu\u0107a su manja odstupanja u boji i dimenzijama. P\u010delinji vosak nije samo jedan neva\u017ean sporedni proizvod p\u010delarstva, ve\u0107 i vrijedno prirodno blago mnogobrojnih primjena. Ova kakvu [&hellip;]<\/p>\n","protected":false},"featured_media":1134,"template":"","meta":{"_monsterinsights_skip_tracking":false,"_monsterinsights_sitenote_active":false,"_monsterinsights_sitenote_note":"","_monsterinsights_sitenote_category":0},"product_brand":[137],"product_cat":[19],"product_tag":[24,123,105],"class_list":{"0":"post-1148","1":"product","2":"type-product","3":"status-publish","4":"has-post-thumbnail","6":"product_brand-bee-power","7":"product_cat-pcelinji-vosak","8":"product_tag-prirodno","9":"product_tag-ukras","10":"product_tag-vosak","12":"first","13":"instock","14":"taxable","15":"shipping-taxable","16":"purchasable","17":"product-type-simple"},"yoast_head":"<!-- This site is optimized with the Yoast SEO plugin v27.5 - https:\/\/yoast.com\/product\/yoast-seo-wordpress\/ -->\n<title>Ukras od voska P\u010dela - P\u010delinji proizvodi - Bee Power<\/title>\n<meta name=\"description\" content=\"P\u010delinji vosak nije samo jedan neva\u017ean sporedni proizvod p\u010delarstva, ve\u0107 i vrijedno prirodno blago mnogobrojnih primjena.\" \/>\n<meta name=\"robots\" content=\"index, follow, max-snippet:-1, max-image-preview:large, max-video-preview:-1\" \/>\n<link rel=\"canonical\" href=\"https:\/\/beepower.hr\/en\/product\/ukras-od-voska-pcela\/\" \/>\n<meta property=\"og:locale\" content=\"en_US\" \/>\n<meta property=\"og:type\" content=\"article\" \/>\n<meta property=\"og:title\" content=\"Ukras od voska P\u010dela - P\u010delinji proizvodi - Bee Power\" \/>\n<meta property=\"og:description\" content=\"P\u010delinji vosak nije samo jedan neva\u017ean sporedni proizvod p\u010delarstva, ve\u0107 i vrijedno prirodno blago mnogobrojnih primjena.\" \/>\n<meta property=\"og:url\" content=\"https:\/\/beepower.hr\/en\/product\/ukras-od-voska-pcela\/\" \/>\n<meta property=\"og:site_name\" content=\"P\u010delinji proizvodi - Bee Power\" \/>\n<meta property=\"article:modified_time\" content=\"2025-07-17T09:24:02+00:00\" \/>\n<meta property=\"og:image\" content=\"https:\/\/beepower.hr\/wp-content\/uploads\/2025\/03\/ukras.jpg\" \/>\n\t<meta property=\"og:image:width\" content=\"1133\" \/>\n\t<meta property=\"og:image:height\" content=\"850\" \/>\n\t<meta property=\"og:image:type\" content=\"image\/jpeg\" \/>\n<meta name=\"twitter:label1\" content=\"Est. reading time\" \/>\n\t<meta name=\"twitter:data1\" content=\"1 minute\" \/>\n<script type=\"application\/ld+json\" class=\"yoast-schema-graph\">{\"@context\":\"https:\\\/\\\/schema.org\",\"@graph\":[{\"@type\":\"WebPage\",\"@id\":\"https:\\\/\\\/beepower.hr\\\/product\\\/ukras-od-voska-pcela\\\/\",\"url\":\"https:\\\/\\\/beepower.hr\\\/product\\\/ukras-od-voska-pcela\\\/\",\"name\":\"Ukras od voska P\u010dela - P\u010delinji proizvodi - Bee Power\",\"isPartOf\":{\"@id\":\"https:\\\/\\\/beepower.hr\\\/#website\"},\"primaryImageOfPage\":{\"@id\":\"https:\\\/\\\/beepower.hr\\\/product\\\/ukras-od-voska-pcela\\\/#primaryimage\"},\"image\":{\"@id\":\"https:\\\/\\\/beepower.hr\\\/product\\\/ukras-od-voska-pcela\\\/#primaryimage\"},\"thumbnailUrl\":\"https:\\\/\\\/beepower.hr\\\/wp-content\\\/uploads\\\/2025\\\/03\\\/ukras.jpg\",\"datePublished\":\"2025-03-28T13:02:00+00:00\",\"dateModified\":\"2025-07-17T09:24:02+00:00\",\"description\":\"P\u010delinji vosak nije samo jedan neva\u017ean sporedni proizvod p\u010delarstva, ve\u0107 i vrijedno prirodno blago mnogobrojnih primjena.\",\"breadcrumb\":{\"@id\":\"https:\\\/\\\/beepower.hr\\\/product\\\/ukras-od-voska-pcela\\\/#breadcrumb\"},\"inLanguage\":\"en-US\",\"potentialAction\":[{\"@type\":\"ReadAction\",\"target\":[\"https:\\\/\\\/beepower.hr\\\/product\\\/ukras-od-voska-pcela\\\/\"]}]},{\"@type\":\"ImageObject\",\"inLanguage\":\"en-US\",\"@id\":\"https:\\\/\\\/beepower.hr\\\/product\\\/ukras-od-voska-pcela\\\/#primaryimage\",\"url\":\"https:\\\/\\\/beepower.hr\\\/wp-content\\\/uploads\\\/2025\\\/03\\\/ukras.jpg\",\"contentUrl\":\"https:\\\/\\\/beepower.hr\\\/wp-content\\\/uploads\\\/2025\\\/03\\\/ukras.jpg\",\"width\":1133,\"height\":850,\"caption\":\"Bee Power ukras od voska\"},{\"@type\":\"BreadcrumbList\",\"@id\":\"https:\\\/\\\/beepower.hr\\\/product\\\/ukras-od-voska-pcela\\\/#breadcrumb\",\"itemListElement\":[{\"@type\":\"ListItem\",\"position\":1,\"name\":\"Naslovna\",\"item\":\"https:\\\/\\\/beepower.hr\\\/\"},{\"@type\":\"ListItem\",\"position\":2,\"name\":\"Shop\",\"item\":\"https:\\\/\\\/beepower.hr\\\/shop\\\/\"},{\"@type\":\"ListItem\",\"position\":3,\"name\":\"Ukras od voska P\u010dela\"}]},{\"@type\":\"WebSite\",\"@id\":\"https:\\\/\\\/beepower.hr\\\/#website\",\"url\":\"https:\\\/\\\/beepower.hr\\\/\",\"name\":\"P\u010delinji proizvodi - Bee Power\",\"description\":\"Bee Power - snaga p\u010dela, najsla\u0111e blago prirode\",\"potentialAction\":[{\"@type\":\"SearchAction\",\"target\":{\"@type\":\"EntryPoint\",\"urlTemplate\":\"https:\\\/\\\/beepower.hr\\\/?s={search_term_string}\"},\"query-input\":{\"@type\":\"PropertyValueSpecification\",\"valueRequired\":true,\"valueName\":\"search_term_string\"}}],\"inLanguage\":\"en-US\"}]}<\/script>\n<!-- \/ Yoast SEO plugin. -->","yoast_head_json":{"title":"Ukras od voska P\u010dela - P\u010delinji proizvodi - Bee Power","description":"Beeswax  is not just a peripheral by-product of beekeeping, it is a valuable natural treasure with innumerable potential uses...","robots":{"index":"index","follow":"follow","max-snippet":"max-snippet:-1","max-image-preview":"max-image-preview:large","max-video-preview":"max-video-preview:-1"},"canonical":"https:\/\/beepower.hr\/en\/product\/ukras-od-voska-pcela\/","og_locale":"en_US","og_type":"article","og_title":"Ukras od voska P\u010dela - P\u010delinji proizvodi - Bee Power","og_description":"P\u010delinji vosak nije samo jedan neva\u017ean sporedni proizvod p\u010delarstva, ve\u0107 i vrijedno prirodno blago mnogobrojnih primjena.","og_url":"https:\/\/beepower.hr\/en\/product\/ukras-od-voska-pcela\/","og_site_name":"P\u010delinji proizvodi - Bee Power","article_modified_time":"2025-07-17T09:24:02+00:00","og_image":[{"width":1133,"height":850,"url":"https:\/\/beepower.hr\/wp-content\/uploads\/2025\/03\/ukras.jpg","type":"image\/jpeg"}],"twitter_misc":{"Est. reading time":"1 minute"},"schema":{"@context":"https:\/\/schema.org","@graph":[{"@type":"WebPage","@id":"https:\/\/beepower.hr\/product\/ukras-od-voska-pcela\/","url":"https:\/\/beepower.hr\/product\/ukras-od-voska-pcela\/","name":"Ukras od voska P\u010dela - P\u010delinji proizvodi - Bee Power","isPartOf":{"@id":"https:\/\/beepower.hr\/#website"},"primaryImageOfPage":{"@id":"https:\/\/beepower.hr\/product\/ukras-od-voska-pcela\/#primaryimage"},"image":{"@id":"https:\/\/beepower.hr\/product\/ukras-od-voska-pcela\/#primaryimage"},"thumbnailUrl":"https:\/\/beepower.hr\/wp-content\/uploads\/2025\/03\/ukras.jpg","datePublished":"2025-03-28T13:02:00+00:00","dateModified":"2025-07-17T09:24:02+00:00","description":"Beeswax  is not just a peripheral by-product of beekeeping, it is a valuable natural treasure with innumerable potential uses...","breadcrumb":{"@id":"https:\/\/beepower.hr\/product\/ukras-od-voska-pcela\/#breadcrumb"},"inLanguage":"en-US","potentialAction":[{"@type":"ReadAction","target":["https:\/\/beepower.hr\/product\/ukras-od-voska-pcela\/"]}]},{"@type":"ImageObject","inLanguage":"en-US","@id":"https:\/\/beepower.hr\/product\/ukras-od-voska-pcela\/#primaryimage","url":"https:\/\/beepower.hr\/wp-content\/uploads\/2025\/03\/ukras.jpg","contentUrl":"https:\/\/beepower.hr\/wp-content\/uploads\/2025\/03\/ukras.jpg","width":1133,"height":850,"caption":"Bee Power ukras od voska"},{"@type":"BreadcrumbList","@id":"https:\/\/beepower.hr\/product\/ukras-od-voska-pcela\/#breadcrumb","itemListElement":[{"@type":"ListItem","position":1,"name":"Naslovna","item":"https:\/\/beepower.hr\/"},{"@type":"ListItem","position":2,"name":"Shop","item":"https:\/\/beepower.hr\/shop\/"},{"@type":"ListItem","position":3,"name":"Ukras od voska P\u010dela"}]},{"@type":"WebSite","@id":"https:\/\/beepower.hr\/#website","url":"https:\/\/beepower.hr\/","name":"P\u010delinji proizvodi - Bee Power","description":"Bee Power - snaga p\u010dela, najsla\u0111e blago prirode","potentialAction":[{"@type":"SearchAction","target":{"@type":"EntryPoint","urlTemplate":"https:\/\/beepower.hr\/?s={search_term_string}"},"query-input":{"@type":"PropertyValueSpecification","valueRequired":true,"valueName":"search_term_string"}}],"inLanguage":"en-US"}]}},"_links":{"self":[{"href":"https:\/\/beepower.hr\/en\/wp-json\/wp\/v2\/product\/1148","targetHints":{"allow":["GET"]}}],"collection":[{"href":"https:\/\/beepower.hr\/en\/wp-json\/wp\/v2\/product"}],"about":[{"href":"https:\/\/beepower.hr\/en\/wp-json\/wp\/v2\/types\/product"}],"wp:featuredmedia":[{"embeddable":true,"href":"https:\/\/beepower.hr\/en\/wp-json\/wp\/v2\/media\/1134"}],"wp:attachment":[{"href":"https:\/\/beepower.hr\/en\/wp-json\/wp\/v2\/media?parent=1148"}],"wp:term":[{"taxonomy":"product_brand","embeddable":true,"href":"https:\/\/beepower.hr\/en\/wp-json\/wp\/v2\/product_brand?post=1148"},{"taxonomy":"product_cat","embeddable":true,"href":"https:\/\/beepower.hr\/en\/wp-json\/wp\/v2\/product_cat?post=1148"},{"taxonomy":"product_tag","embeddable":true,"href":"https:\/\/beepower.hr\/en\/wp-json\/wp\/v2\/product_tag?post=1148"}],"curies":[{"name":"wp","href":"https:\/\/api.w.org\/{rel}","templated":true}]}}