{"id":1176,"date":"2025-07-02T13:33:30","date_gmt":"2025-07-02T11:33:30","guid":{"rendered":"https:\/\/beepower.hr\/?post_type=product&#038;p=1176"},"modified":"2025-07-03T13:08:32","modified_gmt":"2025-07-03T11:08:32","slug":"etericno-ulje-lavanda","status":"publish","type":"product","link":"https:\/\/beepower.hr\/en\/product\/etericno-ulje-lavanda\/","title":{"rendered":"Lavender essential oil 0.5 ml"},"content":{"rendered":"<p><span>\u00a0 \u00a0 \u00a0 \u00a0 \u00a0 \u00a0 \u00a0 \u00a0 \u00a0 \u00a0 \u00a0 \u00a0 \u00a0 \u00a0 \u00a0 \u00a0 \u00a0 \u00a0 \u00a0 \u00a0Photograph for illustration purposes only. Minor differences in color and dimensions are possible.<\/span><\/p>\n<h6><span style=\"font-size: 17.9998px;\">Lavender essential oil has many beneficial properties.<\/span><\/h6>\n<ol>\n<li>It has a calming effect, reduces stress and anxiety, so it is used to improve sleep if you put a few drops of oil on your pillow before going to bed or put it in a diffuser.<\/li>\n<li>It has antibacterial properties so it can be used diluted to clean cuts and wounds.<\/li>\n<li>It works against inflammation and irritation, so when diluted it is suitable for sensitive skin and helps with eczema, dermatitis and psoriasis.<\/li>\n<li>It does not dry out the skin, but rather hydrates and nourishes it, so it is often used as a massage oil.<\/li>\n<li>It is used as a natural mosquito repellent.<\/li>\n<\/ol>\n<p>IMPORTANT!! Always dilute lavender essential oil in a base oil, such as coconut or almond, as pure oil applied to the skin can cause irritation. Avoid contact with eyes. Pregnant women and young children should consult a doctor before use.<\/p>","protected":false},"excerpt":{"rendered":"<p>Enjoying the clean, fresh, relaxing scent and healing properties of Lavender has not changed since biblical times. The name Lavender comes from the Latin \u201clavare\u201d which means \u201cto wash, bathe\u201d. Lavender is used in a variety of ways, from cooking to baths. Pillows filled with Lavender are recommended for better sleep, it relaxes and calms any tension. Lavender flower tea is traditionally used against headaches and cramps, improves digestion, stimulates appetite, helps against nausea. Due to its antiseptic properties, Lavender oil relieves acne, eczema, psoriasis and rheumatism. Lavender baths are a cure for menopausal problems.<\/p>\n<p>Lavender essential oil is one of the most valued and commonly used oils in natural cosmetics and aromatherapy due to its beneficial properties.<\/p>\n<p>&nbsp;<\/p>","protected":false},"featured_media":1195,"template":"","meta":{"_monsterinsights_skip_tracking":false,"_monsterinsights_sitenote_active":false,"_monsterinsights_sitenote_note":"","_monsterinsights_sitenote_category":0},"product_brand":[137],"product_cat":[140],"product_tag":[135,132,24],"class_list":{"0":"post-1176","1":"product","2":"type-product","3":"status-publish","4":"has-post-thumbnail","6":"product_brand-bee-power","7":"product_cat-lavanda","8":"product_tag-etericno-ulje","9":"product_tag-lavanda","10":"product_tag-prirodno","12":"first","13":"instock","14":"taxable","15":"shipping-taxable","16":"purchasable","17":"product-type-simple"},"yoast_head":"<!-- This site is optimized with the Yoast SEO plugin v27.6 - https:\/\/yoast.com\/product\/yoast-seo-wordpress\/ -->\n<title>Eteri\u010dno ulje Lavanda 0.5 ml - P\u010delinji proizvodi - Bee Power<\/title>\n<meta name=\"description\" content=\"Eteri\u010dno ulje lavanda je jedno od najcjenjenijih i naj\u010de\u0161\u0107e kori\u0161tenih ulja u prirodnoj kozmetici i aroma terapiji zbog svojih blagotvornih svojstva.\" \/>\n<meta name=\"robots\" content=\"index, follow, max-snippet:-1, max-image-preview:large, max-video-preview:-1\" \/>\n<link rel=\"canonical\" href=\"https:\/\/beepower.hr\/en\/product\/etericno-ulje-lavanda\/\" \/>\n<meta property=\"og:locale\" content=\"en_US\" \/>\n<meta property=\"og:type\" content=\"article\" \/>\n<meta property=\"og:title\" content=\"Eteri\u010dno ulje Lavanda 0.5 ml - P\u010delinji proizvodi - Bee Power\" \/>\n<meta property=\"og:description\" content=\"Eteri\u010dno ulje lavanda je jedno od najcjenjenijih i naj\u010de\u0161\u0107e kori\u0161tenih ulja u prirodnoj kozmetici i aroma terapiji zbog svojih blagotvornih svojstva.\" \/>\n<meta property=\"og:url\" content=\"https:\/\/beepower.hr\/en\/product\/etericno-ulje-lavanda\/\" \/>\n<meta property=\"og:site_name\" content=\"P\u010delinji proizvodi - Bee Power\" \/>\n<meta property=\"article:modified_time\" content=\"2025-07-03T11:08:32+00:00\" \/>\n<meta property=\"og:image\" content=\"https:\/\/beepower.hr\/wp-content\/uploads\/2025\/07\/etericno-ulje.jpg\" \/>\n\t<meta property=\"og:image:width\" content=\"1133\" \/>\n\t<meta property=\"og:image:height\" content=\"850\" \/>\n\t<meta property=\"og:image:type\" content=\"image\/jpeg\" \/>\n<meta name=\"twitter:label1\" content=\"Est. reading time\" \/>\n\t<meta name=\"twitter:data1\" content=\"1 minute\" \/>\n<script type=\"application\/ld+json\" class=\"yoast-schema-graph\">{\"@context\":\"https:\\\/\\\/schema.org\",\"@graph\":[{\"@type\":\"WebPage\",\"@id\":\"https:\\\/\\\/beepower.hr\\\/product\\\/etericno-ulje-lavanda\\\/\",\"url\":\"https:\\\/\\\/beepower.hr\\\/product\\\/etericno-ulje-lavanda\\\/\",\"name\":\"Eteri\u010dno ulje Lavanda 0.5 ml - P\u010delinji proizvodi - Bee Power\",\"isPartOf\":{\"@id\":\"https:\\\/\\\/beepower.hr\\\/#website\"},\"primaryImageOfPage\":{\"@id\":\"https:\\\/\\\/beepower.hr\\\/product\\\/etericno-ulje-lavanda\\\/#primaryimage\"},\"image\":{\"@id\":\"https:\\\/\\\/beepower.hr\\\/product\\\/etericno-ulje-lavanda\\\/#primaryimage\"},\"thumbnailUrl\":\"https:\\\/\\\/beepower.hr\\\/wp-content\\\/uploads\\\/2025\\\/07\\\/etericno-ulje.jpg\",\"datePublished\":\"2025-07-02T11:33:30+00:00\",\"dateModified\":\"2025-07-03T11:08:32+00:00\",\"description\":\"Eteri\u010dno ulje lavanda je jedno od najcjenjenijih i naj\u010de\u0161\u0107e kori\u0161tenih ulja u prirodnoj kozmetici i aroma terapiji zbog svojih blagotvornih svojstva.\",\"breadcrumb\":{\"@id\":\"https:\\\/\\\/beepower.hr\\\/product\\\/etericno-ulje-lavanda\\\/#breadcrumb\"},\"inLanguage\":\"en-US\",\"potentialAction\":[{\"@type\":\"ReadAction\",\"target\":[\"https:\\\/\\\/beepower.hr\\\/product\\\/etericno-ulje-lavanda\\\/\"]}]},{\"@type\":\"ImageObject\",\"inLanguage\":\"en-US\",\"@id\":\"https:\\\/\\\/beepower.hr\\\/product\\\/etericno-ulje-lavanda\\\/#primaryimage\",\"url\":\"https:\\\/\\\/beepower.hr\\\/wp-content\\\/uploads\\\/2025\\\/07\\\/etericno-ulje.jpg\",\"contentUrl\":\"https:\\\/\\\/beepower.hr\\\/wp-content\\\/uploads\\\/2025\\\/07\\\/etericno-ulje.jpg\",\"width\":1133,\"height\":850,\"caption\":\"Bee Power eteri\u010dno ulje lavanda\"},{\"@type\":\"BreadcrumbList\",\"@id\":\"https:\\\/\\\/beepower.hr\\\/product\\\/etericno-ulje-lavanda\\\/#breadcrumb\",\"itemListElement\":[{\"@type\":\"ListItem\",\"position\":1,\"name\":\"Naslovna\",\"item\":\"https:\\\/\\\/beepower.hr\\\/\"},{\"@type\":\"ListItem\",\"position\":2,\"name\":\"Shop\",\"item\":\"https:\\\/\\\/beepower.hr\\\/shop\\\/\"},{\"@type\":\"ListItem\",\"position\":3,\"name\":\"Eteri\u010dno ulje Lavanda 0.5 ml\"}]},{\"@type\":\"WebSite\",\"@id\":\"https:\\\/\\\/beepower.hr\\\/#website\",\"url\":\"https:\\\/\\\/beepower.hr\\\/\",\"name\":\"P\u010delinji proizvodi - Bee Power\",\"description\":\"Bee Power - snaga p\u010dela, najsla\u0111e blago prirode\",\"potentialAction\":[{\"@type\":\"SearchAction\",\"target\":{\"@type\":\"EntryPoint\",\"urlTemplate\":\"https:\\\/\\\/beepower.hr\\\/?s={search_term_string}\"},\"query-input\":{\"@type\":\"PropertyValueSpecification\",\"valueRequired\":true,\"valueName\":\"search_term_string\"}}],\"inLanguage\":\"en-US\"}]}<\/script>\n<!-- \/ Yoast SEO plugin. -->","yoast_head_json":{"title":"Eteri\u010dno ulje Lavanda 0.5 ml - P\u010delinji proizvodi - Bee Power","description":"Lavender essential oil is one of the most valued and commonly used oils in natural cosmetics and aromatherapy due to its beneficial properties.","robots":{"index":"index","follow":"follow","max-snippet":"max-snippet:-1","max-image-preview":"max-image-preview:large","max-video-preview":"max-video-preview:-1"},"canonical":"https:\/\/beepower.hr\/en\/product\/etericno-ulje-lavanda\/","og_locale":"en_US","og_type":"article","og_title":"Eteri\u010dno ulje Lavanda 0.5 ml - P\u010delinji proizvodi - Bee Power","og_description":"Eteri\u010dno ulje lavanda je jedno od najcjenjenijih i naj\u010de\u0161\u0107e kori\u0161tenih ulja u prirodnoj kozmetici i aroma terapiji zbog svojih blagotvornih svojstva.","og_url":"https:\/\/beepower.hr\/en\/product\/etericno-ulje-lavanda\/","og_site_name":"P\u010delinji proizvodi - Bee Power","article_modified_time":"2025-07-03T11:08:32+00:00","og_image":[{"width":1133,"height":850,"url":"https:\/\/beepower.hr\/wp-content\/uploads\/2025\/07\/etericno-ulje.jpg","type":"image\/jpeg"}],"twitter_misc":{"Est. reading time":"1 minute"},"schema":{"@context":"https:\/\/schema.org","@graph":[{"@type":"WebPage","@id":"https:\/\/beepower.hr\/product\/etericno-ulje-lavanda\/","url":"https:\/\/beepower.hr\/product\/etericno-ulje-lavanda\/","name":"Eteri\u010dno ulje Lavanda 0.5 ml - P\u010delinji proizvodi - Bee Power","isPartOf":{"@id":"https:\/\/beepower.hr\/#website"},"primaryImageOfPage":{"@id":"https:\/\/beepower.hr\/product\/etericno-ulje-lavanda\/#primaryimage"},"image":{"@id":"https:\/\/beepower.hr\/product\/etericno-ulje-lavanda\/#primaryimage"},"thumbnailUrl":"https:\/\/beepower.hr\/wp-content\/uploads\/2025\/07\/etericno-ulje.jpg","datePublished":"2025-07-02T11:33:30+00:00","dateModified":"2025-07-03T11:08:32+00:00","description":"Lavender essential oil is one of the most valued and commonly used oils in natural cosmetics and aromatherapy due to its beneficial properties.","breadcrumb":{"@id":"https:\/\/beepower.hr\/product\/etericno-ulje-lavanda\/#breadcrumb"},"inLanguage":"en-US","potentialAction":[{"@type":"ReadAction","target":["https:\/\/beepower.hr\/product\/etericno-ulje-lavanda\/"]}]},{"@type":"ImageObject","inLanguage":"en-US","@id":"https:\/\/beepower.hr\/product\/etericno-ulje-lavanda\/#primaryimage","url":"https:\/\/beepower.hr\/wp-content\/uploads\/2025\/07\/etericno-ulje.jpg","contentUrl":"https:\/\/beepower.hr\/wp-content\/uploads\/2025\/07\/etericno-ulje.jpg","width":1133,"height":850,"caption":"Bee Power eteri\u010dno ulje lavanda"},{"@type":"BreadcrumbList","@id":"https:\/\/beepower.hr\/product\/etericno-ulje-lavanda\/#breadcrumb","itemListElement":[{"@type":"ListItem","position":1,"name":"Naslovna","item":"https:\/\/beepower.hr\/"},{"@type":"ListItem","position":2,"name":"Shop","item":"https:\/\/beepower.hr\/shop\/"},{"@type":"ListItem","position":3,"name":"Eteri\u010dno ulje Lavanda 0.5 ml"}]},{"@type":"WebSite","@id":"https:\/\/beepower.hr\/#website","url":"https:\/\/beepower.hr\/","name":"P\u010delinji proizvodi - Bee Power","description":"Bee Power - snaga p\u010dela, najsla\u0111e blago prirode","potentialAction":[{"@type":"SearchAction","target":{"@type":"EntryPoint","urlTemplate":"https:\/\/beepower.hr\/?s={search_term_string}"},"query-input":{"@type":"PropertyValueSpecification","valueRequired":true,"valueName":"search_term_string"}}],"inLanguage":"en-US"}]}},"_links":{"self":[{"href":"https:\/\/beepower.hr\/en\/wp-json\/wp\/v2\/product\/1176","targetHints":{"allow":["GET"]}}],"collection":[{"href":"https:\/\/beepower.hr\/en\/wp-json\/wp\/v2\/product"}],"about":[{"href":"https:\/\/beepower.hr\/en\/wp-json\/wp\/v2\/types\/product"}],"wp:featuredmedia":[{"embeddable":true,"href":"https:\/\/beepower.hr\/en\/wp-json\/wp\/v2\/media\/1195"}],"wp:attachment":[{"href":"https:\/\/beepower.hr\/en\/wp-json\/wp\/v2\/media?parent=1176"}],"wp:term":[{"taxonomy":"product_brand","embeddable":true,"href":"https:\/\/beepower.hr\/en\/wp-json\/wp\/v2\/product_brand?post=1176"},{"taxonomy":"product_cat","embeddable":true,"href":"https:\/\/beepower.hr\/en\/wp-json\/wp\/v2\/product_cat?post=1176"},{"taxonomy":"product_tag","embeddable":true,"href":"https:\/\/beepower.hr\/en\/wp-json\/wp\/v2\/product_tag?post=1176"}],"curies":[{"name":"wp","href":"https:\/\/api.w.org\/{rel}","templated":true}]}}