{"id":1179,"date":"2025-07-02T14:06:36","date_gmt":"2025-07-02T12:06:36","guid":{"rendered":"https:\/\/beepower.hr\/?post_type=product&#038;p=1179"},"modified":"2025-07-03T13:38:22","modified_gmt":"2025-07-03T11:38:22","slug":"suvenir-jastucic-lavanda","status":"publish","type":"product","link":"https:\/\/beepower.hr\/en\/product\/suvenir-jastucic-lavanda\/","title":{"rendered":"Souvenir Lavender Cushion"},"content":{"rendered":"<p><span>\u00a0 \u00a0 \u00a0 \u00a0 \u00a0 \u00a0 \u00a0 \u00a0 \u00a0 \u00a0 \u00a0 \u00a0 \u00a0 \u00a0 \u00a0 \u00a0 \u00a0Photograph for illustration purposes only. Minor differences in color and dimensions are possible.<\/span><\/p>\n<p>Jastuci punjeni lavandom preporu\u010daju se za bolji san, opu\u0161ta i smiruje kod nervoze i napetosti pa je ovaj <strong>suvenir jastu\u010di\u0107 lavanda<\/strong> Cushions filled with lavender are recommended for better sleep, lavender relaxes and calms nervousness and tension, so this souvenir lavender cushion is the right choice for relaxing moments! Enjoying the clean, fresh relaxing scent and healing properties of lavender has not changed since biblical times. The name Lavender comes from the Latin \u201clavare\u201d which means \u201cto wash, to bathe\u201d. Lavender is applicable in various ways, from cooking to baths. Lavender flower tea is traditionally used against headaches and cramps, improves digestion, stimulates appetite, helps against nausea and tension. Due to its antiseptic properties, Lavender oil relieves acne, eczema, psoriasis and rheumatism. Lavender baths are  also a cure for menopausal problems.<\/p>\n<p>This\u00a0 <strong>Souvenir lavender  scented cushion<\/strong> will captivate you with its natural lavender scent but also with a beautiful photograph of the Old Town in Vara\u017edin, making it an ideal gift or travel souvenir!<\/p>\n<p>&nbsp;<\/p>","protected":false},"excerpt":{"rendered":"<p>&nbsp;<\/p>\n<p>Cushions filled with lavender are recommended for better sleep, lavender relaxes and calms nervousness and tension, so this souvenir lavender cushion is the right choice for relaxing moments! Enjoying the clean, fresh relaxing scent and healing properties of lavender has not changed since biblical times. The name Lavender comes from the Latin \u201clavare\u201d which means \u201cto wash, to bathe\u201d. Lavender is applicable in various ways, from cooking to baths. Lavender flower tea is traditionally used against headaches and cramps, improves digestion, stimulates appetite, helps against nausea and tension. Due to its antiseptic properties, Lavender oil relieves acne, eczema, psoriasis and rheumatism. Lavender baths are a cure for menopausal problems.<\/p>\n<p>This souvenir lavender scented cushion will captivate you with its natural lavender scent but also with a beautiful photograph of the Old Town in Vara\u017edin, making it an ideal gift or travel souvenir!<\/p>\n<p>&nbsp;<\/p>","protected":false},"featured_media":1196,"template":"","meta":{"_monsterinsights_skip_tracking":false,"_monsterinsights_sitenote_active":false,"_monsterinsights_sitenote_note":"","_monsterinsights_sitenote_category":0},"product_brand":[137],"product_cat":[140],"product_tag":[132,24,136],"class_list":{"0":"post-1179","1":"product","2":"type-product","3":"status-publish","4":"has-post-thumbnail","6":"product_brand-bee-power","7":"product_cat-lavanda","8":"product_tag-lavanda","9":"product_tag-prirodno","10":"product_tag-suvenir","12":"first","13":"instock","14":"taxable","15":"shipping-taxable","16":"purchasable","17":"product-type-simple"},"yoast_head":"<!-- This site is optimized with the Yoast SEO plugin v27.4 - https:\/\/yoast.com\/product\/yoast-seo-wordpress\/ -->\n<title>Suvenir jastu\u010di\u0107 lavanda - P\u010delinji proizvodi - Bee Power<\/title>\n<meta name=\"description\" content=\"Suvenir mirisni jastu\u010di\u0107 lavanda s lijepom fotografijom Starog grada u Vara\u017edinu idealan za suvenir s putovanja ili poklon.\" \/>\n<meta name=\"robots\" content=\"index, follow, max-snippet:-1, max-image-preview:large, max-video-preview:-1\" \/>\n<link rel=\"canonical\" href=\"https:\/\/beepower.hr\/en\/product\/suvenir-jastucic-lavanda\/\" \/>\n<meta property=\"og:locale\" content=\"en_US\" \/>\n<meta property=\"og:type\" content=\"article\" \/>\n<meta property=\"og:title\" content=\"Suvenir jastu\u010di\u0107 lavanda - P\u010delinji proizvodi - Bee Power\" \/>\n<meta property=\"og:description\" content=\"Suvenir mirisni jastu\u010di\u0107 lavanda s lijepom fotografijom Starog grada u Vara\u017edinu idealan za suvenir s putovanja ili poklon.\" \/>\n<meta property=\"og:url\" content=\"https:\/\/beepower.hr\/en\/product\/suvenir-jastucic-lavanda\/\" \/>\n<meta property=\"og:site_name\" content=\"P\u010delinji proizvodi - Bee Power\" \/>\n<meta property=\"article:modified_time\" content=\"2025-07-03T11:38:22+00:00\" \/>\n<meta property=\"og:image\" content=\"https:\/\/beepower.hr\/wp-content\/uploads\/2025\/07\/lavanda-suvenir.jpg\" \/>\n\t<meta property=\"og:image:width\" content=\"1133\" \/>\n\t<meta property=\"og:image:height\" content=\"850\" \/>\n\t<meta property=\"og:image:type\" content=\"image\/jpeg\" \/>\n<meta name=\"twitter:label1\" content=\"Est. reading time\" \/>\n\t<meta name=\"twitter:data1\" content=\"1 minute\" \/>\n<script type=\"application\/ld+json\" class=\"yoast-schema-graph\">{\"@context\":\"https:\\\/\\\/schema.org\",\"@graph\":[{\"@type\":\"WebPage\",\"@id\":\"https:\\\/\\\/beepower.hr\\\/product\\\/suvenir-jastucic-lavanda\\\/\",\"url\":\"https:\\\/\\\/beepower.hr\\\/product\\\/suvenir-jastucic-lavanda\\\/\",\"name\":\"Suvenir jastu\u010di\u0107 lavanda - P\u010delinji proizvodi - Bee Power\",\"isPartOf\":{\"@id\":\"https:\\\/\\\/beepower.hr\\\/#website\"},\"primaryImageOfPage\":{\"@id\":\"https:\\\/\\\/beepower.hr\\\/product\\\/suvenir-jastucic-lavanda\\\/#primaryimage\"},\"image\":{\"@id\":\"https:\\\/\\\/beepower.hr\\\/product\\\/suvenir-jastucic-lavanda\\\/#primaryimage\"},\"thumbnailUrl\":\"https:\\\/\\\/beepower.hr\\\/wp-content\\\/uploads\\\/2025\\\/07\\\/lavanda-suvenir.jpg\",\"datePublished\":\"2025-07-02T12:06:36+00:00\",\"dateModified\":\"2025-07-03T11:38:22+00:00\",\"description\":\"Suvenir mirisni jastu\u010di\u0107 lavanda s lijepom fotografijom Starog grada u Vara\u017edinu idealan za suvenir s putovanja ili poklon.\",\"breadcrumb\":{\"@id\":\"https:\\\/\\\/beepower.hr\\\/product\\\/suvenir-jastucic-lavanda\\\/#breadcrumb\"},\"inLanguage\":\"en-US\",\"potentialAction\":[{\"@type\":\"ReadAction\",\"target\":[\"https:\\\/\\\/beepower.hr\\\/product\\\/suvenir-jastucic-lavanda\\\/\"]}]},{\"@type\":\"ImageObject\",\"inLanguage\":\"en-US\",\"@id\":\"https:\\\/\\\/beepower.hr\\\/product\\\/suvenir-jastucic-lavanda\\\/#primaryimage\",\"url\":\"https:\\\/\\\/beepower.hr\\\/wp-content\\\/uploads\\\/2025\\\/07\\\/lavanda-suvenir.jpg\",\"contentUrl\":\"https:\\\/\\\/beepower.hr\\\/wp-content\\\/uploads\\\/2025\\\/07\\\/lavanda-suvenir.jpg\",\"width\":1133,\"height\":850,\"caption\":\"Bee Power suvenir lavanda\"},{\"@type\":\"BreadcrumbList\",\"@id\":\"https:\\\/\\\/beepower.hr\\\/product\\\/suvenir-jastucic-lavanda\\\/#breadcrumb\",\"itemListElement\":[{\"@type\":\"ListItem\",\"position\":1,\"name\":\"Naslovna\",\"item\":\"https:\\\/\\\/beepower.hr\\\/\"},{\"@type\":\"ListItem\",\"position\":2,\"name\":\"Shop\",\"item\":\"https:\\\/\\\/beepower.hr\\\/shop\\\/\"},{\"@type\":\"ListItem\",\"position\":3,\"name\":\"Suvenir jastu\u010di\u0107 lavanda\"}]},{\"@type\":\"WebSite\",\"@id\":\"https:\\\/\\\/beepower.hr\\\/#website\",\"url\":\"https:\\\/\\\/beepower.hr\\\/\",\"name\":\"P\u010delinji proizvodi - Bee Power\",\"description\":\"Bee Power - snaga p\u010dela, najsla\u0111e blago prirode\",\"potentialAction\":[{\"@type\":\"SearchAction\",\"target\":{\"@type\":\"EntryPoint\",\"urlTemplate\":\"https:\\\/\\\/beepower.hr\\\/?s={search_term_string}\"},\"query-input\":{\"@type\":\"PropertyValueSpecification\",\"valueRequired\":true,\"valueName\":\"search_term_string\"}}],\"inLanguage\":\"en-US\"}]}<\/script>\n<!-- \/ Yoast SEO plugin. -->","yoast_head_json":{"title":"Suvenir jastu\u010di\u0107 lavanda - P\u010delinji proizvodi - Bee Power","description":"Suvenir mirisni jastu\u010di\u0107 lavanda s lijepom fotografijom Starog grada u Vara\u017edinu idealan za suvenir s putovanja ili poklon.","robots":{"index":"index","follow":"follow","max-snippet":"max-snippet:-1","max-image-preview":"max-image-preview:large","max-video-preview":"max-video-preview:-1"},"canonical":"https:\/\/beepower.hr\/en\/product\/suvenir-jastucic-lavanda\/","og_locale":"en_US","og_type":"article","og_title":"Suvenir jastu\u010di\u0107 lavanda - P\u010delinji proizvodi - Bee Power","og_description":"Suvenir mirisni jastu\u010di\u0107 lavanda s lijepom fotografijom Starog grada u Vara\u017edinu idealan za suvenir s putovanja ili poklon.","og_url":"https:\/\/beepower.hr\/en\/product\/suvenir-jastucic-lavanda\/","og_site_name":"P\u010delinji proizvodi - Bee Power","article_modified_time":"2025-07-03T11:38:22+00:00","og_image":[{"width":1133,"height":850,"url":"https:\/\/beepower.hr\/wp-content\/uploads\/2025\/07\/lavanda-suvenir.jpg","type":"image\/jpeg"}],"twitter_misc":{"Est. reading time":"1 minute"},"schema":{"@context":"https:\/\/schema.org","@graph":[{"@type":"WebPage","@id":"https:\/\/beepower.hr\/product\/suvenir-jastucic-lavanda\/","url":"https:\/\/beepower.hr\/product\/suvenir-jastucic-lavanda\/","name":"Suvenir jastu\u010di\u0107 lavanda - P\u010delinji proizvodi - Bee Power","isPartOf":{"@id":"https:\/\/beepower.hr\/#website"},"primaryImageOfPage":{"@id":"https:\/\/beepower.hr\/product\/suvenir-jastucic-lavanda\/#primaryimage"},"image":{"@id":"https:\/\/beepower.hr\/product\/suvenir-jastucic-lavanda\/#primaryimage"},"thumbnailUrl":"https:\/\/beepower.hr\/wp-content\/uploads\/2025\/07\/lavanda-suvenir.jpg","datePublished":"2025-07-02T12:06:36+00:00","dateModified":"2025-07-03T11:38:22+00:00","description":"Suvenir mirisni jastu\u010di\u0107 lavanda s lijepom fotografijom Starog grada u Vara\u017edinu idealan za suvenir s putovanja ili poklon.","breadcrumb":{"@id":"https:\/\/beepower.hr\/product\/suvenir-jastucic-lavanda\/#breadcrumb"},"inLanguage":"en-US","potentialAction":[{"@type":"ReadAction","target":["https:\/\/beepower.hr\/product\/suvenir-jastucic-lavanda\/"]}]},{"@type":"ImageObject","inLanguage":"en-US","@id":"https:\/\/beepower.hr\/product\/suvenir-jastucic-lavanda\/#primaryimage","url":"https:\/\/beepower.hr\/wp-content\/uploads\/2025\/07\/lavanda-suvenir.jpg","contentUrl":"https:\/\/beepower.hr\/wp-content\/uploads\/2025\/07\/lavanda-suvenir.jpg","width":1133,"height":850,"caption":"Bee Power suvenir lavanda"},{"@type":"BreadcrumbList","@id":"https:\/\/beepower.hr\/product\/suvenir-jastucic-lavanda\/#breadcrumb","itemListElement":[{"@type":"ListItem","position":1,"name":"Naslovna","item":"https:\/\/beepower.hr\/"},{"@type":"ListItem","position":2,"name":"Shop","item":"https:\/\/beepower.hr\/shop\/"},{"@type":"ListItem","position":3,"name":"Suvenir jastu\u010di\u0107 lavanda"}]},{"@type":"WebSite","@id":"https:\/\/beepower.hr\/#website","url":"https:\/\/beepower.hr\/","name":"P\u010delinji proizvodi - Bee Power","description":"Bee Power - snaga p\u010dela, najsla\u0111e blago prirode","potentialAction":[{"@type":"SearchAction","target":{"@type":"EntryPoint","urlTemplate":"https:\/\/beepower.hr\/?s={search_term_string}"},"query-input":{"@type":"PropertyValueSpecification","valueRequired":true,"valueName":"search_term_string"}}],"inLanguage":"en-US"}]}},"_links":{"self":[{"href":"https:\/\/beepower.hr\/en\/wp-json\/wp\/v2\/product\/1179","targetHints":{"allow":["GET"]}}],"collection":[{"href":"https:\/\/beepower.hr\/en\/wp-json\/wp\/v2\/product"}],"about":[{"href":"https:\/\/beepower.hr\/en\/wp-json\/wp\/v2\/types\/product"}],"wp:featuredmedia":[{"embeddable":true,"href":"https:\/\/beepower.hr\/en\/wp-json\/wp\/v2\/media\/1196"}],"wp:attachment":[{"href":"https:\/\/beepower.hr\/en\/wp-json\/wp\/v2\/media?parent=1179"}],"wp:term":[{"taxonomy":"product_brand","embeddable":true,"href":"https:\/\/beepower.hr\/en\/wp-json\/wp\/v2\/product_brand?post=1179"},{"taxonomy":"product_cat","embeddable":true,"href":"https:\/\/beepower.hr\/en\/wp-json\/wp\/v2\/product_cat?post=1179"},{"taxonomy":"product_tag","embeddable":true,"href":"https:\/\/beepower.hr\/en\/wp-json\/wp\/v2\/product_tag?post=1179"}],"curies":[{"name":"wp","href":"https:\/\/api.w.org\/{rel}","templated":true}]}}