{"id":1197,"date":"2025-07-03T11:24:59","date_gmt":"2025-07-03T09:24:59","guid":{"rendered":"https:\/\/beepower.hr\/?post_type=product&#038;p=1197"},"modified":"2025-07-03T15:51:21","modified_gmt":"2025-07-03T13:51:21","slug":"sljivovica-500-ml-sa-logotipom","status":"publish","type":"product","link":"https:\/\/beepower.hr\/en\/product\/sljivovica-500-ml-sa-logotipom\/","title":{"rendered":"Plum brandy 500 ml with logo"},"content":{"rendered":"<p style=\"text-align: center;\"><strong>Photograph for illustration purposes only. Minor differences in color and dimensions are possible.<\/strong><\/p>\n<h4>When is it recommended to drink Bee Power Distillery Plum brandy?<\/h4>\n<ul>\n<li>Social occasions \u2013 special celebrations, birthdays, weddings, success in business or sports (consumed in moderation).<\/li>\n<li>Cultural customs - plum brandy as a welcome in some countries, a toast at special occasions.<\/li>\n<li>Mild relaxation \u2013 among friends, with music, but not as a \"cure\" for stress.<\/li>\n<li>With certain dishes - e.g. our good plum brandy is great with smoked ham.<\/li>\n<li>Ritual occasions \u2013 e.g. drinking brandy in memory of the deceased, some religious customs (in moderation).<\/li>\n<\/ul>\n<h4>Tips for drinking plum brandy responsibly:<\/h4>\n<ul>\n<li>Never drink plum brandy on an empty stomach - that way the alcohol is absorbed faster.<\/li>\n<li>Drink without ice, chilled to 16 degrees and alternating with water in a separate glass - it reduces dehydration and hangovers.<\/li>\n<li>Be careful with the amount \u2013 WHO recommends a maximum of 2 standard drinks per day for men, 1 for women.<\/li>\n<li>Listen to your body \u2013 if it makes you uncomfortable, stop, it won't go bad as it has no expiration date.<\/li>\n<\/ul>\n<h4>When is it NOT recommended to drink plum brandy?<\/h4>\n<p>Persons under 18 years of age<br \/>\nBefore or while driving \u2013 alcohol and driving are a deadly combination.<br \/>\nDuring pregnancy and breastfeeding \u2013 it harms the child.<br \/>\nWith certain medications \u2013 it can cause dangerous side effects.<br \/>\nIf you are depressed or angry \u2013 alcohol can make your condition worse.<br \/>\nBefore physical activity \u2013it dehydrates and weakens performance.<\/p>","protected":false},"excerpt":{"rendered":"<p><img loading=\"lazy\" decoding=\"async\" class=\"size-medium wp-image-675\" src=\"https:\/\/beepower.hr\/wp-content\/uploads\/2016\/06\/18-300x108.jpg\" alt=\"Liker od meda 18+\" width=\"300\" height=\"108\" srcset=\"https:\/\/beepower.hr\/wp-content\/uploads\/2016\/06\/18-300x108.jpg 300w, https:\/\/beepower.hr\/wp-content\/uploads\/2016\/06\/18-768x276.jpg 768w, https:\/\/beepower.hr\/wp-content\/uploads\/2016\/06\/18-18x6.jpg 18w, https:\/\/beepower.hr\/wp-content\/uploads\/2016\/06\/18-600x216.jpg 600w, https:\/\/beepower.hr\/wp-content\/uploads\/2016\/06\/18.jpg 1000w\" sizes=\"auto, (max-width: 300px) 100vw, 300px\" \/><\/p>\n<p>Bee Power plum brandy is produced by double distillation of selected plum varieties grown in Vara\u017edin County. Thanks to the distillation process perfected over the years and aging for at least two years in Barrique barrels, we have achieved a balanced flavor of a combination of fruity notes with mild oak tones.<br \/>\nNOTE: We offer the possibility of making personalized gifts with your logo! Personalized business gifts are the perfect way to express gratitude, business support or strengthen brand recognition.<\/p>\n<p>This brandy is a true delight for the palates of all the people with a taste for traditional homemade brandy.<\/p>\n<p>40% alcohol. Best served chilled at 16\u00b0 C.<\/p>\n<p>The consumption of spirits should always be moderate and responsible, and the most important part is that it is consumed safely, without harm to your health.<\/p>","protected":false},"featured_media":1199,"template":"","meta":{"_monsterinsights_skip_tracking":false,"_monsterinsights_sitenote_active":false,"_monsterinsights_sitenote_note":"","_monsterinsights_sitenote_category":0},"product_brand":[137],"product_cat":[138],"product_tag":[52,24,53,131],"class_list":{"0":"post-1197","1":"product","2":"type-product","3":"status-publish","4":"has-post-thumbnail","6":"product_brand-bee-power","7":"product_cat-rakije","8":"product_tag-liker","9":"product_tag-prirodno","10":"product_tag-rakija","11":"product_tag-sljivovica","13":"first","14":"onbackorder","15":"taxable","16":"shipping-taxable","17":"purchasable","18":"product-type-simple"},"yoast_head":"<!-- This site is optimized with the Yoast SEO plugin v27.5 - https:\/\/yoast.com\/product\/yoast-seo-wordpress\/ -->\n<title>\u0160ljivovica 500 ml sa logotipom - P\u010delinji proizvodi - Bee Power<\/title>\n<meta name=\"description\" content=\"Bee Power \u0161ljivovica, rakija proizvedena prema tradicionalnoj recepturi u destileriji iz autohtonih vrsta \u0161ljiva Vara\u017edinske \u017eupanije\" \/>\n<meta name=\"robots\" content=\"index, follow, max-snippet:-1, max-image-preview:large, max-video-preview:-1\" \/>\n<link rel=\"canonical\" href=\"https:\/\/beepower.hr\/en\/product\/sljivovica-500-ml-sa-logotipom\/\" \/>\n<meta property=\"og:locale\" content=\"en_US\" \/>\n<meta property=\"og:type\" content=\"article\" \/>\n<meta property=\"og:title\" content=\"\u0160ljivovica 500 ml sa logotipom - P\u010delinji proizvodi - Bee Power\" \/>\n<meta property=\"og:description\" content=\"Bee Power \u0161ljivovica, rakija proizvedena prema tradicionalnoj recepturi u destileriji iz autohtonih vrsta \u0161ljiva Vara\u017edinske \u017eupanije\" \/>\n<meta property=\"og:url\" content=\"https:\/\/beepower.hr\/en\/product\/sljivovica-500-ml-sa-logotipom\/\" \/>\n<meta property=\"og:site_name\" content=\"P\u010delinji proizvodi - Bee Power\" \/>\n<meta property=\"article:modified_time\" content=\"2025-07-03T13:51:21+00:00\" \/>\n<meta property=\"og:image\" content=\"https:\/\/beepower.hr\/wp-content\/uploads\/2025\/07\/sljivovica-bernarda-1.jpg\" \/>\n\t<meta property=\"og:image:width\" content=\"1511\" \/>\n\t<meta property=\"og:image:height\" content=\"850\" \/>\n\t<meta property=\"og:image:type\" content=\"image\/jpeg\" \/>\n<meta name=\"twitter:label1\" content=\"Est. reading time\" \/>\n\t<meta name=\"twitter:data1\" content=\"2 minutes\" \/>\n<script type=\"application\/ld+json\" class=\"yoast-schema-graph\">{\"@context\":\"https:\\\/\\\/schema.org\",\"@graph\":[{\"@type\":\"WebPage\",\"@id\":\"https:\\\/\\\/beepower.hr\\\/product\\\/sljivovica-500-ml-sa-logotipom\\\/\",\"url\":\"https:\\\/\\\/beepower.hr\\\/product\\\/sljivovica-500-ml-sa-logotipom\\\/\",\"name\":\"\u0160ljivovica 500 ml sa logotipom - P\u010delinji proizvodi - Bee Power\",\"isPartOf\":{\"@id\":\"https:\\\/\\\/beepower.hr\\\/#website\"},\"primaryImageOfPage\":{\"@id\":\"https:\\\/\\\/beepower.hr\\\/product\\\/sljivovica-500-ml-sa-logotipom\\\/#primaryimage\"},\"image\":{\"@id\":\"https:\\\/\\\/beepower.hr\\\/product\\\/sljivovica-500-ml-sa-logotipom\\\/#primaryimage\"},\"thumbnailUrl\":\"https:\\\/\\\/beepower.hr\\\/wp-content\\\/uploads\\\/2025\\\/07\\\/sljivovica-bernarda-1.jpg\",\"datePublished\":\"2025-07-03T09:24:59+00:00\",\"dateModified\":\"2025-07-03T13:51:21+00:00\",\"description\":\"Bee Power \u0161ljivovica, rakija proizvedena prema tradicionalnoj recepturi u destileriji iz autohtonih vrsta \u0161ljiva Vara\u017edinske \u017eupanije\",\"breadcrumb\":{\"@id\":\"https:\\\/\\\/beepower.hr\\\/product\\\/sljivovica-500-ml-sa-logotipom\\\/#breadcrumb\"},\"inLanguage\":\"en-US\",\"potentialAction\":[{\"@type\":\"ReadAction\",\"target\":[\"https:\\\/\\\/beepower.hr\\\/product\\\/sljivovica-500-ml-sa-logotipom\\\/\"]}]},{\"@type\":\"ImageObject\",\"inLanguage\":\"en-US\",\"@id\":\"https:\\\/\\\/beepower.hr\\\/product\\\/sljivovica-500-ml-sa-logotipom\\\/#primaryimage\",\"url\":\"https:\\\/\\\/beepower.hr\\\/wp-content\\\/uploads\\\/2025\\\/07\\\/sljivovica-bernarda-1.jpg\",\"contentUrl\":\"https:\\\/\\\/beepower.hr\\\/wp-content\\\/uploads\\\/2025\\\/07\\\/sljivovica-bernarda-1.jpg\",\"width\":1511,\"height\":850,\"caption\":\"Bee Power \u0161ljivovica\"},{\"@type\":\"BreadcrumbList\",\"@id\":\"https:\\\/\\\/beepower.hr\\\/product\\\/sljivovica-500-ml-sa-logotipom\\\/#breadcrumb\",\"itemListElement\":[{\"@type\":\"ListItem\",\"position\":1,\"name\":\"Naslovna\",\"item\":\"https:\\\/\\\/beepower.hr\\\/\"},{\"@type\":\"ListItem\",\"position\":2,\"name\":\"Shop\",\"item\":\"https:\\\/\\\/beepower.hr\\\/shop\\\/\"},{\"@type\":\"ListItem\",\"position\":3,\"name\":\"\u0160ljivovica 500 ml sa logotipom\"}]},{\"@type\":\"WebSite\",\"@id\":\"https:\\\/\\\/beepower.hr\\\/#website\",\"url\":\"https:\\\/\\\/beepower.hr\\\/\",\"name\":\"P\u010delinji proizvodi - Bee Power\",\"description\":\"Bee Power - snaga p\u010dela, najsla\u0111e blago prirode\",\"potentialAction\":[{\"@type\":\"SearchAction\",\"target\":{\"@type\":\"EntryPoint\",\"urlTemplate\":\"https:\\\/\\\/beepower.hr\\\/?s={search_term_string}\"},\"query-input\":{\"@type\":\"PropertyValueSpecification\",\"valueRequired\":true,\"valueName\":\"search_term_string\"}}],\"inLanguage\":\"en-US\"}]}<\/script>\n<!-- \/ Yoast SEO plugin. -->","yoast_head_json":{"title":"\u0160ljivovica 500 ml sa logotipom - P\u010delinji proizvodi - Bee Power","description":"Bee Power \u0161ljivovica, rakija proizvedena prema tradicionalnoj recepturi u destileriji iz autohtonih vrsta \u0161ljiva Vara\u017edinske \u017eupanije","robots":{"index":"index","follow":"follow","max-snippet":"max-snippet:-1","max-image-preview":"max-image-preview:large","max-video-preview":"max-video-preview:-1"},"canonical":"https:\/\/beepower.hr\/en\/product\/sljivovica-500-ml-sa-logotipom\/","og_locale":"en_US","og_type":"article","og_title":"\u0160ljivovica 500 ml sa logotipom - P\u010delinji proizvodi - Bee Power","og_description":"Bee Power \u0161ljivovica, rakija proizvedena prema tradicionalnoj recepturi u destileriji iz autohtonih vrsta \u0161ljiva Vara\u017edinske \u017eupanije","og_url":"https:\/\/beepower.hr\/en\/product\/sljivovica-500-ml-sa-logotipom\/","og_site_name":"P\u010delinji proizvodi - Bee Power","article_modified_time":"2025-07-03T13:51:21+00:00","og_image":[{"width":1511,"height":850,"url":"https:\/\/beepower.hr\/wp-content\/uploads\/2025\/07\/sljivovica-bernarda-1.jpg","type":"image\/jpeg"}],"twitter_misc":{"Est. reading time":"2 minutes"},"schema":{"@context":"https:\/\/schema.org","@graph":[{"@type":"WebPage","@id":"https:\/\/beepower.hr\/product\/sljivovica-500-ml-sa-logotipom\/","url":"https:\/\/beepower.hr\/product\/sljivovica-500-ml-sa-logotipom\/","name":"\u0160ljivovica 500 ml sa logotipom - P\u010delinji proizvodi - Bee Power","isPartOf":{"@id":"https:\/\/beepower.hr\/#website"},"primaryImageOfPage":{"@id":"https:\/\/beepower.hr\/product\/sljivovica-500-ml-sa-logotipom\/#primaryimage"},"image":{"@id":"https:\/\/beepower.hr\/product\/sljivovica-500-ml-sa-logotipom\/#primaryimage"},"thumbnailUrl":"https:\/\/beepower.hr\/wp-content\/uploads\/2025\/07\/sljivovica-bernarda-1.jpg","datePublished":"2025-07-03T09:24:59+00:00","dateModified":"2025-07-03T13:51:21+00:00","description":"Bee Power \u0161ljivovica, rakija proizvedena prema tradicionalnoj recepturi u destileriji iz autohtonih vrsta \u0161ljiva Vara\u017edinske \u017eupanije","breadcrumb":{"@id":"https:\/\/beepower.hr\/product\/sljivovica-500-ml-sa-logotipom\/#breadcrumb"},"inLanguage":"en-US","potentialAction":[{"@type":"ReadAction","target":["https:\/\/beepower.hr\/product\/sljivovica-500-ml-sa-logotipom\/"]}]},{"@type":"ImageObject","inLanguage":"en-US","@id":"https:\/\/beepower.hr\/product\/sljivovica-500-ml-sa-logotipom\/#primaryimage","url":"https:\/\/beepower.hr\/wp-content\/uploads\/2025\/07\/sljivovica-bernarda-1.jpg","contentUrl":"https:\/\/beepower.hr\/wp-content\/uploads\/2025\/07\/sljivovica-bernarda-1.jpg","width":1511,"height":850,"caption":"Bee Power \u0161ljivovica"},{"@type":"BreadcrumbList","@id":"https:\/\/beepower.hr\/product\/sljivovica-500-ml-sa-logotipom\/#breadcrumb","itemListElement":[{"@type":"ListItem","position":1,"name":"Naslovna","item":"https:\/\/beepower.hr\/"},{"@type":"ListItem","position":2,"name":"Shop","item":"https:\/\/beepower.hr\/shop\/"},{"@type":"ListItem","position":3,"name":"\u0160ljivovica 500 ml sa logotipom"}]},{"@type":"WebSite","@id":"https:\/\/beepower.hr\/#website","url":"https:\/\/beepower.hr\/","name":"P\u010delinji proizvodi - Bee Power","description":"Bee Power - snaga p\u010dela, najsla\u0111e blago prirode","potentialAction":[{"@type":"SearchAction","target":{"@type":"EntryPoint","urlTemplate":"https:\/\/beepower.hr\/?s={search_term_string}"},"query-input":{"@type":"PropertyValueSpecification","valueRequired":true,"valueName":"search_term_string"}}],"inLanguage":"en-US"}]}},"_links":{"self":[{"href":"https:\/\/beepower.hr\/en\/wp-json\/wp\/v2\/product\/1197","targetHints":{"allow":["GET"]}}],"collection":[{"href":"https:\/\/beepower.hr\/en\/wp-json\/wp\/v2\/product"}],"about":[{"href":"https:\/\/beepower.hr\/en\/wp-json\/wp\/v2\/types\/product"}],"wp:featuredmedia":[{"embeddable":true,"href":"https:\/\/beepower.hr\/en\/wp-json\/wp\/v2\/media\/1199"}],"wp:attachment":[{"href":"https:\/\/beepower.hr\/en\/wp-json\/wp\/v2\/media?parent=1197"}],"wp:term":[{"taxonomy":"product_brand","embeddable":true,"href":"https:\/\/beepower.hr\/en\/wp-json\/wp\/v2\/product_brand?post=1197"},{"taxonomy":"product_cat","embeddable":true,"href":"https:\/\/beepower.hr\/en\/wp-json\/wp\/v2\/product_cat?post=1197"},{"taxonomy":"product_tag","embeddable":true,"href":"https:\/\/beepower.hr\/en\/wp-json\/wp\/v2\/product_tag?post=1197"}],"curies":[{"name":"wp","href":"https:\/\/api.w.org\/{rel}","templated":true}]}}