{"id":1260,"date":"2025-09-10T20:41:21","date_gmt":"2025-09-10T18:41:21","guid":{"rendered":"https:\/\/beepower.hr\/?post_type=product&#038;p=1260"},"modified":"2025-09-10T20:43:53","modified_gmt":"2025-09-10T18:43:53","slug":"gvirc-zimska-idila-05lit","status":"publish","type":"product","link":"https:\/\/beepower.hr\/en\/product\/gvirc-zimska-idila-05lit\/","title":{"rendered":"Gvirc Zimska idila 0,5lit"},"content":{"rendered":"<p>Postupak fermentacije (vrenja) pri proizvodnji Bee Power gvirca (medovine)je u osnovi sli\u010dan kao i kod proizvodnje vina, s tim \u0161to se umjesto \u0161e\u0107era iz gro\u017e\u0111a koriste \u0161e\u0107eri iz meda. U medu postoje razni divlji kvasc\u00ed koji u kontroliranim uvjetima mogu pokrenuti fermentaciju, ali \u010desto ukoliko se ne radi kako treba ne\u0107e proizvesti pi\u0107e ljudima ugodnog okusa.<\/p>\n<p>U oba slu\u010daja i u proizvodnji vina i gvirca, koji je vrsta vina od meda, k\u013aju\u010dni proces je alkoholna fermentacija, gdje kvasac (gljivica Saccharomyces cerevisiae i drugi sojevi) metabolizira \u0161e\u0107ere i pretvara ih u etanol (alkohol), uglji\u010dni dioksid (CO\u2082), arome i nusproizvode koji daju karakteristi\u010dan okus dobivenom proizvodu koji tradicionalno zovemo Gvirc. Fermentacija meda se odvija u strogo kontroliranim uvjetima na stalnoj temperaturi od +20 stupnjeva celzija.<\/p>\n<p>Iako je temeljni princip fermentacije gvirca identi\u010dan onom kod proizvodnje vina, glavna razlika le\u017ei u osnovnoj sirovini (med vs. gro\u017e\u0111e) i u samom pristupu kontroli tog procesa. Tradicionalni na\u010din na koji mi u Bee Power destileriji radimo, oslanjanjem na spontanu mikrofloru, uz uvijek iste omjere na\u0161eg meda, kod proizvodnje koristimo sve potrebne kontrolirane uvjete i selektirane kulture kvasca kako bi proizveli predvidljiv i visokokvalitetan gvirc sa \u017eeljenim profilom arome i okusa.<\/p>\n<p>Usporedne karakteristike proizvodnje vina i <strong>Bee Power gvirca<\/strong>:<\/p>\n<table>\n<thead>\n<tr>\n<th>Karakteristike<\/th>\n<th><strong>Vino (od gro\u017e\u0111a)<\/strong><\/th>\n<th><strong>Gvirc \/ Medovina<\/strong><\/th>\n<\/tr>\n<\/thead>\n<tbody>\n<tr>\n<td><strong>Izvor \u0161e\u0107era<\/strong><\/td>\n<td>Prirodni \u0161e\u0107eri iz gro\u017e\u0111a (fruktoza, glukoza)<\/td>\n<td>\u0160e\u0107eri iz meda (uglavnom fruktoza i glukoza)<\/td>\n<\/tr>\n<tr>\n<td><strong>Podloga za fermentaciju<\/strong><\/td>\n<td>Gro\u017e\u0111ev sok (&#8220;mo\u0161t&#8221;)<\/td>\n<td>Vodeni rastvor meda<\/td>\n<\/tr>\n<tr>\n<td><strong>Spontana mikroflora<\/strong><\/td>\n<td>Kvasci i bakterije na kori gro\u017e\u0111a i u podrumu<\/td>\n<td>Kvasci i bakterije u samom medu, na posudi i u prostoriji<\/td>\n<\/tr>\n<tr>\n<td><strong>Hranjive tvari za kvasac<\/strong><\/td>\n<td>Prirodno prisutne u gro\u017e\u0111u<\/td>\n<td>Med ih ima vrlo malo;<span> <\/span>dodaje se hranljiva sol<span>\u00a0<\/span>kako bi se pomoglo kvascu i sprije\u010dile mogu\u0107e lo\u0161e arome<\/td>\n<\/tr>\n<\/tbody>\n<\/table>\n<p>UV zraci mogu uzrokovati &#8220;foto-oksidaciju&#8221;, \u0161to rezultira neugodnim mirisom. Tamna boca 8-9% alkohola u Bee Power Gvircu sa tamnim mjestom prilikom \u010duvanja uz hladno\u0107u produ\u017eavaju rok trajanja.<\/p>\n<p>Dobro napravljen i pravilno pohranjen gvirc mo\u017ee biti izvrsno i stabilno pi\u0107e koje s vremenom \u010duva li se u dobrim uvjetima mo\u017ee razviti jo\u0161 bolji i kompleksniji okus, ba\u0161 kao kvalitetno vino. Klju\u010d je u kontroli procesa proizvodnje i optimalnim uvjetima skladi\u0161tenja bez suvi\u0161ne vlage i stranih mirisa.<\/p>\n<p>Napomena: Rok upotrebe Gvirca je otprilike 12 mjeseci od datuma punjenja (najbolje upotrijebiti do). Gvirc se \u010duva na hladnom mjestu izvan dohvata sun\u010deve svjetlosti.<\/p>","protected":false},"excerpt":{"rendered":"<p>Postupak fermentacije (vrenja) pri proizvodnji Bee Power gvirca (medovine)je u osnovi sli\u010dan kao i kod proizvodnje vina, s tim \u0161to se umjesto \u0161e\u0107era iz gro\u017e\u0111a koriste \u0161e\u0107eri iz meda. U medu postoje razni divlji kvasc\u00ed koji u kontroliranim uvjetima mogu pokrenuti fermentaciju, ali \u010desto ukoliko se ne radi kako treba ne\u0107e proizvesti pi\u0107e ljudima ugodnog [&hellip;]<\/p>\n","protected":false},"featured_media":1259,"template":"","meta":{"_monsterinsights_skip_tracking":false,"_monsterinsights_sitenote_active":false,"_monsterinsights_sitenote_note":"","_monsterinsights_sitenote_category":0},"product_brand":[137],"product_cat":[23],"product_tag":[145,144,146],"class_list":{"0":"post-1260","1":"product","2":"type-product","3":"status-publish","4":"has-post-thumbnail","6":"product_brand-bee-power","7":"product_cat-pica","8":"product_tag-bee-power-destilerija","9":"product_tag-gvirc","10":"product_tag-pice-od-meda","12":"first","13":"instock","14":"sale","15":"taxable","16":"shipping-taxable","17":"purchasable","18":"product-type-simple"},"yoast_head":"<!-- This site is optimized with the Yoast SEO plugin v27.4 - https:\/\/yoast.com\/product\/yoast-seo-wordpress\/ -->\n<title>Gvirc Zimska idila 0,5lit - P\u010delinji proizvodi - Bee Power<\/title>\n<meta name=\"robots\" content=\"index, follow, max-snippet:-1, max-image-preview:large, max-video-preview:-1\" \/>\n<link rel=\"canonical\" href=\"https:\/\/beepower.hr\/en\/product\/gvirc-zimska-idila-05lit\/\" \/>\n<meta property=\"og:locale\" content=\"en_US\" \/>\n<meta property=\"og:type\" content=\"article\" \/>\n<meta property=\"og:title\" content=\"Gvirc Zimska idila 0,5lit - P\u010delinji proizvodi - Bee Power\" \/>\n<meta property=\"og:description\" content=\"Postupak fermentacije (vrenja) pri proizvodnji Bee Power gvirca (medovine)je u osnovi sli\u010dan kao i kod proizvodnje vina, s tim \u0161to se umjesto \u0161e\u0107era iz gro\u017e\u0111a koriste \u0161e\u0107eri iz meda. U medu postoje razni divlji kvasc\u00ed koji u kontroliranim uvjetima mogu pokrenuti fermentaciju, ali \u010desto ukoliko se ne radi kako treba ne\u0107e proizvesti pi\u0107e ljudima ugodnog [&hellip;]\" \/>\n<meta property=\"og:url\" content=\"https:\/\/beepower.hr\/en\/product\/gvirc-zimska-idila-05lit\/\" \/>\n<meta property=\"og:site_name\" content=\"P\u010delinji proizvodi - Bee Power\" \/>\n<meta property=\"article:modified_time\" content=\"2025-09-10T18:43:53+00:00\" \/>\n<meta property=\"og:image\" content=\"https:\/\/beepower.hr\/wp-content\/uploads\/2024\/11\/zimska_idila.jpg\" \/>\n\t<meta property=\"og:image:width\" content=\"640\" \/>\n\t<meta property=\"og:image:height\" content=\"509\" \/>\n\t<meta property=\"og:image:type\" content=\"image\/jpeg\" \/>\n<meta name=\"twitter:label1\" content=\"Est. reading time\" \/>\n\t<meta name=\"twitter:data1\" content=\"2 minutes\" \/>\n<script type=\"application\/ld+json\" class=\"yoast-schema-graph\">{\"@context\":\"https:\\\/\\\/schema.org\",\"@graph\":[{\"@type\":\"WebPage\",\"@id\":\"https:\\\/\\\/beepower.hr\\\/product\\\/gvirc-zimska-idila-05lit\\\/\",\"url\":\"https:\\\/\\\/beepower.hr\\\/product\\\/gvirc-zimska-idila-05lit\\\/\",\"name\":\"Gvirc Zimska idila 0,5lit - P\u010delinji proizvodi - Bee Power\",\"isPartOf\":{\"@id\":\"https:\\\/\\\/beepower.hr\\\/#website\"},\"primaryImageOfPage\":{\"@id\":\"https:\\\/\\\/beepower.hr\\\/product\\\/gvirc-zimska-idila-05lit\\\/#primaryimage\"},\"image\":{\"@id\":\"https:\\\/\\\/beepower.hr\\\/product\\\/gvirc-zimska-idila-05lit\\\/#primaryimage\"},\"thumbnailUrl\":\"https:\\\/\\\/beepower.hr\\\/wp-content\\\/uploads\\\/2024\\\/11\\\/zimska_idila.jpg\",\"datePublished\":\"2025-09-10T18:41:21+00:00\",\"dateModified\":\"2025-09-10T18:43:53+00:00\",\"breadcrumb\":{\"@id\":\"https:\\\/\\\/beepower.hr\\\/product\\\/gvirc-zimska-idila-05lit\\\/#breadcrumb\"},\"inLanguage\":\"en-US\",\"potentialAction\":[{\"@type\":\"ReadAction\",\"target\":[\"https:\\\/\\\/beepower.hr\\\/product\\\/gvirc-zimska-idila-05lit\\\/\"]}]},{\"@type\":\"ImageObject\",\"inLanguage\":\"en-US\",\"@id\":\"https:\\\/\\\/beepower.hr\\\/product\\\/gvirc-zimska-idila-05lit\\\/#primaryimage\",\"url\":\"https:\\\/\\\/beepower.hr\\\/wp-content\\\/uploads\\\/2024\\\/11\\\/zimska_idila.jpg\",\"contentUrl\":\"https:\\\/\\\/beepower.hr\\\/wp-content\\\/uploads\\\/2024\\\/11\\\/zimska_idila.jpg\",\"width\":640,\"height\":509},{\"@type\":\"BreadcrumbList\",\"@id\":\"https:\\\/\\\/beepower.hr\\\/product\\\/gvirc-zimska-idila-05lit\\\/#breadcrumb\",\"itemListElement\":[{\"@type\":\"ListItem\",\"position\":1,\"name\":\"Naslovna\",\"item\":\"https:\\\/\\\/beepower.hr\\\/\"},{\"@type\":\"ListItem\",\"position\":2,\"name\":\"Shop\",\"item\":\"https:\\\/\\\/beepower.hr\\\/shop\\\/\"},{\"@type\":\"ListItem\",\"position\":3,\"name\":\"Gvirc Zimska idila 0,5lit\"}]},{\"@type\":\"WebSite\",\"@id\":\"https:\\\/\\\/beepower.hr\\\/#website\",\"url\":\"https:\\\/\\\/beepower.hr\\\/\",\"name\":\"P\u010delinji proizvodi - Bee Power\",\"description\":\"Bee Power - snaga p\u010dela, najsla\u0111e blago prirode\",\"potentialAction\":[{\"@type\":\"SearchAction\",\"target\":{\"@type\":\"EntryPoint\",\"urlTemplate\":\"https:\\\/\\\/beepower.hr\\\/?s={search_term_string}\"},\"query-input\":{\"@type\":\"PropertyValueSpecification\",\"valueRequired\":true,\"valueName\":\"search_term_string\"}}],\"inLanguage\":\"en-US\"}]}<\/script>\n<!-- \/ Yoast SEO plugin. -->","yoast_head_json":{"title":"Gvirc Zimska idila 0,5lit - P\u010delinji proizvodi - Bee Power","robots":{"index":"index","follow":"follow","max-snippet":"max-snippet:-1","max-image-preview":"max-image-preview:large","max-video-preview":"max-video-preview:-1"},"canonical":"https:\/\/beepower.hr\/en\/product\/gvirc-zimska-idila-05lit\/","og_locale":"en_US","og_type":"article","og_title":"Gvirc Zimska idila 0,5lit - P\u010delinji proizvodi - Bee Power","og_description":"Postupak fermentacije (vrenja) pri proizvodnji Bee Power gvirca (medovine)je u osnovi sli\u010dan kao i kod proizvodnje vina, s tim \u0161to se umjesto \u0161e\u0107era iz gro\u017e\u0111a koriste \u0161e\u0107eri iz meda. U medu postoje razni divlji kvasc\u00ed koji u kontroliranim uvjetima mogu pokrenuti fermentaciju, ali \u010desto ukoliko se ne radi kako treba ne\u0107e proizvesti pi\u0107e ljudima ugodnog [&hellip;]","og_url":"https:\/\/beepower.hr\/en\/product\/gvirc-zimska-idila-05lit\/","og_site_name":"P\u010delinji proizvodi - Bee Power","article_modified_time":"2025-09-10T18:43:53+00:00","og_image":[{"width":640,"height":509,"url":"https:\/\/beepower.hr\/wp-content\/uploads\/2024\/11\/zimska_idila.jpg","type":"image\/jpeg"}],"twitter_misc":{"Est. reading time":"2 minutes"},"schema":{"@context":"https:\/\/schema.org","@graph":[{"@type":"WebPage","@id":"https:\/\/beepower.hr\/product\/gvirc-zimska-idila-05lit\/","url":"https:\/\/beepower.hr\/product\/gvirc-zimska-idila-05lit\/","name":"Gvirc Zimska idila 0,5lit - P\u010delinji proizvodi - Bee Power","isPartOf":{"@id":"https:\/\/beepower.hr\/#website"},"primaryImageOfPage":{"@id":"https:\/\/beepower.hr\/product\/gvirc-zimska-idila-05lit\/#primaryimage"},"image":{"@id":"https:\/\/beepower.hr\/product\/gvirc-zimska-idila-05lit\/#primaryimage"},"thumbnailUrl":"https:\/\/beepower.hr\/wp-content\/uploads\/2024\/11\/zimska_idila.jpg","datePublished":"2025-09-10T18:41:21+00:00","dateModified":"2025-09-10T18:43:53+00:00","breadcrumb":{"@id":"https:\/\/beepower.hr\/product\/gvirc-zimska-idila-05lit\/#breadcrumb"},"inLanguage":"en-US","potentialAction":[{"@type":"ReadAction","target":["https:\/\/beepower.hr\/product\/gvirc-zimska-idila-05lit\/"]}]},{"@type":"ImageObject","inLanguage":"en-US","@id":"https:\/\/beepower.hr\/product\/gvirc-zimska-idila-05lit\/#primaryimage","url":"https:\/\/beepower.hr\/wp-content\/uploads\/2024\/11\/zimska_idila.jpg","contentUrl":"https:\/\/beepower.hr\/wp-content\/uploads\/2024\/11\/zimska_idila.jpg","width":640,"height":509},{"@type":"BreadcrumbList","@id":"https:\/\/beepower.hr\/product\/gvirc-zimska-idila-05lit\/#breadcrumb","itemListElement":[{"@type":"ListItem","position":1,"name":"Naslovna","item":"https:\/\/beepower.hr\/"},{"@type":"ListItem","position":2,"name":"Shop","item":"https:\/\/beepower.hr\/shop\/"},{"@type":"ListItem","position":3,"name":"Gvirc Zimska idila 0,5lit"}]},{"@type":"WebSite","@id":"https:\/\/beepower.hr\/#website","url":"https:\/\/beepower.hr\/","name":"P\u010delinji proizvodi - Bee Power","description":"Bee Power - snaga p\u010dela, najsla\u0111e blago prirode","potentialAction":[{"@type":"SearchAction","target":{"@type":"EntryPoint","urlTemplate":"https:\/\/beepower.hr\/?s={search_term_string}"},"query-input":{"@type":"PropertyValueSpecification","valueRequired":true,"valueName":"search_term_string"}}],"inLanguage":"en-US"}]}},"_links":{"self":[{"href":"https:\/\/beepower.hr\/en\/wp-json\/wp\/v2\/product\/1260","targetHints":{"allow":["GET"]}}],"collection":[{"href":"https:\/\/beepower.hr\/en\/wp-json\/wp\/v2\/product"}],"about":[{"href":"https:\/\/beepower.hr\/en\/wp-json\/wp\/v2\/types\/product"}],"wp:featuredmedia":[{"embeddable":true,"href":"https:\/\/beepower.hr\/en\/wp-json\/wp\/v2\/media\/1259"}],"wp:attachment":[{"href":"https:\/\/beepower.hr\/en\/wp-json\/wp\/v2\/media?parent=1260"}],"wp:term":[{"taxonomy":"product_brand","embeddable":true,"href":"https:\/\/beepower.hr\/en\/wp-json\/wp\/v2\/product_brand?post=1260"},{"taxonomy":"product_cat","embeddable":true,"href":"https:\/\/beepower.hr\/en\/wp-json\/wp\/v2\/product_cat?post=1260"},{"taxonomy":"product_tag","embeddable":true,"href":"https:\/\/beepower.hr\/en\/wp-json\/wp\/v2\/product_tag?post=1260"}],"curies":[{"name":"wp","href":"https:\/\/api.w.org\/{rel}","templated":true}]}}