{"id":763,"date":"2024-04-23T21:14:49","date_gmt":"2024-04-23T21:14:49","guid":{"rendered":"https:\/\/wpt.enu.mybluehost.me\/website_64285c76\/?post_type=product&#038;p=763"},"modified":"2025-07-18T13:23:52","modified_gmt":"2025-07-18T11:23:52","slug":"api-inhalacija","status":"publish","type":"product","link":"https:\/\/beepower.hr\/en\/product\/api-inhalacija\/","title":{"rendered":"Api inhalation"},"content":{"rendered":"<p><span>Photograph for illustration purposes only. Minor differences in color and dimensions are possible.<\/span><\/p>\n<h6>Inhalation of health from the hive: everything you need to know about api inhalation<\/h6>\n<p>Api therapy, or therapy with bee products, is gaining more popularity thanks to its potential health benefits. One of the interesting examples of api therapy is api inhalation - direct inhalation of air from the beehive. This may sound unususal but it has numerous benefits for respiratory health system and general well being.<\/p>\n<h6>What is api inhalation?<\/h6>\n<p>Api inhalation involves inhailing air rich in microparticles of the bee products like honey, propolis, perga, royal jelly, beeswax and nectar. This is achieved in a specially designed room \"api chamber\", which contains beehives. The air from the hives is purified and passed through the pipes to the inhailer or mask that the person wears.<\/p>\n<p>In specially designed Bee Power Api chamber there is a possibility of breathing air without a mask, sitting or lying down, which is especially suitable for small children.<\/p>\n<h6>Advantages of api inhalation:<\/h6>\n<p>Proponents of api inhalation claim that it offers a number of potential helath benefits, including:<\/p>\n<p><strong>Improving health of respiratory system:<\/strong> It is believed that breathing air from a beehive can help with conditions such as asthma, bronchitis, sinusitis and allergies. Bee products contain antimicrobal and anti-infalmmatory compounds that can reduce   inflamamtion and irritation of the respiratory tract.<br \/>\n<strong>Strengthening the immunity:<\/strong> Bee products are rich in antioxidants and other nutrients taht can help strenghten the immune system and help the body fight against infections.<br \/>\n<strong>Reduces stress and improves the mood:<\/strong> Some studies suggest that api inhalation can reduce stress and improve the mood. The pleasant smell of the beehive and the buzzing sound of the bees can have a calming effect.<\/p>\n<h6>Is api inhalation safe?<\/h6>\n<p>Api inhalation is generally considered safe for helathy adults. However, there are certain contraindications that shoudd be kept in mind:<\/p>\n<p><strong>Allergies:<\/strong> People allergic to bee stings or bee pollen shoud not perform api inhalations.<br \/>\n<strong>Asthma:<\/strong> While it claims to help with asthma, it can make it worse in some cases. Seek medical advice before trying api inhalation if you have asthma,<br \/>\n<strong>Pregnanacy and breast-feeding: there is not enough research on the safety of api inhalation during pregnancy and breast-feeding.<\/strong> Nema dovoljno istra\u017eivanja o sigurnosti api inhalacije tijekom trudno\u0107e i dojenja.<\/p>\n<h6>What to expect during api inhalation:<\/h6>\n<p>Api inhalation usually lasts for about 30-45 minutes, and can be performed up to twice a day but most often it is performed once a week. During inhalation you may feel a slight scent of bee products and the buzzing of the bees. After inhalation, some people feel an improvement in breathing and generally more energetic<\/p>\n<h6>Conclusion:<\/h6>\n<p>Api inhalation is relatively new in the world and it shows promise in the area of human respiratory health, as well as general health. However, further research is needed to be able to confirm its advantages. If you are interested in api inhalation it is important to seek medical advice to determine if it is safe for you.<\/p>","protected":false},"excerpt":{"rendered":"<p>For 4 treatments of 45 minutes, the price is 30 euro per person but with us it is 4x10=30. How? After three consecutive uses, the fourth is FREE! <strong>For all the people in need who are not able to pay for inhalation, thay can make an appointment without any obligation to pay.<\/strong><br \/>\nContact\/ appointment\/ orders: +385989862023<br \/>\nApi chamber is used for inhalation using air from the hive. Air from the beehive prevents and helps with many diseases such as:<br \/>\n-asthma<br \/>\n-chronic migraines and headaches<br \/>\n-bronchitis<br \/>\n-stress<br \/>\n-irregular heartbeat<br \/>\n-chronic lung disease<\/p>","protected":false},"featured_media":764,"template":"","meta":{"_monsterinsights_skip_tracking":false,"_monsterinsights_sitenote_active":false,"_monsterinsights_sitenote_note":"","_monsterinsights_sitenote_category":0},"product_brand":[137],"product_cat":[50],"product_tag":[142,104],"class_list":{"0":"post-763","1":"product","2":"type-product","3":"status-publish","4":"has-post-thumbnail","6":"product_brand-bee-power","7":"product_cat-inhalacija","8":"product_tag-inhalacija","9":"product_tag-zdravlje","11":"first","12":"onbackorder","13":"taxable","14":"shipping-taxable","15":"purchasable","16":"product-type-simple"},"yoast_head":"<!-- This site is optimized with the Yoast SEO plugin v27.3 - https:\/\/yoast.com\/product\/yoast-seo-wordpress\/ -->\n<title>Api inhalacija - P\u010delinji proizvodi - Bee Power<\/title>\n<meta name=\"description\" content=\"Api inhalacija podrazumijeva udisanje zraka bogatog mikro\u010desticama p\u010delinjih proizvoda, poput \u043c\u0435d\u0430, propolisa, perge, mati\u010dne mlije\u010di, p\u010delinjeg voska i nektara.\" \/>\n<meta name=\"robots\" content=\"index, follow, max-snippet:-1, max-image-preview:large, max-video-preview:-1\" \/>\n<link rel=\"canonical\" href=\"https:\/\/beepower.hr\/en\/product\/api-inhalacija\/\" \/>\n<meta property=\"og:locale\" content=\"en_US\" \/>\n<meta property=\"og:type\" content=\"article\" \/>\n<meta property=\"og:title\" content=\"Api inhalacija - P\u010delinji proizvodi - Bee Power\" \/>\n<meta property=\"og:description\" content=\"Api inhalacija podrazumijeva udisanje zraka bogatog mikro\u010desticama p\u010delinjih proizvoda, poput \u043c\u0435d\u0430, propolisa, perge, mati\u010dne mlije\u010di, p\u010delinjeg voska i nektara.\" \/>\n<meta property=\"og:url\" content=\"https:\/\/beepower.hr\/en\/product\/api-inhalacija\/\" \/>\n<meta property=\"og:site_name\" content=\"P\u010delinji proizvodi - Bee Power\" \/>\n<meta property=\"article:modified_time\" content=\"2025-07-18T11:23:52+00:00\" \/>\n<meta property=\"og:image\" content=\"https:\/\/beepower.hr\/wp-content\/uploads\/2024\/04\/inhalacija.jpg\" \/>\n\t<meta property=\"og:image:width\" content=\"960\" \/>\n\t<meta property=\"og:image:height\" content=\"720\" \/>\n\t<meta property=\"og:image:type\" content=\"image\/jpeg\" \/>\n<meta name=\"twitter:label1\" content=\"Est. reading time\" \/>\n\t<meta name=\"twitter:data1\" content=\"3 minutes\" \/>\n<script type=\"application\/ld+json\" class=\"yoast-schema-graph\">{\"@context\":\"https:\\\/\\\/schema.org\",\"@graph\":[{\"@type\":\"WebPage\",\"@id\":\"https:\\\/\\\/beepower.hr\\\/product\\\/api-inhalacija\\\/\",\"url\":\"https:\\\/\\\/beepower.hr\\\/product\\\/api-inhalacija\\\/\",\"name\":\"Api inhalacija - P\u010delinji proizvodi - Bee Power\",\"isPartOf\":{\"@id\":\"https:\\\/\\\/beepower.hr\\\/#website\"},\"primaryImageOfPage\":{\"@id\":\"https:\\\/\\\/beepower.hr\\\/product\\\/api-inhalacija\\\/#primaryimage\"},\"image\":{\"@id\":\"https:\\\/\\\/beepower.hr\\\/product\\\/api-inhalacija\\\/#primaryimage\"},\"thumbnailUrl\":\"https:\\\/\\\/beepower.hr\\\/wp-content\\\/uploads\\\/2024\\\/04\\\/inhalacija.jpg\",\"datePublished\":\"2024-04-23T21:14:49+00:00\",\"dateModified\":\"2025-07-18T11:23:52+00:00\",\"description\":\"Api inhalacija podrazumijeva udisanje zraka bogatog mikro\u010desticama p\u010delinjih proizvoda, poput \u043c\u0435d\u0430, propolisa, perge, mati\u010dne mlije\u010di, p\u010delinjeg voska i nektara.\",\"breadcrumb\":{\"@id\":\"https:\\\/\\\/beepower.hr\\\/product\\\/api-inhalacija\\\/#breadcrumb\"},\"inLanguage\":\"en-US\",\"potentialAction\":[{\"@type\":\"ReadAction\",\"target\":[\"https:\\\/\\\/beepower.hr\\\/product\\\/api-inhalacija\\\/\"]}]},{\"@type\":\"ImageObject\",\"inLanguage\":\"en-US\",\"@id\":\"https:\\\/\\\/beepower.hr\\\/product\\\/api-inhalacija\\\/#primaryimage\",\"url\":\"https:\\\/\\\/beepower.hr\\\/wp-content\\\/uploads\\\/2024\\\/04\\\/inhalacija.jpg\",\"contentUrl\":\"https:\\\/\\\/beepower.hr\\\/wp-content\\\/uploads\\\/2024\\\/04\\\/inhalacija.jpg\",\"width\":960,\"height\":720,\"caption\":\"Api inhalacija\"},{\"@type\":\"BreadcrumbList\",\"@id\":\"https:\\\/\\\/beepower.hr\\\/product\\\/api-inhalacija\\\/#breadcrumb\",\"itemListElement\":[{\"@type\":\"ListItem\",\"position\":1,\"name\":\"Naslovna\",\"item\":\"https:\\\/\\\/beepower.hr\\\/\"},{\"@type\":\"ListItem\",\"position\":2,\"name\":\"Shop\",\"item\":\"https:\\\/\\\/beepower.hr\\\/shop\\\/\"},{\"@type\":\"ListItem\",\"position\":3,\"name\":\"Api inhalacija\"}]},{\"@type\":\"WebSite\",\"@id\":\"https:\\\/\\\/beepower.hr\\\/#website\",\"url\":\"https:\\\/\\\/beepower.hr\\\/\",\"name\":\"P\u010delinji proizvodi - Bee Power\",\"description\":\"Bee Power - snaga p\u010dela, najsla\u0111e blago prirode\",\"potentialAction\":[{\"@type\":\"SearchAction\",\"target\":{\"@type\":\"EntryPoint\",\"urlTemplate\":\"https:\\\/\\\/beepower.hr\\\/?s={search_term_string}\"},\"query-input\":{\"@type\":\"PropertyValueSpecification\",\"valueRequired\":true,\"valueName\":\"search_term_string\"}}],\"inLanguage\":\"en-US\"}]}<\/script>\n<!-- \/ Yoast SEO plugin. -->","yoast_head_json":{"title":"Api inhalacija - P\u010delinji proizvodi - Bee Power","description":"Api inhalacija podrazumijeva udisanje zraka bogatog mikro\u010desticama p\u010delinjih proizvoda, poput \u043c\u0435d\u0430, propolisa, perge, mati\u010dne mlije\u010di, p\u010delinjeg voska i nektara.","robots":{"index":"index","follow":"follow","max-snippet":"max-snippet:-1","max-image-preview":"max-image-preview:large","max-video-preview":"max-video-preview:-1"},"canonical":"https:\/\/beepower.hr\/en\/product\/api-inhalacija\/","og_locale":"en_US","og_type":"article","og_title":"Api inhalacija - P\u010delinji proizvodi - Bee Power","og_description":"Api inhalacija podrazumijeva udisanje zraka bogatog mikro\u010desticama p\u010delinjih proizvoda, poput \u043c\u0435d\u0430, propolisa, perge, mati\u010dne mlije\u010di, p\u010delinjeg voska i nektara.","og_url":"https:\/\/beepower.hr\/en\/product\/api-inhalacija\/","og_site_name":"P\u010delinji proizvodi - Bee Power","article_modified_time":"2025-07-18T11:23:52+00:00","og_image":[{"width":960,"height":720,"url":"https:\/\/beepower.hr\/wp-content\/uploads\/2024\/04\/inhalacija.jpg","type":"image\/jpeg"}],"twitter_misc":{"Est. reading time":"3 minutes"},"schema":{"@context":"https:\/\/schema.org","@graph":[{"@type":"WebPage","@id":"https:\/\/beepower.hr\/product\/api-inhalacija\/","url":"https:\/\/beepower.hr\/product\/api-inhalacija\/","name":"Api inhalacija - P\u010delinji proizvodi - Bee Power","isPartOf":{"@id":"https:\/\/beepower.hr\/#website"},"primaryImageOfPage":{"@id":"https:\/\/beepower.hr\/product\/api-inhalacija\/#primaryimage"},"image":{"@id":"https:\/\/beepower.hr\/product\/api-inhalacija\/#primaryimage"},"thumbnailUrl":"https:\/\/beepower.hr\/wp-content\/uploads\/2024\/04\/inhalacija.jpg","datePublished":"2024-04-23T21:14:49+00:00","dateModified":"2025-07-18T11:23:52+00:00","description":"Api inhalacija podrazumijeva udisanje zraka bogatog mikro\u010desticama p\u010delinjih proizvoda, poput \u043c\u0435d\u0430, propolisa, perge, mati\u010dne mlije\u010di, p\u010delinjeg voska i nektara.","breadcrumb":{"@id":"https:\/\/beepower.hr\/product\/api-inhalacija\/#breadcrumb"},"inLanguage":"en-US","potentialAction":[{"@type":"ReadAction","target":["https:\/\/beepower.hr\/product\/api-inhalacija\/"]}]},{"@type":"ImageObject","inLanguage":"en-US","@id":"https:\/\/beepower.hr\/product\/api-inhalacija\/#primaryimage","url":"https:\/\/beepower.hr\/wp-content\/uploads\/2024\/04\/inhalacija.jpg","contentUrl":"https:\/\/beepower.hr\/wp-content\/uploads\/2024\/04\/inhalacija.jpg","width":960,"height":720,"caption":"Api inhalacija"},{"@type":"BreadcrumbList","@id":"https:\/\/beepower.hr\/product\/api-inhalacija\/#breadcrumb","itemListElement":[{"@type":"ListItem","position":1,"name":"Naslovna","item":"https:\/\/beepower.hr\/"},{"@type":"ListItem","position":2,"name":"Shop","item":"https:\/\/beepower.hr\/shop\/"},{"@type":"ListItem","position":3,"name":"Api inhalacija"}]},{"@type":"WebSite","@id":"https:\/\/beepower.hr\/#website","url":"https:\/\/beepower.hr\/","name":"P\u010delinji proizvodi - Bee Power","description":"Bee Power - snaga p\u010dela, najsla\u0111e blago prirode","potentialAction":[{"@type":"SearchAction","target":{"@type":"EntryPoint","urlTemplate":"https:\/\/beepower.hr\/?s={search_term_string}"},"query-input":{"@type":"PropertyValueSpecification","valueRequired":true,"valueName":"search_term_string"}}],"inLanguage":"en-US"}]}},"_links":{"self":[{"href":"https:\/\/beepower.hr\/en\/wp-json\/wp\/v2\/product\/763","targetHints":{"allow":["GET"]}}],"collection":[{"href":"https:\/\/beepower.hr\/en\/wp-json\/wp\/v2\/product"}],"about":[{"href":"https:\/\/beepower.hr\/en\/wp-json\/wp\/v2\/types\/product"}],"wp:featuredmedia":[{"embeddable":true,"href":"https:\/\/beepower.hr\/en\/wp-json\/wp\/v2\/media\/764"}],"wp:attachment":[{"href":"https:\/\/beepower.hr\/en\/wp-json\/wp\/v2\/media?parent=763"}],"wp:term":[{"taxonomy":"product_brand","embeddable":true,"href":"https:\/\/beepower.hr\/en\/wp-json\/wp\/v2\/product_brand?post=763"},{"taxonomy":"product_cat","embeddable":true,"href":"https:\/\/beepower.hr\/en\/wp-json\/wp\/v2\/product_cat?post=763"},{"taxonomy":"product_tag","embeddable":true,"href":"https:\/\/beepower.hr\/en\/wp-json\/wp\/v2\/product_tag?post=763"}],"curies":[{"name":"wp","href":"https:\/\/api.w.org\/{rel}","templated":true}]}}