{"id":804,"date":"2024-04-25T18:39:21","date_gmt":"2024-04-25T18:39:21","guid":{"rendered":"https:\/\/beepower.hr\/?post_type=product&#038;p=804"},"modified":"2026-02-11T12:28:39","modified_gmt":"2026-02-11T11:28:39","slug":"sumski-med-medljika","status":"publish","type":"product","link":"https:\/\/beepower.hr\/en\/product\/sumski-med-medljika\/","title":{"rendered":"Forest honey"},"content":{"rendered":"<p><strong>Forest honey: secret goodness from the heart of the forest<\/strong><br \/>\nForest honey is not your ordinary flower honey. It is  a unique delicacy of nature, created by the cooperation of hard working bees and world of the plants.<\/p>\n<p><strong>Source of sweetness:<\/strong><\/p>\n<p>Unlike flower honey, which bees produce from the nectar of flowers, forest honey is made from \"honey dew\". Honey dew is a sticky liquid rich in sugar secreted by tiny insects like aphids on trees.  The bees diligently collect that sweet dew and take it to the hive where they transform it into a tasty and healthy honey.<\/p>\n<p><strong>Taste and aroma:<\/strong><\/p>\n<p>Forest honey has a darker color than flower honey and its taste is unique. It can be slightly earthy, with hints of fruit such as figs or plums. There is also a more intense scent then flower honey with a resinous aroma.<\/p>\n<p><strong>The wealth of nature:<\/strong><\/p>\n<p>Forest honey is often considered more nutrious and healthier than any type of flower honey. It is richer in minerals so that suggests it may have stronger antibacterial and antioxidant properties.<\/p>\n<p><strong>Enjoying forest honey:<\/strong><\/p>\n<p>Forest honey is delicious on its own as a food  but can also be used as an addition to yoghurt, oats, pancakes or tea. Its unique aroma and flavor can raise the bar of delicacy to a higer level.<\/p>\n<p>Taste the magic of forest honey and let the natural sweetness and potential health benefits enrich your life!<\/p>\n<div class=\"sc_price\"><span class=\"sc_price_currency\">\u20ac<\/span><span class=\"sc_price_money\">20<\/span><\/div>FREE DELIVERY FOR ORDERS OVER 20,00 EURO FOR:<\/p>\n<ul>\n<li>GRAD VARA\u017dDIN<\/li>\n<li>NEDELJANEC<\/li>\n<li>GOJANEC<\/li>\n<li>JALKOVEC<\/li>\n<li>VIDOVEC<\/li>\n<li>TU\u017dNO<\/li>\n<li>CERJE TU\u017dNO<\/li>\n<li>\u010cRE\u0160NJEVO<\/li>\n<li>BERETINEC<\/li>\n<li>CERJE NEBOJSE<\/li>\n<li>KRKANEC<\/li>\n<li>TUR\u010cIN<\/li>\n<li>GORNJI KNEGINEC<\/li>\n<li>KU\u010cAN MAROF<\/li>\n<li>KU\u010cAN GORNJI<\/li>\n<li>KU\u010cAN DONJI<\/li>\n<li>HRA\u0160\u010cICA<\/li>\n<li>SRA\u010cINEC<\/li>\n<\/ul>","protected":false},"excerpt":{"rendered":"<p>Unlike flower honey, which bees produce from the nectar of flowers, forest honey is made from \"honey dew\". Honey dew is a sticky liquid rich in sugar secreted by tiny insects like aphids on trees.  The bees diligently collect that sweet dew and take it to the hive where they transform it into a tasty and healthy honey.<\/p>\n<div class=\"sc_price\"><span class=\"sc_price_currency\">\u20ac<\/span><span class=\"sc_price_money\">20<\/span><\/div>","protected":false},"featured_media":728,"template":"","meta":{"_monsterinsights_skip_tracking":false,"_monsterinsights_sitenote_active":false,"_monsterinsights_sitenote_note":"","_monsterinsights_sitenote_category":0},"product_brand":[137],"product_cat":[18],"product_tag":[27,147,24,25],"class_list":{"0":"post-804","1":"product","2":"type-product","3":"status-publish","4":"has-post-thumbnail","6":"product_brand-bee-power","7":"product_cat-med","8":"product_tag-med","9":"product_tag-medljika","10":"product_tag-prirodno","11":"product_tag-slatko","13":"first","14":"outofstock","15":"taxable","16":"shipping-taxable","17":"purchasable","18":"product-type-simple"},"yoast_head":"<!-- This site is optimized with the Yoast SEO plugin v27.4 - https:\/\/yoast.com\/product\/yoast-seo-wordpress\/ -->\n<title>\u0160umski med - medljika - P\u010delinji proizvodi - Bee Power<\/title>\n<meta name=\"description\" content=\"\u0160umski med, medljika ili medljikovac, nije va\u0161 obi\u010dan cvjetni med. To je jedinstvena delicija prirode, stvorena suradnjom marljivih p\u010dela i biljnog svijeta.\" \/>\n<meta name=\"robots\" content=\"index, follow, max-snippet:-1, max-image-preview:large, max-video-preview:-1\" \/>\n<link rel=\"canonical\" href=\"https:\/\/beepower.hr\/en\/product\/sumski-med-medljika\/\" \/>\n<meta property=\"og:locale\" content=\"en_US\" \/>\n<meta property=\"og:type\" content=\"article\" \/>\n<meta property=\"og:title\" content=\"\u0160umski med - medljika - P\u010delinji proizvodi - Bee Power\" \/>\n<meta property=\"og:description\" content=\"\u0160umski med, medljika ili medljikovac, nije va\u0161 obi\u010dan cvjetni med. To je jedinstvena delicija prirode, stvorena suradnjom marljivih p\u010dela i biljnog svijeta.\" \/>\n<meta property=\"og:url\" content=\"https:\/\/beepower.hr\/en\/product\/sumski-med-medljika\/\" \/>\n<meta property=\"og:site_name\" content=\"P\u010delinji proizvodi - Bee Power\" \/>\n<meta property=\"article:modified_time\" content=\"2026-02-11T11:28:39+00:00\" \/>\n<meta property=\"og:image\" content=\"https:\/\/beepower.hr\/wp-content\/uploads\/2024\/04\/Snimka-zaslona-2023-12-30-164630.png\" \/>\n\t<meta property=\"og:image:width\" content=\"664\" \/>\n\t<meta property=\"og:image:height\" content=\"708\" \/>\n\t<meta property=\"og:image:type\" content=\"image\/png\" \/>\n<meta name=\"twitter:label1\" content=\"Est. reading time\" \/>\n\t<meta name=\"twitter:data1\" content=\"2 minutes\" \/>\n<script type=\"application\/ld+json\" class=\"yoast-schema-graph\">{\"@context\":\"https:\\\/\\\/schema.org\",\"@graph\":[{\"@type\":\"WebPage\",\"@id\":\"https:\\\/\\\/beepower.hr\\\/product\\\/sumski-med-medljika\\\/\",\"url\":\"https:\\\/\\\/beepower.hr\\\/product\\\/sumski-med-medljika\\\/\",\"name\":\"\u0160umski med - medljika - P\u010delinji proizvodi - Bee Power\",\"isPartOf\":{\"@id\":\"https:\\\/\\\/beepower.hr\\\/#website\"},\"primaryImageOfPage\":{\"@id\":\"https:\\\/\\\/beepower.hr\\\/product\\\/sumski-med-medljika\\\/#primaryimage\"},\"image\":{\"@id\":\"https:\\\/\\\/beepower.hr\\\/product\\\/sumski-med-medljika\\\/#primaryimage\"},\"thumbnailUrl\":\"https:\\\/\\\/beepower.hr\\\/wp-content\\\/uploads\\\/2024\\\/04\\\/Snimka-zaslona-2023-12-30-164630.png\",\"datePublished\":\"2024-04-25T18:39:21+00:00\",\"dateModified\":\"2026-02-11T11:28:39+00:00\",\"description\":\"\u0160umski med, medljika ili medljikovac, nije va\u0161 obi\u010dan cvjetni med. To je jedinstvena delicija prirode, stvorena suradnjom marljivih p\u010dela i biljnog svijeta.\",\"breadcrumb\":{\"@id\":\"https:\\\/\\\/beepower.hr\\\/product\\\/sumski-med-medljika\\\/#breadcrumb\"},\"inLanguage\":\"en-US\",\"potentialAction\":[{\"@type\":\"ReadAction\",\"target\":[\"https:\\\/\\\/beepower.hr\\\/product\\\/sumski-med-medljika\\\/\"]}]},{\"@type\":\"ImageObject\",\"inLanguage\":\"en-US\",\"@id\":\"https:\\\/\\\/beepower.hr\\\/product\\\/sumski-med-medljika\\\/#primaryimage\",\"url\":\"https:\\\/\\\/beepower.hr\\\/wp-content\\\/uploads\\\/2024\\\/04\\\/Snimka-zaslona-2023-12-30-164630.png\",\"contentUrl\":\"https:\\\/\\\/beepower.hr\\\/wp-content\\\/uploads\\\/2024\\\/04\\\/Snimka-zaslona-2023-12-30-164630.png\",\"width\":664,\"height\":708,\"caption\":\"Bee Power med bagrema\"},{\"@type\":\"BreadcrumbList\",\"@id\":\"https:\\\/\\\/beepower.hr\\\/product\\\/sumski-med-medljika\\\/#breadcrumb\",\"itemListElement\":[{\"@type\":\"ListItem\",\"position\":1,\"name\":\"Naslovna\",\"item\":\"https:\\\/\\\/beepower.hr\\\/\"},{\"@type\":\"ListItem\",\"position\":2,\"name\":\"Shop\",\"item\":\"https:\\\/\\\/beepower.hr\\\/shop\\\/\"},{\"@type\":\"ListItem\",\"position\":3,\"name\":\"\u0160umski med &#8211; medljika\"}]},{\"@type\":\"WebSite\",\"@id\":\"https:\\\/\\\/beepower.hr\\\/#website\",\"url\":\"https:\\\/\\\/beepower.hr\\\/\",\"name\":\"P\u010delinji proizvodi - Bee Power\",\"description\":\"Bee Power - snaga p\u010dela, najsla\u0111e blago prirode\",\"potentialAction\":[{\"@type\":\"SearchAction\",\"target\":{\"@type\":\"EntryPoint\",\"urlTemplate\":\"https:\\\/\\\/beepower.hr\\\/?s={search_term_string}\"},\"query-input\":{\"@type\":\"PropertyValueSpecification\",\"valueRequired\":true,\"valueName\":\"search_term_string\"}}],\"inLanguage\":\"en-US\"}]}<\/script>\n<!-- \/ Yoast SEO plugin. -->","yoast_head_json":{"title":"\u0160umski med - medljika - P\u010delinji proizvodi - Bee Power","description":"Forest honey is not your ordinary flower honey. It is  a unique delicacy of nature, created by the cooperation of hard working bees and world of the plants.","robots":{"index":"index","follow":"follow","max-snippet":"max-snippet:-1","max-image-preview":"max-image-preview:large","max-video-preview":"max-video-preview:-1"},"canonical":"https:\/\/beepower.hr\/en\/product\/sumski-med-medljika\/","og_locale":"en_US","og_type":"article","og_title":"\u0160umski med - medljika - P\u010delinji proizvodi - Bee Power","og_description":"\u0160umski med, medljika ili medljikovac, nije va\u0161 obi\u010dan cvjetni med. To je jedinstvena delicija prirode, stvorena suradnjom marljivih p\u010dela i biljnog svijeta.","og_url":"https:\/\/beepower.hr\/en\/product\/sumski-med-medljika\/","og_site_name":"P\u010delinji proizvodi - Bee Power","article_modified_time":"2026-02-11T11:28:39+00:00","og_image":[{"width":664,"height":708,"url":"https:\/\/beepower.hr\/wp-content\/uploads\/2024\/04\/Snimka-zaslona-2023-12-30-164630.png","type":"image\/png"}],"twitter_misc":{"Est. reading time":"2 minutes"},"schema":{"@context":"https:\/\/schema.org","@graph":[{"@type":"WebPage","@id":"https:\/\/beepower.hr\/product\/sumski-med-medljika\/","url":"https:\/\/beepower.hr\/product\/sumski-med-medljika\/","name":"\u0160umski med - medljika - P\u010delinji proizvodi - Bee Power","isPartOf":{"@id":"https:\/\/beepower.hr\/#website"},"primaryImageOfPage":{"@id":"https:\/\/beepower.hr\/product\/sumski-med-medljika\/#primaryimage"},"image":{"@id":"https:\/\/beepower.hr\/product\/sumski-med-medljika\/#primaryimage"},"thumbnailUrl":"https:\/\/beepower.hr\/wp-content\/uploads\/2024\/04\/Snimka-zaslona-2023-12-30-164630.png","datePublished":"2024-04-25T18:39:21+00:00","dateModified":"2026-02-11T11:28:39+00:00","description":"Forest honey is not your ordinary flower honey. It is  a unique delicacy of nature, created by the cooperation of hard working bees and world of the plants.","breadcrumb":{"@id":"https:\/\/beepower.hr\/product\/sumski-med-medljika\/#breadcrumb"},"inLanguage":"en-US","potentialAction":[{"@type":"ReadAction","target":["https:\/\/beepower.hr\/product\/sumski-med-medljika\/"]}]},{"@type":"ImageObject","inLanguage":"en-US","@id":"https:\/\/beepower.hr\/product\/sumski-med-medljika\/#primaryimage","url":"https:\/\/beepower.hr\/wp-content\/uploads\/2024\/04\/Snimka-zaslona-2023-12-30-164630.png","contentUrl":"https:\/\/beepower.hr\/wp-content\/uploads\/2024\/04\/Snimka-zaslona-2023-12-30-164630.png","width":664,"height":708,"caption":"Bee Power med bagrema"},{"@type":"BreadcrumbList","@id":"https:\/\/beepower.hr\/product\/sumski-med-medljika\/#breadcrumb","itemListElement":[{"@type":"ListItem","position":1,"name":"Naslovna","item":"https:\/\/beepower.hr\/"},{"@type":"ListItem","position":2,"name":"Shop","item":"https:\/\/beepower.hr\/shop\/"},{"@type":"ListItem","position":3,"name":"\u0160umski med &#8211; medljika"}]},{"@type":"WebSite","@id":"https:\/\/beepower.hr\/#website","url":"https:\/\/beepower.hr\/","name":"P\u010delinji proizvodi - Bee Power","description":"Bee Power - snaga p\u010dela, najsla\u0111e blago prirode","potentialAction":[{"@type":"SearchAction","target":{"@type":"EntryPoint","urlTemplate":"https:\/\/beepower.hr\/?s={search_term_string}"},"query-input":{"@type":"PropertyValueSpecification","valueRequired":true,"valueName":"search_term_string"}}],"inLanguage":"en-US"}]}},"_links":{"self":[{"href":"https:\/\/beepower.hr\/en\/wp-json\/wp\/v2\/product\/804","targetHints":{"allow":["GET"]}}],"collection":[{"href":"https:\/\/beepower.hr\/en\/wp-json\/wp\/v2\/product"}],"about":[{"href":"https:\/\/beepower.hr\/en\/wp-json\/wp\/v2\/types\/product"}],"wp:featuredmedia":[{"embeddable":true,"href":"https:\/\/beepower.hr\/en\/wp-json\/wp\/v2\/media\/728"}],"wp:attachment":[{"href":"https:\/\/beepower.hr\/en\/wp-json\/wp\/v2\/media?parent=804"}],"wp:term":[{"taxonomy":"product_brand","embeddable":true,"href":"https:\/\/beepower.hr\/en\/wp-json\/wp\/v2\/product_brand?post=804"},{"taxonomy":"product_cat","embeddable":true,"href":"https:\/\/beepower.hr\/en\/wp-json\/wp\/v2\/product_cat?post=804"},{"taxonomy":"product_tag","embeddable":true,"href":"https:\/\/beepower.hr\/en\/wp-json\/wp\/v2\/product_tag?post=804"}],"curies":[{"name":"wp","href":"https:\/\/api.w.org\/{rel}","templated":true}]}}