{"id":820,"date":"2024-04-27T17:54:08","date_gmt":"2024-04-27T17:54:08","guid":{"rendered":"https:\/\/beepower.hr\/?post_type=product&#038;p=820"},"modified":"2026-01-26T17:21:03","modified_gmt":"2026-01-26T16:21:03","slug":"maticna-mlijec-10ml","status":"publish","type":"product","link":"https:\/\/beepower.hr\/en\/product\/maticna-mlijec-10ml\/","title":{"rendered":"Royal jelly 10 ml."},"content":{"rendered":"<p><span>\u00a0 \u00a0 \u00a0 \u00a0 \u00a0 \u00a0 \u00a0 \u00a0 \u00a0 \u00a0 \u00a0 \u00a0 \u00a0 \u00a0 \u00a0 \u00a0 \u00a0 \u00a0 \u00a0 \u00a0 \u00a0 Photograph for illustration purposes only. Minor differences in color and dimensions are possible.<\/span><\/p>\n<p>Royal jelly, also known as bee jelly, is a yellowish, thick substance rich in nutrients and it is produced by female worker bees to feed the larvae in the first days of life. This fascinating substance has drawn the attention of people for centuries because of its nourishing and nutritional properties.<\/p>\n<p>Composition and value:<br \/>\nRoyal jelly is a rich source of protein, vitamins (namely B vitamins, vitamin C, vitamin E), minerals (calcium, iron, magnesium), amino acids, enzymes and antioxidants. This unique combination of nutritional properties makes royal jelly a very valuable food supplement.<\/p>\n<p>Assumed benefits:<br \/>\nRoyal jelly has been used for centuries in traditional medicine to cure different health issues. Some of the assumed benefits include:<\/p>\n<p>Strengthening the immune system: It is assumed that royal jelly improves the immune system and helps fight infections.<br \/>\nRelieves symptoms of allergies: Some people use royal jelly to relieve symptoms of allergies.<br \/>\nImproves cognitive functions: It is assumed that royal jelly improves memory, concentration and learning.<br \/>\nEnhances wound healing: Some people believe that royal jelly helps heal wounds and burns.<br \/>\nAntioxidant protection: Royal jelly is rich in antioxidants that protect cells from oxidative stress and chronic diseases.<br \/>\nAvailability and use:<\/p>\n<p>In Bee Power stores you can buy royal jelly fresh or as a part of a product, while on the market you can find it in a form of  capsules, tablets, or as a food supplement. Recommended dosage may vary depending on the product and individual needs. It is important to consult with your doctor before you use royal jelly, especially if you are pregnant, breastfeeding of have any health issues.<\/p>\n<p>Reasearch and evidence:<br \/>\nWhile there is lots of anecdotal reports about the benefits of royal jelly, the scientific evidence about its effectivenes still relatively limited. Additional studies are needed to determine exact mechanisms  of activity and clinically prove efficiency.<\/p>\n<p>Conclusion:<br \/>\nRoyal jelly is a fascinating substance with a rich composition and a variety of different assumed benefits. While the scientific evidence of its effectiveness is still limited, this valuable substance from the beehive draws attention of people and fills the imagination of researchers worldwide.<\/p>","protected":false},"excerpt":{"rendered":"<p>Royal jelly, also known as bee jelly, is a yellowish, thick substance rich in nutrients and it is produced by female worker bees to feed the larvae in the first days of life. This fascinating substance has drawn the attention of people for centuries because of its nourishing and nutritional properties.<\/p>\n<p style=\"text-align: center;\"><\/p>","protected":false},"featured_media":817,"template":"","meta":{"_monsterinsights_skip_tracking":false,"_monsterinsights_sitenote_active":false,"_monsterinsights_sitenote_note":"","_monsterinsights_sitenote_category":0},"product_brand":[137],"product_cat":[20],"product_tag":[89,143,104],"class_list":{"0":"post-820","1":"product","2":"type-product","3":"status-publish","4":"has-post-thumbnail","6":"product_brand-bee-power","7":"product_cat-maticna-mlijec","8":"product_tag-imunitet","9":"product_tag-maticna-mlijec","10":"product_tag-zdravlje","12":"first","13":"outofstock","14":"taxable","15":"shipping-taxable","16":"purchasable","17":"product-type-simple"},"yoast_head":"<!-- This site is optimized with the Yoast SEO plugin v27.5 - https:\/\/yoast.com\/product\/yoast-seo-wordpress\/ -->\n<title>Mati\u010dna mlije\u010d 10ml. - P\u010delinji proizvodi - Bee Power<\/title>\n<meta name=\"description\" content=\"Mati\u010dna mlije\u010d, poznata i kao p\u010delinja mlije\u010d, je \u017eutkasta, gusta tvar bogata hranjivim tvarima koju lu\u010de \u017eenske p\u010dele radilice za hranjenje li\u010dinki u prvim danima \u017eivota i matice.\" \/>\n<meta name=\"robots\" content=\"index, follow, max-snippet:-1, max-image-preview:large, max-video-preview:-1\" \/>\n<link rel=\"canonical\" href=\"https:\/\/beepower.hr\/en\/product\/maticna-mlijec-10ml\/\" \/>\n<meta property=\"og:locale\" content=\"en_US\" \/>\n<meta property=\"og:type\" content=\"article\" \/>\n<meta property=\"og:title\" content=\"Mati\u010dna mlije\u010d 10ml. - P\u010delinji proizvodi - Bee Power\" \/>\n<meta property=\"og:description\" content=\"Mati\u010dna mlije\u010d, poznata i kao p\u010delinja mlije\u010d, je \u017eutkasta, gusta tvar bogata hranjivim tvarima koju lu\u010de \u017eenske p\u010dele radilice za hranjenje li\u010dinki u prvim danima \u017eivota i matice.\" \/>\n<meta property=\"og:url\" content=\"https:\/\/beepower.hr\/en\/product\/maticna-mlijec-10ml\/\" \/>\n<meta property=\"og:site_name\" content=\"P\u010delinji proizvodi - Bee Power\" \/>\n<meta property=\"article:modified_time\" content=\"2026-01-26T16:21:03+00:00\" \/>\n<meta property=\"og:image\" content=\"https:\/\/beepower.hr\/wp-content\/uploads\/2024\/04\/Snimka-zaslona-2024-04-27-170517.png\" \/>\n\t<meta property=\"og:image:width\" content=\"990\" \/>\n\t<meta property=\"og:image:height\" content=\"808\" \/>\n\t<meta property=\"og:image:type\" content=\"image\/png\" \/>\n<meta name=\"twitter:label1\" content=\"Est. reading time\" \/>\n\t<meta name=\"twitter:data1\" content=\"2 minutes\" \/>\n<script type=\"application\/ld+json\" class=\"yoast-schema-graph\">{\"@context\":\"https:\\\/\\\/schema.org\",\"@graph\":[{\"@type\":\"WebPage\",\"@id\":\"https:\\\/\\\/beepower.hr\\\/product\\\/maticna-mlijec-10ml\\\/\",\"url\":\"https:\\\/\\\/beepower.hr\\\/product\\\/maticna-mlijec-10ml\\\/\",\"name\":\"Mati\u010dna mlije\u010d 10ml. - P\u010delinji proizvodi - Bee Power\",\"isPartOf\":{\"@id\":\"https:\\\/\\\/beepower.hr\\\/#website\"},\"primaryImageOfPage\":{\"@id\":\"https:\\\/\\\/beepower.hr\\\/product\\\/maticna-mlijec-10ml\\\/#primaryimage\"},\"image\":{\"@id\":\"https:\\\/\\\/beepower.hr\\\/product\\\/maticna-mlijec-10ml\\\/#primaryimage\"},\"thumbnailUrl\":\"https:\\\/\\\/beepower.hr\\\/wp-content\\\/uploads\\\/2024\\\/04\\\/Snimka-zaslona-2024-04-27-170517.png\",\"datePublished\":\"2024-04-27T17:54:08+00:00\",\"dateModified\":\"2026-01-26T16:21:03+00:00\",\"description\":\"Mati\u010dna mlije\u010d, poznata i kao p\u010delinja mlije\u010d, je \u017eutkasta, gusta tvar bogata hranjivim tvarima koju lu\u010de \u017eenske p\u010dele radilice za hranjenje li\u010dinki u prvim danima \u017eivota i matice.\",\"breadcrumb\":{\"@id\":\"https:\\\/\\\/beepower.hr\\\/product\\\/maticna-mlijec-10ml\\\/#breadcrumb\"},\"inLanguage\":\"en-US\",\"potentialAction\":[{\"@type\":\"ReadAction\",\"target\":[\"https:\\\/\\\/beepower.hr\\\/product\\\/maticna-mlijec-10ml\\\/\"]}]},{\"@type\":\"ImageObject\",\"inLanguage\":\"en-US\",\"@id\":\"https:\\\/\\\/beepower.hr\\\/product\\\/maticna-mlijec-10ml\\\/#primaryimage\",\"url\":\"https:\\\/\\\/beepower.hr\\\/wp-content\\\/uploads\\\/2024\\\/04\\\/Snimka-zaslona-2024-04-27-170517.png\",\"contentUrl\":\"https:\\\/\\\/beepower.hr\\\/wp-content\\\/uploads\\\/2024\\\/04\\\/Snimka-zaslona-2024-04-27-170517.png\",\"width\":990,\"height\":808,\"caption\":\"Mati\u010dna mlije\u010d\"},{\"@type\":\"BreadcrumbList\",\"@id\":\"https:\\\/\\\/beepower.hr\\\/product\\\/maticna-mlijec-10ml\\\/#breadcrumb\",\"itemListElement\":[{\"@type\":\"ListItem\",\"position\":1,\"name\":\"Naslovna\",\"item\":\"https:\\\/\\\/beepower.hr\\\/\"},{\"@type\":\"ListItem\",\"position\":2,\"name\":\"Shop\",\"item\":\"https:\\\/\\\/beepower.hr\\\/shop\\\/\"},{\"@type\":\"ListItem\",\"position\":3,\"name\":\"Mati\u010dna mlije\u010d 10ml.\"}]},{\"@type\":\"WebSite\",\"@id\":\"https:\\\/\\\/beepower.hr\\\/#website\",\"url\":\"https:\\\/\\\/beepower.hr\\\/\",\"name\":\"P\u010delinji proizvodi - Bee Power\",\"description\":\"Bee Power - snaga p\u010dela, najsla\u0111e blago prirode\",\"potentialAction\":[{\"@type\":\"SearchAction\",\"target\":{\"@type\":\"EntryPoint\",\"urlTemplate\":\"https:\\\/\\\/beepower.hr\\\/?s={search_term_string}\"},\"query-input\":{\"@type\":\"PropertyValueSpecification\",\"valueRequired\":true,\"valueName\":\"search_term_string\"}}],\"inLanguage\":\"en-US\"}]}<\/script>\n<!-- \/ Yoast SEO plugin. -->","yoast_head_json":{"title":"Mati\u010dna mlije\u010d 10ml. - P\u010delinji proizvodi - Bee Power","description":"Mati\u010dna mlije\u010d, poznata i kao p\u010delinja mlije\u010d, je \u017eutkasta, gusta tvar bogata hranjivim tvarima koju lu\u010de \u017eenske p\u010dele radilice za hranjenje li\u010dinki u prvim danima \u017eivota i matice.","robots":{"index":"index","follow":"follow","max-snippet":"max-snippet:-1","max-image-preview":"max-image-preview:large","max-video-preview":"max-video-preview:-1"},"canonical":"https:\/\/beepower.hr\/en\/product\/maticna-mlijec-10ml\/","og_locale":"en_US","og_type":"article","og_title":"Mati\u010dna mlije\u010d 10ml. - P\u010delinji proizvodi - Bee Power","og_description":"Mati\u010dna mlije\u010d, poznata i kao p\u010delinja mlije\u010d, je \u017eutkasta, gusta tvar bogata hranjivim tvarima koju lu\u010de \u017eenske p\u010dele radilice za hranjenje li\u010dinki u prvim danima \u017eivota i matice.","og_url":"https:\/\/beepower.hr\/en\/product\/maticna-mlijec-10ml\/","og_site_name":"P\u010delinji proizvodi - Bee Power","article_modified_time":"2026-01-26T16:21:03+00:00","og_image":[{"width":990,"height":808,"url":"https:\/\/beepower.hr\/wp-content\/uploads\/2024\/04\/Snimka-zaslona-2024-04-27-170517.png","type":"image\/png"}],"twitter_misc":{"Est. reading time":"2 minutes"},"schema":{"@context":"https:\/\/schema.org","@graph":[{"@type":"WebPage","@id":"https:\/\/beepower.hr\/product\/maticna-mlijec-10ml\/","url":"https:\/\/beepower.hr\/product\/maticna-mlijec-10ml\/","name":"Mati\u010dna mlije\u010d 10ml. - P\u010delinji proizvodi - Bee Power","isPartOf":{"@id":"https:\/\/beepower.hr\/#website"},"primaryImageOfPage":{"@id":"https:\/\/beepower.hr\/product\/maticna-mlijec-10ml\/#primaryimage"},"image":{"@id":"https:\/\/beepower.hr\/product\/maticna-mlijec-10ml\/#primaryimage"},"thumbnailUrl":"https:\/\/beepower.hr\/wp-content\/uploads\/2024\/04\/Snimka-zaslona-2024-04-27-170517.png","datePublished":"2024-04-27T17:54:08+00:00","dateModified":"2026-01-26T16:21:03+00:00","description":"Mati\u010dna mlije\u010d, poznata i kao p\u010delinja mlije\u010d, je \u017eutkasta, gusta tvar bogata hranjivim tvarima koju lu\u010de \u017eenske p\u010dele radilice za hranjenje li\u010dinki u prvim danima \u017eivota i matice.","breadcrumb":{"@id":"https:\/\/beepower.hr\/product\/maticna-mlijec-10ml\/#breadcrumb"},"inLanguage":"en-US","potentialAction":[{"@type":"ReadAction","target":["https:\/\/beepower.hr\/product\/maticna-mlijec-10ml\/"]}]},{"@type":"ImageObject","inLanguage":"en-US","@id":"https:\/\/beepower.hr\/product\/maticna-mlijec-10ml\/#primaryimage","url":"https:\/\/beepower.hr\/wp-content\/uploads\/2024\/04\/Snimka-zaslona-2024-04-27-170517.png","contentUrl":"https:\/\/beepower.hr\/wp-content\/uploads\/2024\/04\/Snimka-zaslona-2024-04-27-170517.png","width":990,"height":808,"caption":"Mati\u010dna mlije\u010d"},{"@type":"BreadcrumbList","@id":"https:\/\/beepower.hr\/product\/maticna-mlijec-10ml\/#breadcrumb","itemListElement":[{"@type":"ListItem","position":1,"name":"Naslovna","item":"https:\/\/beepower.hr\/"},{"@type":"ListItem","position":2,"name":"Shop","item":"https:\/\/beepower.hr\/shop\/"},{"@type":"ListItem","position":3,"name":"Mati\u010dna mlije\u010d 10ml."}]},{"@type":"WebSite","@id":"https:\/\/beepower.hr\/#website","url":"https:\/\/beepower.hr\/","name":"P\u010delinji proizvodi - Bee Power","description":"Bee Power - snaga p\u010dela, najsla\u0111e blago prirode","potentialAction":[{"@type":"SearchAction","target":{"@type":"EntryPoint","urlTemplate":"https:\/\/beepower.hr\/?s={search_term_string}"},"query-input":{"@type":"PropertyValueSpecification","valueRequired":true,"valueName":"search_term_string"}}],"inLanguage":"en-US"}]}},"_links":{"self":[{"href":"https:\/\/beepower.hr\/en\/wp-json\/wp\/v2\/product\/820","targetHints":{"allow":["GET"]}}],"collection":[{"href":"https:\/\/beepower.hr\/en\/wp-json\/wp\/v2\/product"}],"about":[{"href":"https:\/\/beepower.hr\/en\/wp-json\/wp\/v2\/types\/product"}],"wp:featuredmedia":[{"embeddable":true,"href":"https:\/\/beepower.hr\/en\/wp-json\/wp\/v2\/media\/817"}],"wp:attachment":[{"href":"https:\/\/beepower.hr\/en\/wp-json\/wp\/v2\/media?parent=820"}],"wp:term":[{"taxonomy":"product_brand","embeddable":true,"href":"https:\/\/beepower.hr\/en\/wp-json\/wp\/v2\/product_brand?post=820"},{"taxonomy":"product_cat","embeddable":true,"href":"https:\/\/beepower.hr\/en\/wp-json\/wp\/v2\/product_cat?post=820"},{"taxonomy":"product_tag","embeddable":true,"href":"https:\/\/beepower.hr\/en\/wp-json\/wp\/v2\/product_tag?post=820"}],"curies":[{"name":"wp","href":"https:\/\/api.w.org\/{rel}","templated":true}]}}