{"id":838,"date":"2024-05-04T08:42:20","date_gmt":"2024-05-04T08:42:20","guid":{"rendered":"https:\/\/beepower.hr\/?post_type=product&#038;p=838"},"modified":"2025-07-18T13:01:24","modified_gmt":"2025-07-18T11:01:24","slug":"sve-ok-majca","status":"publish","type":"product","link":"https:\/\/beepower.hr\/en\/product\/sve-ok-majca\/","title":{"rendered":"Everything is ok as long as there are bees - T shirt"},"content":{"rendered":"<p><span>\u00a0 \u00a0 \u00a0 \u00a0 \u00a0 \u00a0 \u00a0 \u00a0 \u00a0 \u00a0 \u00a0 \u00a0 \u00a0 \u00a0 \u00a0 \u00a0 \u00a0 \u00a0 Photograph for illustration purposes only. Minor differences in color and dimensions are possible.<\/span><\/p>\n<p>As long as there are bees and other pollinators, we know that nature is in balance and that everything is fine. Order your \"<strong>Everything is OK<\/strong>\"- Bee Power short sleeve T-shirt as part of the amount by purchasing this products, you directly help preserve the  bees and other pollinators in nature.<\/p>","protected":false},"excerpt":{"rendered":"<p>As long as there are bees and other pollinators, we know that nature is in balance and that everything is fine. Order your \"<strong>Everything is OK<\/strong>\"- Bee Power short sleeve T-shirt as part of the amount by purchasing this products, you directly help preserve the  bees and other pollinators in nature.<\/p>","protected":false},"featured_media":841,"template":"","meta":{"_monsterinsights_skip_tracking":false,"_monsterinsights_sitenote_active":false,"_monsterinsights_sitenote_note":"","_monsterinsights_sitenote_category":0},"product_brand":[137],"product_cat":[45],"product_tag":[65,64,27,62,61,63],"class_list":{"0":"post-838","1":"product","2":"type-product","3":"status-publish","4":"has-post-thumbnail","6":"product_brand-bee-power","7":"product_cat-ostali-proizvodi","8":"product_tag-bee-power","9":"product_tag-majca","10":"product_tag-med","11":"product_tag-pcela","12":"product_tag-pcele","13":"product_tag-pcelinjak","15":"first","16":"onbackorder","17":"sale","18":"taxable","19":"shipping-taxable","20":"purchasable","21":"product-type-simple"},"yoast_head":"<!-- This site is optimized with the Yoast SEO plugin v27.4 - https:\/\/yoast.com\/product\/yoast-seo-wordpress\/ -->\n<title>Sve ok dok ima p\u010dela - majca - P\u010delinji proizvodi - Bee Power<\/title>\n<meta name=\"description\" content=\"&#039;MA SVE JE OK&#039; - Bee Power majcu kratkih rukava - dio iznosa kupnjom ovog proizvoda direktno poma\u017eete o\u010duvanju p\u010dela i ostalih opra\u0161iva\u010da u prirodi.\" \/>\n<meta name=\"robots\" content=\"index, follow, max-snippet:-1, max-image-preview:large, max-video-preview:-1\" \/>\n<link rel=\"canonical\" href=\"https:\/\/beepower.hr\/en\/product\/sve-ok-majca\/\" \/>\n<meta property=\"og:locale\" content=\"en_US\" \/>\n<meta property=\"og:type\" content=\"article\" \/>\n<meta property=\"og:title\" content=\"Sve ok dok ima p\u010dela - majca - P\u010delinji proizvodi - Bee Power\" \/>\n<meta property=\"og:description\" content=\"&#039;MA SVE JE OK&#039; - Bee Power majcu kratkih rukava - dio iznosa kupnjom ovog proizvoda direktno poma\u017eete o\u010duvanju p\u010dela i ostalih opra\u0161iva\u010da u prirodi.\" \/>\n<meta property=\"og:url\" content=\"https:\/\/beepower.hr\/en\/product\/sve-ok-majca\/\" \/>\n<meta property=\"og:site_name\" content=\"P\u010delinji proizvodi - Bee Power\" \/>\n<meta property=\"article:modified_time\" content=\"2025-07-18T11:01:24+00:00\" \/>\n<meta property=\"og:image\" content=\"https:\/\/beepower.hr\/wp-content\/uploads\/2024\/05\/Snimka-zaslona-2024-05-04-094850.png\" \/>\n\t<meta property=\"og:image:width\" content=\"307\" \/>\n\t<meta property=\"og:image:height\" content=\"315\" \/>\n\t<meta property=\"og:image:type\" content=\"image\/png\" \/>\n<meta name=\"twitter:label1\" content=\"Est. reading time\" \/>\n\t<meta name=\"twitter:data1\" content=\"1 minute\" \/>\n<script type=\"application\/ld+json\" class=\"yoast-schema-graph\">{\"@context\":\"https:\\\/\\\/schema.org\",\"@graph\":[{\"@type\":\"WebPage\",\"@id\":\"https:\\\/\\\/beepower.hr\\\/product\\\/sve-ok-majca\\\/\",\"url\":\"https:\\\/\\\/beepower.hr\\\/product\\\/sve-ok-majca\\\/\",\"name\":\"Sve ok dok ima p\u010dela - majca - P\u010delinji proizvodi - Bee Power\",\"isPartOf\":{\"@id\":\"https:\\\/\\\/beepower.hr\\\/#website\"},\"primaryImageOfPage\":{\"@id\":\"https:\\\/\\\/beepower.hr\\\/product\\\/sve-ok-majca\\\/#primaryimage\"},\"image\":{\"@id\":\"https:\\\/\\\/beepower.hr\\\/product\\\/sve-ok-majca\\\/#primaryimage\"},\"thumbnailUrl\":\"https:\\\/\\\/beepower.hr\\\/wp-content\\\/uploads\\\/2024\\\/05\\\/Snimka-zaslona-2024-05-04-094850.png\",\"datePublished\":\"2024-05-04T08:42:20+00:00\",\"dateModified\":\"2025-07-18T11:01:24+00:00\",\"description\":\"'MA SVE JE OK' - Bee Power majcu kratkih rukava - dio iznosa kupnjom ovog proizvoda direktno poma\u017eete o\u010duvanju p\u010dela i ostalih opra\u0161iva\u010da u prirodi.\",\"breadcrumb\":{\"@id\":\"https:\\\/\\\/beepower.hr\\\/product\\\/sve-ok-majca\\\/#breadcrumb\"},\"inLanguage\":\"en-US\",\"potentialAction\":[{\"@type\":\"ReadAction\",\"target\":[\"https:\\\/\\\/beepower.hr\\\/product\\\/sve-ok-majca\\\/\"]}]},{\"@type\":\"ImageObject\",\"inLanguage\":\"en-US\",\"@id\":\"https:\\\/\\\/beepower.hr\\\/product\\\/sve-ok-majca\\\/#primaryimage\",\"url\":\"https:\\\/\\\/beepower.hr\\\/wp-content\\\/uploads\\\/2024\\\/05\\\/Snimka-zaslona-2024-05-04-094850.png\",\"contentUrl\":\"https:\\\/\\\/beepower.hr\\\/wp-content\\\/uploads\\\/2024\\\/05\\\/Snimka-zaslona-2024-05-04-094850.png\",\"width\":307,\"height\":315,\"caption\":\"sve ok - bee power majca kratkih rukava\"},{\"@type\":\"BreadcrumbList\",\"@id\":\"https:\\\/\\\/beepower.hr\\\/product\\\/sve-ok-majca\\\/#breadcrumb\",\"itemListElement\":[{\"@type\":\"ListItem\",\"position\":1,\"name\":\"Naslovna\",\"item\":\"https:\\\/\\\/beepower.hr\\\/\"},{\"@type\":\"ListItem\",\"position\":2,\"name\":\"Shop\",\"item\":\"https:\\\/\\\/beepower.hr\\\/shop\\\/\"},{\"@type\":\"ListItem\",\"position\":3,\"name\":\"Sve ok dok ima p\u010dela &#8211; majca\"}]},{\"@type\":\"WebSite\",\"@id\":\"https:\\\/\\\/beepower.hr\\\/#website\",\"url\":\"https:\\\/\\\/beepower.hr\\\/\",\"name\":\"P\u010delinji proizvodi - Bee Power\",\"description\":\"Bee Power - snaga p\u010dela, najsla\u0111e blago prirode\",\"potentialAction\":[{\"@type\":\"SearchAction\",\"target\":{\"@type\":\"EntryPoint\",\"urlTemplate\":\"https:\\\/\\\/beepower.hr\\\/?s={search_term_string}\"},\"query-input\":{\"@type\":\"PropertyValueSpecification\",\"valueRequired\":true,\"valueName\":\"search_term_string\"}}],\"inLanguage\":\"en-US\"}]}<\/script>\n<!-- \/ Yoast SEO plugin. -->","yoast_head_json":{"title":"Sve ok dok ima p\u010dela - majca - P\u010delinji proizvodi - Bee Power","description":"'MA SVE JE OK' - Bee Power majcu kratkih rukava - dio iznosa kupnjom ovog proizvoda direktno poma\u017eete o\u010duvanju p\u010dela i ostalih opra\u0161iva\u010da u prirodi.","robots":{"index":"index","follow":"follow","max-snippet":"max-snippet:-1","max-image-preview":"max-image-preview:large","max-video-preview":"max-video-preview:-1"},"canonical":"https:\/\/beepower.hr\/en\/product\/sve-ok-majca\/","og_locale":"en_US","og_type":"article","og_title":"Sve ok dok ima p\u010dela - majca - P\u010delinji proizvodi - Bee Power","og_description":"'MA SVE JE OK' - Bee Power majcu kratkih rukava - dio iznosa kupnjom ovog proizvoda direktno poma\u017eete o\u010duvanju p\u010dela i ostalih opra\u0161iva\u010da u prirodi.","og_url":"https:\/\/beepower.hr\/en\/product\/sve-ok-majca\/","og_site_name":"P\u010delinji proizvodi - Bee Power","article_modified_time":"2025-07-18T11:01:24+00:00","og_image":[{"width":307,"height":315,"url":"https:\/\/beepower.hr\/wp-content\/uploads\/2024\/05\/Snimka-zaslona-2024-05-04-094850.png","type":"image\/png"}],"twitter_misc":{"Est. reading time":"1 minute"},"schema":{"@context":"https:\/\/schema.org","@graph":[{"@type":"WebPage","@id":"https:\/\/beepower.hr\/product\/sve-ok-majca\/","url":"https:\/\/beepower.hr\/product\/sve-ok-majca\/","name":"Sve ok dok ima p\u010dela - majca - P\u010delinji proizvodi - Bee Power","isPartOf":{"@id":"https:\/\/beepower.hr\/#website"},"primaryImageOfPage":{"@id":"https:\/\/beepower.hr\/product\/sve-ok-majca\/#primaryimage"},"image":{"@id":"https:\/\/beepower.hr\/product\/sve-ok-majca\/#primaryimage"},"thumbnailUrl":"https:\/\/beepower.hr\/wp-content\/uploads\/2024\/05\/Snimka-zaslona-2024-05-04-094850.png","datePublished":"2024-05-04T08:42:20+00:00","dateModified":"2025-07-18T11:01:24+00:00","description":"'MA SVE JE OK' - Bee Power majcu kratkih rukava - dio iznosa kupnjom ovog proizvoda direktno poma\u017eete o\u010duvanju p\u010dela i ostalih opra\u0161iva\u010da u prirodi.","breadcrumb":{"@id":"https:\/\/beepower.hr\/product\/sve-ok-majca\/#breadcrumb"},"inLanguage":"en-US","potentialAction":[{"@type":"ReadAction","target":["https:\/\/beepower.hr\/product\/sve-ok-majca\/"]}]},{"@type":"ImageObject","inLanguage":"en-US","@id":"https:\/\/beepower.hr\/product\/sve-ok-majca\/#primaryimage","url":"https:\/\/beepower.hr\/wp-content\/uploads\/2024\/05\/Snimka-zaslona-2024-05-04-094850.png","contentUrl":"https:\/\/beepower.hr\/wp-content\/uploads\/2024\/05\/Snimka-zaslona-2024-05-04-094850.png","width":307,"height":315,"caption":"sve ok - bee power majca kratkih rukava"},{"@type":"BreadcrumbList","@id":"https:\/\/beepower.hr\/product\/sve-ok-majca\/#breadcrumb","itemListElement":[{"@type":"ListItem","position":1,"name":"Naslovna","item":"https:\/\/beepower.hr\/"},{"@type":"ListItem","position":2,"name":"Shop","item":"https:\/\/beepower.hr\/shop\/"},{"@type":"ListItem","position":3,"name":"Sve ok dok ima p\u010dela &#8211; majca"}]},{"@type":"WebSite","@id":"https:\/\/beepower.hr\/#website","url":"https:\/\/beepower.hr\/","name":"P\u010delinji proizvodi - Bee Power","description":"Bee Power - snaga p\u010dela, najsla\u0111e blago prirode","potentialAction":[{"@type":"SearchAction","target":{"@type":"EntryPoint","urlTemplate":"https:\/\/beepower.hr\/?s={search_term_string}"},"query-input":{"@type":"PropertyValueSpecification","valueRequired":true,"valueName":"search_term_string"}}],"inLanguage":"en-US"}]}},"_links":{"self":[{"href":"https:\/\/beepower.hr\/en\/wp-json\/wp\/v2\/product\/838","targetHints":{"allow":["GET"]}}],"collection":[{"href":"https:\/\/beepower.hr\/en\/wp-json\/wp\/v2\/product"}],"about":[{"href":"https:\/\/beepower.hr\/en\/wp-json\/wp\/v2\/types\/product"}],"wp:featuredmedia":[{"embeddable":true,"href":"https:\/\/beepower.hr\/en\/wp-json\/wp\/v2\/media\/841"}],"wp:attachment":[{"href":"https:\/\/beepower.hr\/en\/wp-json\/wp\/v2\/media?parent=838"}],"wp:term":[{"taxonomy":"product_brand","embeddable":true,"href":"https:\/\/beepower.hr\/en\/wp-json\/wp\/v2\/product_brand?post=838"},{"taxonomy":"product_cat","embeddable":true,"href":"https:\/\/beepower.hr\/en\/wp-json\/wp\/v2\/product_cat?post=838"},{"taxonomy":"product_tag","embeddable":true,"href":"https:\/\/beepower.hr\/en\/wp-json\/wp\/v2\/product_tag?post=838"}],"curies":[{"name":"wp","href":"https:\/\/api.w.org\/{rel}","templated":true}]}}