{"id":843,"date":"2024-05-04T09:34:50","date_gmt":"2024-05-04T09:34:50","guid":{"rendered":"https:\/\/beepower.hr\/?post_type=product&#038;p=843"},"modified":"2025-07-18T12:56:21","modified_gmt":"2025-07-18T10:56:21","slug":"liker-od-meda-05-lit-kopiraj","status":"publish","type":"product","link":"https:\/\/beepower.hr\/en\/product\/liker-od-meda-05-lit-kopiraj\/","title":{"rendered":"Honey liqueur 500ml"},"content":{"rendered":"<p><span>\u00a0 \u00a0 \u00a0 \u00a0 \u00a0 \u00a0 \u00a0 \u00a0 \u00a0 \u00a0 \u00a0 \u00a0 \u00a0 \u00a0 \u00a0 \u00a0 \u00a0 \u00a0 \u00a0 \u00a0 \u00a0 \u00a0 \u00a0 \u00a0 Photograph for illustration purposes only. Minor differences in color and dimensions are possible.<\/span><\/p>\n<p>Prepare your taste buds for an unforgettable journey, because this wonderful mixture of golden honey and brandy creates a simphony of flavor. With every sip you will be transported to a world of pure pleasure.<\/p>\n<p>It is crafted with utmost precision and passion, this liqueur is an accomplishement of a dedicated master craftsmen behind its creation.<\/p>\n<p>Whether you drink it alone or in the company of friends, neat or with ice, perhaps in a wonderful coctail, this liqueur will leave you craving for more.<\/p>\n<p>But it does not stop there! Bee Power honey liqueur is more then just a drink. It embodies a story - story about tradition, authenticity and the timeless beauty of nature. Honey used in this elixir is carefully combined in our apiaries, ensuring that every sip is a celebration of the nature's bounty.<\/p>\n<p>So, our dear friends, if you're looking for a truly extraordinary drink that will lift your spirit and thrill your taste buds, look no further. Give yourself the gift of enjoyment and discover the charms of Bee Power liqueur. Once you try our liqueur, you will be enchanted forever!<\/p>","protected":false},"excerpt":{"rendered":"<p>Prepare your taste buds for an unforgettable journey, because this wonderful mixture of golden honey and brandy creates a simphony of flavor. With every sip you will be transported to a world of pure pleasure. It is crafted with utmost precision and passion, this liqueur is an accomplishement of a dedicated master craftsmen behind its creation. Whether you drink it alone or in the company of friends, neat or with ice, perhaps in a wonderful coctail, this liqueur will leave you craving for more.<\/p>","protected":false},"featured_media":1156,"template":"","meta":{"_monsterinsights_skip_tracking":false,"_monsterinsights_sitenote_active":false,"_monsterinsights_sitenote_note":"","_monsterinsights_sitenote_category":0},"product_brand":[137],"product_cat":[95,139,23],"product_tag":[52,27,24,53,25],"class_list":{"0":"post-843","1":"product","2":"type-product","3":"status-publish","4":"has-post-thumbnail","6":"product_brand-bee-power","7":"product_cat-liker","8":"product_cat-likeri-i-rakije","9":"product_cat-pica","10":"product_tag-liker","11":"product_tag-med","12":"product_tag-prirodno","13":"product_tag-rakija","14":"product_tag-slatko","16":"first","17":"instock","18":"taxable","19":"shipping-taxable","20":"purchasable","21":"product-type-simple"},"yoast_head":"<!-- This site is optimized with the Yoast SEO plugin v27.5 - https:\/\/yoast.com\/product\/yoast-seo-wordpress\/ -->\n<title>Liker od meda 500ml - P\u010delinji proizvodi - Bee Power<\/title>\n<meta name=\"description\" content=\"Liker od meda Bee Power vi\u0161e je od obi\u010dnog pi\u0107a. Utjelovljuje pri\u010du - pri\u010du o tradiciji, autenti\u010dnosti i bezvremenoj ljepoti prirode. Med koji se koristi u ovom eliksiru pa\u017eljivo se sakuplja u na\u0161em p\u010delinjaku okru\u017eenom \u0161umom.\" \/>\n<meta name=\"robots\" content=\"index, follow, max-snippet:-1, max-image-preview:large, max-video-preview:-1\" \/>\n<link rel=\"canonical\" href=\"https:\/\/beepower.hr\/en\/product\/liker-od-meda-05-lit-kopiraj\/\" \/>\n<meta property=\"og:locale\" content=\"en_US\" \/>\n<meta property=\"og:type\" content=\"article\" \/>\n<meta property=\"og:title\" content=\"Liker od meda 500ml - P\u010delinji proizvodi - Bee Power\" \/>\n<meta property=\"og:description\" content=\"Liker od meda Bee Power vi\u0161e je od obi\u010dnog pi\u0107a. Utjelovljuje pri\u010du - pri\u010du o tradiciji, autenti\u010dnosti i bezvremenoj ljepoti prirode. Med koji se koristi u ovom eliksiru pa\u017eljivo se sakuplja u na\u0161em p\u010delinjaku okru\u017eenom \u0161umom.\" \/>\n<meta property=\"og:url\" content=\"https:\/\/beepower.hr\/en\/product\/liker-od-meda-05-lit-kopiraj\/\" \/>\n<meta property=\"og:site_name\" content=\"P\u010delinji proizvodi - Bee Power\" \/>\n<meta property=\"article:modified_time\" content=\"2025-07-18T10:56:21+00:00\" \/>\n<meta property=\"og:image\" content=\"https:\/\/beepower.hr\/wp-content\/uploads\/2024\/05\/20250331_104623.jpg\" \/>\n\t<meta property=\"og:image:width\" content=\"858\" \/>\n\t<meta property=\"og:image:height\" content=\"850\" \/>\n\t<meta property=\"og:image:type\" content=\"image\/jpeg\" \/>\n<meta name=\"twitter:label1\" content=\"Est. reading time\" \/>\n\t<meta name=\"twitter:data1\" content=\"2 minutes\" \/>\n<script type=\"application\/ld+json\" class=\"yoast-schema-graph\">{\"@context\":\"https:\\\/\\\/schema.org\",\"@graph\":[{\"@type\":\"WebPage\",\"@id\":\"https:\\\/\\\/beepower.hr\\\/product\\\/liker-od-meda-05-lit-kopiraj\\\/\",\"url\":\"https:\\\/\\\/beepower.hr\\\/product\\\/liker-od-meda-05-lit-kopiraj\\\/\",\"name\":\"Liker od meda 500ml - P\u010delinji proizvodi - Bee Power\",\"isPartOf\":{\"@id\":\"https:\\\/\\\/beepower.hr\\\/#website\"},\"primaryImageOfPage\":{\"@id\":\"https:\\\/\\\/beepower.hr\\\/product\\\/liker-od-meda-05-lit-kopiraj\\\/#primaryimage\"},\"image\":{\"@id\":\"https:\\\/\\\/beepower.hr\\\/product\\\/liker-od-meda-05-lit-kopiraj\\\/#primaryimage\"},\"thumbnailUrl\":\"https:\\\/\\\/beepower.hr\\\/wp-content\\\/uploads\\\/2024\\\/05\\\/20250331_104623.jpg\",\"datePublished\":\"2024-05-04T09:34:50+00:00\",\"dateModified\":\"2025-07-18T10:56:21+00:00\",\"description\":\"Liker od meda Bee Power vi\u0161e je od obi\u010dnog pi\u0107a. Utjelovljuje pri\u010du - pri\u010du o tradiciji, autenti\u010dnosti i bezvremenoj ljepoti prirode. Med koji se koristi u ovom eliksiru pa\u017eljivo se sakuplja u na\u0161em p\u010delinjaku okru\u017eenom \u0161umom.\",\"breadcrumb\":{\"@id\":\"https:\\\/\\\/beepower.hr\\\/product\\\/liker-od-meda-05-lit-kopiraj\\\/#breadcrumb\"},\"inLanguage\":\"en-US\",\"potentialAction\":[{\"@type\":\"ReadAction\",\"target\":[\"https:\\\/\\\/beepower.hr\\\/product\\\/liker-od-meda-05-lit-kopiraj\\\/\"]}]},{\"@type\":\"ImageObject\",\"inLanguage\":\"en-US\",\"@id\":\"https:\\\/\\\/beepower.hr\\\/product\\\/liker-od-meda-05-lit-kopiraj\\\/#primaryimage\",\"url\":\"https:\\\/\\\/beepower.hr\\\/wp-content\\\/uploads\\\/2024\\\/05\\\/20250331_104623.jpg\",\"contentUrl\":\"https:\\\/\\\/beepower.hr\\\/wp-content\\\/uploads\\\/2024\\\/05\\\/20250331_104623.jpg\",\"width\":858,\"height\":850,\"caption\":\"Bee Power liker od meda 500 ml\"},{\"@type\":\"BreadcrumbList\",\"@id\":\"https:\\\/\\\/beepower.hr\\\/product\\\/liker-od-meda-05-lit-kopiraj\\\/#breadcrumb\",\"itemListElement\":[{\"@type\":\"ListItem\",\"position\":1,\"name\":\"Naslovna\",\"item\":\"https:\\\/\\\/beepower.hr\\\/\"},{\"@type\":\"ListItem\",\"position\":2,\"name\":\"Shop\",\"item\":\"https:\\\/\\\/beepower.hr\\\/shop\\\/\"},{\"@type\":\"ListItem\",\"position\":3,\"name\":\"Liker od meda 500ml\"}]},{\"@type\":\"WebSite\",\"@id\":\"https:\\\/\\\/beepower.hr\\\/#website\",\"url\":\"https:\\\/\\\/beepower.hr\\\/\",\"name\":\"P\u010delinji proizvodi - Bee Power\",\"description\":\"Bee Power - snaga p\u010dela, najsla\u0111e blago prirode\",\"potentialAction\":[{\"@type\":\"SearchAction\",\"target\":{\"@type\":\"EntryPoint\",\"urlTemplate\":\"https:\\\/\\\/beepower.hr\\\/?s={search_term_string}\"},\"query-input\":{\"@type\":\"PropertyValueSpecification\",\"valueRequired\":true,\"valueName\":\"search_term_string\"}}],\"inLanguage\":\"en-US\"}]}<\/script>\n<!-- \/ Yoast SEO plugin. -->","yoast_head_json":{"title":"Liker od meda 500ml - P\u010delinji proizvodi - Bee Power","description":"Liker od meda Bee Power vi\u0161e je od obi\u010dnog pi\u0107a. Utjelovljuje pri\u010du - pri\u010du o tradiciji, autenti\u010dnosti i bezvremenoj ljepoti prirode. Med koji se koristi u ovom eliksiru pa\u017eljivo se sakuplja u na\u0161em p\u010delinjaku okru\u017eenom \u0161umom.","robots":{"index":"index","follow":"follow","max-snippet":"max-snippet:-1","max-image-preview":"max-image-preview:large","max-video-preview":"max-video-preview:-1"},"canonical":"https:\/\/beepower.hr\/en\/product\/liker-od-meda-05-lit-kopiraj\/","og_locale":"en_US","og_type":"article","og_title":"Liker od meda 500ml - P\u010delinji proizvodi - Bee Power","og_description":"Liker od meda Bee Power vi\u0161e je od obi\u010dnog pi\u0107a. Utjelovljuje pri\u010du - pri\u010du o tradiciji, autenti\u010dnosti i bezvremenoj ljepoti prirode. Med koji se koristi u ovom eliksiru pa\u017eljivo se sakuplja u na\u0161em p\u010delinjaku okru\u017eenom \u0161umom.","og_url":"https:\/\/beepower.hr\/en\/product\/liker-od-meda-05-lit-kopiraj\/","og_site_name":"P\u010delinji proizvodi - Bee Power","article_modified_time":"2025-07-18T10:56:21+00:00","og_image":[{"width":858,"height":850,"url":"https:\/\/beepower.hr\/wp-content\/uploads\/2024\/05\/20250331_104623.jpg","type":"image\/jpeg"}],"twitter_misc":{"Est. reading time":"2 minutes"},"schema":{"@context":"https:\/\/schema.org","@graph":[{"@type":"WebPage","@id":"https:\/\/beepower.hr\/product\/liker-od-meda-05-lit-kopiraj\/","url":"https:\/\/beepower.hr\/product\/liker-od-meda-05-lit-kopiraj\/","name":"Liker od meda 500ml - P\u010delinji proizvodi - Bee Power","isPartOf":{"@id":"https:\/\/beepower.hr\/#website"},"primaryImageOfPage":{"@id":"https:\/\/beepower.hr\/product\/liker-od-meda-05-lit-kopiraj\/#primaryimage"},"image":{"@id":"https:\/\/beepower.hr\/product\/liker-od-meda-05-lit-kopiraj\/#primaryimage"},"thumbnailUrl":"https:\/\/beepower.hr\/wp-content\/uploads\/2024\/05\/20250331_104623.jpg","datePublished":"2024-05-04T09:34:50+00:00","dateModified":"2025-07-18T10:56:21+00:00","description":"Liker od meda Bee Power vi\u0161e je od obi\u010dnog pi\u0107a. Utjelovljuje pri\u010du - pri\u010du o tradiciji, autenti\u010dnosti i bezvremenoj ljepoti prirode. Med koji se koristi u ovom eliksiru pa\u017eljivo se sakuplja u na\u0161em p\u010delinjaku okru\u017eenom \u0161umom.","breadcrumb":{"@id":"https:\/\/beepower.hr\/product\/liker-od-meda-05-lit-kopiraj\/#breadcrumb"},"inLanguage":"en-US","potentialAction":[{"@type":"ReadAction","target":["https:\/\/beepower.hr\/product\/liker-od-meda-05-lit-kopiraj\/"]}]},{"@type":"ImageObject","inLanguage":"en-US","@id":"https:\/\/beepower.hr\/product\/liker-od-meda-05-lit-kopiraj\/#primaryimage","url":"https:\/\/beepower.hr\/wp-content\/uploads\/2024\/05\/20250331_104623.jpg","contentUrl":"https:\/\/beepower.hr\/wp-content\/uploads\/2024\/05\/20250331_104623.jpg","width":858,"height":850,"caption":"Bee Power liker od meda 500 ml"},{"@type":"BreadcrumbList","@id":"https:\/\/beepower.hr\/product\/liker-od-meda-05-lit-kopiraj\/#breadcrumb","itemListElement":[{"@type":"ListItem","position":1,"name":"Naslovna","item":"https:\/\/beepower.hr\/"},{"@type":"ListItem","position":2,"name":"Shop","item":"https:\/\/beepower.hr\/shop\/"},{"@type":"ListItem","position":3,"name":"Liker od meda 500ml"}]},{"@type":"WebSite","@id":"https:\/\/beepower.hr\/#website","url":"https:\/\/beepower.hr\/","name":"P\u010delinji proizvodi - Bee Power","description":"Bee Power - snaga p\u010dela, najsla\u0111e blago prirode","potentialAction":[{"@type":"SearchAction","target":{"@type":"EntryPoint","urlTemplate":"https:\/\/beepower.hr\/?s={search_term_string}"},"query-input":{"@type":"PropertyValueSpecification","valueRequired":true,"valueName":"search_term_string"}}],"inLanguage":"en-US"}]}},"_links":{"self":[{"href":"https:\/\/beepower.hr\/en\/wp-json\/wp\/v2\/product\/843","targetHints":{"allow":["GET"]}}],"collection":[{"href":"https:\/\/beepower.hr\/en\/wp-json\/wp\/v2\/product"}],"about":[{"href":"https:\/\/beepower.hr\/en\/wp-json\/wp\/v2\/types\/product"}],"wp:featuredmedia":[{"embeddable":true,"href":"https:\/\/beepower.hr\/en\/wp-json\/wp\/v2\/media\/1156"}],"wp:attachment":[{"href":"https:\/\/beepower.hr\/en\/wp-json\/wp\/v2\/media?parent=843"}],"wp:term":[{"taxonomy":"product_brand","embeddable":true,"href":"https:\/\/beepower.hr\/en\/wp-json\/wp\/v2\/product_brand?post=843"},{"taxonomy":"product_cat","embeddable":true,"href":"https:\/\/beepower.hr\/en\/wp-json\/wp\/v2\/product_cat?post=843"},{"taxonomy":"product_tag","embeddable":true,"href":"https:\/\/beepower.hr\/en\/wp-json\/wp\/v2\/product_tag?post=843"}],"curies":[{"name":"wp","href":"https:\/\/api.w.org\/{rel}","templated":true}]}}