{"id":853,"date":"2024-05-06T07:41:20","date_gmt":"2024-05-06T07:41:20","guid":{"rendered":"https:\/\/beepower.hr\/?post_type=product&#038;p=853"},"modified":"2025-07-18T12:46:22","modified_gmt":"2025-07-18T10:46:22","slug":"medenjaci-400g","status":"publish","type":"product","link":"https:\/\/beepower.hr\/en\/product\/medenjaci-400g\/","title":{"rendered":"Honey Snaps 400g."},"content":{"rendered":"<p><span>\u00a0 \u00a0 \u00a0 \u00a0 \u00a0 \u00a0 \u00a0 \u00a0 \u00a0 \u00a0 \u00a0 \u00a0 \u00a0 \u00a0 \u00a0 Photograph for illustration purposes only. Minor differences in color and dimensions are possible.<\/span><\/p>\n<p>\"Real vara\u017edin honey snaps\" are not just a delicacy- they are a way to the heart and soul. Made in  a hexagon shape with a lot of love and care, these traditional cookies fill homes with an intoxicating smell and taste that takes you back to your childhood and every bite brings warmth and nostalgia of home.<\/p>\n<h5 data-sourcepos=\"15:1-15:21\"><strong>Real vara\u017edin Honey Snaps are more than just ordinary cookies:<\/strong><\/h5>\n<p data-sourcepos=\"17:1-17:268\">These Honey Snaps are more than just cookies and simple treats. They represent tradition and a connection to Croatian culture. Every time you taste and eat them, you celebrate the hard work of the bees, the flavours of your childhood, and create new memories for future generations.<\/p>\n<p>Koli\u010dina: 400 grama<br \/>\nIngredients: honey, flour, eggs, yeast, sugar.<br \/>\nThis product contains gluten. More <a href=\"\/en\/gulten\/\">about gluten...<\/a><\/p>","protected":false},"excerpt":{"rendered":"<p>Real Bee Power home made Honey Snaps is not just a delicacy- it is a path to heart and soul. Made with lots of love and care, these traditional cookies fill homes with a smell and taste that takes you back to your childhood.<\/p>","protected":false},"featured_media":851,"template":"","meta":{"_monsterinsights_skip_tracking":false,"_monsterinsights_sitenote_active":false,"_monsterinsights_sitenote_note":"","_monsterinsights_sitenote_category":0},"product_brand":[137],"product_cat":[45],"product_tag":[65,27,71,70,25],"class_list":{"0":"post-853","1":"product","2":"type-product","3":"status-publish","4":"has-post-thumbnail","6":"product_brand-bee-power","7":"product_cat-ostali-proizvodi","8":"product_tag-bee-power","9":"product_tag-med","10":"product_tag-medenjaci","11":"product_tag-medenjak","12":"product_tag-slatko","14":"first","15":"instock","16":"taxable","17":"shipping-taxable","18":"purchasable","19":"product-type-simple"},"yoast_head":"<!-- This site is optimized with the Yoast SEO plugin v27.5 - https:\/\/yoast.com\/product\/yoast-seo-wordpress\/ -->\n<title>Medenjaci 400g. - P\u010delinji proizvodi - Bee Power<\/title>\n<meta name=\"description\" content=\"Pravi vara\u017edinski Bee Power doma\u0107i medenjaci nisu samo poslastica - oni su put prema srcu i du\u0161i. Sastojci: med, bra\u0161no, jaja, kvasac, \u0161e\u0107er.\" \/>\n<meta name=\"robots\" content=\"index, follow, max-snippet:-1, max-image-preview:large, max-video-preview:-1\" \/>\n<link rel=\"canonical\" href=\"https:\/\/beepower.hr\/en\/product\/medenjaci-400g\/\" \/>\n<meta property=\"og:locale\" content=\"en_US\" \/>\n<meta property=\"og:type\" content=\"article\" \/>\n<meta property=\"og:title\" content=\"Medenjaci 400g. - P\u010delinji proizvodi - Bee Power\" \/>\n<meta property=\"og:description\" content=\"Pravi vara\u017edinski Bee Power doma\u0107i medenjaci nisu samo poslastica - oni su put prema srcu i du\u0161i. Sastojci: med, bra\u0161no, jaja, kvasac, \u0161e\u0107er.\" \/>\n<meta property=\"og:url\" content=\"https:\/\/beepower.hr\/en\/product\/medenjaci-400g\/\" \/>\n<meta property=\"og:site_name\" content=\"P\u010delinji proizvodi - Bee Power\" \/>\n<meta property=\"article:modified_time\" content=\"2025-07-18T10:46:22+00:00\" \/>\n<meta property=\"og:image\" content=\"https:\/\/beepower.hr\/wp-content\/uploads\/2024\/05\/medenjaci.png\" \/>\n\t<meta property=\"og:image:width\" content=\"1000\" \/>\n\t<meta property=\"og:image:height\" content=\"666\" \/>\n\t<meta property=\"og:image:type\" content=\"image\/png\" \/>\n<meta name=\"twitter:label1\" content=\"Est. reading time\" \/>\n\t<meta name=\"twitter:data1\" content=\"1 minute\" \/>\n<script type=\"application\/ld+json\" class=\"yoast-schema-graph\">{\"@context\":\"https:\\\/\\\/schema.org\",\"@graph\":[{\"@type\":\"WebPage\",\"@id\":\"https:\\\/\\\/beepower.hr\\\/product\\\/medenjaci-400g\\\/\",\"url\":\"https:\\\/\\\/beepower.hr\\\/product\\\/medenjaci-400g\\\/\",\"name\":\"Medenjaci 400g. - P\u010delinji proizvodi - Bee Power\",\"isPartOf\":{\"@id\":\"https:\\\/\\\/beepower.hr\\\/#website\"},\"primaryImageOfPage\":{\"@id\":\"https:\\\/\\\/beepower.hr\\\/product\\\/medenjaci-400g\\\/#primaryimage\"},\"image\":{\"@id\":\"https:\\\/\\\/beepower.hr\\\/product\\\/medenjaci-400g\\\/#primaryimage\"},\"thumbnailUrl\":\"https:\\\/\\\/beepower.hr\\\/wp-content\\\/uploads\\\/2024\\\/05\\\/medenjaci.png\",\"datePublished\":\"2024-05-06T07:41:20+00:00\",\"dateModified\":\"2025-07-18T10:46:22+00:00\",\"description\":\"Pravi vara\u017edinski Bee Power doma\u0107i medenjaci nisu samo poslastica - oni su put prema srcu i du\u0161i. Sastojci: med, bra\u0161no, jaja, kvasac, \u0161e\u0107er.\",\"breadcrumb\":{\"@id\":\"https:\\\/\\\/beepower.hr\\\/product\\\/medenjaci-400g\\\/#breadcrumb\"},\"inLanguage\":\"en-US\",\"potentialAction\":[{\"@type\":\"ReadAction\",\"target\":[\"https:\\\/\\\/beepower.hr\\\/product\\\/medenjaci-400g\\\/\"]}]},{\"@type\":\"ImageObject\",\"inLanguage\":\"en-US\",\"@id\":\"https:\\\/\\\/beepower.hr\\\/product\\\/medenjaci-400g\\\/#primaryimage\",\"url\":\"https:\\\/\\\/beepower.hr\\\/wp-content\\\/uploads\\\/2024\\\/05\\\/medenjaci.png\",\"contentUrl\":\"https:\\\/\\\/beepower.hr\\\/wp-content\\\/uploads\\\/2024\\\/05\\\/medenjaci.png\",\"width\":1000,\"height\":666,\"caption\":\"Pravi vara\u017edinski medenjaci\"},{\"@type\":\"BreadcrumbList\",\"@id\":\"https:\\\/\\\/beepower.hr\\\/product\\\/medenjaci-400g\\\/#breadcrumb\",\"itemListElement\":[{\"@type\":\"ListItem\",\"position\":1,\"name\":\"Naslovna\",\"item\":\"https:\\\/\\\/beepower.hr\\\/\"},{\"@type\":\"ListItem\",\"position\":2,\"name\":\"Shop\",\"item\":\"https:\\\/\\\/beepower.hr\\\/shop\\\/\"},{\"@type\":\"ListItem\",\"position\":3,\"name\":\"Medenjaci 400g.\"}]},{\"@type\":\"WebSite\",\"@id\":\"https:\\\/\\\/beepower.hr\\\/#website\",\"url\":\"https:\\\/\\\/beepower.hr\\\/\",\"name\":\"P\u010delinji proizvodi - Bee Power\",\"description\":\"Bee Power - snaga p\u010dela, najsla\u0111e blago prirode\",\"potentialAction\":[{\"@type\":\"SearchAction\",\"target\":{\"@type\":\"EntryPoint\",\"urlTemplate\":\"https:\\\/\\\/beepower.hr\\\/?s={search_term_string}\"},\"query-input\":{\"@type\":\"PropertyValueSpecification\",\"valueRequired\":true,\"valueName\":\"search_term_string\"}}],\"inLanguage\":\"en-US\"}]}<\/script>\n<!-- \/ Yoast SEO plugin. -->","yoast_head_json":{"title":"Medenjaci 400g. - P\u010delinji proizvodi - Bee Power","description":"Pravi vara\u017edinski Bee Power doma\u0107i medenjaci nisu samo poslastica - oni su put prema srcu i du\u0161i. Sastojci: med, bra\u0161no, jaja, kvasac, \u0161e\u0107er.","robots":{"index":"index","follow":"follow","max-snippet":"max-snippet:-1","max-image-preview":"max-image-preview:large","max-video-preview":"max-video-preview:-1"},"canonical":"https:\/\/beepower.hr\/en\/product\/medenjaci-400g\/","og_locale":"en_US","og_type":"article","og_title":"Medenjaci 400g. - P\u010delinji proizvodi - Bee Power","og_description":"Pravi vara\u017edinski Bee Power doma\u0107i medenjaci nisu samo poslastica - oni su put prema srcu i du\u0161i. Sastojci: med, bra\u0161no, jaja, kvasac, \u0161e\u0107er.","og_url":"https:\/\/beepower.hr\/en\/product\/medenjaci-400g\/","og_site_name":"P\u010delinji proizvodi - Bee Power","article_modified_time":"2025-07-18T10:46:22+00:00","og_image":[{"width":1000,"height":666,"url":"https:\/\/beepower.hr\/wp-content\/uploads\/2024\/05\/medenjaci.png","type":"image\/png"}],"twitter_misc":{"Est. reading time":"1 minute"},"schema":{"@context":"https:\/\/schema.org","@graph":[{"@type":"WebPage","@id":"https:\/\/beepower.hr\/product\/medenjaci-400g\/","url":"https:\/\/beepower.hr\/product\/medenjaci-400g\/","name":"Medenjaci 400g. - P\u010delinji proizvodi - Bee Power","isPartOf":{"@id":"https:\/\/beepower.hr\/#website"},"primaryImageOfPage":{"@id":"https:\/\/beepower.hr\/product\/medenjaci-400g\/#primaryimage"},"image":{"@id":"https:\/\/beepower.hr\/product\/medenjaci-400g\/#primaryimage"},"thumbnailUrl":"https:\/\/beepower.hr\/wp-content\/uploads\/2024\/05\/medenjaci.png","datePublished":"2024-05-06T07:41:20+00:00","dateModified":"2025-07-18T10:46:22+00:00","description":"Pravi vara\u017edinski Bee Power doma\u0107i medenjaci nisu samo poslastica - oni su put prema srcu i du\u0161i. Sastojci: med, bra\u0161no, jaja, kvasac, \u0161e\u0107er.","breadcrumb":{"@id":"https:\/\/beepower.hr\/product\/medenjaci-400g\/#breadcrumb"},"inLanguage":"en-US","potentialAction":[{"@type":"ReadAction","target":["https:\/\/beepower.hr\/product\/medenjaci-400g\/"]}]},{"@type":"ImageObject","inLanguage":"en-US","@id":"https:\/\/beepower.hr\/product\/medenjaci-400g\/#primaryimage","url":"https:\/\/beepower.hr\/wp-content\/uploads\/2024\/05\/medenjaci.png","contentUrl":"https:\/\/beepower.hr\/wp-content\/uploads\/2024\/05\/medenjaci.png","width":1000,"height":666,"caption":"Pravi vara\u017edinski medenjaci"},{"@type":"BreadcrumbList","@id":"https:\/\/beepower.hr\/product\/medenjaci-400g\/#breadcrumb","itemListElement":[{"@type":"ListItem","position":1,"name":"Naslovna","item":"https:\/\/beepower.hr\/"},{"@type":"ListItem","position":2,"name":"Shop","item":"https:\/\/beepower.hr\/shop\/"},{"@type":"ListItem","position":3,"name":"Medenjaci 400g."}]},{"@type":"WebSite","@id":"https:\/\/beepower.hr\/#website","url":"https:\/\/beepower.hr\/","name":"P\u010delinji proizvodi - Bee Power","description":"Bee Power - snaga p\u010dela, najsla\u0111e blago prirode","potentialAction":[{"@type":"SearchAction","target":{"@type":"EntryPoint","urlTemplate":"https:\/\/beepower.hr\/?s={search_term_string}"},"query-input":{"@type":"PropertyValueSpecification","valueRequired":true,"valueName":"search_term_string"}}],"inLanguage":"en-US"}]}},"_links":{"self":[{"href":"https:\/\/beepower.hr\/en\/wp-json\/wp\/v2\/product\/853","targetHints":{"allow":["GET"]}}],"collection":[{"href":"https:\/\/beepower.hr\/en\/wp-json\/wp\/v2\/product"}],"about":[{"href":"https:\/\/beepower.hr\/en\/wp-json\/wp\/v2\/types\/product"}],"wp:featuredmedia":[{"embeddable":true,"href":"https:\/\/beepower.hr\/en\/wp-json\/wp\/v2\/media\/851"}],"wp:attachment":[{"href":"https:\/\/beepower.hr\/en\/wp-json\/wp\/v2\/media?parent=853"}],"wp:term":[{"taxonomy":"product_brand","embeddable":true,"href":"https:\/\/beepower.hr\/en\/wp-json\/wp\/v2\/product_brand?post=853"},{"taxonomy":"product_cat","embeddable":true,"href":"https:\/\/beepower.hr\/en\/wp-json\/wp\/v2\/product_cat?post=853"},{"taxonomy":"product_tag","embeddable":true,"href":"https:\/\/beepower.hr\/en\/wp-json\/wp\/v2\/product_tag?post=853"}],"curies":[{"name":"wp","href":"https:\/\/api.w.org\/{rel}","templated":true}]}}