{"id":911,"date":"2024-06-04T06:41:03","date_gmt":"2024-06-04T06:41:03","guid":{"rendered":"https:\/\/beepower.hr\/?post_type=product&#038;p=911"},"modified":"2025-07-18T12:19:32","modified_gmt":"2025-07-18T10:19:32","slug":"propobee-cbd-20ml-spray","status":"publish","type":"product","link":"https:\/\/beepower.hr\/en\/product\/propobee-cbd-20ml-spray\/","title":{"rendered":"Propobee spray CBD 20ml"},"content":{"rendered":"<p><span>\u00a0 \u00a0 \u00a0 \u00a0 \u00a0 \u00a0 \u00a0 \u00a0 \u00a0 \u00a0 \u00a0 \u00a0 \u00a0 \u00a0 \u00a0 \u00a0 \u00a0 \u00a0 \u00a0 \u00a0 \u00a0 \u00a0 \u00a0 \u00a0 \u00a0Photograph for illustration purposes only. Minor differences in color and dimensions are possible.<\/span><\/p>\n<p class=\"translation-block\">Propobee CBD is an alcohol tincture made of propolis and CBD (hemp oil). It is a natural product that offers a variety of different health benefits. Propolis is a resinous substance produced by bees to protect their hives, and is rich in antioxidants, anti-inflammatory and antimicrobial properties. We make tinctures from propolis that we combine with CBD tinctures. CBD tincture is derived from the hemp plant and is known for its pain and anxiety-relieving properties. It is produced according to a specific recipe without the presence of additives except solvent (alcohol), so it is similar to the production of propolis tinctures.<\/p>\n<p>Almost all CBD products are classified as CBD oils of which many are called tinctures, even though they are not tinctures. These products , when it comes to tinctures, are similar to our Propobee CBD products only because they come in small glass bottles with dropper tips as they are used sublingually. Propobee CBD made by Bee Power comes in several different packaging options, which are basic and now permanent in our new offer from 2024. as a tincture with a dropper and a tincture with a sprayer.<\/p>\n<p><strong>Advantages of using Propobee CBD tincture:<\/strong><br \/>\n<strong>Strengthens the immune system:<\/strong> Propolis helps to strengthen the immune system and prevent infections.<br \/>\n<strong>Relieves pain and inflammation:<\/strong> CBD tincture is effective in relieving pain and inflammations. That is what makes it useful for people suffering from arthritis, joint pain or other chronic conditions.<br \/>\n<strong>Reduces stress and anxiety:<\/strong> CBD has properties of relieving stress and anxiety, and it can also help manage insomnia.<br \/>\n<strong>Improves skin health:<\/strong> Propolis tincture has antibacterial and antimicrobal properties that can help treat acne, eczema, and other skin conditions.<br \/>\n<strong>Protection against liver damage:<\/strong> Propolis has been shown to protect against damage caused by toxins and oxidative stress.<\/p>\n<p><strong>How to use Propobee CBD Tincture:<\/strong><br \/>\nYou can take propolis tincture with CBD orally, add it to fruit juice or tea, or apply it topically to the affected area. The dose may be different depending on individual needs, so it is best to start with a small dose and then gradually increase it if necessary.<\/p>\n<p>More about <strong>Propobee CBD<\/strong> tincture read <a href=\"https:\/\/beepower.hr\/en\/services\/propobee-cbd\/\">here..<\/a><\/p>","protected":false},"excerpt":{"rendered":"<p class=\"translation-block\">Propobee CBD is an alcohol tincture made of propolis and CBD (hemp oil). It is a natural product that offers a variety of different health benefits. Propolis is a resinous substance produced by bees to protect their hives, and is rich in antioxidants, anti-inflammatory and antimicrobial properties. We make tinctures from propolis that we combine with CBD tinctures. CBD tincture is derived from the hemp plant and is known for its pain and anxiety-relieving properties. It is produced according to a specific recipe without the presence of additives except solvent (alcohol), so it is similar to the production of propolis tinctures.<\/p>\n<p>More about <strong>Propobee CBD<\/strong> tincture read <a href=\"https:\/\/beepower.hr\/en\/services\/propobee-cbd\/\">here..<\/a><\/p>","protected":false},"featured_media":1110,"template":"","meta":{"_monsterinsights_skip_tracking":false,"_monsterinsights_sitenote_active":false,"_monsterinsights_sitenote_note":"","_monsterinsights_sitenote_category":0},"product_brand":[137],"product_cat":[21],"product_tag":[85,65,83,84,87,82,86],"class_list":{"0":"post-911","1":"product","2":"type-product","3":"status-publish","4":"has-post-thumbnail","6":"product_brand-bee-power","7":"product_cat-propolis","8":"product_tag-alkohol","9":"product_tag-bee-power","10":"product_tag-cbd","11":"product_tag-hemp","12":"product_tag-propobee","13":"product_tag-propolis","14":"product_tag-tinktura","16":"first","17":"instock","18":"taxable","19":"shipping-taxable","20":"purchasable","21":"product-type-simple"},"yoast_head":"<!-- This site is optimized with the Yoast SEO plugin v27.4 - https:\/\/yoast.com\/product\/yoast-seo-wordpress\/ -->\n<title>Propobee CBD 20ml s pumpicom - P\u010delinji proizvodi - Bee Power<\/title>\n<meta name=\"description\" content=\"Propobee CBD je alkoholna tinktura propolisa i CBD-a (HEMP). To je na\u0161 prirodni proizvod koji nudi mno\u0161tvo zdravstvenih prednosti.\" \/>\n<meta name=\"robots\" content=\"index, follow, max-snippet:-1, max-image-preview:large, max-video-preview:-1\" \/>\n<link rel=\"canonical\" href=\"https:\/\/beepower.hr\/en\/product\/propobee-cbd-20ml-spray\/\" \/>\n<meta property=\"og:locale\" content=\"en_US\" \/>\n<meta property=\"og:type\" content=\"article\" \/>\n<meta property=\"og:title\" content=\"Propobee CBD 20ml s pumpicom - P\u010delinji proizvodi - Bee Power\" \/>\n<meta property=\"og:description\" content=\"Propobee CBD je alkoholna tinktura propolisa i CBD-a (HEMP). To je na\u0161 prirodni proizvod koji nudi mno\u0161tvo zdravstvenih prednosti.\" \/>\n<meta property=\"og:url\" content=\"https:\/\/beepower.hr\/en\/product\/propobee-cbd-20ml-spray\/\" \/>\n<meta property=\"og:site_name\" content=\"P\u010delinji proizvodi - Bee Power\" \/>\n<meta property=\"article:modified_time\" content=\"2025-07-18T10:19:32+00:00\" \/>\n<meta property=\"og:image\" content=\"https:\/\/beepower.hr\/wp-content\/uploads\/2024\/06\/propobee.jpg\" \/>\n\t<meta property=\"og:image:width\" content=\"1133\" \/>\n\t<meta property=\"og:image:height\" content=\"850\" \/>\n\t<meta property=\"og:image:type\" content=\"image\/jpeg\" \/>\n<meta name=\"twitter:label1\" content=\"Est. reading time\" \/>\n\t<meta name=\"twitter:data1\" content=\"3 minutes\" \/>\n<script type=\"application\/ld+json\" class=\"yoast-schema-graph\">{\"@context\":\"https:\\\/\\\/schema.org\",\"@graph\":[{\"@type\":\"WebPage\",\"@id\":\"https:\\\/\\\/beepower.hr\\\/product\\\/propobee-cbd-20ml-spray\\\/\",\"url\":\"https:\\\/\\\/beepower.hr\\\/product\\\/propobee-cbd-20ml-spray\\\/\",\"name\":\"Propobee CBD 20ml s pumpicom - P\u010delinji proizvodi - Bee Power\",\"isPartOf\":{\"@id\":\"https:\\\/\\\/beepower.hr\\\/#website\"},\"primaryImageOfPage\":{\"@id\":\"https:\\\/\\\/beepower.hr\\\/product\\\/propobee-cbd-20ml-spray\\\/#primaryimage\"},\"image\":{\"@id\":\"https:\\\/\\\/beepower.hr\\\/product\\\/propobee-cbd-20ml-spray\\\/#primaryimage\"},\"thumbnailUrl\":\"https:\\\/\\\/beepower.hr\\\/wp-content\\\/uploads\\\/2024\\\/06\\\/propobee.jpg\",\"datePublished\":\"2024-06-04T06:41:03+00:00\",\"dateModified\":\"2025-07-18T10:19:32+00:00\",\"description\":\"Propobee CBD je alkoholna tinktura propolisa i CBD-a (HEMP). To je na\u0161 prirodni proizvod koji nudi mno\u0161tvo zdravstvenih prednosti.\",\"breadcrumb\":{\"@id\":\"https:\\\/\\\/beepower.hr\\\/product\\\/propobee-cbd-20ml-spray\\\/#breadcrumb\"},\"inLanguage\":\"en-US\",\"potentialAction\":[{\"@type\":\"ReadAction\",\"target\":[\"https:\\\/\\\/beepower.hr\\\/product\\\/propobee-cbd-20ml-spray\\\/\"]}]},{\"@type\":\"ImageObject\",\"inLanguage\":\"en-US\",\"@id\":\"https:\\\/\\\/beepower.hr\\\/product\\\/propobee-cbd-20ml-spray\\\/#primaryimage\",\"url\":\"https:\\\/\\\/beepower.hr\\\/wp-content\\\/uploads\\\/2024\\\/06\\\/propobee.jpg\",\"contentUrl\":\"https:\\\/\\\/beepower.hr\\\/wp-content\\\/uploads\\\/2024\\\/06\\\/propobee.jpg\",\"width\":1133,\"height\":850,\"caption\":\"Bee Power propolis sa CBD-om\"},{\"@type\":\"BreadcrumbList\",\"@id\":\"https:\\\/\\\/beepower.hr\\\/product\\\/propobee-cbd-20ml-spray\\\/#breadcrumb\",\"itemListElement\":[{\"@type\":\"ListItem\",\"position\":1,\"name\":\"Naslovna\",\"item\":\"https:\\\/\\\/beepower.hr\\\/\"},{\"@type\":\"ListItem\",\"position\":2,\"name\":\"Shop\",\"item\":\"https:\\\/\\\/beepower.hr\\\/shop\\\/\"},{\"@type\":\"ListItem\",\"position\":3,\"name\":\"Propobee CBD 20ml s pumpicom\"}]},{\"@type\":\"WebSite\",\"@id\":\"https:\\\/\\\/beepower.hr\\\/#website\",\"url\":\"https:\\\/\\\/beepower.hr\\\/\",\"name\":\"P\u010delinji proizvodi - Bee Power\",\"description\":\"Bee Power - snaga p\u010dela, najsla\u0111e blago prirode\",\"potentialAction\":[{\"@type\":\"SearchAction\",\"target\":{\"@type\":\"EntryPoint\",\"urlTemplate\":\"https:\\\/\\\/beepower.hr\\\/?s={search_term_string}\"},\"query-input\":{\"@type\":\"PropertyValueSpecification\",\"valueRequired\":true,\"valueName\":\"search_term_string\"}}],\"inLanguage\":\"en-US\"}]}<\/script>\n<!-- \/ Yoast SEO plugin. -->","yoast_head_json":{"title":"Propobee CBD 20ml s pumpicom - P\u010delinji proizvodi - Bee Power","description":"Propobee CBD je alkoholna tinktura propolisa i CBD-a (HEMP). To je na\u0161 prirodni proizvod koji nudi mno\u0161tvo zdravstvenih prednosti.","robots":{"index":"index","follow":"follow","max-snippet":"max-snippet:-1","max-image-preview":"max-image-preview:large","max-video-preview":"max-video-preview:-1"},"canonical":"https:\/\/beepower.hr\/en\/product\/propobee-cbd-20ml-spray\/","og_locale":"en_US","og_type":"article","og_title":"Propobee CBD 20ml s pumpicom - P\u010delinji proizvodi - Bee Power","og_description":"Propobee CBD je alkoholna tinktura propolisa i CBD-a (HEMP). To je na\u0161 prirodni proizvod koji nudi mno\u0161tvo zdravstvenih prednosti.","og_url":"https:\/\/beepower.hr\/en\/product\/propobee-cbd-20ml-spray\/","og_site_name":"P\u010delinji proizvodi - Bee Power","article_modified_time":"2025-07-18T10:19:32+00:00","og_image":[{"width":1133,"height":850,"url":"https:\/\/beepower.hr\/wp-content\/uploads\/2024\/06\/propobee.jpg","type":"image\/jpeg"}],"twitter_misc":{"Est. reading time":"3 minutes"},"schema":{"@context":"https:\/\/schema.org","@graph":[{"@type":"WebPage","@id":"https:\/\/beepower.hr\/product\/propobee-cbd-20ml-spray\/","url":"https:\/\/beepower.hr\/product\/propobee-cbd-20ml-spray\/","name":"Propobee CBD 20ml s pumpicom - P\u010delinji proizvodi - Bee Power","isPartOf":{"@id":"https:\/\/beepower.hr\/#website"},"primaryImageOfPage":{"@id":"https:\/\/beepower.hr\/product\/propobee-cbd-20ml-spray\/#primaryimage"},"image":{"@id":"https:\/\/beepower.hr\/product\/propobee-cbd-20ml-spray\/#primaryimage"},"thumbnailUrl":"https:\/\/beepower.hr\/wp-content\/uploads\/2024\/06\/propobee.jpg","datePublished":"2024-06-04T06:41:03+00:00","dateModified":"2025-07-18T10:19:32+00:00","description":"Propobee CBD je alkoholna tinktura propolisa i CBD-a (HEMP). To je na\u0161 prirodni proizvod koji nudi mno\u0161tvo zdravstvenih prednosti.","breadcrumb":{"@id":"https:\/\/beepower.hr\/product\/propobee-cbd-20ml-spray\/#breadcrumb"},"inLanguage":"en-US","potentialAction":[{"@type":"ReadAction","target":["https:\/\/beepower.hr\/product\/propobee-cbd-20ml-spray\/"]}]},{"@type":"ImageObject","inLanguage":"en-US","@id":"https:\/\/beepower.hr\/product\/propobee-cbd-20ml-spray\/#primaryimage","url":"https:\/\/beepower.hr\/wp-content\/uploads\/2024\/06\/propobee.jpg","contentUrl":"https:\/\/beepower.hr\/wp-content\/uploads\/2024\/06\/propobee.jpg","width":1133,"height":850,"caption":"Bee Power propolis sa CBD-om"},{"@type":"BreadcrumbList","@id":"https:\/\/beepower.hr\/product\/propobee-cbd-20ml-spray\/#breadcrumb","itemListElement":[{"@type":"ListItem","position":1,"name":"Naslovna","item":"https:\/\/beepower.hr\/"},{"@type":"ListItem","position":2,"name":"Shop","item":"https:\/\/beepower.hr\/shop\/"},{"@type":"ListItem","position":3,"name":"Propobee CBD 20ml s pumpicom"}]},{"@type":"WebSite","@id":"https:\/\/beepower.hr\/#website","url":"https:\/\/beepower.hr\/","name":"P\u010delinji proizvodi - Bee Power","description":"Bee Power - snaga p\u010dela, najsla\u0111e blago prirode","potentialAction":[{"@type":"SearchAction","target":{"@type":"EntryPoint","urlTemplate":"https:\/\/beepower.hr\/?s={search_term_string}"},"query-input":{"@type":"PropertyValueSpecification","valueRequired":true,"valueName":"search_term_string"}}],"inLanguage":"en-US"}]}},"_links":{"self":[{"href":"https:\/\/beepower.hr\/en\/wp-json\/wp\/v2\/product\/911","targetHints":{"allow":["GET"]}}],"collection":[{"href":"https:\/\/beepower.hr\/en\/wp-json\/wp\/v2\/product"}],"about":[{"href":"https:\/\/beepower.hr\/en\/wp-json\/wp\/v2\/types\/product"}],"wp:featuredmedia":[{"embeddable":true,"href":"https:\/\/beepower.hr\/en\/wp-json\/wp\/v2\/media\/1110"}],"wp:attachment":[{"href":"https:\/\/beepower.hr\/en\/wp-json\/wp\/v2\/media?parent=911"}],"wp:term":[{"taxonomy":"product_brand","embeddable":true,"href":"https:\/\/beepower.hr\/en\/wp-json\/wp\/v2\/product_brand?post=911"},{"taxonomy":"product_cat","embeddable":true,"href":"https:\/\/beepower.hr\/en\/wp-json\/wp\/v2\/product_cat?post=911"},{"taxonomy":"product_tag","embeddable":true,"href":"https:\/\/beepower.hr\/en\/wp-json\/wp\/v2\/product_tag?post=911"}],"curies":[{"name":"wp","href":"https:\/\/api.w.org\/{rel}","templated":true}]}}