{"id":927,"date":"2024-10-16T15:37:12","date_gmt":"2024-10-16T13:37:12","guid":{"rendered":"https:\/\/beepower.hr\/?post_type=product&#038;p=927"},"modified":"2025-07-18T11:14:42","modified_gmt":"2025-07-18T09:14:42","slug":"med-s-anisom","status":"publish","type":"product","link":"https:\/\/beepower.hr\/en\/product\/med-s-anisom\/","title":{"rendered":"Honey with anise 250g"},"content":{"rendered":"<p><span>\u00a0 \u00a0 \u00a0 \u00a0 \u00a0 \u00a0 \u00a0 \u00a0 \u00a0 \u00a0 \u00a0 \u00a0 \u00a0 \u00a0 \u00a0 \u00a0 \u00a0 \u00a0 \u00a0 \u00a0Photograph for illustration purposes only. Minor differences in color and dimensions are possible.<\/span><\/p>\n<p>The main benefits of anise honey are:<\/p>\n<ol>\n<li>It helps with expectoration. Anise is often used to relieve respiratory problems such as cough, asthma, bronchitis and in combination with honey, which has antibacterial and soothing properties, it forms a strong synergy in the fight against cold and flu symptoms.<\/li>\n<li>It helps with digestion. Anise is known for its properties that reduce bloating and stomach cramps.<\/li>\n<li>Helps with menstrual problems. Anise has estrogenic properties that help women with cramps and pain.<\/li>\n<li>It has a calming effect.  Anise in combination with honey has a calming effect which helps with insomnia and stress.<\/li>\n<li>Strenghtens the immunity system. Like all types of honey, honey with anise has antimicrobal properties that help fight inflammation and infections, so it contributes to strenghtening the entire organism.<\/li>\n<\/ol>","protected":false},"excerpt":{"rendered":"<p>Honey with anise combines the healing properties of honey and the healing properties of anise which makes it very useful for our immunity system.<\/p>","protected":false},"featured_media":1109,"template":"","meta":{"_monsterinsights_skip_tracking":false,"_monsterinsights_sitenote_active":false,"_monsterinsights_sitenote_note":"","_monsterinsights_sitenote_category":0},"product_brand":[137],"product_cat":[18],"product_tag":[90,89,27],"class_list":{"0":"post-927","1":"product","2":"type-product","3":"status-publish","4":"has-post-thumbnail","6":"product_brand-bee-power","7":"product_cat-med","8":"product_tag-anis","9":"product_tag-imunitet","10":"product_tag-med","12":"first","13":"instock","14":"taxable","15":"shipping-taxable","16":"purchasable","17":"product-type-simple"},"yoast_head":"<!-- This site is optimized with the Yoast SEO plugin v27.5 - https:\/\/yoast.com\/product\/yoast-seo-wordpress\/ -->\n<title>Med s anisom 250g - P\u010delinji proizvodi - Bee Power<\/title>\n<meta name=\"description\" content=\"Med s anisom kombinira blagotvorna svojstva meda i ljekovita svojstva anisa \u0161to ga \u010dini veoma korisnim za zdravlje.\" \/>\n<meta name=\"robots\" content=\"index, follow, max-snippet:-1, max-image-preview:large, max-video-preview:-1\" \/>\n<link rel=\"canonical\" href=\"https:\/\/beepower.hr\/en\/product\/med-s-anisom\/\" \/>\n<meta property=\"og:locale\" content=\"en_US\" \/>\n<meta property=\"og:type\" content=\"article\" \/>\n<meta property=\"og:title\" content=\"Med s anisom 250g - P\u010delinji proizvodi - Bee Power\" \/>\n<meta property=\"og:description\" content=\"Med s anisom kombinira blagotvorna svojstva meda i ljekovita svojstva anisa \u0161to ga \u010dini veoma korisnim za zdravlje.\" \/>\n<meta property=\"og:url\" content=\"https:\/\/beepower.hr\/en\/product\/med-s-anisom\/\" \/>\n<meta property=\"og:site_name\" content=\"P\u010delinji proizvodi - Bee Power\" \/>\n<meta property=\"article:modified_time\" content=\"2025-07-18T09:14:42+00:00\" \/>\n<meta property=\"og:image\" content=\"https:\/\/beepower.hr\/wp-content\/uploads\/2024\/10\/anis.jpg\" \/>\n\t<meta property=\"og:image:width\" content=\"638\" \/>\n\t<meta property=\"og:image:height\" content=\"850\" \/>\n\t<meta property=\"og:image:type\" content=\"image\/jpeg\" \/>\n<meta name=\"twitter:label1\" content=\"Est. reading time\" \/>\n\t<meta name=\"twitter:data1\" content=\"1 minute\" \/>\n<script type=\"application\/ld+json\" class=\"yoast-schema-graph\">{\"@context\":\"https:\\\/\\\/schema.org\",\"@graph\":[{\"@type\":\"WebPage\",\"@id\":\"https:\\\/\\\/beepower.hr\\\/product\\\/med-s-anisom\\\/\",\"url\":\"https:\\\/\\\/beepower.hr\\\/product\\\/med-s-anisom\\\/\",\"name\":\"Med s anisom 250g - P\u010delinji proizvodi - Bee Power\",\"isPartOf\":{\"@id\":\"https:\\\/\\\/beepower.hr\\\/#website\"},\"primaryImageOfPage\":{\"@id\":\"https:\\\/\\\/beepower.hr\\\/product\\\/med-s-anisom\\\/#primaryimage\"},\"image\":{\"@id\":\"https:\\\/\\\/beepower.hr\\\/product\\\/med-s-anisom\\\/#primaryimage\"},\"thumbnailUrl\":\"https:\\\/\\\/beepower.hr\\\/wp-content\\\/uploads\\\/2024\\\/10\\\/anis.jpg\",\"datePublished\":\"2024-10-16T13:37:12+00:00\",\"dateModified\":\"2025-07-18T09:14:42+00:00\",\"description\":\"Med s anisom kombinira blagotvorna svojstva meda i ljekovita svojstva anisa \u0161to ga \u010dini veoma korisnim za zdravlje.\",\"breadcrumb\":{\"@id\":\"https:\\\/\\\/beepower.hr\\\/product\\\/med-s-anisom\\\/#breadcrumb\"},\"inLanguage\":\"en-US\",\"potentialAction\":[{\"@type\":\"ReadAction\",\"target\":[\"https:\\\/\\\/beepower.hr\\\/product\\\/med-s-anisom\\\/\"]}]},{\"@type\":\"ImageObject\",\"inLanguage\":\"en-US\",\"@id\":\"https:\\\/\\\/beepower.hr\\\/product\\\/med-s-anisom\\\/#primaryimage\",\"url\":\"https:\\\/\\\/beepower.hr\\\/wp-content\\\/uploads\\\/2024\\\/10\\\/anis.jpg\",\"contentUrl\":\"https:\\\/\\\/beepower.hr\\\/wp-content\\\/uploads\\\/2024\\\/10\\\/anis.jpg\",\"width\":638,\"height\":850,\"caption\":\"Bee Power med s anisom\"},{\"@type\":\"BreadcrumbList\",\"@id\":\"https:\\\/\\\/beepower.hr\\\/product\\\/med-s-anisom\\\/#breadcrumb\",\"itemListElement\":[{\"@type\":\"ListItem\",\"position\":1,\"name\":\"Naslovna\",\"item\":\"https:\\\/\\\/beepower.hr\\\/\"},{\"@type\":\"ListItem\",\"position\":2,\"name\":\"Shop\",\"item\":\"https:\\\/\\\/beepower.hr\\\/shop\\\/\"},{\"@type\":\"ListItem\",\"position\":3,\"name\":\"Med s anisom 250g\"}]},{\"@type\":\"WebSite\",\"@id\":\"https:\\\/\\\/beepower.hr\\\/#website\",\"url\":\"https:\\\/\\\/beepower.hr\\\/\",\"name\":\"P\u010delinji proizvodi - Bee Power\",\"description\":\"Bee Power - snaga p\u010dela, najsla\u0111e blago prirode\",\"potentialAction\":[{\"@type\":\"SearchAction\",\"target\":{\"@type\":\"EntryPoint\",\"urlTemplate\":\"https:\\\/\\\/beepower.hr\\\/?s={search_term_string}\"},\"query-input\":{\"@type\":\"PropertyValueSpecification\",\"valueRequired\":true,\"valueName\":\"search_term_string\"}}],\"inLanguage\":\"en-US\"}]}<\/script>\n<!-- \/ Yoast SEO plugin. -->","yoast_head_json":{"title":"Med s anisom 250g - P\u010delinji proizvodi - Bee Power","description":"Honey with anise combines the healing properties of honey and the healing properties of anise which makes it very useful for our immunity system.","robots":{"index":"index","follow":"follow","max-snippet":"max-snippet:-1","max-image-preview":"max-image-preview:large","max-video-preview":"max-video-preview:-1"},"canonical":"https:\/\/beepower.hr\/en\/product\/med-s-anisom\/","og_locale":"en_US","og_type":"article","og_title":"Med s anisom 250g - P\u010delinji proizvodi - Bee Power","og_description":"Med s anisom kombinira blagotvorna svojstva meda i ljekovita svojstva anisa \u0161to ga \u010dini veoma korisnim za zdravlje.","og_url":"https:\/\/beepower.hr\/en\/product\/med-s-anisom\/","og_site_name":"P\u010delinji proizvodi - Bee Power","article_modified_time":"2025-07-18T09:14:42+00:00","og_image":[{"width":638,"height":850,"url":"https:\/\/beepower.hr\/wp-content\/uploads\/2024\/10\/anis.jpg","type":"image\/jpeg"}],"twitter_misc":{"Est. reading time":"1 minute"},"schema":{"@context":"https:\/\/schema.org","@graph":[{"@type":"WebPage","@id":"https:\/\/beepower.hr\/product\/med-s-anisom\/","url":"https:\/\/beepower.hr\/product\/med-s-anisom\/","name":"Med s anisom 250g - P\u010delinji proizvodi - Bee Power","isPartOf":{"@id":"https:\/\/beepower.hr\/#website"},"primaryImageOfPage":{"@id":"https:\/\/beepower.hr\/product\/med-s-anisom\/#primaryimage"},"image":{"@id":"https:\/\/beepower.hr\/product\/med-s-anisom\/#primaryimage"},"thumbnailUrl":"https:\/\/beepower.hr\/wp-content\/uploads\/2024\/10\/anis.jpg","datePublished":"2024-10-16T13:37:12+00:00","dateModified":"2025-07-18T09:14:42+00:00","description":"Honey with anise combines the healing properties of honey and the healing properties of anise which makes it very useful for our immunity system.","breadcrumb":{"@id":"https:\/\/beepower.hr\/product\/med-s-anisom\/#breadcrumb"},"inLanguage":"en-US","potentialAction":[{"@type":"ReadAction","target":["https:\/\/beepower.hr\/product\/med-s-anisom\/"]}]},{"@type":"ImageObject","inLanguage":"en-US","@id":"https:\/\/beepower.hr\/product\/med-s-anisom\/#primaryimage","url":"https:\/\/beepower.hr\/wp-content\/uploads\/2024\/10\/anis.jpg","contentUrl":"https:\/\/beepower.hr\/wp-content\/uploads\/2024\/10\/anis.jpg","width":638,"height":850,"caption":"Bee Power med s anisom"},{"@type":"BreadcrumbList","@id":"https:\/\/beepower.hr\/product\/med-s-anisom\/#breadcrumb","itemListElement":[{"@type":"ListItem","position":1,"name":"Naslovna","item":"https:\/\/beepower.hr\/"},{"@type":"ListItem","position":2,"name":"Shop","item":"https:\/\/beepower.hr\/shop\/"},{"@type":"ListItem","position":3,"name":"Med s anisom 250g"}]},{"@type":"WebSite","@id":"https:\/\/beepower.hr\/#website","url":"https:\/\/beepower.hr\/","name":"P\u010delinji proizvodi - Bee Power","description":"Bee Power - snaga p\u010dela, najsla\u0111e blago prirode","potentialAction":[{"@type":"SearchAction","target":{"@type":"EntryPoint","urlTemplate":"https:\/\/beepower.hr\/?s={search_term_string}"},"query-input":{"@type":"PropertyValueSpecification","valueRequired":true,"valueName":"search_term_string"}}],"inLanguage":"en-US"}]}},"_links":{"self":[{"href":"https:\/\/beepower.hr\/en\/wp-json\/wp\/v2\/product\/927","targetHints":{"allow":["GET"]}}],"collection":[{"href":"https:\/\/beepower.hr\/en\/wp-json\/wp\/v2\/product"}],"about":[{"href":"https:\/\/beepower.hr\/en\/wp-json\/wp\/v2\/types\/product"}],"wp:featuredmedia":[{"embeddable":true,"href":"https:\/\/beepower.hr\/en\/wp-json\/wp\/v2\/media\/1109"}],"wp:attachment":[{"href":"https:\/\/beepower.hr\/en\/wp-json\/wp\/v2\/media?parent=927"}],"wp:term":[{"taxonomy":"product_brand","embeddable":true,"href":"https:\/\/beepower.hr\/en\/wp-json\/wp\/v2\/product_brand?post=927"},{"taxonomy":"product_cat","embeddable":true,"href":"https:\/\/beepower.hr\/en\/wp-json\/wp\/v2\/product_cat?post=927"},{"taxonomy":"product_tag","embeddable":true,"href":"https:\/\/beepower.hr\/en\/wp-json\/wp\/v2\/product_tag?post=927"}],"curies":[{"name":"wp","href":"https:\/\/api.w.org\/{rel}","templated":true}]}}