{"id":929,"date":"2024-10-16T17:31:35","date_gmt":"2024-10-16T15:31:35","guid":{"rendered":"https:\/\/beepower.hr\/?post_type=product&#038;p=929"},"modified":"2025-07-18T11:05:27","modified_gmt":"2025-07-18T09:05:27","slug":"med-s-kurkumom-250g","status":"publish","type":"product","link":"https:\/\/beepower.hr\/en\/product\/med-s-kurkumom-250g\/","title":{"rendered":"Honey with tumeric 250g"},"content":{"rendered":"<p><span>\u00a0 \u00a0 \u00a0 \u00a0 \u00a0 \u00a0 \u00a0 \u00a0 \u00a0 \u00a0 \u00a0 \u00a0 \u00a0 \u00a0 \u00a0 \u00a0 \u00a0 \u00a0 \u00a0 \u00a0 \u00a0 \u00a0Photograph for illustration purposes only. Minor differences in color and dimensions are possible.<\/span><\/p>\n<p>Main benefis of the combination of honey and tumeric:<\/p>\n<ol>\n<li>Relieves the symptoms of cold and flu. Honey with tumeric is a natural antibiotic used to relieve cold and flu symptoms. Relieves cough, sore throat and reduces inflammation.<\/li>\n<li>Promotes health of the heart. Tumeric acts as an antioixidant and can help reduce inflammation that can lead to cardiovascular problems. Honey improves circulation and lowers cholesterol so it contributes to better heart health.<\/li>\n<li>Regulates blood sugar levels. Honey, even though sweet, has a low glycemic index and tumeric helps reduce blood glucose levels.<\/li>\n<li>Promotes healthier skin. The antibacterial and anti-inflammatory properties of honey and tumeric help with skin problems such as acne and eczema.<\/li>\n<li>Strenghtens the immunity. Tumeric and honey have antimicrobial and antioxidant propeties that help the body fight infections and inflammation.<\/li>\n<li>Regulates digestion. Tumeric is traditionally used to relieve digestive problems and honey soothes gastritis.<\/li>\n<\/ol>","protected":false},"excerpt":{"rendered":"<p>Honey with tumeric, also known as \"the golden honey\" combines tumeric and honey in a powerful combination that brings numerous health benefits.<\/p>","protected":false},"featured_media":957,"template":"","meta":{"_monsterinsights_skip_tracking":false,"_monsterinsights_sitenote_active":false,"_monsterinsights_sitenote_note":"","_monsterinsights_sitenote_category":0},"product_brand":[137],"product_cat":[18],"product_tag":[89,91,27,102],"class_list":{"0":"post-929","1":"product","2":"type-product","3":"status-publish","4":"has-post-thumbnail","6":"product_brand-bee-power","7":"product_cat-med","8":"product_tag-imunitet","9":"product_tag-kurkuma","10":"product_tag-med","11":"product_tag-zlatni-med","13":"first","14":"instock","15":"taxable","16":"shipping-taxable","17":"purchasable","18":"product-type-simple"},"yoast_head":"<!-- This site is optimized with the Yoast SEO plugin v27.5 - https:\/\/yoast.com\/product\/yoast-seo-wordpress\/ -->\n<title>Med s kurkumom 250g - P\u010delinji proizvodi - Bee Power<\/title>\n<meta name=\"description\" content=\"Med s kurkumom \u010desto zvani &quot;zlatni med&quot; ujedinjuje kurkumu i med u sna\u017enu kombinaciju koja donosi brojne zdravstvene koristi.\" \/>\n<meta name=\"robots\" content=\"index, follow, max-snippet:-1, max-image-preview:large, max-video-preview:-1\" \/>\n<link rel=\"canonical\" href=\"https:\/\/beepower.hr\/en\/product\/med-s-kurkumom-250g\/\" \/>\n<meta property=\"og:locale\" content=\"en_US\" \/>\n<meta property=\"og:type\" content=\"article\" \/>\n<meta property=\"og:title\" content=\"Med s kurkumom 250g - P\u010delinji proizvodi - Bee Power\" \/>\n<meta property=\"og:description\" content=\"Med s kurkumom \u010desto zvani &quot;zlatni med&quot; ujedinjuje kurkumu i med u sna\u017enu kombinaciju koja donosi brojne zdravstvene koristi.\" \/>\n<meta property=\"og:url\" content=\"https:\/\/beepower.hr\/en\/product\/med-s-kurkumom-250g\/\" \/>\n<meta property=\"og:site_name\" content=\"P\u010delinji proizvodi - Bee Power\" \/>\n<meta property=\"article:modified_time\" content=\"2025-07-18T09:05:27+00:00\" \/>\n<meta property=\"og:image\" content=\"https:\/\/beepower.hr\/wp-content\/uploads\/2024\/05\/med-kurkuma-1.jpg\" \/>\n\t<meta property=\"og:image:width\" content=\"1200\" \/>\n\t<meta property=\"og:image:height\" content=\"900\" \/>\n\t<meta property=\"og:image:type\" content=\"image\/jpeg\" \/>\n<meta name=\"twitter:label1\" content=\"Est. reading time\" \/>\n\t<meta name=\"twitter:data1\" content=\"2 minutes\" \/>\n<script type=\"application\/ld+json\" class=\"yoast-schema-graph\">{\"@context\":\"https:\\\/\\\/schema.org\",\"@graph\":[{\"@type\":\"WebPage\",\"@id\":\"https:\\\/\\\/beepower.hr\\\/product\\\/med-s-kurkumom-250g\\\/\",\"url\":\"https:\\\/\\\/beepower.hr\\\/product\\\/med-s-kurkumom-250g\\\/\",\"name\":\"Med s kurkumom 250g - P\u010delinji proizvodi - Bee Power\",\"isPartOf\":{\"@id\":\"https:\\\/\\\/beepower.hr\\\/#website\"},\"primaryImageOfPage\":{\"@id\":\"https:\\\/\\\/beepower.hr\\\/product\\\/med-s-kurkumom-250g\\\/#primaryimage\"},\"image\":{\"@id\":\"https:\\\/\\\/beepower.hr\\\/product\\\/med-s-kurkumom-250g\\\/#primaryimage\"},\"thumbnailUrl\":\"https:\\\/\\\/beepower.hr\\\/wp-content\\\/uploads\\\/2024\\\/05\\\/med-kurkuma-1.jpg\",\"datePublished\":\"2024-10-16T15:31:35+00:00\",\"dateModified\":\"2025-07-18T09:05:27+00:00\",\"description\":\"Med s kurkumom \u010desto zvani \\\"zlatni med\\\" ujedinjuje kurkumu i med u sna\u017enu kombinaciju koja donosi brojne zdravstvene koristi.\",\"breadcrumb\":{\"@id\":\"https:\\\/\\\/beepower.hr\\\/product\\\/med-s-kurkumom-250g\\\/#breadcrumb\"},\"inLanguage\":\"en-US\",\"potentialAction\":[{\"@type\":\"ReadAction\",\"target\":[\"https:\\\/\\\/beepower.hr\\\/product\\\/med-s-kurkumom-250g\\\/\"]}]},{\"@type\":\"ImageObject\",\"inLanguage\":\"en-US\",\"@id\":\"https:\\\/\\\/beepower.hr\\\/product\\\/med-s-kurkumom-250g\\\/#primaryimage\",\"url\":\"https:\\\/\\\/beepower.hr\\\/wp-content\\\/uploads\\\/2024\\\/05\\\/med-kurkuma-1.jpg\",\"contentUrl\":\"https:\\\/\\\/beepower.hr\\\/wp-content\\\/uploads\\\/2024\\\/05\\\/med-kurkuma-1.jpg\",\"width\":1200,\"height\":900,\"caption\":\"med kurkuma\"},{\"@type\":\"BreadcrumbList\",\"@id\":\"https:\\\/\\\/beepower.hr\\\/product\\\/med-s-kurkumom-250g\\\/#breadcrumb\",\"itemListElement\":[{\"@type\":\"ListItem\",\"position\":1,\"name\":\"Naslovna\",\"item\":\"https:\\\/\\\/beepower.hr\\\/\"},{\"@type\":\"ListItem\",\"position\":2,\"name\":\"Shop\",\"item\":\"https:\\\/\\\/beepower.hr\\\/shop\\\/\"},{\"@type\":\"ListItem\",\"position\":3,\"name\":\"Med s kurkumom 250g\"}]},{\"@type\":\"WebSite\",\"@id\":\"https:\\\/\\\/beepower.hr\\\/#website\",\"url\":\"https:\\\/\\\/beepower.hr\\\/\",\"name\":\"P\u010delinji proizvodi - Bee Power\",\"description\":\"Bee Power - snaga p\u010dela, najsla\u0111e blago prirode\",\"potentialAction\":[{\"@type\":\"SearchAction\",\"target\":{\"@type\":\"EntryPoint\",\"urlTemplate\":\"https:\\\/\\\/beepower.hr\\\/?s={search_term_string}\"},\"query-input\":{\"@type\":\"PropertyValueSpecification\",\"valueRequired\":true,\"valueName\":\"search_term_string\"}}],\"inLanguage\":\"en-US\"}]}<\/script>\n<!-- \/ Yoast SEO plugin. -->","yoast_head_json":{"title":"Med s kurkumom 250g - P\u010delinji proizvodi - Bee Power","description":"Med s kurkumom \u010desto zvani \"zlatni med\" ujedinjuje kurkumu i med u sna\u017enu kombinaciju koja donosi brojne zdravstvene koristi.","robots":{"index":"index","follow":"follow","max-snippet":"max-snippet:-1","max-image-preview":"max-image-preview:large","max-video-preview":"max-video-preview:-1"},"canonical":"https:\/\/beepower.hr\/en\/product\/med-s-kurkumom-250g\/","og_locale":"en_US","og_type":"article","og_title":"Med s kurkumom 250g - P\u010delinji proizvodi - Bee Power","og_description":"Med s kurkumom \u010desto zvani \"zlatni med\" ujedinjuje kurkumu i med u sna\u017enu kombinaciju koja donosi brojne zdravstvene koristi.","og_url":"https:\/\/beepower.hr\/en\/product\/med-s-kurkumom-250g\/","og_site_name":"P\u010delinji proizvodi - Bee Power","article_modified_time":"2025-07-18T09:05:27+00:00","og_image":[{"width":1200,"height":900,"url":"https:\/\/beepower.hr\/wp-content\/uploads\/2024\/05\/med-kurkuma-1.jpg","type":"image\/jpeg"}],"twitter_misc":{"Est. reading time":"2 minutes"},"schema":{"@context":"https:\/\/schema.org","@graph":[{"@type":"WebPage","@id":"https:\/\/beepower.hr\/product\/med-s-kurkumom-250g\/","url":"https:\/\/beepower.hr\/product\/med-s-kurkumom-250g\/","name":"Med s kurkumom 250g - P\u010delinji proizvodi - Bee Power","isPartOf":{"@id":"https:\/\/beepower.hr\/#website"},"primaryImageOfPage":{"@id":"https:\/\/beepower.hr\/product\/med-s-kurkumom-250g\/#primaryimage"},"image":{"@id":"https:\/\/beepower.hr\/product\/med-s-kurkumom-250g\/#primaryimage"},"thumbnailUrl":"https:\/\/beepower.hr\/wp-content\/uploads\/2024\/05\/med-kurkuma-1.jpg","datePublished":"2024-10-16T15:31:35+00:00","dateModified":"2025-07-18T09:05:27+00:00","description":"Med s kurkumom \u010desto zvani \"zlatni med\" ujedinjuje kurkumu i med u sna\u017enu kombinaciju koja donosi brojne zdravstvene koristi.","breadcrumb":{"@id":"https:\/\/beepower.hr\/product\/med-s-kurkumom-250g\/#breadcrumb"},"inLanguage":"en-US","potentialAction":[{"@type":"ReadAction","target":["https:\/\/beepower.hr\/product\/med-s-kurkumom-250g\/"]}]},{"@type":"ImageObject","inLanguage":"en-US","@id":"https:\/\/beepower.hr\/product\/med-s-kurkumom-250g\/#primaryimage","url":"https:\/\/beepower.hr\/wp-content\/uploads\/2024\/05\/med-kurkuma-1.jpg","contentUrl":"https:\/\/beepower.hr\/wp-content\/uploads\/2024\/05\/med-kurkuma-1.jpg","width":1200,"height":900,"caption":"med kurkuma"},{"@type":"BreadcrumbList","@id":"https:\/\/beepower.hr\/product\/med-s-kurkumom-250g\/#breadcrumb","itemListElement":[{"@type":"ListItem","position":1,"name":"Naslovna","item":"https:\/\/beepower.hr\/"},{"@type":"ListItem","position":2,"name":"Shop","item":"https:\/\/beepower.hr\/shop\/"},{"@type":"ListItem","position":3,"name":"Med s kurkumom 250g"}]},{"@type":"WebSite","@id":"https:\/\/beepower.hr\/#website","url":"https:\/\/beepower.hr\/","name":"P\u010delinji proizvodi - Bee Power","description":"Bee Power - snaga p\u010dela, najsla\u0111e blago prirode","potentialAction":[{"@type":"SearchAction","target":{"@type":"EntryPoint","urlTemplate":"https:\/\/beepower.hr\/?s={search_term_string}"},"query-input":{"@type":"PropertyValueSpecification","valueRequired":true,"valueName":"search_term_string"}}],"inLanguage":"en-US"}]}},"_links":{"self":[{"href":"https:\/\/beepower.hr\/en\/wp-json\/wp\/v2\/product\/929","targetHints":{"allow":["GET"]}}],"collection":[{"href":"https:\/\/beepower.hr\/en\/wp-json\/wp\/v2\/product"}],"about":[{"href":"https:\/\/beepower.hr\/en\/wp-json\/wp\/v2\/types\/product"}],"wp:featuredmedia":[{"embeddable":true,"href":"https:\/\/beepower.hr\/en\/wp-json\/wp\/v2\/media\/957"}],"wp:attachment":[{"href":"https:\/\/beepower.hr\/en\/wp-json\/wp\/v2\/media?parent=929"}],"wp:term":[{"taxonomy":"product_brand","embeddable":true,"href":"https:\/\/beepower.hr\/en\/wp-json\/wp\/v2\/product_brand?post=929"},{"taxonomy":"product_cat","embeddable":true,"href":"https:\/\/beepower.hr\/en\/wp-json\/wp\/v2\/product_cat?post=929"},{"taxonomy":"product_tag","embeddable":true,"href":"https:\/\/beepower.hr\/en\/wp-json\/wp\/v2\/product_tag?post=929"}],"curies":[{"name":"wp","href":"https:\/\/api.w.org\/{rel}","templated":true}]}}