{"id":939,"date":"2024-10-17T17:34:13","date_gmt":"2024-10-17T15:34:13","guid":{"rendered":"https:\/\/beepower.hr\/?post_type=product&#038;p=939"},"modified":"2025-07-18T10:59:01","modified_gmt":"2025-07-18T08:59:01","slug":"med-s-dumbirom-250g-2","status":"publish","type":"product","link":"https:\/\/beepower.hr\/en\/product\/med-s-dumbirom-250g-2\/","title":{"rendered":"Honey with ginger 250g"},"content":{"rendered":"<p><span>\u00a0 \u00a0 \u00a0 \u00a0 \u00a0 \u00a0 \u00a0 \u00a0 \u00a0 \u00a0 Photograph for illustration purposes only. Minor differences in color and dimensions are possible.<\/span><\/p>\n<p>Main benefits of honey with ginger:<\/p>\n<ol>\n<li>Strengthening the immunity. Ginger is known as a powerful ally in the fight against inflammation and infections due to its bioactive components, and honey has a strong antibacterial and antioxidant activity, so together they strengthen defense mechanism of the body and alleviate the symptoms of cold and flu.<\/li>\n<li>Facilitates digestion. Honey relieves the digestion and ginger helps reduce bloating.<\/li>\n<li>Reduction of inflammation and pain. Honey and ginger have anti inflammatory properties so they help reduce muscle and joint pain, as well as arthritis.<\/li>\n<li>Detoxification of the organism. Honey and ginger help eliminate toxins from the body and contribute to increased energy.<\/li>\n<li>Supports weight loss. Ginger accelerates metabolism and circulation, helps burn fat, and honey can satisfy the desire for sweets.<\/li>\n<\/ol>","protected":false},"excerpt":{"rendered":"<p>Honey with ginger makes a powerful combination of two extremely useful ingredients that contribute  to health so regular use can bring numerous long-term benefits.<\/p>","protected":false},"featured_media":1108,"template":"","meta":{"_monsterinsights_skip_tracking":false,"_monsterinsights_sitenote_active":false,"_monsterinsights_sitenote_note":"","_monsterinsights_sitenote_category":0},"product_brand":[137],"product_cat":[18],"product_tag":[92,89,27],"class_list":{"0":"post-939","1":"product","2":"type-product","3":"status-publish","4":"has-post-thumbnail","6":"product_brand-bee-power","7":"product_cat-med","8":"product_tag-dumbir","9":"product_tag-imunitet","10":"product_tag-med","12":"first","13":"instock","14":"taxable","15":"shipping-taxable","16":"purchasable","17":"product-type-simple"},"yoast_head":"<!-- This site is optimized with the Yoast SEO plugin v27.5 - https:\/\/yoast.com\/product\/yoast-seo-wordpress\/ -->\n<title>Med s \u0111umbirom 250g - P\u010delinji proizvodi - Bee Power<\/title>\n<meta name=\"description\" content=\"Med sa \u0111umbirom \u010dini sna\u017enu kombinaciju dva iznimno korisna sastojka koje doprinose blagodati organizma, a redovna upotreba mo\u017ee donijeti brojne dugoro\u010dne zdravstvene beneficije.\" \/>\n<meta name=\"robots\" content=\"index, follow, max-snippet:-1, max-image-preview:large, max-video-preview:-1\" \/>\n<link rel=\"canonical\" href=\"https:\/\/beepower.hr\/en\/product\/med-s-dumbirom-250g-2\/\" \/>\n<meta property=\"og:locale\" content=\"en_US\" \/>\n<meta property=\"og:type\" content=\"article\" \/>\n<meta property=\"og:title\" content=\"Med s \u0111umbirom 250g - P\u010delinji proizvodi - Bee Power\" \/>\n<meta property=\"og:description\" content=\"Med sa \u0111umbirom \u010dini sna\u017enu kombinaciju dva iznimno korisna sastojka koje doprinose blagodati organizma, a redovna upotreba mo\u017ee donijeti brojne dugoro\u010dne zdravstvene beneficije.\" \/>\n<meta property=\"og:url\" content=\"https:\/\/beepower.hr\/en\/product\/med-s-dumbirom-250g-2\/\" \/>\n<meta property=\"og:site_name\" content=\"P\u010delinji proizvodi - Bee Power\" \/>\n<meta property=\"article:modified_time\" content=\"2025-07-18T08:59:01+00:00\" \/>\n<meta property=\"og:image\" content=\"https:\/\/beepower.hr\/wp-content\/uploads\/2024\/10\/dumbir.jpg\" \/>\n\t<meta property=\"og:image:width\" content=\"1133\" \/>\n\t<meta property=\"og:image:height\" content=\"850\" \/>\n\t<meta property=\"og:image:type\" content=\"image\/jpeg\" \/>\n<meta name=\"twitter:label1\" content=\"Est. reading time\" \/>\n\t<meta name=\"twitter:data1\" content=\"1 minute\" \/>\n<script type=\"application\/ld+json\" class=\"yoast-schema-graph\">{\"@context\":\"https:\\\/\\\/schema.org\",\"@graph\":[{\"@type\":\"WebPage\",\"@id\":\"https:\\\/\\\/beepower.hr\\\/product\\\/med-s-dumbirom-250g-2\\\/\",\"url\":\"https:\\\/\\\/beepower.hr\\\/product\\\/med-s-dumbirom-250g-2\\\/\",\"name\":\"Med s \u0111umbirom 250g - P\u010delinji proizvodi - Bee Power\",\"isPartOf\":{\"@id\":\"https:\\\/\\\/beepower.hr\\\/#website\"},\"primaryImageOfPage\":{\"@id\":\"https:\\\/\\\/beepower.hr\\\/product\\\/med-s-dumbirom-250g-2\\\/#primaryimage\"},\"image\":{\"@id\":\"https:\\\/\\\/beepower.hr\\\/product\\\/med-s-dumbirom-250g-2\\\/#primaryimage\"},\"thumbnailUrl\":\"https:\\\/\\\/beepower.hr\\\/wp-content\\\/uploads\\\/2024\\\/10\\\/dumbir.jpg\",\"datePublished\":\"2024-10-17T15:34:13+00:00\",\"dateModified\":\"2025-07-18T08:59:01+00:00\",\"description\":\"Med sa \u0111umbirom \u010dini sna\u017enu kombinaciju dva iznimno korisna sastojka koje doprinose blagodati organizma, a redovna upotreba mo\u017ee donijeti brojne dugoro\u010dne zdravstvene beneficije.\",\"breadcrumb\":{\"@id\":\"https:\\\/\\\/beepower.hr\\\/product\\\/med-s-dumbirom-250g-2\\\/#breadcrumb\"},\"inLanguage\":\"en-US\",\"potentialAction\":[{\"@type\":\"ReadAction\",\"target\":[\"https:\\\/\\\/beepower.hr\\\/product\\\/med-s-dumbirom-250g-2\\\/\"]}]},{\"@type\":\"ImageObject\",\"inLanguage\":\"en-US\",\"@id\":\"https:\\\/\\\/beepower.hr\\\/product\\\/med-s-dumbirom-250g-2\\\/#primaryimage\",\"url\":\"https:\\\/\\\/beepower.hr\\\/wp-content\\\/uploads\\\/2024\\\/10\\\/dumbir.jpg\",\"contentUrl\":\"https:\\\/\\\/beepower.hr\\\/wp-content\\\/uploads\\\/2024\\\/10\\\/dumbir.jpg\",\"width\":1133,\"height\":850,\"caption\":\"Bee Power med s \u0111umbirom\"},{\"@type\":\"BreadcrumbList\",\"@id\":\"https:\\\/\\\/beepower.hr\\\/product\\\/med-s-dumbirom-250g-2\\\/#breadcrumb\",\"itemListElement\":[{\"@type\":\"ListItem\",\"position\":1,\"name\":\"Naslovna\",\"item\":\"https:\\\/\\\/beepower.hr\\\/\"},{\"@type\":\"ListItem\",\"position\":2,\"name\":\"Shop\",\"item\":\"https:\\\/\\\/beepower.hr\\\/shop\\\/\"},{\"@type\":\"ListItem\",\"position\":3,\"name\":\"Med s \u0111umbirom 250g\"}]},{\"@type\":\"WebSite\",\"@id\":\"https:\\\/\\\/beepower.hr\\\/#website\",\"url\":\"https:\\\/\\\/beepower.hr\\\/\",\"name\":\"P\u010delinji proizvodi - Bee Power\",\"description\":\"Bee Power - snaga p\u010dela, najsla\u0111e blago prirode\",\"potentialAction\":[{\"@type\":\"SearchAction\",\"target\":{\"@type\":\"EntryPoint\",\"urlTemplate\":\"https:\\\/\\\/beepower.hr\\\/?s={search_term_string}\"},\"query-input\":{\"@type\":\"PropertyValueSpecification\",\"valueRequired\":true,\"valueName\":\"search_term_string\"}}],\"inLanguage\":\"en-US\"}]}<\/script>\n<!-- \/ Yoast SEO plugin. -->","yoast_head_json":{"title":"Med s \u0111umbirom 250g - P\u010delinji proizvodi - Bee Power","description":"Honey with ginger makes a powerful combination of two extremely useful ingredients that contribute  to health so regular use can bring numerous long-term benefits.","robots":{"index":"index","follow":"follow","max-snippet":"max-snippet:-1","max-image-preview":"max-image-preview:large","max-video-preview":"max-video-preview:-1"},"canonical":"https:\/\/beepower.hr\/en\/product\/med-s-dumbirom-250g-2\/","og_locale":"en_US","og_type":"article","og_title":"Med s \u0111umbirom 250g - P\u010delinji proizvodi - Bee Power","og_description":"Med sa \u0111umbirom \u010dini sna\u017enu kombinaciju dva iznimno korisna sastojka koje doprinose blagodati organizma, a redovna upotreba mo\u017ee donijeti brojne dugoro\u010dne zdravstvene beneficije.","og_url":"https:\/\/beepower.hr\/en\/product\/med-s-dumbirom-250g-2\/","og_site_name":"P\u010delinji proizvodi - Bee Power","article_modified_time":"2025-07-18T08:59:01+00:00","og_image":[{"width":1133,"height":850,"url":"https:\/\/beepower.hr\/wp-content\/uploads\/2024\/10\/dumbir.jpg","type":"image\/jpeg"}],"twitter_misc":{"Est. reading time":"1 minute"},"schema":{"@context":"https:\/\/schema.org","@graph":[{"@type":"WebPage","@id":"https:\/\/beepower.hr\/product\/med-s-dumbirom-250g-2\/","url":"https:\/\/beepower.hr\/product\/med-s-dumbirom-250g-2\/","name":"Med s \u0111umbirom 250g - P\u010delinji proizvodi - Bee Power","isPartOf":{"@id":"https:\/\/beepower.hr\/#website"},"primaryImageOfPage":{"@id":"https:\/\/beepower.hr\/product\/med-s-dumbirom-250g-2\/#primaryimage"},"image":{"@id":"https:\/\/beepower.hr\/product\/med-s-dumbirom-250g-2\/#primaryimage"},"thumbnailUrl":"https:\/\/beepower.hr\/wp-content\/uploads\/2024\/10\/dumbir.jpg","datePublished":"2024-10-17T15:34:13+00:00","dateModified":"2025-07-18T08:59:01+00:00","description":"Honey with ginger makes a powerful combination of two extremely useful ingredients that contribute  to health so regular use can bring numerous long-term benefits.","breadcrumb":{"@id":"https:\/\/beepower.hr\/product\/med-s-dumbirom-250g-2\/#breadcrumb"},"inLanguage":"en-US","potentialAction":[{"@type":"ReadAction","target":["https:\/\/beepower.hr\/product\/med-s-dumbirom-250g-2\/"]}]},{"@type":"ImageObject","inLanguage":"en-US","@id":"https:\/\/beepower.hr\/product\/med-s-dumbirom-250g-2\/#primaryimage","url":"https:\/\/beepower.hr\/wp-content\/uploads\/2024\/10\/dumbir.jpg","contentUrl":"https:\/\/beepower.hr\/wp-content\/uploads\/2024\/10\/dumbir.jpg","width":1133,"height":850,"caption":"Bee Power med s \u0111umbirom"},{"@type":"BreadcrumbList","@id":"https:\/\/beepower.hr\/product\/med-s-dumbirom-250g-2\/#breadcrumb","itemListElement":[{"@type":"ListItem","position":1,"name":"Naslovna","item":"https:\/\/beepower.hr\/"},{"@type":"ListItem","position":2,"name":"Shop","item":"https:\/\/beepower.hr\/shop\/"},{"@type":"ListItem","position":3,"name":"Med s \u0111umbirom 250g"}]},{"@type":"WebSite","@id":"https:\/\/beepower.hr\/#website","url":"https:\/\/beepower.hr\/","name":"P\u010delinji proizvodi - Bee Power","description":"Bee Power - snaga p\u010dela, najsla\u0111e blago prirode","potentialAction":[{"@type":"SearchAction","target":{"@type":"EntryPoint","urlTemplate":"https:\/\/beepower.hr\/?s={search_term_string}"},"query-input":{"@type":"PropertyValueSpecification","valueRequired":true,"valueName":"search_term_string"}}],"inLanguage":"en-US"}]}},"_links":{"self":[{"href":"https:\/\/beepower.hr\/en\/wp-json\/wp\/v2\/product\/939","targetHints":{"allow":["GET"]}}],"collection":[{"href":"https:\/\/beepower.hr\/en\/wp-json\/wp\/v2\/product"}],"about":[{"href":"https:\/\/beepower.hr\/en\/wp-json\/wp\/v2\/types\/product"}],"wp:featuredmedia":[{"embeddable":true,"href":"https:\/\/beepower.hr\/en\/wp-json\/wp\/v2\/media\/1108"}],"wp:attachment":[{"href":"https:\/\/beepower.hr\/en\/wp-json\/wp\/v2\/media?parent=939"}],"wp:term":[{"taxonomy":"product_brand","embeddable":true,"href":"https:\/\/beepower.hr\/en\/wp-json\/wp\/v2\/product_brand?post=939"},{"taxonomy":"product_cat","embeddable":true,"href":"https:\/\/beepower.hr\/en\/wp-json\/wp\/v2\/product_cat?post=939"},{"taxonomy":"product_tag","embeddable":true,"href":"https:\/\/beepower.hr\/en\/wp-json\/wp\/v2\/product_tag?post=939"}],"curies":[{"name":"wp","href":"https:\/\/api.w.org\/{rel}","templated":true}]}}