{"id":942,"date":"2024-10-18T13:30:31","date_gmt":"2024-10-18T11:30:31","guid":{"rendered":"https:\/\/beepower.hr\/?post_type=product&#038;p=942"},"modified":"2025-07-18T10:54:24","modified_gmt":"2025-07-18T08:54:24","slug":"med-s-klincicem-250g","status":"publish","type":"product","link":"https:\/\/beepower.hr\/en\/product\/med-s-klincicem-250g\/","title":{"rendered":"Honey with clove 250g"},"content":{"rendered":"<p><span>\u00a0 \u00a0 \u00a0 \u00a0 \u00a0 \u00a0 \u00a0 \u00a0 Photograph for illustration purposes only. Minor differences in color and dimensions are possible.<\/span><\/p>\n<p>Main benefits of the honey with clove<\/p>\n<ol>\n<li>Supports immunity. Coves have natural antibacterial properties, as well as honey, which is rich in enzymes and antioxidants, so together they form a powerful combination for strenghtening the immunity.<\/li>\n<li>It has an anti-inflammatory and antimicrobial effect. Honey has long been known for its anti-inflammatory properties, while cloves contain the natural compound eugenol, which has analgetic and anti-inflammatory effect.<\/li>\n<li>Relieves pain. Cloves are traditionally used to relieve toothache and gum inflammation, while honey soothes irritations and pain.<\/li>\n<li>Helps regulate digestion. Honey improves digestion, and cloves reduce flatulence and improve stomach function.<\/li>\n<li>Helps with expectoration and respiratory problems. Clove is a natural expectorant, which means that it thins the mucus in the throat, and honey softens the throat and has an anti inflammatory effect.<\/li>\n<\/ol>","protected":false},"excerpt":{"rendered":"<p>Honey with clove offers numerous scientific advantages due to healing properties of honey and cloves, which work together for the general good of the organism.<\/p>","protected":false},"featured_media":0,"template":"","meta":{"_monsterinsights_skip_tracking":false,"_monsterinsights_sitenote_active":false,"_monsterinsights_sitenote_note":"","_monsterinsights_sitenote_category":0},"product_brand":[137],"product_cat":[18],"product_tag":[89,93,27],"class_list":{"0":"post-942","1":"product","2":"type-product","3":"status-publish","5":"product_brand-bee-power","6":"product_cat-med","7":"product_tag-imunitet","8":"product_tag-klincic","9":"product_tag-med","11":"first","12":"instock","13":"taxable","14":"shipping-taxable","15":"purchasable","16":"product-type-simple"},"yoast_head":"<!-- This site is optimized with the Yoast SEO plugin v27.4 - https:\/\/yoast.com\/product\/yoast-seo-wordpress\/ -->\n<title>Med s klin\u010di\u0107em 250g - P\u010delinji proizvodi - Bee Power<\/title>\n<meta name=\"description\" content=\"Med s klin\u010di\u0107em nudi brojne znanstvene prednosti zbog ljekovitih svojstava meda i klin\u010di\u0107a koji zajedno djeluju za op\u0107e dobro organizma.\" \/>\n<meta name=\"robots\" content=\"index, follow, max-snippet:-1, max-image-preview:large, max-video-preview:-1\" \/>\n<link rel=\"canonical\" href=\"https:\/\/beepower.hr\/en\/product\/med-s-klincicem-250g\/\" \/>\n<meta property=\"og:locale\" content=\"en_US\" \/>\n<meta property=\"og:type\" content=\"article\" \/>\n<meta property=\"og:title\" content=\"Med s klin\u010di\u0107em 250g - P\u010delinji proizvodi - Bee Power\" \/>\n<meta property=\"og:description\" content=\"Med s klin\u010di\u0107em nudi brojne znanstvene prednosti zbog ljekovitih svojstava meda i klin\u010di\u0107a koji zajedno djeluju za op\u0107e dobro organizma.\" \/>\n<meta property=\"og:url\" content=\"https:\/\/beepower.hr\/en\/product\/med-s-klincicem-250g\/\" \/>\n<meta property=\"og:site_name\" content=\"P\u010delinji proizvodi - Bee Power\" \/>\n<meta property=\"article:modified_time\" content=\"2025-07-18T08:54:24+00:00\" \/>\n<meta name=\"twitter:label1\" content=\"Est. reading time\" \/>\n\t<meta name=\"twitter:data1\" content=\"1 minute\" \/>\n<script type=\"application\/ld+json\" class=\"yoast-schema-graph\">{\"@context\":\"https:\\\/\\\/schema.org\",\"@graph\":[{\"@type\":\"WebPage\",\"@id\":\"https:\\\/\\\/beepower.hr\\\/product\\\/med-s-klincicem-250g\\\/\",\"url\":\"https:\\\/\\\/beepower.hr\\\/product\\\/med-s-klincicem-250g\\\/\",\"name\":\"Med s klin\u010di\u0107em 250g - P\u010delinji proizvodi - Bee Power\",\"isPartOf\":{\"@id\":\"https:\\\/\\\/beepower.hr\\\/#website\"},\"datePublished\":\"2024-10-18T11:30:31+00:00\",\"dateModified\":\"2025-07-18T08:54:24+00:00\",\"description\":\"Med s klin\u010di\u0107em nudi brojne znanstvene prednosti zbog ljekovitih svojstava meda i klin\u010di\u0107a koji zajedno djeluju za op\u0107e dobro organizma.\",\"breadcrumb\":{\"@id\":\"https:\\\/\\\/beepower.hr\\\/product\\\/med-s-klincicem-250g\\\/#breadcrumb\"},\"inLanguage\":\"en-US\",\"potentialAction\":[{\"@type\":\"ReadAction\",\"target\":[\"https:\\\/\\\/beepower.hr\\\/product\\\/med-s-klincicem-250g\\\/\"]}]},{\"@type\":\"BreadcrumbList\",\"@id\":\"https:\\\/\\\/beepower.hr\\\/product\\\/med-s-klincicem-250g\\\/#breadcrumb\",\"itemListElement\":[{\"@type\":\"ListItem\",\"position\":1,\"name\":\"Naslovna\",\"item\":\"https:\\\/\\\/beepower.hr\\\/\"},{\"@type\":\"ListItem\",\"position\":2,\"name\":\"Shop\",\"item\":\"https:\\\/\\\/beepower.hr\\\/shop\\\/\"},{\"@type\":\"ListItem\",\"position\":3,\"name\":\"Med s klin\u010di\u0107em 250g\"}]},{\"@type\":\"WebSite\",\"@id\":\"https:\\\/\\\/beepower.hr\\\/#website\",\"url\":\"https:\\\/\\\/beepower.hr\\\/\",\"name\":\"P\u010delinji proizvodi - Bee Power\",\"description\":\"Bee Power - snaga p\u010dela, najsla\u0111e blago prirode\",\"potentialAction\":[{\"@type\":\"SearchAction\",\"target\":{\"@type\":\"EntryPoint\",\"urlTemplate\":\"https:\\\/\\\/beepower.hr\\\/?s={search_term_string}\"},\"query-input\":{\"@type\":\"PropertyValueSpecification\",\"valueRequired\":true,\"valueName\":\"search_term_string\"}}],\"inLanguage\":\"en-US\"}]}<\/script>\n<!-- \/ Yoast SEO plugin. -->","yoast_head_json":{"title":"Med s klin\u010di\u0107em 250g - P\u010delinji proizvodi - Bee Power","description":"Honey with clove offers numerous scientific advantages due to healing properties of honey and cloves, which work together for the general good of the organism.","robots":{"index":"index","follow":"follow","max-snippet":"max-snippet:-1","max-image-preview":"max-image-preview:large","max-video-preview":"max-video-preview:-1"},"canonical":"https:\/\/beepower.hr\/en\/product\/med-s-klincicem-250g\/","og_locale":"en_US","og_type":"article","og_title":"Med s klin\u010di\u0107em 250g - P\u010delinji proizvodi - Bee Power","og_description":"Med s klin\u010di\u0107em nudi brojne znanstvene prednosti zbog ljekovitih svojstava meda i klin\u010di\u0107a koji zajedno djeluju za op\u0107e dobro organizma.","og_url":"https:\/\/beepower.hr\/en\/product\/med-s-klincicem-250g\/","og_site_name":"P\u010delinji proizvodi - Bee Power","article_modified_time":"2025-07-18T08:54:24+00:00","twitter_misc":{"Est. reading time":"1 minute"},"schema":{"@context":"https:\/\/schema.org","@graph":[{"@type":"WebPage","@id":"https:\/\/beepower.hr\/product\/med-s-klincicem-250g\/","url":"https:\/\/beepower.hr\/product\/med-s-klincicem-250g\/","name":"Med s klin\u010di\u0107em 250g - P\u010delinji proizvodi - Bee Power","isPartOf":{"@id":"https:\/\/beepower.hr\/#website"},"datePublished":"2024-10-18T11:30:31+00:00","dateModified":"2025-07-18T08:54:24+00:00","description":"Honey with clove offers numerous scientific advantages due to healing properties of honey and cloves, which work together for the general good of the organism.","breadcrumb":{"@id":"https:\/\/beepower.hr\/product\/med-s-klincicem-250g\/#breadcrumb"},"inLanguage":"en-US","potentialAction":[{"@type":"ReadAction","target":["https:\/\/beepower.hr\/product\/med-s-klincicem-250g\/"]}]},{"@type":"BreadcrumbList","@id":"https:\/\/beepower.hr\/product\/med-s-klincicem-250g\/#breadcrumb","itemListElement":[{"@type":"ListItem","position":1,"name":"Naslovna","item":"https:\/\/beepower.hr\/"},{"@type":"ListItem","position":2,"name":"Shop","item":"https:\/\/beepower.hr\/shop\/"},{"@type":"ListItem","position":3,"name":"Med s klin\u010di\u0107em 250g"}]},{"@type":"WebSite","@id":"https:\/\/beepower.hr\/#website","url":"https:\/\/beepower.hr\/","name":"P\u010delinji proizvodi - Bee Power","description":"Bee Power - snaga p\u010dela, najsla\u0111e blago prirode","potentialAction":[{"@type":"SearchAction","target":{"@type":"EntryPoint","urlTemplate":"https:\/\/beepower.hr\/?s={search_term_string}"},"query-input":{"@type":"PropertyValueSpecification","valueRequired":true,"valueName":"search_term_string"}}],"inLanguage":"en-US"}]}},"_links":{"self":[{"href":"https:\/\/beepower.hr\/en\/wp-json\/wp\/v2\/product\/942","targetHints":{"allow":["GET"]}}],"collection":[{"href":"https:\/\/beepower.hr\/en\/wp-json\/wp\/v2\/product"}],"about":[{"href":"https:\/\/beepower.hr\/en\/wp-json\/wp\/v2\/types\/product"}],"wp:attachment":[{"href":"https:\/\/beepower.hr\/en\/wp-json\/wp\/v2\/media?parent=942"}],"wp:term":[{"taxonomy":"product_brand","embeddable":true,"href":"https:\/\/beepower.hr\/en\/wp-json\/wp\/v2\/product_brand?post=942"},{"taxonomy":"product_cat","embeddable":true,"href":"https:\/\/beepower.hr\/en\/wp-json\/wp\/v2\/product_cat?post=942"},{"taxonomy":"product_tag","embeddable":true,"href":"https:\/\/beepower.hr\/en\/wp-json\/wp\/v2\/product_tag?post=942"}],"curies":[{"name":"wp","href":"https:\/\/api.w.org\/{rel}","templated":true}]}}