{"id":946,"date":"2024-10-18T15:20:42","date_gmt":"2024-10-18T13:20:42","guid":{"rendered":"https:\/\/beepower.hr\/?post_type=product&#038;p=946"},"modified":"2025-07-18T10:36:50","modified_gmt":"2025-07-18T08:36:50","slug":"med-s-cimetom-250g-2","status":"publish","type":"product","link":"https:\/\/beepower.hr\/en\/product\/med-s-cimetom-250g-2\/","title":{"rendered":"Honey with cinnamon 250g"},"content":{"rendered":"<p><span>\u00a0 \u00a0 \u00a0 \u00a0 \u00a0 \u00a0 \u00a0 \u00a0 \u00a0 \u00a0 \u00a0 \u00a0 \u00a0 \u00a0 \u00a0 \u00a0 \u00a0 \u00a0 \u00a0 \u00a0 Photograph for illustration purposes only. Minor differences in color and dimensions are possible.<\/span><\/p>\n<p>Main benefits of honey with cinnamon:<\/p>\n<ol>\n<li>Strenghtens the immunity.  Honey and cinnamon have antimicrobial and antibacterial properties so together they fight innfections and help strengthen the organism.<\/li>\n<li>Regulates blood sugar. Cinnamon can contribute to a stable blood sugar level, which prevents sudden energy fluctuations. Honey has a low glycemic index so it is also suitable for diabetics, with the consultation of a doctor.<\/li>\n<li>Improves digestion. Honey helps maintain beneficial bacteria in the intestines, and cinnamon helps reduce bloating and digestive problems.<\/li>\n<li>It helps with weight loss. Cinnamon and honey can speed up metabolism and help burn fat, and if consumed in the morning on an empty stomach it can help control sugar cravings and maintain feeling of satiety.<\/li>\n<li>Health of the heart. Cinnamon and honey work together to lower bad cholesterol, which contributes to reducing the risk of heart disease.<\/li>\n<li>Reduces skin problems. Honey and cinnamon have antibacterial properties, so they can help treat skin conditions such as acne and infections.<\/li>\n<\/ol>","protected":false},"excerpt":{"rendered":"<p>Honey with cinnamon is an extremely healthy combination, which has been used for centuries due to its health benefits, but also in nutrition because of its irresistible aroma and flavor.<\/p>","protected":false},"featured_media":1107,"template":"","meta":{"_monsterinsights_skip_tracking":false,"_monsterinsights_sitenote_active":false,"_monsterinsights_sitenote_note":"","_monsterinsights_sitenote_category":0},"product_brand":[137],"product_cat":[18],"product_tag":[94,89,27],"class_list":{"0":"post-946","1":"product","2":"type-product","3":"status-publish","4":"has-post-thumbnail","6":"product_brand-bee-power","7":"product_cat-med","8":"product_tag-cimet","9":"product_tag-imunitet","10":"product_tag-med","12":"first","13":"instock","14":"taxable","15":"shipping-taxable","16":"purchasable","17":"product-type-simple"},"yoast_head":"<!-- This site is optimized with the Yoast SEO plugin v27.5 - https:\/\/yoast.com\/product\/yoast-seo-wordpress\/ -->\n<title>Med s cimetom 250g - P\u010delinji proizvodi - Bee Power<\/title>\n<meta name=\"description\" content=\"Med s cimetom je iznimno zdrava kombinacija koja se ve\u0107 stolje\u0107ima koristi u lije\u010denju ali i prehrani zbog neodoljive arome i okusa.\" \/>\n<meta name=\"robots\" content=\"index, follow, max-snippet:-1, max-image-preview:large, max-video-preview:-1\" \/>\n<link rel=\"canonical\" href=\"https:\/\/beepower.hr\/en\/product\/med-s-cimetom-250g-2\/\" \/>\n<meta property=\"og:locale\" content=\"en_US\" \/>\n<meta property=\"og:type\" content=\"article\" \/>\n<meta property=\"og:title\" content=\"Med s cimetom 250g - P\u010delinji proizvodi - Bee Power\" \/>\n<meta property=\"og:description\" content=\"Med s cimetom je iznimno zdrava kombinacija koja se ve\u0107 stolje\u0107ima koristi u lije\u010denju ali i prehrani zbog neodoljive arome i okusa.\" \/>\n<meta property=\"og:url\" content=\"https:\/\/beepower.hr\/en\/product\/med-s-cimetom-250g-2\/\" \/>\n<meta property=\"og:site_name\" content=\"P\u010delinji proizvodi - Bee Power\" \/>\n<meta property=\"article:modified_time\" content=\"2025-07-18T08:36:50+00:00\" \/>\n<meta property=\"og:image\" content=\"https:\/\/beepower.hr\/wp-content\/uploads\/2024\/10\/cimet.jpg\" \/>\n\t<meta property=\"og:image:width\" content=\"1133\" \/>\n\t<meta property=\"og:image:height\" content=\"850\" \/>\n\t<meta property=\"og:image:type\" content=\"image\/jpeg\" \/>\n<meta name=\"twitter:label1\" content=\"Est. reading time\" \/>\n\t<meta name=\"twitter:data1\" content=\"2 minutes\" \/>\n<script type=\"application\/ld+json\" class=\"yoast-schema-graph\">{\"@context\":\"https:\\\/\\\/schema.org\",\"@graph\":[{\"@type\":\"WebPage\",\"@id\":\"https:\\\/\\\/beepower.hr\\\/product\\\/med-s-cimetom-250g-2\\\/\",\"url\":\"https:\\\/\\\/beepower.hr\\\/product\\\/med-s-cimetom-250g-2\\\/\",\"name\":\"Med s cimetom 250g - P\u010delinji proizvodi - Bee Power\",\"isPartOf\":{\"@id\":\"https:\\\/\\\/beepower.hr\\\/#website\"},\"primaryImageOfPage\":{\"@id\":\"https:\\\/\\\/beepower.hr\\\/product\\\/med-s-cimetom-250g-2\\\/#primaryimage\"},\"image\":{\"@id\":\"https:\\\/\\\/beepower.hr\\\/product\\\/med-s-cimetom-250g-2\\\/#primaryimage\"},\"thumbnailUrl\":\"https:\\\/\\\/beepower.hr\\\/wp-content\\\/uploads\\\/2024\\\/10\\\/cimet.jpg\",\"datePublished\":\"2024-10-18T13:20:42+00:00\",\"dateModified\":\"2025-07-18T08:36:50+00:00\",\"description\":\"Med s cimetom je iznimno zdrava kombinacija koja se ve\u0107 stolje\u0107ima koristi u lije\u010denju ali i prehrani zbog neodoljive arome i okusa.\",\"breadcrumb\":{\"@id\":\"https:\\\/\\\/beepower.hr\\\/product\\\/med-s-cimetom-250g-2\\\/#breadcrumb\"},\"inLanguage\":\"en-US\",\"potentialAction\":[{\"@type\":\"ReadAction\",\"target\":[\"https:\\\/\\\/beepower.hr\\\/product\\\/med-s-cimetom-250g-2\\\/\"]}]},{\"@type\":\"ImageObject\",\"inLanguage\":\"en-US\",\"@id\":\"https:\\\/\\\/beepower.hr\\\/product\\\/med-s-cimetom-250g-2\\\/#primaryimage\",\"url\":\"https:\\\/\\\/beepower.hr\\\/wp-content\\\/uploads\\\/2024\\\/10\\\/cimet.jpg\",\"contentUrl\":\"https:\\\/\\\/beepower.hr\\\/wp-content\\\/uploads\\\/2024\\\/10\\\/cimet.jpg\",\"width\":1133,\"height\":850,\"caption\":\"Bee Power med s cimetom\"},{\"@type\":\"BreadcrumbList\",\"@id\":\"https:\\\/\\\/beepower.hr\\\/product\\\/med-s-cimetom-250g-2\\\/#breadcrumb\",\"itemListElement\":[{\"@type\":\"ListItem\",\"position\":1,\"name\":\"Naslovna\",\"item\":\"https:\\\/\\\/beepower.hr\\\/\"},{\"@type\":\"ListItem\",\"position\":2,\"name\":\"Shop\",\"item\":\"https:\\\/\\\/beepower.hr\\\/shop\\\/\"},{\"@type\":\"ListItem\",\"position\":3,\"name\":\"Med s cimetom 250g\"}]},{\"@type\":\"WebSite\",\"@id\":\"https:\\\/\\\/beepower.hr\\\/#website\",\"url\":\"https:\\\/\\\/beepower.hr\\\/\",\"name\":\"P\u010delinji proizvodi - Bee Power\",\"description\":\"Bee Power - snaga p\u010dela, najsla\u0111e blago prirode\",\"potentialAction\":[{\"@type\":\"SearchAction\",\"target\":{\"@type\":\"EntryPoint\",\"urlTemplate\":\"https:\\\/\\\/beepower.hr\\\/?s={search_term_string}\"},\"query-input\":{\"@type\":\"PropertyValueSpecification\",\"valueRequired\":true,\"valueName\":\"search_term_string\"}}],\"inLanguage\":\"en-US\"}]}<\/script>\n<!-- \/ Yoast SEO plugin. -->","yoast_head_json":{"title":"Med s cimetom 250g - P\u010delinji proizvodi - Bee Power","description":"Honey with cinnamon is an extremely healthy combination, which has been used for centuries due to its health benefits, but also in nutrition because of its irresistible aroma and flavor.","robots":{"index":"index","follow":"follow","max-snippet":"max-snippet:-1","max-image-preview":"max-image-preview:large","max-video-preview":"max-video-preview:-1"},"canonical":"https:\/\/beepower.hr\/en\/product\/med-s-cimetom-250g-2\/","og_locale":"en_US","og_type":"article","og_title":"Med s cimetom 250g - P\u010delinji proizvodi - Bee Power","og_description":"Med s cimetom je iznimno zdrava kombinacija koja se ve\u0107 stolje\u0107ima koristi u lije\u010denju ali i prehrani zbog neodoljive arome i okusa.","og_url":"https:\/\/beepower.hr\/en\/product\/med-s-cimetom-250g-2\/","og_site_name":"P\u010delinji proizvodi - Bee Power","article_modified_time":"2025-07-18T08:36:50+00:00","og_image":[{"width":1133,"height":850,"url":"https:\/\/beepower.hr\/wp-content\/uploads\/2024\/10\/cimet.jpg","type":"image\/jpeg"}],"twitter_misc":{"Est. reading time":"2 minutes"},"schema":{"@context":"https:\/\/schema.org","@graph":[{"@type":"WebPage","@id":"https:\/\/beepower.hr\/product\/med-s-cimetom-250g-2\/","url":"https:\/\/beepower.hr\/product\/med-s-cimetom-250g-2\/","name":"Med s cimetom 250g - P\u010delinji proizvodi - Bee Power","isPartOf":{"@id":"https:\/\/beepower.hr\/#website"},"primaryImageOfPage":{"@id":"https:\/\/beepower.hr\/product\/med-s-cimetom-250g-2\/#primaryimage"},"image":{"@id":"https:\/\/beepower.hr\/product\/med-s-cimetom-250g-2\/#primaryimage"},"thumbnailUrl":"https:\/\/beepower.hr\/wp-content\/uploads\/2024\/10\/cimet.jpg","datePublished":"2024-10-18T13:20:42+00:00","dateModified":"2025-07-18T08:36:50+00:00","description":"Honey with cinnamon is an extremely healthy combination, which has been used for centuries due to its health benefits, but also in nutrition because of its irresistible aroma and flavor.","breadcrumb":{"@id":"https:\/\/beepower.hr\/product\/med-s-cimetom-250g-2\/#breadcrumb"},"inLanguage":"en-US","potentialAction":[{"@type":"ReadAction","target":["https:\/\/beepower.hr\/product\/med-s-cimetom-250g-2\/"]}]},{"@type":"ImageObject","inLanguage":"en-US","@id":"https:\/\/beepower.hr\/product\/med-s-cimetom-250g-2\/#primaryimage","url":"https:\/\/beepower.hr\/wp-content\/uploads\/2024\/10\/cimet.jpg","contentUrl":"https:\/\/beepower.hr\/wp-content\/uploads\/2024\/10\/cimet.jpg","width":1133,"height":850,"caption":"Bee Power med s cimetom"},{"@type":"BreadcrumbList","@id":"https:\/\/beepower.hr\/product\/med-s-cimetom-250g-2\/#breadcrumb","itemListElement":[{"@type":"ListItem","position":1,"name":"Naslovna","item":"https:\/\/beepower.hr\/"},{"@type":"ListItem","position":2,"name":"Shop","item":"https:\/\/beepower.hr\/shop\/"},{"@type":"ListItem","position":3,"name":"Med s cimetom 250g"}]},{"@type":"WebSite","@id":"https:\/\/beepower.hr\/#website","url":"https:\/\/beepower.hr\/","name":"P\u010delinji proizvodi - Bee Power","description":"Bee Power - snaga p\u010dela, najsla\u0111e blago prirode","potentialAction":[{"@type":"SearchAction","target":{"@type":"EntryPoint","urlTemplate":"https:\/\/beepower.hr\/?s={search_term_string}"},"query-input":{"@type":"PropertyValueSpecification","valueRequired":true,"valueName":"search_term_string"}}],"inLanguage":"en-US"}]}},"_links":{"self":[{"href":"https:\/\/beepower.hr\/en\/wp-json\/wp\/v2\/product\/946","targetHints":{"allow":["GET"]}}],"collection":[{"href":"https:\/\/beepower.hr\/en\/wp-json\/wp\/v2\/product"}],"about":[{"href":"https:\/\/beepower.hr\/en\/wp-json\/wp\/v2\/types\/product"}],"wp:featuredmedia":[{"embeddable":true,"href":"https:\/\/beepower.hr\/en\/wp-json\/wp\/v2\/media\/1107"}],"wp:attachment":[{"href":"https:\/\/beepower.hr\/en\/wp-json\/wp\/v2\/media?parent=946"}],"wp:term":[{"taxonomy":"product_brand","embeddable":true,"href":"https:\/\/beepower.hr\/en\/wp-json\/wp\/v2\/product_brand?post=946"},{"taxonomy":"product_cat","embeddable":true,"href":"https:\/\/beepower.hr\/en\/wp-json\/wp\/v2\/product_cat?post=946"},{"taxonomy":"product_tag","embeddable":true,"href":"https:\/\/beepower.hr\/en\/wp-json\/wp\/v2\/product_tag?post=946"}],"curies":[{"name":"wp","href":"https:\/\/api.w.org\/{rel}","templated":true}]}}