{"id":952,"date":"2024-10-19T13:58:01","date_gmt":"2024-10-19T11:58:01","guid":{"rendered":"https:\/\/beepower.hr\/?post_type=product&#038;p=952"},"modified":"2025-07-18T10:09:58","modified_gmt":"2025-07-18T08:09:58","slug":"liker-od-meda-350-ml","status":"publish","type":"product","link":"https:\/\/beepower.hr\/en\/product\/liker-od-meda-350-ml\/","title":{"rendered":"Honey Liqueur 350 ml"},"content":{"rendered":"<p><span>\u00a0 \u00a0 \u00a0 \u00a0 \u00a0 \u00a0 \u00a0 \u00a0 \u00a0 \u00a0 \u00a0 \u00a0 \u00a0 Photograph for illustration purposes only. Minor differences in color and dimensions are possible.<\/span><\/p>\n<p>Honey liqueur, also known as honey brandy is a favourite alcoholic beverage in many parts of Europe, including Croatia, Bosnia and Hercegovina and other Slavic countries. As such, it has a long and rich tradition that goes back thousands of years. For many, Bee Power honey liqueur is an unforgettable experience, as it will suprise you with its sweet taste, rich aroma of honey and all natural ingredients without any artificial aromas or colors.<\/p>\n<p>It is crafted with utmost precision and passion, this liqueur is an accomplishement of a dedicated master craftsmen behind its creation. Whether you drink it alone or in the company of friends, neat or with ice, perhaps in a wonderful coctail, this liqueur will leave you craving for more.<\/p>\n<p>So, our dear friends, if you're looking for a truly extraordinary drink that will lift your spirit and thrill your taste buds, look no further. Give yourself the gift of enjoyment and discover the charms of Bee Power liqueur. Once you try our liqueur, you will be enchanted forever!<\/p>","protected":false},"excerpt":{"rendered":"<p>Bee Power honey liqueur is more then just a drink. It embodies a story - story about tradition, authenticity and the timeless beauty of nature. Honey used in this elixir is carefully combined in our apiaries, ensuring that every sip is a celebration of the nature's bounty.<\/p>","protected":false},"featured_media":1105,"template":"","meta":{"_monsterinsights_skip_tracking":false,"_monsterinsights_sitenote_active":false,"_monsterinsights_sitenote_note":"","_monsterinsights_sitenote_category":0},"product_brand":[137],"product_cat":[95,139,23],"product_tag":[52,96,97],"class_list":{"0":"post-952","1":"product","2":"type-product","3":"status-publish","4":"has-post-thumbnail","6":"product_brand-bee-power","7":"product_cat-liker","8":"product_cat-likeri-i-rakije","9":"product_cat-pica","10":"product_tag-liker","11":"product_tag-medena-rakija","12":"product_tag-medica","14":"first","15":"instock","16":"taxable","17":"shipping-taxable","18":"purchasable","19":"product-type-simple"},"yoast_head":"<!-- This site is optimized with the Yoast SEO plugin v27.4 - https:\/\/yoast.com\/product\/yoast-seo-wordpress\/ -->\n<title>Liker od meda 350 ml - P\u010delinji proizvodi - Bee Power<\/title>\n<meta name=\"description\" content=\"Liker od meda, poznat jo\u0161 ponegdje i kao medica, rakija od meda ili medenica, stolje\u0107ima je omiljeno alkoholno pi\u0107e u Hrvatskoj i mnogim drugim zemljama. Bee Power liker od meda iznenadit \u0107e vas svojim slatkim okusom, bogatom aromom meda i prirodnim sastojcima bez umjetnih aroma i bojila.\" \/>\n<meta name=\"robots\" content=\"index, follow, max-snippet:-1, max-image-preview:large, max-video-preview:-1\" \/>\n<link rel=\"canonical\" href=\"https:\/\/beepower.hr\/en\/product\/liker-od-meda-350-ml\/\" \/>\n<meta property=\"og:locale\" content=\"en_US\" \/>\n<meta property=\"og:type\" content=\"article\" \/>\n<meta property=\"og:title\" content=\"Liker od meda 350 ml - P\u010delinji proizvodi - Bee Power\" \/>\n<meta property=\"og:description\" content=\"Liker od meda, poznat jo\u0161 ponegdje i kao medica, rakija od meda ili medenica, stolje\u0107ima je omiljeno alkoholno pi\u0107e u Hrvatskoj i mnogim drugim zemljama. Bee Power liker od meda iznenadit \u0107e vas svojim slatkim okusom, bogatom aromom meda i prirodnim sastojcima bez umjetnih aroma i bojila.\" \/>\n<meta property=\"og:url\" content=\"https:\/\/beepower.hr\/en\/product\/liker-od-meda-350-ml\/\" \/>\n<meta property=\"og:site_name\" content=\"P\u010delinji proizvodi - Bee Power\" \/>\n<meta property=\"article:modified_time\" content=\"2025-07-18T08:09:58+00:00\" \/>\n<meta property=\"og:image\" content=\"https:\/\/beepower.hr\/wp-content\/uploads\/2024\/10\/liker-350ml.jpg\" \/>\n\t<meta property=\"og:image:width\" content=\"1511\" \/>\n\t<meta property=\"og:image:height\" content=\"850\" \/>\n\t<meta property=\"og:image:type\" content=\"image\/jpeg\" \/>\n<meta name=\"twitter:label1\" content=\"Est. reading time\" \/>\n\t<meta name=\"twitter:data1\" content=\"2 minutes\" \/>\n<script type=\"application\/ld+json\" class=\"yoast-schema-graph\">{\"@context\":\"https:\\\/\\\/schema.org\",\"@graph\":[{\"@type\":\"WebPage\",\"@id\":\"https:\\\/\\\/beepower.hr\\\/product\\\/liker-od-meda-350-ml\\\/\",\"url\":\"https:\\\/\\\/beepower.hr\\\/product\\\/liker-od-meda-350-ml\\\/\",\"name\":\"Liker od meda 350 ml - P\u010delinji proizvodi - Bee Power\",\"isPartOf\":{\"@id\":\"https:\\\/\\\/beepower.hr\\\/#website\"},\"primaryImageOfPage\":{\"@id\":\"https:\\\/\\\/beepower.hr\\\/product\\\/liker-od-meda-350-ml\\\/#primaryimage\"},\"image\":{\"@id\":\"https:\\\/\\\/beepower.hr\\\/product\\\/liker-od-meda-350-ml\\\/#primaryimage\"},\"thumbnailUrl\":\"https:\\\/\\\/beepower.hr\\\/wp-content\\\/uploads\\\/2024\\\/10\\\/liker-350ml.jpg\",\"datePublished\":\"2024-10-19T11:58:01+00:00\",\"dateModified\":\"2025-07-18T08:09:58+00:00\",\"description\":\"Liker od meda, poznat jo\u0161 ponegdje i kao medica, rakija od meda ili medenica, stolje\u0107ima je omiljeno alkoholno pi\u0107e u Hrvatskoj i mnogim drugim zemljama. Bee Power liker od meda iznenadit \u0107e vas svojim slatkim okusom, bogatom aromom meda i prirodnim sastojcima bez umjetnih aroma i bojila.\",\"breadcrumb\":{\"@id\":\"https:\\\/\\\/beepower.hr\\\/product\\\/liker-od-meda-350-ml\\\/#breadcrumb\"},\"inLanguage\":\"en-US\",\"potentialAction\":[{\"@type\":\"ReadAction\",\"target\":[\"https:\\\/\\\/beepower.hr\\\/product\\\/liker-od-meda-350-ml\\\/\"]}]},{\"@type\":\"ImageObject\",\"inLanguage\":\"en-US\",\"@id\":\"https:\\\/\\\/beepower.hr\\\/product\\\/liker-od-meda-350-ml\\\/#primaryimage\",\"url\":\"https:\\\/\\\/beepower.hr\\\/wp-content\\\/uploads\\\/2024\\\/10\\\/liker-350ml.jpg\",\"contentUrl\":\"https:\\\/\\\/beepower.hr\\\/wp-content\\\/uploads\\\/2024\\\/10\\\/liker-350ml.jpg\",\"width\":1511,\"height\":850,\"caption\":\"Bee Power liker od meda 350ml\"},{\"@type\":\"BreadcrumbList\",\"@id\":\"https:\\\/\\\/beepower.hr\\\/product\\\/liker-od-meda-350-ml\\\/#breadcrumb\",\"itemListElement\":[{\"@type\":\"ListItem\",\"position\":1,\"name\":\"Naslovna\",\"item\":\"https:\\\/\\\/beepower.hr\\\/\"},{\"@type\":\"ListItem\",\"position\":2,\"name\":\"Shop\",\"item\":\"https:\\\/\\\/beepower.hr\\\/shop\\\/\"},{\"@type\":\"ListItem\",\"position\":3,\"name\":\"Liker od meda 350 ml\"}]},{\"@type\":\"WebSite\",\"@id\":\"https:\\\/\\\/beepower.hr\\\/#website\",\"url\":\"https:\\\/\\\/beepower.hr\\\/\",\"name\":\"P\u010delinji proizvodi - Bee Power\",\"description\":\"Bee Power - snaga p\u010dela, najsla\u0111e blago prirode\",\"potentialAction\":[{\"@type\":\"SearchAction\",\"target\":{\"@type\":\"EntryPoint\",\"urlTemplate\":\"https:\\\/\\\/beepower.hr\\\/?s={search_term_string}\"},\"query-input\":{\"@type\":\"PropertyValueSpecification\",\"valueRequired\":true,\"valueName\":\"search_term_string\"}}],\"inLanguage\":\"en-US\"}]}<\/script>\n<!-- \/ Yoast SEO plugin. -->","yoast_head_json":{"title":"Liker od meda 350 ml - P\u010delinji proizvodi - Bee Power","description":"Liker od meda, poznat jo\u0161 ponegdje i kao medica, rakija od meda ili medenica, stolje\u0107ima je omiljeno alkoholno pi\u0107e u Hrvatskoj i mnogim drugim zemljama. Bee Power liker od meda iznenadit \u0107e vas svojim slatkim okusom, bogatom aromom meda i prirodnim sastojcima bez umjetnih aroma i bojila.","robots":{"index":"index","follow":"follow","max-snippet":"max-snippet:-1","max-image-preview":"max-image-preview:large","max-video-preview":"max-video-preview:-1"},"canonical":"https:\/\/beepower.hr\/en\/product\/liker-od-meda-350-ml\/","og_locale":"en_US","og_type":"article","og_title":"Liker od meda 350 ml - P\u010delinji proizvodi - Bee Power","og_description":"Liker od meda, poznat jo\u0161 ponegdje i kao medica, rakija od meda ili medenica, stolje\u0107ima je omiljeno alkoholno pi\u0107e u Hrvatskoj i mnogim drugim zemljama. Bee Power liker od meda iznenadit \u0107e vas svojim slatkim okusom, bogatom aromom meda i prirodnim sastojcima bez umjetnih aroma i bojila.","og_url":"https:\/\/beepower.hr\/en\/product\/liker-od-meda-350-ml\/","og_site_name":"P\u010delinji proizvodi - Bee Power","article_modified_time":"2025-07-18T08:09:58+00:00","og_image":[{"width":1511,"height":850,"url":"https:\/\/beepower.hr\/wp-content\/uploads\/2024\/10\/liker-350ml.jpg","type":"image\/jpeg"}],"twitter_misc":{"Est. reading time":"2 minutes"},"schema":{"@context":"https:\/\/schema.org","@graph":[{"@type":"WebPage","@id":"https:\/\/beepower.hr\/product\/liker-od-meda-350-ml\/","url":"https:\/\/beepower.hr\/product\/liker-od-meda-350-ml\/","name":"Liker od meda 350 ml - P\u010delinji proizvodi - Bee Power","isPartOf":{"@id":"https:\/\/beepower.hr\/#website"},"primaryImageOfPage":{"@id":"https:\/\/beepower.hr\/product\/liker-od-meda-350-ml\/#primaryimage"},"image":{"@id":"https:\/\/beepower.hr\/product\/liker-od-meda-350-ml\/#primaryimage"},"thumbnailUrl":"https:\/\/beepower.hr\/wp-content\/uploads\/2024\/10\/liker-350ml.jpg","datePublished":"2024-10-19T11:58:01+00:00","dateModified":"2025-07-18T08:09:58+00:00","description":"Liker od meda, poznat jo\u0161 ponegdje i kao medica, rakija od meda ili medenica, stolje\u0107ima je omiljeno alkoholno pi\u0107e u Hrvatskoj i mnogim drugim zemljama. Bee Power liker od meda iznenadit \u0107e vas svojim slatkim okusom, bogatom aromom meda i prirodnim sastojcima bez umjetnih aroma i bojila.","breadcrumb":{"@id":"https:\/\/beepower.hr\/product\/liker-od-meda-350-ml\/#breadcrumb"},"inLanguage":"en-US","potentialAction":[{"@type":"ReadAction","target":["https:\/\/beepower.hr\/product\/liker-od-meda-350-ml\/"]}]},{"@type":"ImageObject","inLanguage":"en-US","@id":"https:\/\/beepower.hr\/product\/liker-od-meda-350-ml\/#primaryimage","url":"https:\/\/beepower.hr\/wp-content\/uploads\/2024\/10\/liker-350ml.jpg","contentUrl":"https:\/\/beepower.hr\/wp-content\/uploads\/2024\/10\/liker-350ml.jpg","width":1511,"height":850,"caption":"Bee Power liker od meda 350ml"},{"@type":"BreadcrumbList","@id":"https:\/\/beepower.hr\/product\/liker-od-meda-350-ml\/#breadcrumb","itemListElement":[{"@type":"ListItem","position":1,"name":"Naslovna","item":"https:\/\/beepower.hr\/"},{"@type":"ListItem","position":2,"name":"Shop","item":"https:\/\/beepower.hr\/shop\/"},{"@type":"ListItem","position":3,"name":"Liker od meda 350 ml"}]},{"@type":"WebSite","@id":"https:\/\/beepower.hr\/#website","url":"https:\/\/beepower.hr\/","name":"P\u010delinji proizvodi - Bee Power","description":"Bee Power - snaga p\u010dela, najsla\u0111e blago prirode","potentialAction":[{"@type":"SearchAction","target":{"@type":"EntryPoint","urlTemplate":"https:\/\/beepower.hr\/?s={search_term_string}"},"query-input":{"@type":"PropertyValueSpecification","valueRequired":true,"valueName":"search_term_string"}}],"inLanguage":"en-US"}]}},"_links":{"self":[{"href":"https:\/\/beepower.hr\/en\/wp-json\/wp\/v2\/product\/952","targetHints":{"allow":["GET"]}}],"collection":[{"href":"https:\/\/beepower.hr\/en\/wp-json\/wp\/v2\/product"}],"about":[{"href":"https:\/\/beepower.hr\/en\/wp-json\/wp\/v2\/types\/product"}],"wp:featuredmedia":[{"embeddable":true,"href":"https:\/\/beepower.hr\/en\/wp-json\/wp\/v2\/media\/1105"}],"wp:attachment":[{"href":"https:\/\/beepower.hr\/en\/wp-json\/wp\/v2\/media?parent=952"}],"wp:term":[{"taxonomy":"product_brand","embeddable":true,"href":"https:\/\/beepower.hr\/en\/wp-json\/wp\/v2\/product_brand?post=952"},{"taxonomy":"product_cat","embeddable":true,"href":"https:\/\/beepower.hr\/en\/wp-json\/wp\/v2\/product_cat?post=952"},{"taxonomy":"product_tag","embeddable":true,"href":"https:\/\/beepower.hr\/en\/wp-json\/wp\/v2\/product_tag?post=952"}],"curies":[{"name":"wp","href":"https:\/\/api.w.org\/{rel}","templated":true}]}}