{"id":954,"date":"2024-10-19T14:24:45","date_gmt":"2024-10-19T12:24:45","guid":{"rendered":"https:\/\/beepower.hr\/?post_type=product&#038;p=954"},"modified":"2025-07-17T16:23:44","modified_gmt":"2025-07-17T14:23:44","slug":"melem-od-konoplje-50-ml","status":"publish","type":"product","link":"https:\/\/beepower.hr\/en\/product\/melem-od-konoplje-50-ml\/","title":{"rendered":"Skin care balm with hemp 50ml"},"content":{"rendered":"<p><span>\u00a0 \u00a0 \u00a0 \u00a0 \u00a0 \u00a0 \u00a0 \u00a0 \u00a0 \u00a0 \u00a0 \u00a0 \u00a0 \u00a0 \u00a0 \u00a0 \u00a0 \u00a0Photograph for illustration purposes only. Minor differences in color and dimensions are possible.<\/span><\/p>\n<p>Combination of\u00a0<strong>beeswax, honey, propolis, royal jelly and hemp<\/strong>\u00a0provides a variety of vitamins, minerals and antioxidants that will revitalize your skin and give it a natural glow.<\/p>\n<p>Beeswax creates a protective layer on the skin, preventing loss of moisture and protecting it from external harm. Honey is a natural humectant that attracts and retains moisture in the skin, making it soft and smooth. Propolis is a powerful antioxidant with antibacterial anti- inflammatory properties that can help sooth irritated skin and help heal it, whilst hemp can help soothe local pain and infections.<\/p>\n<p>Royal jelly is rich in B complex vitamins, aminoacids and minerals, it helps regenerate skin cells and slows down the aging process.<\/p>\n<p>These balms are ideal for dry and chapped skin, sensitive skin prone to irritation, sunburn, insect bites, minor cuts, scrapes, lip care, hand and foot care.<\/p>","protected":false},"excerpt":{"rendered":"<p>This unique <strong>Bee Power Balm,<\/strong>\u00a0created from the finest gifts of the beehive, deeply nourish, regenerate and protect the skin.<\/p>","protected":false},"featured_media":934,"template":"","meta":{"_monsterinsights_skip_tracking":false,"_monsterinsights_sitenote_active":false,"_monsterinsights_sitenote_note":"","_monsterinsights_sitenote_category":0},"product_brand":[137],"product_cat":[45],"product_tag":[100,98,99,24],"class_list":{"0":"post-954","1":"product","2":"type-product","3":"status-publish","4":"has-post-thumbnail","6":"product_brand-bee-power","7":"product_cat-ostali-proizvodi","8":"product_tag-konoplja","9":"product_tag-melem","10":"product_tag-njega-koze","11":"product_tag-prirodno","13":"first","14":"instock","15":"taxable","16":"shipping-taxable","17":"purchasable","18":"product-type-simple"},"yoast_head":"<!-- This site is optimized with the Yoast SEO plugin v27.5 - https:\/\/yoast.com\/product\/yoast-seo-wordpress\/ -->\n<title>Melem od konoplje 50 ml - P\u010delinji proizvodi - Bee Power<\/title>\n<meta name=\"description\" content=\"Spoj\u00a0p\u010delinjeg voska, meda, propolisa i mati\u010dne mlije\u010di i konoplje\u00a0pru\u017ea bogatstvo vitamina, minerala i antioksidansa koji \u0107e revitalizirati va\u0161u ko\u017eu.\" \/>\n<meta name=\"robots\" content=\"index, follow, max-snippet:-1, max-image-preview:large, max-video-preview:-1\" \/>\n<link rel=\"canonical\" href=\"https:\/\/beepower.hr\/en\/product\/melem-od-konoplje-50-ml\/\" \/>\n<meta property=\"og:locale\" content=\"en_US\" \/>\n<meta property=\"og:type\" content=\"article\" \/>\n<meta property=\"og:title\" content=\"Melem od konoplje 50 ml - P\u010delinji proizvodi - Bee Power\" \/>\n<meta property=\"og:description\" content=\"Spoj\u00a0p\u010delinjeg voska, meda, propolisa i mati\u010dne mlije\u010di i konoplje\u00a0pru\u017ea bogatstvo vitamina, minerala i antioksidansa koji \u0107e revitalizirati va\u0161u ko\u017eu.\" \/>\n<meta property=\"og:url\" content=\"https:\/\/beepower.hr\/en\/product\/melem-od-konoplje-50-ml\/\" \/>\n<meta property=\"og:site_name\" content=\"P\u010delinji proizvodi - Bee Power\" \/>\n<meta property=\"article:modified_time\" content=\"2025-07-17T14:23:44+00:00\" \/>\n<meta property=\"og:image\" content=\"https:\/\/beepower.hr\/wp-content\/uploads\/2024\/10\/Melem-s-konopljom-2.jpg\" \/>\n\t<meta property=\"og:image:width\" content=\"797\" \/>\n\t<meta property=\"og:image:height\" content=\"797\" \/>\n\t<meta property=\"og:image:type\" content=\"image\/jpeg\" \/>\n<meta name=\"twitter:label1\" content=\"Est. reading time\" \/>\n\t<meta name=\"twitter:data1\" content=\"1 minute\" \/>\n<script type=\"application\/ld+json\" class=\"yoast-schema-graph\">{\"@context\":\"https:\\\/\\\/schema.org\",\"@graph\":[{\"@type\":\"WebPage\",\"@id\":\"https:\\\/\\\/beepower.hr\\\/product\\\/melem-od-konoplje-50-ml\\\/\",\"url\":\"https:\\\/\\\/beepower.hr\\\/product\\\/melem-od-konoplje-50-ml\\\/\",\"name\":\"Melem od konoplje 50 ml - P\u010delinji proizvodi - Bee Power\",\"isPartOf\":{\"@id\":\"https:\\\/\\\/beepower.hr\\\/#website\"},\"primaryImageOfPage\":{\"@id\":\"https:\\\/\\\/beepower.hr\\\/product\\\/melem-od-konoplje-50-ml\\\/#primaryimage\"},\"image\":{\"@id\":\"https:\\\/\\\/beepower.hr\\\/product\\\/melem-od-konoplje-50-ml\\\/#primaryimage\"},\"thumbnailUrl\":\"https:\\\/\\\/beepower.hr\\\/wp-content\\\/uploads\\\/2024\\\/10\\\/Melem-s-konopljom-2.jpg\",\"datePublished\":\"2024-10-19T12:24:45+00:00\",\"dateModified\":\"2025-07-17T14:23:44+00:00\",\"description\":\"Spoj\u00a0p\u010delinjeg voska, meda, propolisa i mati\u010dne mlije\u010di i konoplje\u00a0pru\u017ea bogatstvo vitamina, minerala i antioksidansa koji \u0107e revitalizirati va\u0161u ko\u017eu.\",\"breadcrumb\":{\"@id\":\"https:\\\/\\\/beepower.hr\\\/product\\\/melem-od-konoplje-50-ml\\\/#breadcrumb\"},\"inLanguage\":\"en-US\",\"potentialAction\":[{\"@type\":\"ReadAction\",\"target\":[\"https:\\\/\\\/beepower.hr\\\/product\\\/melem-od-konoplje-50-ml\\\/\"]}]},{\"@type\":\"ImageObject\",\"inLanguage\":\"en-US\",\"@id\":\"https:\\\/\\\/beepower.hr\\\/product\\\/melem-od-konoplje-50-ml\\\/#primaryimage\",\"url\":\"https:\\\/\\\/beepower.hr\\\/wp-content\\\/uploads\\\/2024\\\/10\\\/Melem-s-konopljom-2.jpg\",\"contentUrl\":\"https:\\\/\\\/beepower.hr\\\/wp-content\\\/uploads\\\/2024\\\/10\\\/Melem-s-konopljom-2.jpg\",\"width\":797,\"height\":797,\"caption\":\"Bee Power melem za njegu ko\u017ee s konopljom\"},{\"@type\":\"BreadcrumbList\",\"@id\":\"https:\\\/\\\/beepower.hr\\\/product\\\/melem-od-konoplje-50-ml\\\/#breadcrumb\",\"itemListElement\":[{\"@type\":\"ListItem\",\"position\":1,\"name\":\"Naslovna\",\"item\":\"https:\\\/\\\/beepower.hr\\\/\"},{\"@type\":\"ListItem\",\"position\":2,\"name\":\"Shop\",\"item\":\"https:\\\/\\\/beepower.hr\\\/shop\\\/\"},{\"@type\":\"ListItem\",\"position\":3,\"name\":\"Melem od konoplje 50 ml\"}]},{\"@type\":\"WebSite\",\"@id\":\"https:\\\/\\\/beepower.hr\\\/#website\",\"url\":\"https:\\\/\\\/beepower.hr\\\/\",\"name\":\"P\u010delinji proizvodi - Bee Power\",\"description\":\"Bee Power - snaga p\u010dela, najsla\u0111e blago prirode\",\"potentialAction\":[{\"@type\":\"SearchAction\",\"target\":{\"@type\":\"EntryPoint\",\"urlTemplate\":\"https:\\\/\\\/beepower.hr\\\/?s={search_term_string}\"},\"query-input\":{\"@type\":\"PropertyValueSpecification\",\"valueRequired\":true,\"valueName\":\"search_term_string\"}}],\"inLanguage\":\"en-US\"}]}<\/script>\n<!-- \/ Yoast SEO plugin. -->","yoast_head_json":{"title":"Melem od konoplje 50 ml - P\u010delinji proizvodi - Bee Power","description":"Spoj\u00a0p\u010delinjeg voska, meda, propolisa i mati\u010dne mlije\u010di i konoplje\u00a0pru\u017ea bogatstvo vitamina, minerala i antioksidansa koji \u0107e revitalizirati va\u0161u ko\u017eu.","robots":{"index":"index","follow":"follow","max-snippet":"max-snippet:-1","max-image-preview":"max-image-preview:large","max-video-preview":"max-video-preview:-1"},"canonical":"https:\/\/beepower.hr\/en\/product\/melem-od-konoplje-50-ml\/","og_locale":"en_US","og_type":"article","og_title":"Melem od konoplje 50 ml - P\u010delinji proizvodi - Bee Power","og_description":"Spoj\u00a0p\u010delinjeg voska, meda, propolisa i mati\u010dne mlije\u010di i konoplje\u00a0pru\u017ea bogatstvo vitamina, minerala i antioksidansa koji \u0107e revitalizirati va\u0161u ko\u017eu.","og_url":"https:\/\/beepower.hr\/en\/product\/melem-od-konoplje-50-ml\/","og_site_name":"P\u010delinji proizvodi - Bee Power","article_modified_time":"2025-07-17T14:23:44+00:00","og_image":[{"width":797,"height":797,"url":"https:\/\/beepower.hr\/wp-content\/uploads\/2024\/10\/Melem-s-konopljom-2.jpg","type":"image\/jpeg"}],"twitter_misc":{"Est. reading time":"1 minute"},"schema":{"@context":"https:\/\/schema.org","@graph":[{"@type":"WebPage","@id":"https:\/\/beepower.hr\/product\/melem-od-konoplje-50-ml\/","url":"https:\/\/beepower.hr\/product\/melem-od-konoplje-50-ml\/","name":"Melem od konoplje 50 ml - P\u010delinji proizvodi - Bee Power","isPartOf":{"@id":"https:\/\/beepower.hr\/#website"},"primaryImageOfPage":{"@id":"https:\/\/beepower.hr\/product\/melem-od-konoplje-50-ml\/#primaryimage"},"image":{"@id":"https:\/\/beepower.hr\/product\/melem-od-konoplje-50-ml\/#primaryimage"},"thumbnailUrl":"https:\/\/beepower.hr\/wp-content\/uploads\/2024\/10\/Melem-s-konopljom-2.jpg","datePublished":"2024-10-19T12:24:45+00:00","dateModified":"2025-07-17T14:23:44+00:00","description":"Spoj\u00a0p\u010delinjeg voska, meda, propolisa i mati\u010dne mlije\u010di i konoplje\u00a0pru\u017ea bogatstvo vitamina, minerala i antioksidansa koji \u0107e revitalizirati va\u0161u ko\u017eu.","breadcrumb":{"@id":"https:\/\/beepower.hr\/product\/melem-od-konoplje-50-ml\/#breadcrumb"},"inLanguage":"en-US","potentialAction":[{"@type":"ReadAction","target":["https:\/\/beepower.hr\/product\/melem-od-konoplje-50-ml\/"]}]},{"@type":"ImageObject","inLanguage":"en-US","@id":"https:\/\/beepower.hr\/product\/melem-od-konoplje-50-ml\/#primaryimage","url":"https:\/\/beepower.hr\/wp-content\/uploads\/2024\/10\/Melem-s-konopljom-2.jpg","contentUrl":"https:\/\/beepower.hr\/wp-content\/uploads\/2024\/10\/Melem-s-konopljom-2.jpg","width":797,"height":797,"caption":"Bee Power melem za njegu ko\u017ee s konopljom"},{"@type":"BreadcrumbList","@id":"https:\/\/beepower.hr\/product\/melem-od-konoplje-50-ml\/#breadcrumb","itemListElement":[{"@type":"ListItem","position":1,"name":"Naslovna","item":"https:\/\/beepower.hr\/"},{"@type":"ListItem","position":2,"name":"Shop","item":"https:\/\/beepower.hr\/shop\/"},{"@type":"ListItem","position":3,"name":"Melem od konoplje 50 ml"}]},{"@type":"WebSite","@id":"https:\/\/beepower.hr\/#website","url":"https:\/\/beepower.hr\/","name":"P\u010delinji proizvodi - Bee Power","description":"Bee Power - snaga p\u010dela, najsla\u0111e blago prirode","potentialAction":[{"@type":"SearchAction","target":{"@type":"EntryPoint","urlTemplate":"https:\/\/beepower.hr\/?s={search_term_string}"},"query-input":{"@type":"PropertyValueSpecification","valueRequired":true,"valueName":"search_term_string"}}],"inLanguage":"en-US"}]}},"_links":{"self":[{"href":"https:\/\/beepower.hr\/en\/wp-json\/wp\/v2\/product\/954","targetHints":{"allow":["GET"]}}],"collection":[{"href":"https:\/\/beepower.hr\/en\/wp-json\/wp\/v2\/product"}],"about":[{"href":"https:\/\/beepower.hr\/en\/wp-json\/wp\/v2\/types\/product"}],"wp:featuredmedia":[{"embeddable":true,"href":"https:\/\/beepower.hr\/en\/wp-json\/wp\/v2\/media\/934"}],"wp:attachment":[{"href":"https:\/\/beepower.hr\/en\/wp-json\/wp\/v2\/media?parent=954"}],"wp:term":[{"taxonomy":"product_brand","embeddable":true,"href":"https:\/\/beepower.hr\/en\/wp-json\/wp\/v2\/product_brand?post=954"},{"taxonomy":"product_cat","embeddable":true,"href":"https:\/\/beepower.hr\/en\/wp-json\/wp\/v2\/product_cat?post=954"},{"taxonomy":"product_tag","embeddable":true,"href":"https:\/\/beepower.hr\/en\/wp-json\/wp\/v2\/product_tag?post=954"}],"curies":[{"name":"wp","href":"https:\/\/api.w.org\/{rel}","templated":true}]}}