{"id":955,"date":"2024-10-19T15:57:59","date_gmt":"2024-10-19T13:57:59","guid":{"rendered":"https:\/\/beepower.hr\/?post_type=product&#038;p=955"},"modified":"2025-07-17T16:19:28","modified_gmt":"2025-07-17T14:19:28","slug":"melem-protiv-hemeroida-50ml","status":"publish","type":"product","link":"https:\/\/beepower.hr\/en\/product\/melem-protiv-hemeroida-50ml\/","title":{"rendered":"Anti Hem balm against hemorrhoids 50ml"},"content":{"rendered":"<p><span>\u00a0 \u00a0 \u00a0 \u00a0 \u00a0 \u00a0 \u00a0 \u00a0 \u00a0 \u00a0 \u00a0 \u00a0 \u00a0 \u00a0 Photograph for illustration purposes only. Minor differences in color and dimensions are possible.<\/span><\/p>\n<h4>Natural solution for discomfort: Anti Hem balm against hemorrhoids based on bee products<\/h4>\n<p>Hemorrhoids cause pain and discomfort for many people. Fortunately, nature offers an effective solution in the form of bee products. AntiHem balm, formulated with carefully selected natural ingredients, brings relief from symptoms of  hemorrhoids without using preservatives or artificial colors.<\/p>\n<p>This unique balm combines the strength of propolis, honey and beeswax, known for its healing properties. Propolis has an anti inflammatory and antibacterial effect and can reduce swelling and irritation. Honey promotes healing and calms irritated skin, whilst beeswax makes a protective layer that prevents further irritation.<\/p>\n<p data-sourcepos=\"7:1-7:238\">AntiHem Balm <strong>does not contain preservatives or artificial colors<\/strong>, which makes it safe to use even on the most sensitive skin. Its natural formula gently reduces symptoms such as itching, burning or pain, and it promotes healing.<\/p>\n<p data-sourcepos=\"9:1-9:30\"><strong>Advantages of AntiHem Balm:<\/strong><\/p>\n<ul data-sourcepos=\"11:1-16:0\">\n<li data-sourcepos=\"11:1-11:33\">Relieves itching, burning and pain<\/li>\n<li data-sourcepos=\"12:1-12:27\">Reduces swelling and inflammation<\/li>\n<li data-sourcepos=\"13:1-13:22\">Promotes healing<\/li>\n<li data-sourcepos=\"14:1-14:24\">100% natural ingredients<\/li>\n<li data-sourcepos=\"15:1-16:0\">Without preservatives and atrificial colors<\/li>\n<\/ul>\n<p data-sourcepos=\"17:1-17:147\">AntiHem Balm is easy to use, absorbs quickly, and offers long lasting relief. It is available in drugstores and specialized stores.<\/p>\n<h4 data-sourcepos=\"19:1-19:47\"><strong>Say goodbye to hemorrhoids with the help of nature!<\/strong><\/h4>\n<p data-sourcepos=\"21:1-21:94\"><em>Warning: in case of serious or long lasting probems, make sure to seek medical advice.<\/em><\/p>","protected":false},"excerpt":{"rendered":"<p><strong>Natural solution for discomfort: Anti Hem balm against hemorrhoids based on bee products<\/strong><\/p>\n<p>Hemorrhoids cause pain and discomfort for many people. Fortunately, nature offers an effective solution in the form of bee products. AntiHem balm, formulated with carefully selected natural ingredients, brings relief from symptoms of  hemorrhoids without using preservatives or artificial colors.<\/p>\n<p>This unique balm combines the strength of propolis, honey and beeswax, known for its healing properties. Propolis has an anti inflammatory and antibacterial effect and can reduce swelling and irritation. Honey promotes healing and calms irritated skin, whilst beeswax makes a protective layer that prevents further irritation.<\/p>","protected":false},"featured_media":963,"template":"","meta":{"_monsterinsights_skip_tracking":false,"_monsterinsights_sitenote_active":false,"_monsterinsights_sitenote_note":"","_monsterinsights_sitenote_category":0},"product_brand":[137],"product_cat":[45],"product_tag":[101,98,24],"class_list":{"0":"post-955","1":"product","2":"type-product","3":"status-publish","4":"has-post-thumbnail","6":"product_brand-bee-power","7":"product_cat-ostali-proizvodi","8":"product_tag-hemeroidi","9":"product_tag-melem","10":"product_tag-prirodno","12":"first","13":"instock","14":"taxable","15":"shipping-taxable","16":"purchasable","17":"product-type-simple"},"yoast_head":"<!-- This site is optimized with the Yoast SEO plugin v27.5 - https:\/\/yoast.com\/product\/yoast-seo-wordpress\/ -->\n<title>Melem protiv hemeroida 50ml - P\u010delinji proizvodi - Bee Power<\/title>\n<meta name=\"description\" content=\"Anti Hem melem, formuliran s pa\u017eljivo odabranim prirodnim sastojcima, donosi olak\u0161anje od simptoma hemoroida bez upotrebe konzervansa i umjetnih bojila.\" \/>\n<meta name=\"robots\" content=\"index, follow, max-snippet:-1, max-image-preview:large, max-video-preview:-1\" \/>\n<link rel=\"canonical\" href=\"https:\/\/beepower.hr\/en\/product\/melem-protiv-hemeroida-50ml\/\" \/>\n<meta property=\"og:locale\" content=\"en_US\" \/>\n<meta property=\"og:type\" content=\"article\" \/>\n<meta property=\"og:title\" content=\"Melem protiv hemeroida 50ml - P\u010delinji proizvodi - Bee Power\" \/>\n<meta property=\"og:description\" content=\"Anti Hem melem, formuliran s pa\u017eljivo odabranim prirodnim sastojcima, donosi olak\u0161anje od simptoma hemoroida bez upotrebe konzervansa i umjetnih bojila.\" \/>\n<meta property=\"og:url\" content=\"https:\/\/beepower.hr\/en\/product\/melem-protiv-hemeroida-50ml\/\" \/>\n<meta property=\"og:site_name\" content=\"P\u010delinji proizvodi - Bee Power\" \/>\n<meta property=\"article:modified_time\" content=\"2025-07-17T14:19:28+00:00\" \/>\n<meta property=\"og:image\" content=\"https:\/\/beepower.hr\/wp-content\/uploads\/2024\/10\/antihem-1.jpg\" \/>\n\t<meta property=\"og:image:width\" content=\"1200\" \/>\n\t<meta property=\"og:image:height\" content=\"1016\" \/>\n\t<meta property=\"og:image:type\" content=\"image\/jpeg\" \/>\n<meta name=\"twitter:label1\" content=\"Est. reading time\" \/>\n\t<meta name=\"twitter:data1\" content=\"2 minutes\" \/>\n<script type=\"application\/ld+json\" class=\"yoast-schema-graph\">{\"@context\":\"https:\\\/\\\/schema.org\",\"@graph\":[{\"@type\":\"WebPage\",\"@id\":\"https:\\\/\\\/beepower.hr\\\/product\\\/melem-protiv-hemeroida-50ml\\\/\",\"url\":\"https:\\\/\\\/beepower.hr\\\/product\\\/melem-protiv-hemeroida-50ml\\\/\",\"name\":\"Melem protiv hemeroida 50ml - P\u010delinji proizvodi - Bee Power\",\"isPartOf\":{\"@id\":\"https:\\\/\\\/beepower.hr\\\/#website\"},\"primaryImageOfPage\":{\"@id\":\"https:\\\/\\\/beepower.hr\\\/product\\\/melem-protiv-hemeroida-50ml\\\/#primaryimage\"},\"image\":{\"@id\":\"https:\\\/\\\/beepower.hr\\\/product\\\/melem-protiv-hemeroida-50ml\\\/#primaryimage\"},\"thumbnailUrl\":\"https:\\\/\\\/beepower.hr\\\/wp-content\\\/uploads\\\/2024\\\/10\\\/antihem-1.jpg\",\"datePublished\":\"2024-10-19T13:57:59+00:00\",\"dateModified\":\"2025-07-17T14:19:28+00:00\",\"description\":\"Anti Hem melem, formuliran s pa\u017eljivo odabranim prirodnim sastojcima, donosi olak\u0161anje od simptoma hemoroida bez upotrebe konzervansa i umjetnih bojila.\",\"breadcrumb\":{\"@id\":\"https:\\\/\\\/beepower.hr\\\/product\\\/melem-protiv-hemeroida-50ml\\\/#breadcrumb\"},\"inLanguage\":\"en-US\",\"potentialAction\":[{\"@type\":\"ReadAction\",\"target\":[\"https:\\\/\\\/beepower.hr\\\/product\\\/melem-protiv-hemeroida-50ml\\\/\"]}]},{\"@type\":\"ImageObject\",\"inLanguage\":\"en-US\",\"@id\":\"https:\\\/\\\/beepower.hr\\\/product\\\/melem-protiv-hemeroida-50ml\\\/#primaryimage\",\"url\":\"https:\\\/\\\/beepower.hr\\\/wp-content\\\/uploads\\\/2024\\\/10\\\/antihem-1.jpg\",\"contentUrl\":\"https:\\\/\\\/beepower.hr\\\/wp-content\\\/uploads\\\/2024\\\/10\\\/antihem-1.jpg\",\"width\":1200,\"height\":1016,\"caption\":\"antihem\"},{\"@type\":\"BreadcrumbList\",\"@id\":\"https:\\\/\\\/beepower.hr\\\/product\\\/melem-protiv-hemeroida-50ml\\\/#breadcrumb\",\"itemListElement\":[{\"@type\":\"ListItem\",\"position\":1,\"name\":\"Naslovna\",\"item\":\"https:\\\/\\\/beepower.hr\\\/\"},{\"@type\":\"ListItem\",\"position\":2,\"name\":\"Shop\",\"item\":\"https:\\\/\\\/beepower.hr\\\/shop\\\/\"},{\"@type\":\"ListItem\",\"position\":3,\"name\":\"Melem protiv hemeroida 50ml\"}]},{\"@type\":\"WebSite\",\"@id\":\"https:\\\/\\\/beepower.hr\\\/#website\",\"url\":\"https:\\\/\\\/beepower.hr\\\/\",\"name\":\"P\u010delinji proizvodi - Bee Power\",\"description\":\"Bee Power - snaga p\u010dela, najsla\u0111e blago prirode\",\"potentialAction\":[{\"@type\":\"SearchAction\",\"target\":{\"@type\":\"EntryPoint\",\"urlTemplate\":\"https:\\\/\\\/beepower.hr\\\/?s={search_term_string}\"},\"query-input\":{\"@type\":\"PropertyValueSpecification\",\"valueRequired\":true,\"valueName\":\"search_term_string\"}}],\"inLanguage\":\"en-US\"}]}<\/script>\n<!-- \/ Yoast SEO plugin. -->","yoast_head_json":{"title":"Melem protiv hemeroida 50ml - P\u010delinji proizvodi - Bee Power","description":"Anti Hem melem, formuliran s pa\u017eljivo odabranim prirodnim sastojcima, donosi olak\u0161anje od simptoma hemoroida bez upotrebe konzervansa i umjetnih bojila.","robots":{"index":"index","follow":"follow","max-snippet":"max-snippet:-1","max-image-preview":"max-image-preview:large","max-video-preview":"max-video-preview:-1"},"canonical":"https:\/\/beepower.hr\/en\/product\/melem-protiv-hemeroida-50ml\/","og_locale":"en_US","og_type":"article","og_title":"Melem protiv hemeroida 50ml - P\u010delinji proizvodi - Bee Power","og_description":"Anti Hem melem, formuliran s pa\u017eljivo odabranim prirodnim sastojcima, donosi olak\u0161anje od simptoma hemoroida bez upotrebe konzervansa i umjetnih bojila.","og_url":"https:\/\/beepower.hr\/en\/product\/melem-protiv-hemeroida-50ml\/","og_site_name":"P\u010delinji proizvodi - Bee Power","article_modified_time":"2025-07-17T14:19:28+00:00","og_image":[{"width":1200,"height":1016,"url":"https:\/\/beepower.hr\/wp-content\/uploads\/2024\/10\/antihem-1.jpg","type":"image\/jpeg"}],"twitter_misc":{"Est. reading time":"2 minutes"},"schema":{"@context":"https:\/\/schema.org","@graph":[{"@type":"WebPage","@id":"https:\/\/beepower.hr\/product\/melem-protiv-hemeroida-50ml\/","url":"https:\/\/beepower.hr\/product\/melem-protiv-hemeroida-50ml\/","name":"Melem protiv hemeroida 50ml - P\u010delinji proizvodi - Bee Power","isPartOf":{"@id":"https:\/\/beepower.hr\/#website"},"primaryImageOfPage":{"@id":"https:\/\/beepower.hr\/product\/melem-protiv-hemeroida-50ml\/#primaryimage"},"image":{"@id":"https:\/\/beepower.hr\/product\/melem-protiv-hemeroida-50ml\/#primaryimage"},"thumbnailUrl":"https:\/\/beepower.hr\/wp-content\/uploads\/2024\/10\/antihem-1.jpg","datePublished":"2024-10-19T13:57:59+00:00","dateModified":"2025-07-17T14:19:28+00:00","description":"Anti Hem melem, formuliran s pa\u017eljivo odabranim prirodnim sastojcima, donosi olak\u0161anje od simptoma hemoroida bez upotrebe konzervansa i umjetnih bojila.","breadcrumb":{"@id":"https:\/\/beepower.hr\/product\/melem-protiv-hemeroida-50ml\/#breadcrumb"},"inLanguage":"en-US","potentialAction":[{"@type":"ReadAction","target":["https:\/\/beepower.hr\/product\/melem-protiv-hemeroida-50ml\/"]}]},{"@type":"ImageObject","inLanguage":"en-US","@id":"https:\/\/beepower.hr\/product\/melem-protiv-hemeroida-50ml\/#primaryimage","url":"https:\/\/beepower.hr\/wp-content\/uploads\/2024\/10\/antihem-1.jpg","contentUrl":"https:\/\/beepower.hr\/wp-content\/uploads\/2024\/10\/antihem-1.jpg","width":1200,"height":1016,"caption":"antihem"},{"@type":"BreadcrumbList","@id":"https:\/\/beepower.hr\/product\/melem-protiv-hemeroida-50ml\/#breadcrumb","itemListElement":[{"@type":"ListItem","position":1,"name":"Naslovna","item":"https:\/\/beepower.hr\/"},{"@type":"ListItem","position":2,"name":"Shop","item":"https:\/\/beepower.hr\/shop\/"},{"@type":"ListItem","position":3,"name":"Melem protiv hemeroida 50ml"}]},{"@type":"WebSite","@id":"https:\/\/beepower.hr\/#website","url":"https:\/\/beepower.hr\/","name":"P\u010delinji proizvodi - Bee Power","description":"Bee Power - snaga p\u010dela, najsla\u0111e blago prirode","potentialAction":[{"@type":"SearchAction","target":{"@type":"EntryPoint","urlTemplate":"https:\/\/beepower.hr\/?s={search_term_string}"},"query-input":{"@type":"PropertyValueSpecification","valueRequired":true,"valueName":"search_term_string"}}],"inLanguage":"en-US"}]}},"_links":{"self":[{"href":"https:\/\/beepower.hr\/en\/wp-json\/wp\/v2\/product\/955","targetHints":{"allow":["GET"]}}],"collection":[{"href":"https:\/\/beepower.hr\/en\/wp-json\/wp\/v2\/product"}],"about":[{"href":"https:\/\/beepower.hr\/en\/wp-json\/wp\/v2\/types\/product"}],"wp:featuredmedia":[{"embeddable":true,"href":"https:\/\/beepower.hr\/en\/wp-json\/wp\/v2\/media\/963"}],"wp:attachment":[{"href":"https:\/\/beepower.hr\/en\/wp-json\/wp\/v2\/media?parent=955"}],"wp:term":[{"taxonomy":"product_brand","embeddable":true,"href":"https:\/\/beepower.hr\/en\/wp-json\/wp\/v2\/product_brand?post=955"},{"taxonomy":"product_cat","embeddable":true,"href":"https:\/\/beepower.hr\/en\/wp-json\/wp\/v2\/product_cat?post=955"},{"taxonomy":"product_tag","embeddable":true,"href":"https:\/\/beepower.hr\/en\/wp-json\/wp\/v2\/product_tag?post=955"}],"curies":[{"name":"wp","href":"https:\/\/api.w.org\/{rel}","templated":true}]}}