{"id":966,"date":"2024-10-19T17:16:08","date_gmt":"2024-10-19T15:16:08","guid":{"rendered":"https:\/\/beepower.hr\/?post_type=product&#038;p=966"},"modified":"2025-07-17T15:16:15","modified_gmt":"2025-07-17T13:16:15","slug":"ocat-od-meda-500-ml","status":"publish","type":"product","link":"https:\/\/beepower.hr\/en\/product\/ocat-od-meda-500-ml\/","title":{"rendered":"Honey vinegar 500ml"},"content":{"rendered":"<p><strong>Benefits of using honey vinegar:<\/strong><\/p>\n<p><strong>Health:<\/strong>\u00a0Honey vinegar improves digestion, strengthens the immune system, manages body weight, and detoxifies our bodies. It is also known for its anti-inflammatory and antibacterial properties.<br \/>\n<strong>Beauty:<\/strong>\u00a0Honey vinegar is used as a facial tonic, it nurtures the hair and nails and helps clear acne and eczema. Its rich nourishing properties revitalize and nurture the skin.<br \/>\n<strong>Cooking:<\/strong>\u00a0Honey vinegar gives a unique flavor to salads, sauces and marinades. It can be used as a natural preservative or as a substitute for classic vinegar.<\/p>","protected":false},"excerpt":{"rendered":"<p>Honey vinegar is a natural treasure used for health and beauty, it is a fascinating product that is produced by fermentation of honey. This fermented elixsir has been used since ancient times in folk medicine because of its  healing and even aphrodisiac properties.  Honey vinegar is rich in enzymes, probiotics and antioxidans, which makes it a valuable addition to nutrition and care.<\/p>","protected":false},"featured_media":1103,"template":"","meta":{"_monsterinsights_skip_tracking":false,"_monsterinsights_sitenote_active":false,"_monsterinsights_sitenote_note":"","_monsterinsights_sitenote_category":0},"product_brand":[137],"product_cat":[45],"product_tag":[103,104],"class_list":{"0":"post-966","1":"product","2":"type-product","3":"status-publish","4":"has-post-thumbnail","6":"product_brand-bee-power","7":"product_cat-ostali-proizvodi","8":"product_tag-ocat-od-meda","9":"product_tag-zdravlje","11":"first","12":"instock","13":"taxable","14":"shipping-taxable","15":"purchasable","16":"product-type-simple"},"yoast_head":"<!-- This site is optimized with the Yoast SEO plugin v27.5 - https:\/\/yoast.com\/product\/yoast-seo-wordpress\/ -->\n<title>Ocat od meda 500 ml - P\u010delinji proizvodi - Bee Power<\/title>\n<meta name=\"description\" content=\"Ocat od meda, poznat u javnosti i kao medni ocat je proizvod koji se dobiva fermentacijom meda. Bogat je enzimima, probioticima i antioksidansima.\" \/>\n<meta name=\"robots\" content=\"index, follow, max-snippet:-1, max-image-preview:large, max-video-preview:-1\" \/>\n<link rel=\"canonical\" href=\"https:\/\/beepower.hr\/en\/product\/ocat-od-meda-500-ml\/\" \/>\n<meta property=\"og:locale\" content=\"en_US\" \/>\n<meta property=\"og:type\" content=\"article\" \/>\n<meta property=\"og:title\" content=\"Ocat od meda 500 ml - P\u010delinji proizvodi - Bee Power\" \/>\n<meta property=\"og:description\" content=\"Ocat od meda, poznat u javnosti i kao medni ocat je proizvod koji se dobiva fermentacijom meda. Bogat je enzimima, probioticima i antioksidansima.\" \/>\n<meta property=\"og:url\" content=\"https:\/\/beepower.hr\/en\/product\/ocat-od-meda-500-ml\/\" \/>\n<meta property=\"og:site_name\" content=\"P\u010delinji proizvodi - Bee Power\" \/>\n<meta property=\"article:modified_time\" content=\"2025-07-17T13:16:15+00:00\" \/>\n<meta property=\"og:image\" content=\"https:\/\/beepower.hr\/wp-content\/uploads\/2024\/10\/ocat-od-meda.jpg\" \/>\n\t<meta property=\"og:image:width\" content=\"392\" \/>\n\t<meta property=\"og:image:height\" content=\"850\" \/>\n\t<meta property=\"og:image:type\" content=\"image\/jpeg\" \/>\n<meta name=\"twitter:label1\" content=\"Est. reading time\" \/>\n\t<meta name=\"twitter:data1\" content=\"1 minute\" \/>\n<script type=\"application\/ld+json\" class=\"yoast-schema-graph\">{\"@context\":\"https:\\\/\\\/schema.org\",\"@graph\":[{\"@type\":\"WebPage\",\"@id\":\"https:\\\/\\\/beepower.hr\\\/product\\\/ocat-od-meda-500-ml\\\/\",\"url\":\"https:\\\/\\\/beepower.hr\\\/product\\\/ocat-od-meda-500-ml\\\/\",\"name\":\"Ocat od meda 500 ml - P\u010delinji proizvodi - Bee Power\",\"isPartOf\":{\"@id\":\"https:\\\/\\\/beepower.hr\\\/#website\"},\"primaryImageOfPage\":{\"@id\":\"https:\\\/\\\/beepower.hr\\\/product\\\/ocat-od-meda-500-ml\\\/#primaryimage\"},\"image\":{\"@id\":\"https:\\\/\\\/beepower.hr\\\/product\\\/ocat-od-meda-500-ml\\\/#primaryimage\"},\"thumbnailUrl\":\"https:\\\/\\\/beepower.hr\\\/wp-content\\\/uploads\\\/2024\\\/10\\\/ocat-od-meda.jpg\",\"datePublished\":\"2024-10-19T15:16:08+00:00\",\"dateModified\":\"2025-07-17T13:16:15+00:00\",\"description\":\"Ocat od meda, poznat u javnosti i kao medni ocat je proizvod koji se dobiva fermentacijom meda. Bogat je enzimima, probioticima i antioksidansima.\",\"breadcrumb\":{\"@id\":\"https:\\\/\\\/beepower.hr\\\/product\\\/ocat-od-meda-500-ml\\\/#breadcrumb\"},\"inLanguage\":\"en-US\",\"potentialAction\":[{\"@type\":\"ReadAction\",\"target\":[\"https:\\\/\\\/beepower.hr\\\/product\\\/ocat-od-meda-500-ml\\\/\"]}]},{\"@type\":\"ImageObject\",\"inLanguage\":\"en-US\",\"@id\":\"https:\\\/\\\/beepower.hr\\\/product\\\/ocat-od-meda-500-ml\\\/#primaryimage\",\"url\":\"https:\\\/\\\/beepower.hr\\\/wp-content\\\/uploads\\\/2024\\\/10\\\/ocat-od-meda.jpg\",\"contentUrl\":\"https:\\\/\\\/beepower.hr\\\/wp-content\\\/uploads\\\/2024\\\/10\\\/ocat-od-meda.jpg\",\"width\":392,\"height\":850,\"caption\":\"Bee Power ocat od meda\"},{\"@type\":\"BreadcrumbList\",\"@id\":\"https:\\\/\\\/beepower.hr\\\/product\\\/ocat-od-meda-500-ml\\\/#breadcrumb\",\"itemListElement\":[{\"@type\":\"ListItem\",\"position\":1,\"name\":\"Naslovna\",\"item\":\"https:\\\/\\\/beepower.hr\\\/\"},{\"@type\":\"ListItem\",\"position\":2,\"name\":\"Shop\",\"item\":\"https:\\\/\\\/beepower.hr\\\/shop\\\/\"},{\"@type\":\"ListItem\",\"position\":3,\"name\":\"Ocat od meda 500 ml\"}]},{\"@type\":\"WebSite\",\"@id\":\"https:\\\/\\\/beepower.hr\\\/#website\",\"url\":\"https:\\\/\\\/beepower.hr\\\/\",\"name\":\"P\u010delinji proizvodi - Bee Power\",\"description\":\"Bee Power - snaga p\u010dela, najsla\u0111e blago prirode\",\"potentialAction\":[{\"@type\":\"SearchAction\",\"target\":{\"@type\":\"EntryPoint\",\"urlTemplate\":\"https:\\\/\\\/beepower.hr\\\/?s={search_term_string}\"},\"query-input\":{\"@type\":\"PropertyValueSpecification\",\"valueRequired\":true,\"valueName\":\"search_term_string\"}}],\"inLanguage\":\"en-US\"}]}<\/script>\n<!-- \/ Yoast SEO plugin. -->","yoast_head_json":{"title":"Ocat od meda 500 ml - P\u010delinji proizvodi - Bee Power","description":"Ocat od meda, poznat u javnosti i kao medni ocat je proizvod koji se dobiva fermentacijom meda. Bogat je enzimima, probioticima i antioksidansima.","robots":{"index":"index","follow":"follow","max-snippet":"max-snippet:-1","max-image-preview":"max-image-preview:large","max-video-preview":"max-video-preview:-1"},"canonical":"https:\/\/beepower.hr\/en\/product\/ocat-od-meda-500-ml\/","og_locale":"en_US","og_type":"article","og_title":"Ocat od meda 500 ml - P\u010delinji proizvodi - Bee Power","og_description":"Ocat od meda, poznat u javnosti i kao medni ocat je proizvod koji se dobiva fermentacijom meda. Bogat je enzimima, probioticima i antioksidansima.","og_url":"https:\/\/beepower.hr\/en\/product\/ocat-od-meda-500-ml\/","og_site_name":"P\u010delinji proizvodi - Bee Power","article_modified_time":"2025-07-17T13:16:15+00:00","og_image":[{"width":392,"height":850,"url":"https:\/\/beepower.hr\/wp-content\/uploads\/2024\/10\/ocat-od-meda.jpg","type":"image\/jpeg"}],"twitter_misc":{"Est. reading time":"1 minute"},"schema":{"@context":"https:\/\/schema.org","@graph":[{"@type":"WebPage","@id":"https:\/\/beepower.hr\/product\/ocat-od-meda-500-ml\/","url":"https:\/\/beepower.hr\/product\/ocat-od-meda-500-ml\/","name":"Ocat od meda 500 ml - P\u010delinji proizvodi - Bee Power","isPartOf":{"@id":"https:\/\/beepower.hr\/#website"},"primaryImageOfPage":{"@id":"https:\/\/beepower.hr\/product\/ocat-od-meda-500-ml\/#primaryimage"},"image":{"@id":"https:\/\/beepower.hr\/product\/ocat-od-meda-500-ml\/#primaryimage"},"thumbnailUrl":"https:\/\/beepower.hr\/wp-content\/uploads\/2024\/10\/ocat-od-meda.jpg","datePublished":"2024-10-19T15:16:08+00:00","dateModified":"2025-07-17T13:16:15+00:00","description":"Ocat od meda, poznat u javnosti i kao medni ocat je proizvod koji se dobiva fermentacijom meda. Bogat je enzimima, probioticima i antioksidansima.","breadcrumb":{"@id":"https:\/\/beepower.hr\/product\/ocat-od-meda-500-ml\/#breadcrumb"},"inLanguage":"en-US","potentialAction":[{"@type":"ReadAction","target":["https:\/\/beepower.hr\/product\/ocat-od-meda-500-ml\/"]}]},{"@type":"ImageObject","inLanguage":"en-US","@id":"https:\/\/beepower.hr\/product\/ocat-od-meda-500-ml\/#primaryimage","url":"https:\/\/beepower.hr\/wp-content\/uploads\/2024\/10\/ocat-od-meda.jpg","contentUrl":"https:\/\/beepower.hr\/wp-content\/uploads\/2024\/10\/ocat-od-meda.jpg","width":392,"height":850,"caption":"Bee Power ocat od meda"},{"@type":"BreadcrumbList","@id":"https:\/\/beepower.hr\/product\/ocat-od-meda-500-ml\/#breadcrumb","itemListElement":[{"@type":"ListItem","position":1,"name":"Naslovna","item":"https:\/\/beepower.hr\/"},{"@type":"ListItem","position":2,"name":"Shop","item":"https:\/\/beepower.hr\/shop\/"},{"@type":"ListItem","position":3,"name":"Ocat od meda 500 ml"}]},{"@type":"WebSite","@id":"https:\/\/beepower.hr\/#website","url":"https:\/\/beepower.hr\/","name":"P\u010delinji proizvodi - Bee Power","description":"Bee Power - snaga p\u010dela, najsla\u0111e blago prirode","potentialAction":[{"@type":"SearchAction","target":{"@type":"EntryPoint","urlTemplate":"https:\/\/beepower.hr\/?s={search_term_string}"},"query-input":{"@type":"PropertyValueSpecification","valueRequired":true,"valueName":"search_term_string"}}],"inLanguage":"en-US"}]}},"_links":{"self":[{"href":"https:\/\/beepower.hr\/en\/wp-json\/wp\/v2\/product\/966","targetHints":{"allow":["GET"]}}],"collection":[{"href":"https:\/\/beepower.hr\/en\/wp-json\/wp\/v2\/product"}],"about":[{"href":"https:\/\/beepower.hr\/en\/wp-json\/wp\/v2\/types\/product"}],"wp:featuredmedia":[{"embeddable":true,"href":"https:\/\/beepower.hr\/en\/wp-json\/wp\/v2\/media\/1103"}],"wp:attachment":[{"href":"https:\/\/beepower.hr\/en\/wp-json\/wp\/v2\/media?parent=966"}],"wp:term":[{"taxonomy":"product_brand","embeddable":true,"href":"https:\/\/beepower.hr\/en\/wp-json\/wp\/v2\/product_brand?post=966"},{"taxonomy":"product_cat","embeddable":true,"href":"https:\/\/beepower.hr\/en\/wp-json\/wp\/v2\/product_cat?post=966"},{"taxonomy":"product_tag","embeddable":true,"href":"https:\/\/beepower.hr\/en\/wp-json\/wp\/v2\/product_tag?post=966"}],"curies":[{"name":"wp","href":"https:\/\/api.w.org\/{rel}","templated":true}]}}