{"id":967,"date":"2024-10-19T17:25:41","date_gmt":"2024-10-19T15:25:41","guid":{"rendered":"https:\/\/beepower.hr\/?post_type=product&#038;p=967"},"modified":"2025-07-17T14:48:28","modified_gmt":"2025-07-17T12:48:28","slug":"vostani-omoti-3-kom","status":"publish","type":"product","link":"https:\/\/beepower.hr\/en\/product\/vostani-omoti-3-kom\/","title":{"rendered":"Wax wraps 3 pieces"},"content":{"rendered":"<p><span>\u00a0 \u00a0 \u00a0 \u00a0 \u00a0 \u00a0 \u00a0 \u00a0 \u00a0 \u00a0 \u00a0 \u00a0 \u00a0 \u00a0 \u00a0 \u00a0 \u00a0 \u00a0 \u00a0 \u00a0 \u00a0 \u00a0Photograph for illustration purposes only. Minor differences in color and dimensions are possible.<\/span><\/p>\n<p><span>Beeswax wraps are a natural alternative to plastic wrap and are used to preserve food. These wraps are made from beeswax, which allows them to be natural and long-lasting. These wraps help keep food fresh because they have antimicrobial properties. They are great for the environment because they are biodegradable and long-lasting, so they can be used multiple times, just wash them in cold water after use.<\/span><\/p>","protected":false},"excerpt":{"rendered":"<p><span>Omoti od p\u010delinjeg voska su prirodna zamjena za plasti\u010dne omote, a koriste se za o\u010duvanje hrane. Ovi omoti se prave od p\u010delinjeg voska, \u0161to im omogu\u0107ava da budu prirodni i dugotrajni. <\/span><\/p>","protected":false},"featured_media":1102,"template":"","meta":{"_monsterinsights_skip_tracking":false,"_monsterinsights_sitenote_active":false,"_monsterinsights_sitenote_note":"","_monsterinsights_sitenote_category":0},"product_brand":[137],"product_cat":[19],"product_tag":[106,105],"class_list":{"0":"post-967","1":"product","2":"type-product","3":"status-publish","4":"has-post-thumbnail","6":"product_brand-bee-power","7":"product_cat-pcelinji-vosak","8":"product_tag-omoti","9":"product_tag-vosak","11":"first","12":"instock","13":"taxable","14":"shipping-taxable","15":"purchasable","16":"product-type-simple"},"yoast_head":"<!-- This site is optimized with the Yoast SEO plugin v27.4 - https:\/\/yoast.com\/product\/yoast-seo-wordpress\/ -->\n<title>Vo\u0161tani omoti 3 kom. - P\u010delinji proizvodi - Bee Power<\/title>\n<meta name=\"description\" content=\"Omoti od p\u010delinjeg voska su prirodna zamjena za plasti\u010dne omote, a koriste se za o\u010duvanje hrane. Ovi omoti se prave od p\u010delinjeg voska.\" \/>\n<meta name=\"robots\" content=\"index, follow, max-snippet:-1, max-image-preview:large, max-video-preview:-1\" \/>\n<link rel=\"canonical\" href=\"https:\/\/beepower.hr\/en\/product\/vostani-omoti-3-kom\/\" \/>\n<meta property=\"og:locale\" content=\"en_US\" \/>\n<meta property=\"og:type\" content=\"article\" \/>\n<meta property=\"og:title\" content=\"Vo\u0161tani omoti 3 kom. - P\u010delinji proizvodi - Bee Power\" \/>\n<meta property=\"og:description\" content=\"Omoti od p\u010delinjeg voska su prirodna zamjena za plasti\u010dne omote, a koriste se za o\u010duvanje hrane. Ovi omoti se prave od p\u010delinjeg voska.\" \/>\n<meta property=\"og:url\" content=\"https:\/\/beepower.hr\/en\/product\/vostani-omoti-3-kom\/\" \/>\n<meta property=\"og:site_name\" content=\"P\u010delinji proizvodi - Bee Power\" \/>\n<meta property=\"article:modified_time\" content=\"2025-07-17T12:48:28+00:00\" \/>\n<meta property=\"og:image\" content=\"https:\/\/beepower.hr\/wp-content\/uploads\/2024\/10\/omot.jpg\" \/>\n\t<meta property=\"og:image:width\" content=\"1447\" \/>\n\t<meta property=\"og:image:height\" content=\"850\" \/>\n\t<meta property=\"og:image:type\" content=\"image\/jpeg\" \/>\n<meta name=\"twitter:label1\" content=\"Est. reading time\" \/>\n\t<meta name=\"twitter:data1\" content=\"1 minute\" \/>\n<script type=\"application\/ld+json\" class=\"yoast-schema-graph\">{\"@context\":\"https:\\\/\\\/schema.org\",\"@graph\":[{\"@type\":\"WebPage\",\"@id\":\"https:\\\/\\\/beepower.hr\\\/product\\\/vostani-omoti-3-kom\\\/\",\"url\":\"https:\\\/\\\/beepower.hr\\\/product\\\/vostani-omoti-3-kom\\\/\",\"name\":\"Vo\u0161tani omoti 3 kom. - P\u010delinji proizvodi - Bee Power\",\"isPartOf\":{\"@id\":\"https:\\\/\\\/beepower.hr\\\/#website\"},\"primaryImageOfPage\":{\"@id\":\"https:\\\/\\\/beepower.hr\\\/product\\\/vostani-omoti-3-kom\\\/#primaryimage\"},\"image\":{\"@id\":\"https:\\\/\\\/beepower.hr\\\/product\\\/vostani-omoti-3-kom\\\/#primaryimage\"},\"thumbnailUrl\":\"https:\\\/\\\/beepower.hr\\\/wp-content\\\/uploads\\\/2024\\\/10\\\/omot.jpg\",\"datePublished\":\"2024-10-19T15:25:41+00:00\",\"dateModified\":\"2025-07-17T12:48:28+00:00\",\"description\":\"Omoti od p\u010delinjeg voska su prirodna zamjena za plasti\u010dne omote, a koriste se za o\u010duvanje hrane. Ovi omoti se prave od p\u010delinjeg voska.\",\"breadcrumb\":{\"@id\":\"https:\\\/\\\/beepower.hr\\\/product\\\/vostani-omoti-3-kom\\\/#breadcrumb\"},\"inLanguage\":\"en-US\",\"potentialAction\":[{\"@type\":\"ReadAction\",\"target\":[\"https:\\\/\\\/beepower.hr\\\/product\\\/vostani-omoti-3-kom\\\/\"]}]},{\"@type\":\"ImageObject\",\"inLanguage\":\"en-US\",\"@id\":\"https:\\\/\\\/beepower.hr\\\/product\\\/vostani-omoti-3-kom\\\/#primaryimage\",\"url\":\"https:\\\/\\\/beepower.hr\\\/wp-content\\\/uploads\\\/2024\\\/10\\\/omot.jpg\",\"contentUrl\":\"https:\\\/\\\/beepower.hr\\\/wp-content\\\/uploads\\\/2024\\\/10\\\/omot.jpg\",\"width\":1447,\"height\":850,\"caption\":\"Bee Power omot od voska\"},{\"@type\":\"BreadcrumbList\",\"@id\":\"https:\\\/\\\/beepower.hr\\\/product\\\/vostani-omoti-3-kom\\\/#breadcrumb\",\"itemListElement\":[{\"@type\":\"ListItem\",\"position\":1,\"name\":\"Naslovna\",\"item\":\"https:\\\/\\\/beepower.hr\\\/\"},{\"@type\":\"ListItem\",\"position\":2,\"name\":\"Shop\",\"item\":\"https:\\\/\\\/beepower.hr\\\/shop\\\/\"},{\"@type\":\"ListItem\",\"position\":3,\"name\":\"Vo\u0161tani omoti 3 kom.\"}]},{\"@type\":\"WebSite\",\"@id\":\"https:\\\/\\\/beepower.hr\\\/#website\",\"url\":\"https:\\\/\\\/beepower.hr\\\/\",\"name\":\"P\u010delinji proizvodi - Bee Power\",\"description\":\"Bee Power - snaga p\u010dela, najsla\u0111e blago prirode\",\"potentialAction\":[{\"@type\":\"SearchAction\",\"target\":{\"@type\":\"EntryPoint\",\"urlTemplate\":\"https:\\\/\\\/beepower.hr\\\/?s={search_term_string}\"},\"query-input\":{\"@type\":\"PropertyValueSpecification\",\"valueRequired\":true,\"valueName\":\"search_term_string\"}}],\"inLanguage\":\"en-US\"}]}<\/script>\n<!-- \/ Yoast SEO plugin. -->","yoast_head_json":{"title":"Vo\u0161tani omoti 3 kom. - P\u010delinji proizvodi - Bee Power","description":"Omoti od p\u010delinjeg voska su prirodna zamjena za plasti\u010dne omote, a koriste se za o\u010duvanje hrane. Ovi omoti se prave od p\u010delinjeg voska.","robots":{"index":"index","follow":"follow","max-snippet":"max-snippet:-1","max-image-preview":"max-image-preview:large","max-video-preview":"max-video-preview:-1"},"canonical":"https:\/\/beepower.hr\/en\/product\/vostani-omoti-3-kom\/","og_locale":"en_US","og_type":"article","og_title":"Vo\u0161tani omoti 3 kom. - P\u010delinji proizvodi - Bee Power","og_description":"Omoti od p\u010delinjeg voska su prirodna zamjena za plasti\u010dne omote, a koriste se za o\u010duvanje hrane. Ovi omoti se prave od p\u010delinjeg voska.","og_url":"https:\/\/beepower.hr\/en\/product\/vostani-omoti-3-kom\/","og_site_name":"P\u010delinji proizvodi - Bee Power","article_modified_time":"2025-07-17T12:48:28+00:00","og_image":[{"width":1447,"height":850,"url":"https:\/\/beepower.hr\/wp-content\/uploads\/2024\/10\/omot.jpg","type":"image\/jpeg"}],"twitter_misc":{"Est. reading time":"1 minute"},"schema":{"@context":"https:\/\/schema.org","@graph":[{"@type":"WebPage","@id":"https:\/\/beepower.hr\/product\/vostani-omoti-3-kom\/","url":"https:\/\/beepower.hr\/product\/vostani-omoti-3-kom\/","name":"Vo\u0161tani omoti 3 kom. - P\u010delinji proizvodi - Bee Power","isPartOf":{"@id":"https:\/\/beepower.hr\/#website"},"primaryImageOfPage":{"@id":"https:\/\/beepower.hr\/product\/vostani-omoti-3-kom\/#primaryimage"},"image":{"@id":"https:\/\/beepower.hr\/product\/vostani-omoti-3-kom\/#primaryimage"},"thumbnailUrl":"https:\/\/beepower.hr\/wp-content\/uploads\/2024\/10\/omot.jpg","datePublished":"2024-10-19T15:25:41+00:00","dateModified":"2025-07-17T12:48:28+00:00","description":"Omoti od p\u010delinjeg voska su prirodna zamjena za plasti\u010dne omote, a koriste se za o\u010duvanje hrane. Ovi omoti se prave od p\u010delinjeg voska.","breadcrumb":{"@id":"https:\/\/beepower.hr\/product\/vostani-omoti-3-kom\/#breadcrumb"},"inLanguage":"en-US","potentialAction":[{"@type":"ReadAction","target":["https:\/\/beepower.hr\/product\/vostani-omoti-3-kom\/"]}]},{"@type":"ImageObject","inLanguage":"en-US","@id":"https:\/\/beepower.hr\/product\/vostani-omoti-3-kom\/#primaryimage","url":"https:\/\/beepower.hr\/wp-content\/uploads\/2024\/10\/omot.jpg","contentUrl":"https:\/\/beepower.hr\/wp-content\/uploads\/2024\/10\/omot.jpg","width":1447,"height":850,"caption":"Bee Power omot od voska"},{"@type":"BreadcrumbList","@id":"https:\/\/beepower.hr\/product\/vostani-omoti-3-kom\/#breadcrumb","itemListElement":[{"@type":"ListItem","position":1,"name":"Naslovna","item":"https:\/\/beepower.hr\/"},{"@type":"ListItem","position":2,"name":"Shop","item":"https:\/\/beepower.hr\/shop\/"},{"@type":"ListItem","position":3,"name":"Vo\u0161tani omoti 3 kom."}]},{"@type":"WebSite","@id":"https:\/\/beepower.hr\/#website","url":"https:\/\/beepower.hr\/","name":"P\u010delinji proizvodi - Bee Power","description":"Bee Power - snaga p\u010dela, najsla\u0111e blago prirode","potentialAction":[{"@type":"SearchAction","target":{"@type":"EntryPoint","urlTemplate":"https:\/\/beepower.hr\/?s={search_term_string}"},"query-input":{"@type":"PropertyValueSpecification","valueRequired":true,"valueName":"search_term_string"}}],"inLanguage":"en-US"}]}},"_links":{"self":[{"href":"https:\/\/beepower.hr\/en\/wp-json\/wp\/v2\/product\/967","targetHints":{"allow":["GET"]}}],"collection":[{"href":"https:\/\/beepower.hr\/en\/wp-json\/wp\/v2\/product"}],"about":[{"href":"https:\/\/beepower.hr\/en\/wp-json\/wp\/v2\/types\/product"}],"wp:featuredmedia":[{"embeddable":true,"href":"https:\/\/beepower.hr\/en\/wp-json\/wp\/v2\/media\/1102"}],"wp:attachment":[{"href":"https:\/\/beepower.hr\/en\/wp-json\/wp\/v2\/media?parent=967"}],"wp:term":[{"taxonomy":"product_brand","embeddable":true,"href":"https:\/\/beepower.hr\/en\/wp-json\/wp\/v2\/product_brand?post=967"},{"taxonomy":"product_cat","embeddable":true,"href":"https:\/\/beepower.hr\/en\/wp-json\/wp\/v2\/product_cat?post=967"},{"taxonomy":"product_tag","embeddable":true,"href":"https:\/\/beepower.hr\/en\/wp-json\/wp\/v2\/product_tag?post=967"}],"curies":[{"name":"wp","href":"https:\/\/api.w.org\/{rel}","templated":true}]}}