{"id":974,"date":"2024-10-20T14:19:17","date_gmt":"2024-10-20T12:19:17","guid":{"rendered":"https:\/\/beepower.hr\/?post_type=product&#038;p=974"},"modified":"2025-07-17T14:06:09","modified_gmt":"2025-07-17T12:06:09","slug":"poklon-paket-4-kom","status":"publish","type":"product","link":"https:\/\/beepower.hr\/en\/product\/poklon-paket-4-kom\/","title":{"rendered":"Gift package 4 pieces"},"content":{"rendered":"<p><span>Photograph for illustration purposes only. Minor differences in color and dimensions are possible.<\/span><\/p>","protected":false},"excerpt":{"rendered":"<p>This beautiful small gift package contains 30g of 3 types of honey: acacia honey, chesnut honey and meadow honey and 5 capsules of propolis, presented in a beautiful hand made wooden box with an engraved image of Vara\u017edin.<\/p>","protected":false},"featured_media":1157,"template":"","meta":{"_monsterinsights_skip_tracking":false,"_monsterinsights_sitenote_active":false,"_monsterinsights_sitenote_note":"","_monsterinsights_sitenote_category":0},"product_brand":[137],"product_cat":[45],"product_tag":[27,111,82,104],"class_list":{"0":"post-974","1":"product","2":"type-product","3":"status-publish","4":"has-post-thumbnail","6":"product_brand-bee-power","7":"product_cat-ostali-proizvodi","8":"product_tag-med","9":"product_tag-poklon","10":"product_tag-propolis","11":"product_tag-zdravlje","13":"first","14":"instock","15":"taxable","16":"shipping-taxable","17":"purchasable","18":"product-type-simple"},"yoast_head":"<!-- This site is optimized with the Yoast SEO plugin v27.3 - https:\/\/yoast.com\/product\/yoast-seo-wordpress\/ -->\n<title>Poklon paket 4 kom. - P\u010delinji proizvodi - Bee Power<\/title>\n<meta name=\"description\" content=\"Ovaj predivan poklon paket uklju\u010duje 3 vrste meda po 30g: kesten, bagrem i livadu, kao i 5 kapsula propolisa u drvenoj kutijici.\" \/>\n<meta name=\"robots\" content=\"index, follow, max-snippet:-1, max-image-preview:large, max-video-preview:-1\" \/>\n<link rel=\"canonical\" href=\"https:\/\/beepower.hr\/en\/product\/poklon-paket-4-kom\/\" \/>\n<meta property=\"og:locale\" content=\"en_US\" \/>\n<meta property=\"og:type\" content=\"article\" \/>\n<meta property=\"og:title\" content=\"Poklon paket 4 kom. - P\u010delinji proizvodi - Bee Power\" \/>\n<meta property=\"og:description\" content=\"Ovaj predivan poklon paket uklju\u010duje 3 vrste meda po 30g: kesten, bagrem i livadu, kao i 5 kapsula propolisa u drvenoj kutijici.\" \/>\n<meta property=\"og:url\" content=\"https:\/\/beepower.hr\/en\/product\/poklon-paket-4-kom\/\" \/>\n<meta property=\"og:site_name\" content=\"P\u010delinji proizvodi - Bee Power\" \/>\n<meta property=\"article:modified_time\" content=\"2025-07-17T12:06:09+00:00\" \/>\n<meta property=\"og:image\" content=\"https:\/\/beepower.hr\/wp-content\/uploads\/2024\/10\/20250331_104350.jpg\" \/>\n\t<meta property=\"og:image:width\" content=\"575\" \/>\n\t<meta property=\"og:image:height\" content=\"850\" \/>\n\t<meta property=\"og:image:type\" content=\"image\/jpeg\" \/>\n<meta name=\"twitter:label1\" content=\"Est. reading time\" \/>\n\t<meta name=\"twitter:data1\" content=\"1 minute\" \/>\n<script type=\"application\/ld+json\" class=\"yoast-schema-graph\">{\"@context\":\"https:\\\/\\\/schema.org\",\"@graph\":[{\"@type\":\"WebPage\",\"@id\":\"https:\\\/\\\/beepower.hr\\\/product\\\/poklon-paket-4-kom\\\/\",\"url\":\"https:\\\/\\\/beepower.hr\\\/product\\\/poklon-paket-4-kom\\\/\",\"name\":\"Poklon paket 4 kom. - P\u010delinji proizvodi - Bee Power\",\"isPartOf\":{\"@id\":\"https:\\\/\\\/beepower.hr\\\/#website\"},\"primaryImageOfPage\":{\"@id\":\"https:\\\/\\\/beepower.hr\\\/product\\\/poklon-paket-4-kom\\\/#primaryimage\"},\"image\":{\"@id\":\"https:\\\/\\\/beepower.hr\\\/product\\\/poklon-paket-4-kom\\\/#primaryimage\"},\"thumbnailUrl\":\"https:\\\/\\\/beepower.hr\\\/wp-content\\\/uploads\\\/2024\\\/10\\\/20250331_104350.jpg\",\"datePublished\":\"2024-10-20T12:19:17+00:00\",\"dateModified\":\"2025-07-17T12:06:09+00:00\",\"description\":\"Ovaj predivan poklon paket uklju\u010duje 3 vrste meda po 30g: kesten, bagrem i livadu, kao i 5 kapsula propolisa u drvenoj kutijici.\",\"breadcrumb\":{\"@id\":\"https:\\\/\\\/beepower.hr\\\/product\\\/poklon-paket-4-kom\\\/#breadcrumb\"},\"inLanguage\":\"en-US\",\"potentialAction\":[{\"@type\":\"ReadAction\",\"target\":[\"https:\\\/\\\/beepower.hr\\\/product\\\/poklon-paket-4-kom\\\/\"]}]},{\"@type\":\"ImageObject\",\"inLanguage\":\"en-US\",\"@id\":\"https:\\\/\\\/beepower.hr\\\/product\\\/poklon-paket-4-kom\\\/#primaryimage\",\"url\":\"https:\\\/\\\/beepower.hr\\\/wp-content\\\/uploads\\\/2024\\\/10\\\/20250331_104350.jpg\",\"contentUrl\":\"https:\\\/\\\/beepower.hr\\\/wp-content\\\/uploads\\\/2024\\\/10\\\/20250331_104350.jpg\",\"width\":575,\"height\":850,\"caption\":\"Bee Power poklon komplet\"},{\"@type\":\"BreadcrumbList\",\"@id\":\"https:\\\/\\\/beepower.hr\\\/product\\\/poklon-paket-4-kom\\\/#breadcrumb\",\"itemListElement\":[{\"@type\":\"ListItem\",\"position\":1,\"name\":\"Naslovna\",\"item\":\"https:\\\/\\\/beepower.hr\\\/\"},{\"@type\":\"ListItem\",\"position\":2,\"name\":\"Shop\",\"item\":\"https:\\\/\\\/beepower.hr\\\/shop\\\/\"},{\"@type\":\"ListItem\",\"position\":3,\"name\":\"Poklon paket 4 kom.\"}]},{\"@type\":\"WebSite\",\"@id\":\"https:\\\/\\\/beepower.hr\\\/#website\",\"url\":\"https:\\\/\\\/beepower.hr\\\/\",\"name\":\"P\u010delinji proizvodi - Bee Power\",\"description\":\"Bee Power - snaga p\u010dela, najsla\u0111e blago prirode\",\"potentialAction\":[{\"@type\":\"SearchAction\",\"target\":{\"@type\":\"EntryPoint\",\"urlTemplate\":\"https:\\\/\\\/beepower.hr\\\/?s={search_term_string}\"},\"query-input\":{\"@type\":\"PropertyValueSpecification\",\"valueRequired\":true,\"valueName\":\"search_term_string\"}}],\"inLanguage\":\"en-US\"}]}<\/script>\n<!-- \/ Yoast SEO plugin. -->","yoast_head_json":{"title":"Poklon paket 4 kom. - P\u010delinji proizvodi - Bee Power","description":"Ovaj predivan poklon paket uklju\u010duje 3 vrste meda po 30g: kesten, bagrem i livadu, kao i 5 kapsula propolisa u drvenoj kutijici.","robots":{"index":"index","follow":"follow","max-snippet":"max-snippet:-1","max-image-preview":"max-image-preview:large","max-video-preview":"max-video-preview:-1"},"canonical":"https:\/\/beepower.hr\/en\/product\/poklon-paket-4-kom\/","og_locale":"en_US","og_type":"article","og_title":"Poklon paket 4 kom. - P\u010delinji proizvodi - Bee Power","og_description":"Ovaj predivan poklon paket uklju\u010duje 3 vrste meda po 30g: kesten, bagrem i livadu, kao i 5 kapsula propolisa u drvenoj kutijici.","og_url":"https:\/\/beepower.hr\/en\/product\/poklon-paket-4-kom\/","og_site_name":"P\u010delinji proizvodi - Bee Power","article_modified_time":"2025-07-17T12:06:09+00:00","og_image":[{"width":575,"height":850,"url":"https:\/\/beepower.hr\/wp-content\/uploads\/2024\/10\/20250331_104350.jpg","type":"image\/jpeg"}],"twitter_misc":{"Est. reading time":"1 minute"},"schema":{"@context":"https:\/\/schema.org","@graph":[{"@type":"WebPage","@id":"https:\/\/beepower.hr\/product\/poklon-paket-4-kom\/","url":"https:\/\/beepower.hr\/product\/poklon-paket-4-kom\/","name":"Poklon paket 4 kom. - P\u010delinji proizvodi - Bee Power","isPartOf":{"@id":"https:\/\/beepower.hr\/#website"},"primaryImageOfPage":{"@id":"https:\/\/beepower.hr\/product\/poklon-paket-4-kom\/#primaryimage"},"image":{"@id":"https:\/\/beepower.hr\/product\/poklon-paket-4-kom\/#primaryimage"},"thumbnailUrl":"https:\/\/beepower.hr\/wp-content\/uploads\/2024\/10\/20250331_104350.jpg","datePublished":"2024-10-20T12:19:17+00:00","dateModified":"2025-07-17T12:06:09+00:00","description":"Ovaj predivan poklon paket uklju\u010duje 3 vrste meda po 30g: kesten, bagrem i livadu, kao i 5 kapsula propolisa u drvenoj kutijici.","breadcrumb":{"@id":"https:\/\/beepower.hr\/product\/poklon-paket-4-kom\/#breadcrumb"},"inLanguage":"en-US","potentialAction":[{"@type":"ReadAction","target":["https:\/\/beepower.hr\/product\/poklon-paket-4-kom\/"]}]},{"@type":"ImageObject","inLanguage":"en-US","@id":"https:\/\/beepower.hr\/product\/poklon-paket-4-kom\/#primaryimage","url":"https:\/\/beepower.hr\/wp-content\/uploads\/2024\/10\/20250331_104350.jpg","contentUrl":"https:\/\/beepower.hr\/wp-content\/uploads\/2024\/10\/20250331_104350.jpg","width":575,"height":850,"caption":"Bee Power poklon komplet"},{"@type":"BreadcrumbList","@id":"https:\/\/beepower.hr\/product\/poklon-paket-4-kom\/#breadcrumb","itemListElement":[{"@type":"ListItem","position":1,"name":"Naslovna","item":"https:\/\/beepower.hr\/"},{"@type":"ListItem","position":2,"name":"Shop","item":"https:\/\/beepower.hr\/shop\/"},{"@type":"ListItem","position":3,"name":"Poklon paket 4 kom."}]},{"@type":"WebSite","@id":"https:\/\/beepower.hr\/#website","url":"https:\/\/beepower.hr\/","name":"P\u010delinji proizvodi - Bee Power","description":"Bee Power - snaga p\u010dela, najsla\u0111e blago prirode","potentialAction":[{"@type":"SearchAction","target":{"@type":"EntryPoint","urlTemplate":"https:\/\/beepower.hr\/?s={search_term_string}"},"query-input":{"@type":"PropertyValueSpecification","valueRequired":true,"valueName":"search_term_string"}}],"inLanguage":"en-US"}]}},"_links":{"self":[{"href":"https:\/\/beepower.hr\/en\/wp-json\/wp\/v2\/product\/974","targetHints":{"allow":["GET"]}}],"collection":[{"href":"https:\/\/beepower.hr\/en\/wp-json\/wp\/v2\/product"}],"about":[{"href":"https:\/\/beepower.hr\/en\/wp-json\/wp\/v2\/types\/product"}],"wp:featuredmedia":[{"embeddable":true,"href":"https:\/\/beepower.hr\/en\/wp-json\/wp\/v2\/media\/1157"}],"wp:attachment":[{"href":"https:\/\/beepower.hr\/en\/wp-json\/wp\/v2\/media?parent=974"}],"wp:term":[{"taxonomy":"product_brand","embeddable":true,"href":"https:\/\/beepower.hr\/en\/wp-json\/wp\/v2\/product_brand?post=974"},{"taxonomy":"product_cat","embeddable":true,"href":"https:\/\/beepower.hr\/en\/wp-json\/wp\/v2\/product_cat?post=974"},{"taxonomy":"product_tag","embeddable":true,"href":"https:\/\/beepower.hr\/en\/wp-json\/wp\/v2\/product_tag?post=974"}],"curies":[{"name":"wp","href":"https:\/\/api.w.org\/{rel}","templated":true}]}}