{"id":978,"date":"2024-10-27T14:17:34","date_gmt":"2024-10-27T13:17:34","guid":{"rendered":"https:\/\/beepower.hr\/?post_type=product&#038;p=978"},"modified":"2025-07-17T13:58:10","modified_gmt":"2025-07-17T11:58:10","slug":"propolis-20-ml","status":"publish","type":"product","link":"https:\/\/beepower.hr\/en\/product\/propolis-20-ml\/","title":{"rendered":"Propolis 20 ml"},"content":{"rendered":"<p><span>\u00a0 \u00a0 \u00a0 \u00a0 \u00a0 \u00a0 \u00a0 \u00a0 \u00a0 \u00a0 \u00a0 \u00a0 \u00a0 \u00a0 \u00a0 \u00a0 \u00a0 \u00a0 \u00a0 \u00a0 \u00a0 \u00a0 \u00a0 \u00a0 Photograph for illustration purposes only. Minor differences in color and dimensions are possible.<\/span><\/p>\n<p><strong>Propolis<\/strong>\u00a0has been traditionally used as a medicine from ancient times and it is valued for its potential antibacterial, anti-inflamamatory and antiviral properties. Research has shown that it has compounds like flavonoids and phenolic acids that may be responsible for its medicinal value. Propolis can be used for diffierent ailments, including sore throat, herpes, and problems with digestion.<\/p>\n<p>However, it is important to mention that additional research is necessary to confirm all the potential health benefits of propolis. Also, people suffering from allergies to pollen or other bee products need to be cautious.<\/p>","protected":false},"excerpt":{"rendered":"<p><strong>Propolis<\/strong>\u00a0s a resinous blend that bees collect from the tree buds, various plant juices and other sources of plant origin. Bees use it to disinfect and seal holes in the hive to create a sterile and healthy environment. The composition of propolis varies from hive to hive, from district to district, and from season to season. Normally, it is dark brown in color, but can be found in green, red,  black and even white shades, depending on the resin sources in the area where bees bring propolis to the hive.<\/p>","protected":false},"featured_media":1096,"template":"","meta":{"_monsterinsights_skip_tracking":false,"_monsterinsights_sitenote_active":false,"_monsterinsights_sitenote_note":"","_monsterinsights_sitenote_category":0},"product_brand":[137],"product_cat":[21],"product_tag":[89,82],"class_list":{"0":"post-978","1":"product","2":"type-product","3":"status-publish","4":"has-post-thumbnail","6":"product_brand-bee-power","7":"product_cat-propolis","8":"product_tag-imunitet","9":"product_tag-propolis","11":"first","12":"instock","13":"taxable","14":"shipping-taxable","15":"purchasable","16":"product-type-simple"},"yoast_head":"<!-- This site is optimized with the Yoast SEO plugin v27.3 - https:\/\/yoast.com\/product\/yoast-seo-wordpress\/ -->\n<title>Propolis 20 ml - P\u010delinji proizvodi - Bee Power<\/title>\n<meta name=\"description\" content=\"Propolis\u00a0se tradicionalno koristi kao lijek jo\u0161 od antike, a cijenjen je zbog svojih potencijalnih antibakterijskih, protuupalnih svojstava.\" \/>\n<meta name=\"robots\" content=\"index, follow, max-snippet:-1, max-image-preview:large, max-video-preview:-1\" \/>\n<link rel=\"canonical\" href=\"https:\/\/beepower.hr\/en\/product\/propolis-20-ml\/\" \/>\n<meta property=\"og:locale\" content=\"en_US\" \/>\n<meta property=\"og:type\" content=\"article\" \/>\n<meta property=\"og:title\" content=\"Propolis 20 ml - P\u010delinji proizvodi - Bee Power\" \/>\n<meta property=\"og:description\" content=\"Propolis\u00a0se tradicionalno koristi kao lijek jo\u0161 od antike, a cijenjen je zbog svojih potencijalnih antibakterijskih, protuupalnih svojstava.\" \/>\n<meta property=\"og:url\" content=\"https:\/\/beepower.hr\/en\/product\/propolis-20-ml\/\" \/>\n<meta property=\"og:site_name\" content=\"P\u010delinji proizvodi - Bee Power\" \/>\n<meta property=\"article:modified_time\" content=\"2025-07-17T11:58:10+00:00\" \/>\n<meta property=\"og:image\" content=\"https:\/\/beepower.hr\/wp-content\/uploads\/2024\/10\/propolis.jpg\" \/>\n\t<meta property=\"og:image:width\" content=\"1133\" \/>\n\t<meta property=\"og:image:height\" content=\"850\" \/>\n\t<meta property=\"og:image:type\" content=\"image\/jpeg\" \/>\n<meta name=\"twitter:label1\" content=\"Est. reading time\" \/>\n\t<meta name=\"twitter:data1\" content=\"1 minute\" \/>\n<script type=\"application\/ld+json\" class=\"yoast-schema-graph\">{\"@context\":\"https:\\\/\\\/schema.org\",\"@graph\":[{\"@type\":\"WebPage\",\"@id\":\"https:\\\/\\\/beepower.hr\\\/product\\\/propolis-20-ml\\\/\",\"url\":\"https:\\\/\\\/beepower.hr\\\/product\\\/propolis-20-ml\\\/\",\"name\":\"Propolis 20 ml - P\u010delinji proizvodi - Bee Power\",\"isPartOf\":{\"@id\":\"https:\\\/\\\/beepower.hr\\\/#website\"},\"primaryImageOfPage\":{\"@id\":\"https:\\\/\\\/beepower.hr\\\/product\\\/propolis-20-ml\\\/#primaryimage\"},\"image\":{\"@id\":\"https:\\\/\\\/beepower.hr\\\/product\\\/propolis-20-ml\\\/#primaryimage\"},\"thumbnailUrl\":\"https:\\\/\\\/beepower.hr\\\/wp-content\\\/uploads\\\/2024\\\/10\\\/propolis.jpg\",\"datePublished\":\"2024-10-27T13:17:34+00:00\",\"dateModified\":\"2025-07-17T11:58:10+00:00\",\"description\":\"Propolis\u00a0se tradicionalno koristi kao lijek jo\u0161 od antike, a cijenjen je zbog svojih potencijalnih antibakterijskih, protuupalnih svojstava.\",\"breadcrumb\":{\"@id\":\"https:\\\/\\\/beepower.hr\\\/product\\\/propolis-20-ml\\\/#breadcrumb\"},\"inLanguage\":\"en-US\",\"potentialAction\":[{\"@type\":\"ReadAction\",\"target\":[\"https:\\\/\\\/beepower.hr\\\/product\\\/propolis-20-ml\\\/\"]}]},{\"@type\":\"ImageObject\",\"inLanguage\":\"en-US\",\"@id\":\"https:\\\/\\\/beepower.hr\\\/product\\\/propolis-20-ml\\\/#primaryimage\",\"url\":\"https:\\\/\\\/beepower.hr\\\/wp-content\\\/uploads\\\/2024\\\/10\\\/propolis.jpg\",\"contentUrl\":\"https:\\\/\\\/beepower.hr\\\/wp-content\\\/uploads\\\/2024\\\/10\\\/propolis.jpg\",\"width\":1133,\"height\":850,\"caption\":\"Bee Power propolis\"},{\"@type\":\"BreadcrumbList\",\"@id\":\"https:\\\/\\\/beepower.hr\\\/product\\\/propolis-20-ml\\\/#breadcrumb\",\"itemListElement\":[{\"@type\":\"ListItem\",\"position\":1,\"name\":\"Naslovna\",\"item\":\"https:\\\/\\\/beepower.hr\\\/\"},{\"@type\":\"ListItem\",\"position\":2,\"name\":\"Shop\",\"item\":\"https:\\\/\\\/beepower.hr\\\/shop\\\/\"},{\"@type\":\"ListItem\",\"position\":3,\"name\":\"Propolis 20 ml\"}]},{\"@type\":\"WebSite\",\"@id\":\"https:\\\/\\\/beepower.hr\\\/#website\",\"url\":\"https:\\\/\\\/beepower.hr\\\/\",\"name\":\"P\u010delinji proizvodi - Bee Power\",\"description\":\"Bee Power - snaga p\u010dela, najsla\u0111e blago prirode\",\"potentialAction\":[{\"@type\":\"SearchAction\",\"target\":{\"@type\":\"EntryPoint\",\"urlTemplate\":\"https:\\\/\\\/beepower.hr\\\/?s={search_term_string}\"},\"query-input\":{\"@type\":\"PropertyValueSpecification\",\"valueRequired\":true,\"valueName\":\"search_term_string\"}}],\"inLanguage\":\"en-US\"}]}<\/script>\n<!-- \/ Yoast SEO plugin. -->","yoast_head_json":{"title":"Propolis 20 ml - P\u010delinji proizvodi - Bee Power","description":"Propolis\u00a0se tradicionalno koristi kao lijek jo\u0161 od antike, a cijenjen je zbog svojih potencijalnih antibakterijskih, protuupalnih svojstava.","robots":{"index":"index","follow":"follow","max-snippet":"max-snippet:-1","max-image-preview":"max-image-preview:large","max-video-preview":"max-video-preview:-1"},"canonical":"https:\/\/beepower.hr\/en\/product\/propolis-20-ml\/","og_locale":"en_US","og_type":"article","og_title":"Propolis 20 ml - P\u010delinji proizvodi - Bee Power","og_description":"Propolis\u00a0se tradicionalno koristi kao lijek jo\u0161 od antike, a cijenjen je zbog svojih potencijalnih antibakterijskih, protuupalnih svojstava.","og_url":"https:\/\/beepower.hr\/en\/product\/propolis-20-ml\/","og_site_name":"P\u010delinji proizvodi - Bee Power","article_modified_time":"2025-07-17T11:58:10+00:00","og_image":[{"width":1133,"height":850,"url":"https:\/\/beepower.hr\/wp-content\/uploads\/2024\/10\/propolis.jpg","type":"image\/jpeg"}],"twitter_misc":{"Est. reading time":"1 minute"},"schema":{"@context":"https:\/\/schema.org","@graph":[{"@type":"WebPage","@id":"https:\/\/beepower.hr\/product\/propolis-20-ml\/","url":"https:\/\/beepower.hr\/product\/propolis-20-ml\/","name":"Propolis 20 ml - P\u010delinji proizvodi - Bee Power","isPartOf":{"@id":"https:\/\/beepower.hr\/#website"},"primaryImageOfPage":{"@id":"https:\/\/beepower.hr\/product\/propolis-20-ml\/#primaryimage"},"image":{"@id":"https:\/\/beepower.hr\/product\/propolis-20-ml\/#primaryimage"},"thumbnailUrl":"https:\/\/beepower.hr\/wp-content\/uploads\/2024\/10\/propolis.jpg","datePublished":"2024-10-27T13:17:34+00:00","dateModified":"2025-07-17T11:58:10+00:00","description":"Propolis\u00a0se tradicionalno koristi kao lijek jo\u0161 od antike, a cijenjen je zbog svojih potencijalnih antibakterijskih, protuupalnih svojstava.","breadcrumb":{"@id":"https:\/\/beepower.hr\/product\/propolis-20-ml\/#breadcrumb"},"inLanguage":"en-US","potentialAction":[{"@type":"ReadAction","target":["https:\/\/beepower.hr\/product\/propolis-20-ml\/"]}]},{"@type":"ImageObject","inLanguage":"en-US","@id":"https:\/\/beepower.hr\/product\/propolis-20-ml\/#primaryimage","url":"https:\/\/beepower.hr\/wp-content\/uploads\/2024\/10\/propolis.jpg","contentUrl":"https:\/\/beepower.hr\/wp-content\/uploads\/2024\/10\/propolis.jpg","width":1133,"height":850,"caption":"Bee Power propolis"},{"@type":"BreadcrumbList","@id":"https:\/\/beepower.hr\/product\/propolis-20-ml\/#breadcrumb","itemListElement":[{"@type":"ListItem","position":1,"name":"Naslovna","item":"https:\/\/beepower.hr\/"},{"@type":"ListItem","position":2,"name":"Shop","item":"https:\/\/beepower.hr\/shop\/"},{"@type":"ListItem","position":3,"name":"Propolis 20 ml"}]},{"@type":"WebSite","@id":"https:\/\/beepower.hr\/#website","url":"https:\/\/beepower.hr\/","name":"P\u010delinji proizvodi - Bee Power","description":"Bee Power - snaga p\u010dela, najsla\u0111e blago prirode","potentialAction":[{"@type":"SearchAction","target":{"@type":"EntryPoint","urlTemplate":"https:\/\/beepower.hr\/?s={search_term_string}"},"query-input":{"@type":"PropertyValueSpecification","valueRequired":true,"valueName":"search_term_string"}}],"inLanguage":"en-US"}]}},"_links":{"self":[{"href":"https:\/\/beepower.hr\/en\/wp-json\/wp\/v2\/product\/978","targetHints":{"allow":["GET"]}}],"collection":[{"href":"https:\/\/beepower.hr\/en\/wp-json\/wp\/v2\/product"}],"about":[{"href":"https:\/\/beepower.hr\/en\/wp-json\/wp\/v2\/types\/product"}],"wp:featuredmedia":[{"embeddable":true,"href":"https:\/\/beepower.hr\/en\/wp-json\/wp\/v2\/media\/1096"}],"wp:attachment":[{"href":"https:\/\/beepower.hr\/en\/wp-json\/wp\/v2\/media?parent=978"}],"wp:term":[{"taxonomy":"product_brand","embeddable":true,"href":"https:\/\/beepower.hr\/en\/wp-json\/wp\/v2\/product_brand?post=978"},{"taxonomy":"product_cat","embeddable":true,"href":"https:\/\/beepower.hr\/en\/wp-json\/wp\/v2\/product_cat?post=978"},{"taxonomy":"product_tag","embeddable":true,"href":"https:\/\/beepower.hr\/en\/wp-json\/wp\/v2\/product_tag?post=978"}],"curies":[{"name":"wp","href":"https:\/\/api.w.org\/{rel}","templated":true}]}}